{"id":9784,"date":"2022-03-03T15:30:26","date_gmt":"2022-03-03T15:30:26","guid":{"rendered":"https:\/\/laubeholistic.com\/?post_type=product&#038;p=9784"},"modified":"2026-03-03T14:42:43","modified_gmt":"2026-03-03T14:42:43","slug":"tumacura","status":"publish","type":"product","link":"https:\/\/laubeholistic.com\/it\/shop\/tumacura\/","title":{"rendered":"TUMACURA (miscela di curcuma)"},"content":{"rendered":"<h1><span style=\"color: #000000;\"><strong>TUMACURA<\/strong> \u00e8 una miscela di pura curcuma biologica (contenente curcuma), farina di cocco biologica e pepe nero macinato.<\/span><\/h1>\n<div style=\"padding: 56.25% 0 0 0; position: relative;\"><iframe style=\"position: absolute; top: 0; left: 0; width: 100%; height: 100%;\" title=\"TUMACURA\" src=\"https:\/\/player.vimeo.com\/video\/1165670595?badge=0&amp;autopause=0&amp;player_id=0&amp;app_id=58479\" frameborder=\"0\"><\/iframe><\/div>\n<p><script src=\"https:\/\/player.vimeo.com\/api\/player.js\"><\/script><\/p>\n<p><span style=\"color: #000000;\">L&#039;assunzione di un integratore di curcuma da sola per via orale ha innanzitutto una biodisponibilit\u00e0 (velocit\u00e0 di assorbimento) molto bassa e in secondo luogo pu\u00f2 portare disturbi di stomaco.<\/span><\/p>\n<p><span style=\"color: #000000;\">Per questo motivo abbiamo mescolato la curcuma pregiata con un grasso naturale e la piperina del pepe nero, che garantisce un assorbimento molto pi\u00f9 elevato e non provoca sensazioni spiacevoli allo stomaco o gastriche.<\/span><\/p>\n<p><span style=\"color: #000000;\">Ha un tasso di assorbimento molto potente grazie all&#039;aggiunta di pepe nero (contenente piperina) e grasso naturale della farina di cocco.<\/span><\/p>\n<p><span style=\"color: #000000;\"><strong>I benefici<\/strong> <strong>di TUMACURA<\/strong> <\/span><\/p>\n<p><span style=\"color: #000000;\">Antinfiammatorio, antimicrobico, antisettico, antiossidante, aiuta contro le malattie della pelle, rafforza il sistema immunitario, riduce i dolori articolari.<\/span><\/p>\n<p><span style=\"color: #000000;\"><strong>Aiuta contro le malattie della pelle<\/strong> \u2013 Nella medicina ayurvedica, la curcuma \u00e8 stata utilizzata per trattare malattie della pelle come l\u2019acne, cosa supportata dalla scienza moderna.<\/span><\/p>\n<p><span style=\"color: #000000;\"><strong>Denti pi\u00f9 bianchi<\/strong> \u2013 immergere lo spazzolino in un olio alimentare (oliva, girasole, cocco) e poi nel contenuto aperto di una delle nostre capsule e lavarsi i denti. Fatelo per un mese.<\/span><\/p>\n<p><span style=\"color: #000000;\"><strong>La perdita di capelli<\/strong> \u2013 Secondo uno studio di un istituto coreano, la curcumina, che \u00e8 il principio attivo all\u2019interno della curcuma, rinforza i follicoli dei capelli. Capelli a crescita pi\u00f9 rapida e pi\u00f9 sani.<\/span><\/p>\n<p><span style=\"color: #000000;\">Il contenuto di una capsula mescolato con tre cucchiai di olio vegetale per preparare una maschera per capelli. Incollalo sui capelli. Applicare per 30 minuti e poi lavare. Da una a tre volte al mese.<\/span><\/p>\n<p><span style=\"color: #000000;\"><strong>Rafforza l&#039;immunit\u00e0<\/strong> \u2013 potenzia le cellule T, le cellule B, i macrofagi e i neutrofili. Il tuo sistema immunitario riceve una spinta fantastica.<\/span><\/p>\n<p><span style=\"color: #000000;\">Pu\u00f2 anche fermare la crescita di batteri e parassiti secondo il dipartimento di patologia dell&#039;Universit\u00e0 del Punjab.<\/span><\/p>\n<p><span style=\"color: #000000;\">Ancora oggi in India la Curcumina, il componente attivo contenuto nella Curcuma, viene sempre utilizzata per dire addio al freddo. Non sarebbe interessante in questi tempi che tutti stiamo vivendo?!<\/span><\/p>\n<p><span style=\"color: #000000;\"><strong>Pu\u00f2 guarire la pelle rotta<\/strong> e ferite creando una pasta simile a quella sulla caduta dei capelli e applicandola localmente sulla zona interessata. Inoltre la tua pelle sembrer\u00e0 pi\u00f9 giovane<\/span><\/p>\n<p><span style=\"color: #000000;\"><strong>Riduce il dolore articolare<\/strong><\/span><\/p>\n<p><span style=\"color: #000000;\">Migliora l\u2019umore e stimola la funzione cerebrale \u2013 sono stati effettuati percorsi in cui la curcuma quotidiana ha dimostrato di migliorare la funzione cognitiva e la memoria.<\/span><\/p>\n<p><span style=\"color: #000000;\"><strong>Perderai peso \u2013 un rimedio naturale per perdere chili \u2013 <\/strong><\/span><span style=\"color: #000000;\">la curcumina pu\u00f2 effettivamente sopprimere <strong>grasso<\/strong> crescita dei tessuti. Un altro modo in cui <strong>curcuma<\/strong> aiuta <strong>perdere peso<\/strong> regolando i livelli di zucchero e prevenendo ulteriormente la resistenza all\u2019insulina. <\/span><\/p>\n<p><span style=\"color: #000000;\">Ci\u00f2 si traduce in un eccesso di grasso che non viene trattenuto nel corpo.<\/span><\/p>","protected":false},"excerpt":{"rendered":"<p><span style=\"color: #000000;\">Una raffinata miscela di curcuma, cocco e pepe nero<\/span><\/p>\n<p><span style=\"color: #000000;\">Alto tasso di assorbimento<\/span><\/p>\n<p><span style=\"color: #000000;\">Capsula formato \u201c00\u201d, vegetariano con 1 g per capsula.<\/span><\/p>\n<p><span style=\"color: #000000;\">Dosaggio: due capsule di TUMACURA prese con un bicchiere d&#039;acqua al giorno.<\/span><\/p>\n<p><span class=\"_5yl5\" style=\"color: #000000;\" data-reactid=\".2h.$mid=11416827275330=23ad044a3231aa88f85.2:0.0.0.0.0\">Offriamo consulenza e guida chiare e personali nel caso avessi bisogno di assistenza con l&#039;utilizzo della vitamina C pura in forma di capsule.<\/span><\/p>","protected":false},"featured_media":10815,"comment_status":"open","ping_status":"closed","template":"","meta":{"ngg_post_thumbnail":0},"product_brand":[],"product_cat":[327],"product_tag":[309],"class_list":{"0":"post-9784","1":"product","2":"type-product","3":"status-publish","4":"has-post-thumbnail","6":"product_cat-vitamin-supplements","7":"product_tag-turmeric-blend","9":"first","10":"instock","11":"purchasable","12":"product-type-variable"},"_links":{"self":[{"href":"https:\/\/laubeholistic.com\/it\/wp-json\/wp\/v2\/product\/9784","targetHints":{"allow":["GET"]}}],"collection":[{"href":"https:\/\/laubeholistic.com\/it\/wp-json\/wp\/v2\/product"}],"about":[{"href":"https:\/\/laubeholistic.com\/it\/wp-json\/wp\/v2\/types\/product"}],"replies":[{"embeddable":true,"href":"https:\/\/laubeholistic.com\/it\/wp-json\/wp\/v2\/comments?post=9784"}],"wp:featuredmedia":[{"embeddable":true,"href":"https:\/\/laubeholistic.com\/it\/wp-json\/wp\/v2\/media\/10815"}],"wp:attachment":[{"href":"https:\/\/laubeholistic.com\/it\/wp-json\/wp\/v2\/media?parent=9784"}],"wp:term":[{"taxonomy":"product_brand","embeddable":true,"href":"https:\/\/laubeholistic.com\/it\/wp-json\/wp\/v2\/product_brand?post=9784"},{"taxonomy":"product_cat","embeddable":true,"href":"https:\/\/laubeholistic.com\/it\/wp-json\/wp\/v2\/product_cat?post=9784"},{"taxonomy":"product_tag","embeddable":true,"href":"https:\/\/laubeholistic.com\/it\/wp-json\/wp\/v2\/product_tag?post=9784"}],"curies":[{"name":"wp","href":"https:\/\/api.w.org\/{rel}","templated":true}]}}