{"id":625,"date":"2014-05-28T18:15:52","date_gmt":"2014-05-28T18:15:52","guid":{"rendered":"https:\/\/laubeholistic.com\/?post_type=product&#038;p=625"},"modified":"2026-03-03T14:50:39","modified_gmt":"2026-03-03T14:50:39","slug":"ams-pure-water-kit-the-water-purification-solution","status":"publish","type":"product","link":"https:\/\/laubeholistic.com\/it\/shop\/ams-pure-water-kit-the-water-purification-solution\/","title":{"rendered":"Il kit Pure Water \u2013 Soluzione per la purificazione dell&#039;acqua"},"content":{"rendered":"<p><span style=\"font-family: arial, helvetica, sans-serif; font-size: 18pt; color: #000000;\">Gli incredibili vantaggi per te<br \/>\n<\/span><\/p>\n<p><span style=\"font-family: georgia,palatino; font-size: 12pt; color: #000000;\">Adoro il campeggio e viaggiare,... in paesi stranieri e persino esotici.<\/span><\/p>\n<p><span style=\"font-family: georgia,palatino; font-size: 12pt; color: #000000;\">Quando viaggio attraverso regioni di questo pianeta dove la fornitura di acqua pulita e pura non \u00e8 sempre garantita, un elemento a cui penso per primo e a cui attribuisco la massima importanza \u00e8 <span style=\"text-decoration: underline;\">un piccolo aiutante<\/span> per assicurarmi di poter purificare facilmente l&#039;acqua ovunque io sia e vada.<\/span><\/p>\n<p><span style=\"font-family: georgia,palatino; font-size: 12pt; color: #000000;\">In tempi brevissimi, senza troppi sforzi, per permettermi di avere Acqua da bere pura e priva di malattie. <a href=\"https:\/\/laubeholistic.com\/it\/purifying-water\/\">La purificazione dell&#039;acqua diventa semplice.<\/a><br \/>\n<\/span><\/p>\n<p><strong><span style=\"font-family: georgia,palatino; font-size: 12pt; color: #000000;\">Il \u201cKit Acqua Pura\u201d \u00e8 un GENIALE e un must!<\/span><\/strong><\/p>\n<p><span style=\"font-family: georgia,palatino; font-size: 12pt; color: #000000;\">Due piccole bottiglie che stanno in ogni borsa e tasca, con semplici istruzioni sulle etichette per produrre rapidamente una piccola quantit\u00e0 sicura di biossido di cloro (non preoccuparti, non \u00e8 solo cloro come pensi) per purificare assolutamente tutto ci\u00f2 che potresti essere altrimenti preoccupato. Entro un breve tempo di sterilizzazione, posso usare quell&#039;acqua per cucinare e bere senza ulteriori preoccupazioni. <\/span><\/p>\n<p><span class=\"_5yl5\" style=\"font-size: 12pt; font-family: georgia,palatino;\" data-reactid=\".2h.$mid=11416827275330=23ad044a3231aa88f85.2:0.0.0.0.0\"><span data-reactid=\".2h.$mid=11416827275330=23ad044a3231aa88f85.2:0.0.0.0.0.0\"><span data-reactid=\".2h.$mid=11416827275330=23ad044a3231aa88f85.2:0.0.0.0.0.0.$end:0:$8:0\"><span style=\"color: #000000;\">Se non vedi il tuo problema o la tua malattia affrontati qui su questo sito web, contattaci via e-mail o telefono e ti consiglieremo e ti aiuteremo chiaramente! <span class=\"_5yl5\" data-reactid=\".1k.$mid=11416832347515=2f7e62a9de5b0f0e178.2:0.0.0.0.0\">Questa \u00e8 una qualit\u00e0 a cui diamo molta importanza.<\/span><\/span><br \/>\n<\/span><\/span><\/span><\/p>","protected":false},"excerpt":{"rendered":"<ul>\n<li><span style=\"color: #000000; font-family: arial,helvetica,sans-serif;\">OSSIDANTE (Clorito di Sodio \u2013 NaCl02) \u2013 30ml<br \/>\n<\/span><\/li>\n<li><span style=\"color: #000000; font-family: arial,helvetica,sans-serif;\">ATTIVATORE (Acido Cloridrico 4% \u2013 HCL) \u2013 30ml<br \/>\n<\/span><\/li>\n<li><span style=\"color: #000000;\">Con pipetta<\/span><\/li>\n<li><span style=\"color: #000000;\"><strong>Sconto 10% su 3 set e sconto 15% su 5 set<\/strong><\/span><\/li>\n<\/ul>\n<p><span class=\"_5yl5\" style=\"color: #000000;\" data-reactid=\".2h.$mid=11416827275330=23ad044a3231aa88f85.2:0.0.0.0.0\">Offriamo consigli e linee guida chiari e personali quando hai bisogno di aiuto nell&#039;utilizzo di questo prodotto.<\/span><\/p>","protected":false},"featured_media":10847,"comment_status":"closed","ping_status":"closed","template":"","meta":{"ngg_post_thumbnail":0},"product_brand":[],"product_cat":[326],"product_tag":[249,280,124,94,170,281,128,108],"class_list":{"0":"post-625","1":"product","2":"type-product","3":"status-publish","4":"has-post-thumbnail","6":"product_cat-chlorine-dioxide-category","7":"product_tag-chlorine-dioxide","8":"product_tag-discount","9":"product_tag-hydrochloric-acid","10":"product_tag-hydrochloric-acid-4","11":"product_tag-jim-humble","12":"product_tag-quantity-discount","13":"product_tag-sodium-chlorite","14":"product_tag-water-purification","16":"first","17":"instock","18":"taxable","19":"shipping-taxable","20":"purchasable","21":"product-type-variable","22":"has-default-attributes"},"_links":{"self":[{"href":"https:\/\/laubeholistic.com\/it\/wp-json\/wp\/v2\/product\/625","targetHints":{"allow":["GET"]}}],"collection":[{"href":"https:\/\/laubeholistic.com\/it\/wp-json\/wp\/v2\/product"}],"about":[{"href":"https:\/\/laubeholistic.com\/it\/wp-json\/wp\/v2\/types\/product"}],"replies":[{"embeddable":true,"href":"https:\/\/laubeholistic.com\/it\/wp-json\/wp\/v2\/comments?post=625"}],"wp:featuredmedia":[{"embeddable":true,"href":"https:\/\/laubeholistic.com\/it\/wp-json\/wp\/v2\/media\/10847"}],"wp:attachment":[{"href":"https:\/\/laubeholistic.com\/it\/wp-json\/wp\/v2\/media?parent=625"}],"wp:term":[{"taxonomy":"product_brand","embeddable":true,"href":"https:\/\/laubeholistic.com\/it\/wp-json\/wp\/v2\/product_brand?post=625"},{"taxonomy":"product_cat","embeddable":true,"href":"https:\/\/laubeholistic.com\/it\/wp-json\/wp\/v2\/product_cat?post=625"},{"taxonomy":"product_tag","embeddable":true,"href":"https:\/\/laubeholistic.com\/it\/wp-json\/wp\/v2\/product_tag?post=625"}],"curies":[{"name":"wp","href":"https:\/\/api.w.org\/{rel}","templated":true}]}}