{"id":5985,"date":"2020-07-20T16:05:42","date_gmt":"2020-07-20T16:05:42","guid":{"rendered":"https:\/\/laubeholistic.com\/?post_type=product&#038;p=5985"},"modified":"2026-02-17T16:45:33","modified_gmt":"2026-02-17T16:45:33","slug":"cds-chlorine-dioxide-solution","status":"publish","type":"product","link":"https:\/\/laubeholistic.com\/it\/shop\/cds-chlorine-dioxide-solution\/","title":{"rendered":"CDS (3000 ppm)"},"content":{"rendered":"<h1 style=\"color: #000000;\">Soluzione di biossido di cloro CDS (3000 ppm): Supporto avanzato al benessere<\/h1>\n<div style=\"padding: 56.25% 0 0 0; position: relative;\"><iframe style=\"position: absolute; top: 0; left: 0; width: 100%; height: 100%;\" title=\"CDS: cos&#039;\u00e8 e come si usa\" src=\"https:\/\/player.vimeo.com\/video\/1165669923?badge=0&amp;autopause=0&amp;player_id=0&amp;app_id=58479\" frameborder=\"0\"><\/iframe><\/div>\n<p><script src=\"https:\/\/player.vimeo.com\/api\/player.js\"><\/script>La soluzione di biossido di cloro (CDS) ha suscitato una crescente attenzione nella comunit\u00e0 del benessere olistico per la sua potente capacit\u00e0 di favorire la disintossicazione, l'equilibrio microbico e la resistenza generale della salute. Alla Laube Holistic, la nostra CDS \u00e8 preparata con competenza utilizzando l'acido citrico 50% combinato con il clorito di sodio per produrre un gas altamente purificato, che viene poi disciolto in acqua distillata fredda per creare una soluzione pronta all'uso con una caratteristica tonalit\u00e0 gialla. A differenza dei metodi tradizionali, che richiedono una miscelazione e possono produrre un sapore aspro o un fastidio gastrointestinale, la nostra formulazione di CDS \u00e8 fluida, delicata e ottimizzata per garantire praticit\u00e0 ed efficacia.<\/p>\n<p style=\"color: #000000;\">Il CDS \u00e8 il risultato dell&#039;assorbimento del gas rilasciato, prodotto dalla miscela di clorito di sodio con un qualsiasi acido (usiamo solo acido citrico 50% per la produzione di CDS), e della sua diluizione in acqua distillata fredda. Poich\u00e9 il gas risultante \u00e8 altamente solubile, viene catturato, colorando l&#039;acqua con la sua caratteristica tonalit\u00e0 gialla.<\/p>\n<p style=\"color: #000000;\">Il vantaggio principale di scegliere la soluzione di biossido di cloro \u00e8 che siamo in grado di creare una soluzione che non ha un sapore sgradevole e non produce diarrea.<\/p>\n<p style=\"color: #000000;\">Inoltre, CDS \u00e8 un prodotto gi\u00e0 pronto. Non \u00e8 necessaria alcuna miscelazione aggiuntiva.<\/p>\n<p style=\"color: #000000;\">Laube Holistic offre il CDS in diversi formati: Flaconi contagocce da 120 ml e 250 ml, flacone spray da 100 ml per applicazione topica o contenitore da 1 litro. Il formato da 1 litro viene fornito con una siringa da 10 ml in omaggio per un dosaggio preciso. Per una maggiore precisione e facilit\u00e0, soprattutto con i flaconi pi\u00f9 grandi, si consiglia l'uso di una siringa da 10ml. <a style=\"color: #0000ff;\" href=\"https:\/\/laubeholistic.com\/it\/shop\/glass-pipette-of-10ml-20cm\/\"><strong>pipetta in vetro a collo lungo<\/strong><\/a>.<\/p>\n<p style=\"color: #000000;\">La soluzione di biossido di cloro di Laube Holistic pu\u00f2 essere utilizzata in forma diluita o topica. Date un'occhiata al <a style=\"color: #0000ff;\" href=\"https:\/\/laubeholistic.com\/it\/protocols-and-manuals\/\"><strong>Protocolli per CDS<\/strong><\/a> per saperne di pi\u00f9 sui suoi usi. Si consiglia di iniziare con <a style=\"color: #0000ff;\" href=\"https:\/\/laubeholistic.com\/wp-content\/uploads\/PDF-Protocol-C-ENG.pdf\">Protocollo C (101)<\/a> come guida di base.<\/p>\n<h2 style=\"margin-top: 40px;\">FAQ<\/h2>\n<div class=\"accordion\">\n\t<div id=\"accordion-895853107\" class=\"accordion-item\">\n\t\t<a id=\"accordion-895853107-label\" class=\"accordion-title plain\" href=\"#accordion-item-what-is-cds-chlorine-dioxide-solution,-and-what-are-its-benefits?\" aria-expanded=\"false\" aria-controls=\"accordion-895853107-content\">\n\t\t\t<button class=\"toggle\" aria-label=\"Attiva\/Disattiva\"><i class=\"icon-angle-down\" aria-hidden=\"true\"><\/i><\/button>\n\t\t\t<span>Che cos'\u00e8 la soluzione di biossido di cloro CDS e quali sono i suoi vantaggi?<\/span>\n\t\t<\/a>\n\t\t<div id=\"accordion-895853107-content\" class=\"accordion-inner\" aria-labelledby=\"accordion-895853107-label\">\n\t\t\t\n<p>La soluzione di biossido di cloro CDS \u00e8 un prodotto pronto per l'uso creato dalla reazione del clorito di sodio con l'acido citrico, che d\u00e0 luogo a una soluzione dalla caratteristica tonalit\u00e0 gialla dovuta alla sua solubilit\u00e0. I vantaggi includono:<\/p>\n<ul>\n<li>Non ha un sapore sgradevole e non provoca diarrea, il che lo rende sicuro e conveniente per vari usi.<\/li>\n<li>Prodotto pronto per l'uso, che elimina la necessit\u00e0 di un'ulteriore miscelazione.<\/li>\n<li>Efficace sia in forma diluita che topica, come descritto nel Protocollo C di Laube Holistic (101).<\/li>\n<\/ul>\n\t\t<\/div>\n\t<\/div>\n\t\n\t<div id=\"accordion-191150490\" class=\"accordion-item\">\n\t\t<a id=\"accordion-191150490-label\" class=\"accordion-title plain\" href=\"#accordion-item-how-long-does-a-120ml-and-a-250ml-bottle-of-cds-chlorine-dioxide-solution-last?\" aria-expanded=\"false\" aria-controls=\"accordion-191150490-content\">\n\t\t\t<button class=\"toggle\" aria-label=\"Attiva\/Disattiva\"><i class=\"icon-angle-down\" aria-hidden=\"true\"><\/i><\/button>\n\t\t\t<span>Quanto dura un flacone da 120 ml e uno da 250 ml di soluzione di biossido di cloro CDS?<\/span>\n\t\t<\/a>\n\t\t<div id=\"accordion-191150490-content\" class=\"accordion-inner\" aria-labelledby=\"accordion-191150490-label\">\n\t\t\t\n<p>Il flacone da 120 ml fornisce una scorta di 120 giorni se usato al ritmo di 1 ml al giorno o una scorta di 12 giorni se usato a 10 ml al giorno (Protocollo C).<\/p>\n<p>Il flacone da 250 ml offre una fornitura di 250 giorni con 1 ml al giorno o una fornitura di 25 giorni con 10 ml al giorno (protocollo C).<\/p>\n\t\t<\/div>\n\t<\/div>\n\t\n\t<div id=\"accordion-988085289\" class=\"accordion-item\">\n\t\t<a id=\"accordion-988085289-label\" class=\"accordion-title plain\" href=\"#accordion-item-can-i-get-a-discount-when-purchasing-multiple-sets-of-cds-chlorine-dioxide-solution-bottles?\" aria-expanded=\"false\" aria-controls=\"accordion-988085289-content\">\n\t\t\t<button class=\"toggle\" aria-label=\"Attiva\/Disattiva\"><i class=\"icon-angle-down\" aria-hidden=\"true\"><\/i><\/button>\n\t\t\t<span>\u00c8 possibile ottenere uno sconto per l'acquisto di pi\u00f9 set di flaconi di soluzione di biossido di cloro CDS?<\/span>\n\t\t<\/a>\n\t\t<div id=\"accordion-988085289-content\" class=\"accordion-inner\" aria-labelledby=\"accordion-988085289-label\">\n\t\t\t\n<ul>\n<li>Lo sconto 10% \u00e8 offerto quando si acquistano 3 set di bottiglie.<\/li>\n<li>Lo sconto 15% \u00e8 disponibile per l'acquisto di 5 set di bottiglie.<\/li>\n<\/ul>\n\t\t<\/div>\n\t<\/div>\n\t\n\t<div id=\"accordion-2268908639\" class=\"accordion-item\">\n\t\t<a id=\"accordion-2268908639-label\" class=\"accordion-title plain\" href=\"#accordion-item-what-is-the-dropper-inside-the-cds-chlorine-dioxide-solution-bottles-for?\" aria-expanded=\"false\" aria-controls=\"accordion-2268908639-content\">\n\t\t\t<button class=\"toggle\" aria-label=\"Attiva\/Disattiva\"><i class=\"icon-angle-down\" aria-hidden=\"true\"><\/i><\/button>\n\t\t\t<span>A cosa serve il contagocce all'interno dei flaconi di soluzione di biossido di cloro CDS?<\/span>\n\t\t<\/a>\n\t\t<div id=\"accordion-2268908639-content\" class=\"accordion-inner\" aria-labelledby=\"accordion-2268908639-label\">\n\t\t\t\n<p>Il contagocce installato all'interno dei flaconi \u00e8 progettato per un dosaggio preciso, consentendo agli utenti di misurare ed erogare l'esatta quantit\u00e0 di soluzione CDS necessaria per le varie applicazioni, come raccomandato nei protocolli e nei manuali.<\/p>\n\t\t<\/div>\n\t<\/div>\n\t\n\t<div id=\"accordion-693565320\" class=\"accordion-item\">\n\t\t<a id=\"accordion-693565320-label\" class=\"accordion-title plain\" href=\"#accordion-item-where-can-i-access-the-protocols-and-manuals-for-cds-chlorine-dioxide-solution?\" aria-expanded=\"false\" aria-controls=\"accordion-693565320-content\">\n\t\t\t<button class=\"toggle\" aria-label=\"Attiva\/Disattiva\"><i class=\"icon-angle-down\" aria-hidden=\"true\"><\/i><\/button>\n\t\t\t<span>Dove \u00e8 possibile accedere ai protocolli e ai manuali per la soluzione di biossido di cloro CDS?<\/span>\n\t\t<\/a>\n\t\t<div id=\"accordion-693565320-content\" class=\"accordion-inner\" aria-labelledby=\"accordion-693565320-label\">\n\t\t\t\n<p>I protocolli e i manuali per la soluzione di biossido di cloro CDS possono essere scaricati seguendo il link fornito. Queste risorse offrono consigli e indicazioni chiare e personalizzate per aiutare gli utenti a utilizzare efficacemente il prodotto.<\/p>\n\t\t<\/div>\n\t<\/div>\n\t\n<\/div>\n<h2 style=\"color: #000000; margin-top: 40px;\">Conclusione<\/h2>\n<p style=\"color: #000000;\">Il CDS di Laube Holistic \u00e8 pi\u00f9 di un semplice integratore, \u00e8 un impegno per la qualit\u00e0, la precisione e il supporto olistico. Che si tratti di affrontare sfide specifiche di benessere o semplicemente di mantenere un ambiente interno pulito, i nostri prodotti CDS offrono coerenza, purezza e orientamento. Mantenendo l'integrit\u00e0 della preparazione tradizionale e integrandola con metodi di somministrazione avanzati, garantiamo una soluzione accessibile ed efficace per la disintossicazione quotidiana e l'equilibrio microbico. Con il supporto di protocolli affidabili e di una formulazione esperta, potete portare con fiducia il vostro percorso di benessere al livello successivo.<\/p>\n<p style=\"color: #000000;\">Se avete domande o avete bisogno di supporto per adattare un protocollo alle vostre esigenze, non esitate a contattare Tobias e il nostro team di esperti per una guida personalizzata.<\/p>","protected":false},"excerpt":{"rendered":"<ul>\n<li><span style=\"color: #000000;\">Flacone di CDS \u2013 Soluzione di biossido di cloro \u2013 <strong>Spray da 120 ml, 250 ml, 100 ml o 1 litro<br \/>\n<\/strong><\/span><\/li>\n<li><span style=\"color: #000000;\">Sconto 10% su 3 set e sconto 15% su 5 set<\/span><\/li>\n<li><span style=\"color: #000000;\">Contagocce installato all&#039;interno della bottiglia<\/span><\/li>\n<li><span style=\"color: #000000;\"><span style=\"color: #0000ff;\"><a style=\"color: #0000ff;\" href=\"https:\/\/laubeholistic.com\/it\/protocols-and-manuals\/\">clicca qui<\/a><\/span> per scaricare Protocolli e Manuali<\/span>&nbsp;<\/li>\n<\/ul>\n<p><em><strong><span style=\"color: #000000;\">Calcolo della fornitura:<\/span><\/strong><\/em><\/p>\n<p><strong><span style=\"color: #000000;\">Flacone da 120 ml: 1 ml\/giorno = fornitura per 120 giorni, 10 ml\/giorno (Protocollo C) = fornitura per 12 giorni<\/span><\/strong><\/p>\n<p><strong><span style=\"color: #000000;\">Flacone da 250 ml: 1 ml\/giorno = fornitura per 250 giorni, 10 ml\/giorno (Protocollo C) = fornitura per 25 giorni<\/span><\/strong><\/p>\n<p><span class=\"_5yl5\" style=\"color: #000000;\" data-reactid=\".2h.$mid=11416827275330=23ad044a3231aa88f85.2:0.0.0.0.0\">Offriamo consulenza e guida chiare e personali nel caso avessi bisogno di aiuto durante l&#039;utilizzo di questo prodotto.<\/span><\/p>","protected":false},"featured_media":10732,"comment_status":"open","ping_status":"closed","template":"","meta":{"ngg_post_thumbnail":0},"product_brand":[],"product_cat":[326],"product_tag":[249,255,280,124,94,281],"class_list":{"0":"post-5985","1":"product","2":"type-product","3":"status-publish","4":"has-post-thumbnail","6":"product_cat-chlorine-dioxide-category","7":"product_tag-chlorine-dioxide","8":"product_tag-chlorine-dioxide-solution","9":"product_tag-discount","10":"product_tag-hydrochloric-acid","11":"product_tag-hydrochloric-acid-4","12":"product_tag-quantity-discount","14":"first","15":"instock","16":"taxable","17":"shipping-taxable","18":"purchasable","19":"product-type-variable"},"_links":{"self":[{"href":"https:\/\/laubeholistic.com\/it\/wp-json\/wp\/v2\/product\/5985","targetHints":{"allow":["GET"]}}],"collection":[{"href":"https:\/\/laubeholistic.com\/it\/wp-json\/wp\/v2\/product"}],"about":[{"href":"https:\/\/laubeholistic.com\/it\/wp-json\/wp\/v2\/types\/product"}],"replies":[{"embeddable":true,"href":"https:\/\/laubeholistic.com\/it\/wp-json\/wp\/v2\/comments?post=5985"}],"wp:featuredmedia":[{"embeddable":true,"href":"https:\/\/laubeholistic.com\/it\/wp-json\/wp\/v2\/media\/10732"}],"wp:attachment":[{"href":"https:\/\/laubeholistic.com\/it\/wp-json\/wp\/v2\/media?parent=5985"}],"wp:term":[{"taxonomy":"product_brand","embeddable":true,"href":"https:\/\/laubeholistic.com\/it\/wp-json\/wp\/v2\/product_brand?post=5985"},{"taxonomy":"product_cat","embeddable":true,"href":"https:\/\/laubeholistic.com\/it\/wp-json\/wp\/v2\/product_cat?post=5985"},{"taxonomy":"product_tag","embeddable":true,"href":"https:\/\/laubeholistic.com\/it\/wp-json\/wp\/v2\/product_tag?post=5985"}],"curies":[{"name":"wp","href":"https:\/\/api.w.org\/{rel}","templated":true}]}}