{"id":5773,"date":"2020-06-22T17:17:34","date_gmt":"2020-06-22T17:17:34","guid":{"rendered":"https:\/\/laubeholistic.com\/?post_type=product&#038;p=5773"},"modified":"2024-06-10T12:40:53","modified_gmt":"2024-06-10T12:40:53","slug":"essiac-tea","status":"publish","type":"product","link":"https:\/\/laubeholistic.com\/it\/shop\/essiac-tea\/","title":{"rendered":"T\u00e8 Essiac"},"content":{"rendered":"<h2><span style=\"color: #000000;\">La bellissima storia di Rene Caisse \u201cCreatore del t\u00e8 ESSIAC\u201d \u00e8 notevole!<\/span><\/h2>\n<p><span style=\"color: #000000;\">Il t\u00e8 ESSIAC \u00e8 una formula a base di erbe utilizzata dal 1922. La formula \u00e8 stata data all&#039;infermiera Rene Caisse da uno stregone indiano Ojibwa canadese. Nata a Bracebridge, Ontario, l&#039;infermiera Caisse ha preparato la sua formula originale a base di erbe in una bevanda chiamata Essiac, che \u00e8 il suo cognome scritto al contrario.<\/span><\/p>\n<p><span style=\"color: #000000;\">Dal 1922 al 1978, Rene Caisse diede la sua tisana a innumerevoli persone come rimedio per combattere il cancro nella sua clinica in Ontario, Canada. La sua clinica \u00e8 stata finanziata da donazioni che ha accettato poich\u00e9 rifiutava i pagamenti per il suo aiuto. Sebbene abbia rifiutato i pagamenti per i suoi servizi, ha accettato donazioni per aiutare a sostenere la sua clinica. Rene Caisse ha dedicato cinquant&#039;anni della sua vita ad aiutare le persone con la formula Essiac.<\/span><\/p>\n<p><span style=\"color: #000000;\">Ren\u00e9 Caisse continua ad essere amata e ricordata per il suo contributo alla medicina naturopatica. Sculture in bronzo dell&#039;infermiera Caisse sono state dedicate alla sua memoria a Bracebridge e al Canadian College of Naturopathic Medicine di Toronto.<\/span><\/p>\n<h3><a href=\"https:\/\/youtu.be\/zFE2xaQMBhA\" target=\"_blank\" rel=\"noopener\">Il documentario su Essiac e il cancro \u2013 La storia di Ren\u00e9 Caisse<\/a><\/h3>\n<p><a href=\"http:\/\/https:\/\/youtu.be\/zFE2xaQMBhA\" target=\"_blank\" rel=\"noopener noreferrer\"><img loading=\"lazy\" decoding=\"async\" class=\"alignnone wp-image-5798 size-medium\" src=\"https:\/\/laubeholistic.com\/wp-content\/uploads\/Rene-Caisse-2-300x186.png\" alt=\"Rene Caisse\" width=\"300\" height=\"186\" srcset=\"https:\/\/laubeholistic.com\/wp-content\/uploads\/Rene-Caisse-2-300x186.png 300w, https:\/\/laubeholistic.com\/wp-content\/uploads\/Rene-Caisse-2-510x316.png 510w, https:\/\/laubeholistic.com\/wp-content\/uploads\/Rene-Caisse-2.png 556w\" sizes=\"auto, (max-width: 300px) 100vw, 300px\" \/><\/a><\/p>\n<p><a href=\"https:\/\/youtu.be\/zFE2xaQMBhA\" target=\"_blank\" rel=\"noopener\">Clicca qui per guardare il documentario<\/a><\/p>\n<h3><span style=\"color: #000000;\">Note importanti:<\/span><\/h3>\n<ul class=\"list-unstyled\">\n<li><span style=\"color: #000000;\">Nessun cibo 1 ora prima e dopo aver consumato Essiac Tea<\/span><\/li>\n<li><span style=\"color: #000000;\">Niente succhi 30 minuti prima e dopo aver consumato Essiac Tea<sup><br \/>\n<\/sup><\/span><\/li>\n<li><span style=\"color: #000000;\">Da non assumere durante la gravidanza, da parte di madri che allattano o di neonati<\/span><\/li>\n<\/ul>\n<h2><span style=\"color: #000000;\"><strong>Istruzioni su come preparare il T\u00e8 ESSIAC<\/strong><\/span><\/h2>\n<p><a href=\"https:\/\/laubeholistic.com\/wp-content\/uploads\/Essiac-Tea-Instruction-ENG.zip\">CLICCA QUI PER SCARICARE IL FILE IN INGLESE<\/a><\/p>\n<h2>&nbsp;<\/h2>\n<h2><span style=\"color: #000000;\">Le Erbe <\/span><\/h2>\n<p><span style=\"color: #000000;\"><strong>Radice di bardana (Arctium Lappa)<\/strong><\/span><\/p>\n<p><span style=\"color: #000000;\">Utilizzato tradizionalmente per aiutare a mantenere un tratto gastrointestinale sano e per aiutare a sostenere una risposta immunitaria sana.<\/span><\/p>\n<p><span style=\"color: #000000;\"><strong>Corteccia di olmo sdrucciolevole (Ulmus Fulva)<\/strong><\/span><\/p>\n<p><span style=\"color: #000000;\">Contiene grandi quantit\u00e0 di tannini e mucillagini che si ritiene facilitino la sana eliminazione del muco nel corpo.<\/span><\/p>\n<p><span style=\"color: #000000;\"><strong>Foglie di acetosella (Rumex Acetosella)<\/strong><\/span><\/p>\n<p><span style=\"color: #000000;\">Utilizzata nell&#039;erboristeria popolare tradizionale per aiutare a rinfrescare il corpo, questa erba aiuta a supportare la normale eliminazione dei rifiuti nei reni.<\/span><\/p>\n<p><span style=\"color: #000000;\"><strong>Radice di rabarbaro indiano (Rheum Officinale)<\/strong><\/span><\/p>\n<p><span style=\"color: #000000;\">Usata tradizionalmente in piccole quantit\u00e0, questa erba aiuta a supportare la normale eliminazione dei rifiuti nel fegato.<\/span><\/p>\n<p>&nbsp;<\/p>\n<p>*<u>Disclaimer<\/u>: Questa affermazione non \u00e8 stata valutata dalla Food and Drug Administration. Le informazioni e i prodotti riportati non devono essere utilizzati come consiglio medico e\/o in sostituzione di cure mediche di alcun tipo. Tutte le informazioni e i prodotti devono essere utilizzati SOLO come integratore alimentare e non devono essere utilizzati per trattare, attenuare o curare alcun sintomo, malattia o malattia. Laube Holistic Health Solutions non far\u00e0 alcuna dichiarazione medica per i prodotti elencati su questo sito. Le informazioni contenute in questo sito sono destinate esclusivamente al pubblico.<\/p>","protected":false},"excerpt":{"rendered":"<p><span style=\"color: #000000;\">La formula originale dell&#039;infermiera Rene Caisse<\/span><\/p>\n<p><span style=\"color: #000000;\">La miscela delle quattro erbe<\/span><\/p>\n<p><span style=\"color: #000000;\">Buste da 15gr che producono una fornitura per un mese<\/span><\/p>\n<p><span style=\"color: #000000;\">Le istruzioni vengono fornite in forma stampata e come file da scaricare<\/span> <a href=\"https:\/\/laubeholistic.com\/wp-content\/uploads\/Essiac-Tea-Instruction-ENG.zip\">QUI<\/a><\/p>","protected":false},"featured_media":5860,"comment_status":"closed","ping_status":"closed","template":"","meta":{"ngg_post_thumbnail":0},"product_brand":[],"product_cat":[328],"product_tag":[],"class_list":{"0":"post-5773","1":"product","2":"type-product","3":"status-publish","4":"has-post-thumbnail","6":"product_cat-teas","8":"first","9":"outofstock","10":"taxable","11":"shipping-taxable","12":"purchasable","13":"product-type-variable"},"_links":{"self":[{"href":"https:\/\/laubeholistic.com\/it\/wp-json\/wp\/v2\/product\/5773","targetHints":{"allow":["GET"]}}],"collection":[{"href":"https:\/\/laubeholistic.com\/it\/wp-json\/wp\/v2\/product"}],"about":[{"href":"https:\/\/laubeholistic.com\/it\/wp-json\/wp\/v2\/types\/product"}],"replies":[{"embeddable":true,"href":"https:\/\/laubeholistic.com\/it\/wp-json\/wp\/v2\/comments?post=5773"}],"wp:featuredmedia":[{"embeddable":true,"href":"https:\/\/laubeholistic.com\/it\/wp-json\/wp\/v2\/media\/5860"}],"wp:attachment":[{"href":"https:\/\/laubeholistic.com\/it\/wp-json\/wp\/v2\/media?parent=5773"}],"wp:term":[{"taxonomy":"product_brand","embeddable":true,"href":"https:\/\/laubeholistic.com\/it\/wp-json\/wp\/v2\/product_brand?post=5773"},{"taxonomy":"product_cat","embeddable":true,"href":"https:\/\/laubeholistic.com\/it\/wp-json\/wp\/v2\/product_cat?post=5773"},{"taxonomy":"product_tag","embeddable":true,"href":"https:\/\/laubeholistic.com\/it\/wp-json\/wp\/v2\/product_tag?post=5773"}],"curies":[{"name":"wp","href":"https:\/\/api.w.org\/{rel}","templated":true}]}}