{"id":57,"date":"2014-05-28T08:01:18","date_gmt":"2014-05-28T08:01:18","guid":{"rendered":"http:\/\/www.harmonikdesign.com\/activatedmineralsolution\/?post_type=product&#038;p=57"},"modified":"2026-03-03T14:54:47","modified_gmt":"2026-03-03T14:54:47","slug":"full-set-ams-with-dmso","status":"publish","type":"product","link":"https:\/\/laubeholistic.com\/it\/shop\/full-set-ams-with-dmso\/","title":{"rendered":"Set AMS + DMSO"},"content":{"rendered":"<p><span style=\"font-family: arial, helvetica, sans-serif; font-size: 18pt; color: #000000;\">Set AMS + DMSO<br \/>\n<\/span><\/p>\n<p><span style=\"color: #000000;\">Questo \u00e8 il fratello PI\u00d9 GRANDE Guardiano del <strong>Set AMS completo. <\/strong>Un ulteriore livello di protezione per offrirti maggiore sicurezza e comfort.<\/span><\/p>\n<p><span style=\"color: #000000;\">Ogni volta che avverto qualsiasi tipo di dolore fisico in tutto il corpo dovuto a contusioni, muscoli, legamenti, ossa o articolazioni, mi rivolgo al DMSO. IL&nbsp;<strong>DMSO<\/strong>&nbsp;incluso <span style=\"text-decoration: underline;\">e scontato<\/span> in questo set, allevia i miei fastidi e i miei dolori, facendo scomparire il dolore attraverso il contatto con la pelle, semplicemente massaggiandolo!<\/span><\/p>\n<p><span style=\"color: #000000;\">\u00c8 la soluzione di cui hai bisogno per alleviare il mal di testa, il dolore al collo, i dolori che provi come sportivo o atleta, o quando soffri il disagio di una malattia cronica.<\/span><\/p>\n<p><span style=\"color: #000000;\"><strong>DMSO<\/strong> \u00e8 necessario per le avanzate e maggiori potenzialit\u00e0 utilizzate&nbsp;<strong>PROTOCOLLO 1000+<\/strong><\/span><br \/>\n<a href=\"https:\/\/laubeholistic.com\/wp-content\/uploads\/PDF-Protocol-1000-ENG.pdf\" target=\"_blank\" rel=\"noopener noreferrer\">Scarica il PDF qui<\/a><\/p>\n<p><span style=\"color: #000000;\"><strong>DMSO<\/strong> pu\u00f2 essere utilizzata&nbsp;<span style=\"text-decoration: underline;\">in cima<\/span> di un&nbsp;<strong>AME<\/strong> applicazione topica come mostrato in questo video:<\/span><\/p>\n<p><span style=\"color: #000000;\"><strong>DMSO<\/strong> pu\u00f2 anche essere usato da solo per far scomparire il dolore, come dimostrato qui:<\/span><\/p>\n<p><a href=\"https:\/\/vimeo.com\/514906487\" target=\"_blank\" rel=\"noopener\">https:\/\/youtu.\/p_gIYyB1EN8<\/a><\/p>\n<p><span style=\"color: #000000;\">Per una dimostrazione del Protocollo 1000:<\/span><\/p>\n<p><span class=\"_5yl5\" style=\"color: #000000;\" data-reactid=\".2h.$mid=11416827275330=23ad044a3231aa88f85.2:0.0.0.0.0\">Se non vedi il tuo problema, condizione o malattia affrontati qui su questo sito web, contattaci via e-mail o telefono e saremo lieti di consigliarti e aiutarti.&nbsp;<span class=\"_5yl5\" data-reactid=\".1k.$mid=11416832347515=2f7e62a9de5b0f0e178.2:0.0.0.0.0\">Questa \u00e8 una qualit\u00e0 e un servizio a cui diamo molta importanza.<\/span><\/span><\/p>","protected":false},"excerpt":{"rendered":"<ul>\n<li><span style=\"color: #000000;\">Clorito di sodio (NaClO2) \u2013 120 ml o 250 ml<\/span><\/li>\n<li><span style=\"color: #000000;\">Acido cloridrico (4%) \u2013 120 ml o 250 ml<\/span><\/li>\n<li><span style=\"color: #000000;\">Dimetilsolfossido (99.9%) \u2013 120 ml o 250 ml<\/span><\/li>\n<li><span style=\"color: #000000;\">Contagocce installato all&#039;interno delle bottiglie<\/span><\/li>\n<li><span style=\"color: #000000;\"><strong>Sconto 10% su 3 set e sconto 15% su 5 set<\/strong><\/span><\/li>\n<li><a href=\"https:\/\/laubeholistic.com\/it\/protocols-and-manuals\/\"><strong>clicca qui<\/strong><\/a> <span style=\"color: #000000;\">per scaricare Protocolli e Manuali<\/span><\/li>\n<\/ul>\n<p><span style=\"color: #000000;\">Durante i mesi pi\u00f9 freddi il DMSO nella bottiglia si cristallizzer\u00e0. Per tornare allo stato liquido \u00e8 sufficiente immergere la bottiglia chiusa in acqua tiepida e attendere dieci minuti. NON acqua bollente.<\/span><\/p>\n<p><span class=\"_5yl5\" style=\"color: #000000;\" data-reactid=\".2h.$mid=11416827275330=23ad044a3231aa88f85.2:0.0.0.0.0\">Offriamo consulenza e guida chiare e personali nel caso avessi bisogno di aiuto per l&#039;utilizzo di questo prodotto.<\/span><\/p>\n<p><span style=\"color: #000000;\">Guarda le dimostrazioni video e il Protocollo 1000 pi\u00f9 in basso in questa pagina.<\/span><\/p>","protected":false},"featured_media":10746,"comment_status":"closed","ping_status":"closed","template":"","meta":{"ngg_post_thumbnail":0},"product_brand":[],"product_cat":[326],"product_tag":[260,118,258,249,257,280,124,94,154,256,281,128,266,108],"class_list":{"0":"post-57","1":"product","2":"type-product","3":"status-publish","4":"has-post-thumbnail","6":"product_cat-chlorine-dioxide-category","7":"product_tag-aches-and-pains","8":"product_tag-amsmms-dmso","9":"product_tag-arthritis","10":"product_tag-chlorine-dioxide","11":"product_tag-dimethyl-sulfoxide","12":"product_tag-discount","13":"product_tag-hydrochloric-acid","14":"product_tag-hydrochloric-acid-4","15":"product_tag-mms-es","16":"product_tag-pain-relief","17":"product_tag-quantity-discount","18":"product_tag-sodium-chlorite","19":"product_tag-topical-pain-relief","20":"product_tag-water-purification","22":"first","23":"instock","24":"taxable","25":"shipping-taxable","26":"purchasable","27":"product-type-variable"},"_links":{"self":[{"href":"https:\/\/laubeholistic.com\/it\/wp-json\/wp\/v2\/product\/57","targetHints":{"allow":["GET"]}}],"collection":[{"href":"https:\/\/laubeholistic.com\/it\/wp-json\/wp\/v2\/product"}],"about":[{"href":"https:\/\/laubeholistic.com\/it\/wp-json\/wp\/v2\/types\/product"}],"replies":[{"embeddable":true,"href":"https:\/\/laubeholistic.com\/it\/wp-json\/wp\/v2\/comments?post=57"}],"wp:featuredmedia":[{"embeddable":true,"href":"https:\/\/laubeholistic.com\/it\/wp-json\/wp\/v2\/media\/10746"}],"wp:attachment":[{"href":"https:\/\/laubeholistic.com\/it\/wp-json\/wp\/v2\/media?parent=57"}],"wp:term":[{"taxonomy":"product_brand","embeddable":true,"href":"https:\/\/laubeholistic.com\/it\/wp-json\/wp\/v2\/product_brand?post=57"},{"taxonomy":"product_cat","embeddable":true,"href":"https:\/\/laubeholistic.com\/it\/wp-json\/wp\/v2\/product_cat?post=57"},{"taxonomy":"product_tag","embeddable":true,"href":"https:\/\/laubeholistic.com\/it\/wp-json\/wp\/v2\/product_tag?post=57"}],"curies":[{"name":"wp","href":"https:\/\/api.w.org\/{rel}","templated":true}]}}