{"id":55,"date":"2014-05-28T09:00:18","date_gmt":"2014-05-28T09:00:18","guid":{"rendered":"http:\/\/www.harmonikdesign.com\/activatedmineralsolution\/?post_type=product&#038;p=55"},"modified":"2026-03-03T14:52:47","modified_gmt":"2026-03-03T14:52:47","slug":"dmso-dimethyl-sulfoxide-99","status":"publish","type":"product","link":"https:\/\/laubeholistic.com\/it\/shop\/dmso-dimethyl-sulfoxide-99\/","title":{"rendered":"DMSO \u2013 Dimetilsolfossido"},"content":{"rendered":"<h1><span style=\"color: #000000;\">Gli straordinari benefici del dimetilsolfossido. <strong>DMSO<\/strong> in breve.<br \/>\n<\/span><\/h1>\n<div style=\"padding: 56.25% 0 0 0; position: relative;\"><iframe style=\"position: absolute; top: 0; left: 0; width: 100%; height: 100%;\" title=\"DMSO: cos&#039;\u00e8 e come si usa\" src=\"https:\/\/player.vimeo.com\/video\/1165670038?badge=0&amp;autopause=0&amp;player_id=0&amp;app_id=58479\" frameborder=\"0\"><\/iframe><\/div>\n<p><script src=\"https:\/\/player.vimeo.com\/api\/player.js\"><\/script><\/p>\n<p><strong><span style=\"color: #000000;\">Questa incredibile soluzione naturale \u00e8 la risposta assoluta al sollievo dal dolore.<\/span><\/strong><\/p>\n<p><span style=\"color: #000000;\">Ci sono molte persone (me compreso) per le quali la prima risposta quando provano dolore dopo aver fatto esercizio, sollevato pesi, praticato arti marziali o semplicemente essersi fatti male sarebbe &quot;<em><strong>Ho bisogno di un antidolorifico<\/strong><\/em>&quot;.<\/span><\/p>\n<p><span style=\"color: #000000;\">Mentre la maggior parte degli antidolorifici medicinali convenzionali trattano solo i sintomi del dolore e spesso inducono gravi effetti collaterali,&nbsp;<strong>DMSO<\/strong> \u00e8 stato accuratamente testato e provato (con oltre 14.000 studi scritti) per affrontare il DOLORE ALLA SUA FONTE.&nbsp;<\/span><\/p>\n<p><span style=\"color: #000000;\">L&#039;uso topico <strong>DMSO<\/strong> garantisce l&#039;eliminazione permanente del dolore, a differenza delle medicine tradizionali che si limitano a mascherare il dolore finch\u00e9 non ritorna.<\/span><\/p>\n<p><span style=\"color: #000000;\">IL <strong>anziano <\/strong>e coloro che ne soffrono <em><strong>C<\/strong><strong>condizioni croniche e dolorose<\/strong><\/em>&nbsp;come artrite, borsite, tendinite, sclerosi multipla o sciatica possono beneficiare delle propriet\u00e0 antidolorifiche di <strong>DMSO<\/strong>.<\/span><\/p>\n<p><span style=\"color: #000000;\">Le condizioni che si manifestano dopo molti anni di duro travaglio o di postura scorretta possono essere lenite con l&#039;applicazione topica&nbsp;<strong>DMSO<\/strong>&nbsp;e pu\u00f2 portare alla libert\u00e0 di non fare pi\u00f9 affidamento sui farmaci tradizionali con i loro potenziali effetti collaterali spiacevoli.<\/span><\/p>\n<p><span style=\"color: #000000;\">I nostri clienti ci raccontano i tanti motivi per cui lo utilizzano <strong>DMSO<\/strong>, compreso il sollievo dagli effetti di lesioni quotidiane\/inaspettate, contusioni, dolori e dolori, nervi intrappolati e sovraccarico dei muscoli.<\/span><\/p>\n<p><span style=\"color: #000000;\"><strong>DMSO \u2013&nbsp;<\/strong>Una parte essenziale di ogni kit di pronto soccorso!<\/span><\/p>\n<p><span style=\"color: #000000;\"><strong>DMSO<\/strong> viene utilizzato anche negli ambienti avanzati e pi\u00f9 potenti&nbsp;<strong>PROTOCOLLO 1000+<\/strong><\/span><br \/>\n<span style=\"color: #000000;\">Scarica il pdf <a href=\"https:\/\/laubeholistic.com\/it\/protocols-and-manuals\/\">Qui<\/a><span class=\"_5yl5\" data-reactid=\".2h.$mid=11416827275330=23ad044a3231aa88f85.2:0.0.0.0.0\">.<br data-reactid=\".2h.$mid=11416827275330=23ad044a3231aa88f85.2:0.0.0.0.0.0.$end:0:$7:0\"><\/span><\/span><\/p>\n<p><span style=\"color: #000000;\"><span class=\"_5yl5\" data-reactid=\".2h.$mid=11416827275330=23ad044a3231aa88f85.2:0.0.0.0.0\">Se non vedi il problema o la condizione affrontati qui su questo sito Web, contattaci via e-mail o telefono e saremo lieti di consigliarti e aiutarti.&nbsp;<span data-reactid=\".1k.$mid=11416832347515=2f7e62a9de5b0f0e178.2:0.0.0.0.0.0\">Questa \u00e8 una qualit\u00e0 e un servizio a cui diamo molta importanza.<\/span><br \/>\n<\/span><\/span><\/p>\n<h2 style=\"margin-top: 40px;\">FAQ<\/h2>\n<div class=\"accordion\">\n\t<div id=\"accordion-1786796704\" class=\"accordion-item\">\n\t\t<a id=\"accordion-1786796704-label\" class=\"accordion-title plain\" href=\"#accordion-item-what-is-dmso-and-how-does-it-differ-from-traditional-pain-killers?\" aria-expanded=\"false\" aria-controls=\"accordion-1786796704-content\">\n\t\t\t<button class=\"toggle\" aria-label=\"Attiva\/Disattiva\"><i class=\"icon-angle-down\" aria-hidden=\"true\"><\/i><\/button>\n\t\t\t<span>Che cos'\u00e8 il DMSO e come si differenzia dagli antidolorifici tradizionali?<\/span>\n\t\t<\/a>\n\t\t<div id=\"accordion-1786796704-content\" class=\"accordion-inner\" aria-labelledby=\"accordion-1786796704-label\">\n\t\t\t\n<p>Il DMSO (Dimetilsolfossido) \u00e8 una soluzione naturale che \u00e8 stata ampiamente studiata e dimostrata per trattare il dolore alla fonte, a differenza degli antidolorifici convenzionali che si limitano a mascherare i sintomi e possono causare pesanti effetti collaterali. Il DMSO topico elimina il dolore in modo permanente, offrendo un'alternativa naturale per la gestione del dolore a lungo termine.<\/p>\n\t\t<\/div>\n\t<\/div>\n\t\n\t<div id=\"accordion-2199568997\" class=\"accordion-item\">\n\t\t<a id=\"accordion-2199568997-label\" class=\"accordion-title plain\" href=\"#accordion-item-who-can-benefit-from-using-dmso,-and-for-what-conditions?\" aria-expanded=\"false\" aria-controls=\"accordion-2199568997-content\">\n\t\t\t<button class=\"toggle\" aria-label=\"Attiva\/Disattiva\"><i class=\"icon-angle-down\" aria-hidden=\"true\"><\/i><\/button>\n\t\t\t<span>Chi pu\u00f2 trarre beneficio dall'uso del DMSO e per quali condizioni?<\/span>\n\t\t<\/a>\n\t\t<div id=\"accordion-2199568997-content\" class=\"accordion-inner\" aria-labelledby=\"accordion-2199568997-label\">\n\t\t\t\n<p>Chi soffre di dolori cronici come artrite, borsite, tendinite, sclerosi multipla o sciatica pu\u00f2 trovare sollievo con il DMSO. \u00c8 utile anche per chi ha subito lesioni, contusioni, dolori o nervi intrappolati, soprattutto dopo anni di lavori pesanti o posture scorrette.<\/p>\n\t\t<\/div>\n\t<\/div>\n\t\n\t<div id=\"accordion-4052879554\" class=\"accordion-item\">\n\t\t<a id=\"accordion-4052879554-label\" class=\"accordion-title plain\" href=\"#accordion-item-can-dmso-be-used-as-a-first-aid-solution,-and-how-do-i-apply-it?\" aria-expanded=\"false\" aria-controls=\"accordion-4052879554-content\">\n\t\t\t<button class=\"toggle\" aria-label=\"Attiva\/Disattiva\"><i class=\"icon-angle-down\" aria-hidden=\"true\"><\/i><\/button>\n\t\t\t<span>Il DMSO pu\u00f2 essere utilizzato come soluzione di pronto soccorso e come si applica?<\/span>\n\t\t<\/a>\n\t\t<div id=\"accordion-4052879554-content\" class=\"accordion-inner\" aria-labelledby=\"accordion-4052879554-label\">\n\t\t\t\n<p>S\u00ec, il DMSO \u00e8 considerato un elemento essenziale di ogni kit di pronto soccorso. Pu\u00f2 essere applicato per via topica per fornire un sollievo immediato dal dolore. Per facilitare l'applicazione, utilizzare il contagocce o il flacone spray in dotazione. Seguire attentamente le istruzioni per ottenere risultati ottimali.<\/p>\n\t\t<\/div>\n\t<\/div>\n\t\n\t<div id=\"accordion-2308201996\" class=\"accordion-item\">\n\t\t<a id=\"accordion-2308201996-label\" class=\"accordion-title plain\" href=\"#accordion-item-what-are-the-benefits-of-using-dmso-over-traditional-medication?\" aria-expanded=\"false\" aria-controls=\"accordion-2308201996-content\">\n\t\t\t<button class=\"toggle\" aria-label=\"Attiva\/Disattiva\"><i class=\"icon-angle-down\" aria-hidden=\"true\"><\/i><\/button>\n\t\t\t<span>Quali sono i vantaggi dell'uso del DMSO rispetto ai farmaci tradizionali?<\/span>\n\t\t<\/a>\n\t\t<div id=\"accordion-2308201996-content\" class=\"accordion-inner\" aria-labelledby=\"accordion-2308201996-label\">\n\t\t\t\n<p>Il DMSO offre diversi vantaggi, tra cui la naturalit\u00e0, l'efficienza, la rapidit\u00e0 d'azione e l'assenza di effetti collaterali. La qualit\u00e0 del DMSO \u00e8 certificata come di grado farmaceutico, a garanzia di sicurezza ed efficacia. Il DMSO non induce la stessa dipendenza dei farmaci antidolorifici convenzionali e pu\u00f2 fornire un sollievo a lungo termine senza la necessit\u00e0 di un uso continuo.<\/p>\n\t\t<\/div>\n\t<\/div>\n\t\n\t<div id=\"accordion-500051001\" class=\"accordion-item\">\n\t\t<a id=\"accordion-500051001-label\" class=\"accordion-title plain\" href=\"#accordion-item-is-there-any-guidance-available-for-first-time-users-of-dmso,-and-what-should-i-do-if-my-specific-condition-isn&#039;t-addressed-here?\" aria-expanded=\"false\" aria-controls=\"accordion-500051001-content\">\n\t\t\t<button class=\"toggle\" aria-label=\"Attiva\/Disattiva\"><i class=\"icon-angle-down\" aria-hidden=\"true\"><\/i><\/button>\n\t\t\t<span>Esiste una guida per chi usa il DMSO per la prima volta e cosa devo fare se la mia condizione specifica non \u00e8 trattata qui?<\/span>\n\t\t<\/a>\n\t\t<div id=\"accordion-500051001-content\" class=\"accordion-inner\" aria-labelledby=\"accordion-500051001-label\">\n\t\t\t\n<p>La nostra azienda offre una consulenza chiara e personalizzata per l'utilizzo del DMSO. Contattateci via e-mail o per telefono per ricevere una guida su misura per le vostre esigenze. Se la vostra condizione o il vostro problema non sono esplicitamente menzionati in questo sito web, il nostro team \u00e8 pi\u00f9 che disponibile a fornirvi consigli e assistenza per aiutarvi a iniziare a usare il DMSO.<\/p>\n\t\t<\/div>\n\t<\/div>\n\t\n<\/div>","protected":false},"excerpt":{"rendered":"<ul>\n<li><span style=\"color: #000000;\">DMSO \u2013 Dimetilsolfossido \u2013 <strong>30 ml, 120 ml, 250 ml o 1 litro<br \/>\n<\/strong><\/span><\/li>\n<li><span style=\"color: #000000;\">Testa contagocce o flacone spray<\/span><\/li>\n<li><strong><a href=\"https:\/\/laubeholistic.com\/it\/protocols-and-manuals\/\">clicca qui<\/a><\/strong> <span style=\"color: #000000;\">per scaricare Protocolli e Manuali<\/span><\/li>\n<\/ul>\n<p><span style=\"color: #000000;\"><strong>La risposta della natura al sollievo dal dolore<\/strong><\/span><\/p>\n<p><span style=\"color: #000000;\">D&#039;attualit\u00e0<strong> DMSO<\/strong> fa scomparire il dolore al contatto senza la necessit\u00e0 di aspettare che le pillole e i farmaci tradizionali facciano effetto.<\/span><\/p>\n<ul>\n<li><span style=\"color: #000000;\">Naturale<\/span><\/li>\n<li><span style=\"color: #000000;\">Efficiente<\/span><\/li>\n<li><span style=\"color: #000000;\">Veloce<\/span><\/li>\n<li><span style=\"color: #000000;\">Nessun effetto collaterale<\/span><\/li>\n<\/ul>\n<p><span style=\"color: #000000;\">La qualit\u00e0 certificata corrisponde al grado farmaceutico.<\/span><\/p>\n<p><span style=\"color: #000000;\">Durante i mesi pi\u00f9 freddi il DMSO nella bottiglia si cristallizzer\u00e0. Per tornare allo stato liquido \u00e8 sufficiente immergere la bottiglia chiusa in acqua tiepida e attendere dieci minuti. NON acqua bollente.<\/span><\/p>\n<p><span style=\"color: #000000;\">Offriamo consulenza e guida chiare e personali nel caso avessi bisogno di aiuto per l&#039;utilizzo di questo prodotto.<\/span><\/p>\n<p>&nbsp;<\/p>","protected":false},"featured_media":10717,"comment_status":"closed","ping_status":"closed","template":"","meta":{"ngg_post_thumbnail":0},"product_brand":[],"product_cat":[326],"product_tag":[260,258,259,261,257,122,277,268,262,278,276,256,279,263,264,265,266],"class_list":{"0":"post-55","1":"product","2":"type-product","3":"status-publish","4":"has-post-thumbnail","6":"product_cat-chlorine-dioxide-category","7":"product_tag-aches-and-pains","8":"product_tag-arthritis","9":"product_tag-bruise","10":"product_tag-bursitis","11":"product_tag-dimethyl-sulfoxide","12":"product_tag-dmso","13":"product_tag-headache","14":"product_tag-inflammation","15":"product_tag-multiple-sclerosis","16":"product_tag-osteoarthritis","17":"product_tag-pain-at-source","18":"product_tag-pain-relief","19":"product_tag-rheumatoid-arthritis","20":"product_tag-sciatica","21":"product_tag-topical","22":"product_tag-topical-application","23":"product_tag-topical-pain-relief","25":"first","26":"instock","27":"taxable","28":"shipping-taxable","29":"purchasable","30":"product-type-variable"},"_links":{"self":[{"href":"https:\/\/laubeholistic.com\/it\/wp-json\/wp\/v2\/product\/55","targetHints":{"allow":["GET"]}}],"collection":[{"href":"https:\/\/laubeholistic.com\/it\/wp-json\/wp\/v2\/product"}],"about":[{"href":"https:\/\/laubeholistic.com\/it\/wp-json\/wp\/v2\/types\/product"}],"replies":[{"embeddable":true,"href":"https:\/\/laubeholistic.com\/it\/wp-json\/wp\/v2\/comments?post=55"}],"wp:featuredmedia":[{"embeddable":true,"href":"https:\/\/laubeholistic.com\/it\/wp-json\/wp\/v2\/media\/10717"}],"wp:attachment":[{"href":"https:\/\/laubeholistic.com\/it\/wp-json\/wp\/v2\/media?parent=55"}],"wp:term":[{"taxonomy":"product_brand","embeddable":true,"href":"https:\/\/laubeholistic.com\/it\/wp-json\/wp\/v2\/product_brand?post=55"},{"taxonomy":"product_cat","embeddable":true,"href":"https:\/\/laubeholistic.com\/it\/wp-json\/wp\/v2\/product_cat?post=55"},{"taxonomy":"product_tag","embeddable":true,"href":"https:\/\/laubeholistic.com\/it\/wp-json\/wp\/v2\/product_tag?post=55"}],"curies":[{"name":"wp","href":"https:\/\/api.w.org\/{rel}","templated":true}]}}