{"id":1695,"date":"2014-05-28T08:30:28","date_gmt":"2014-05-28T08:30:28","guid":{"rendered":"https:\/\/laubeholistic.com\/?post_type=product&#038;p=1695"},"modified":"2026-03-03T14:53:21","modified_gmt":"2026-03-03T14:53:21","slug":"activator-4-hcl-hydrochloric-acid-120ml","status":"publish","type":"product","link":"https:\/\/laubeholistic.com\/it\/shop\/activator-4-hcl-hydrochloric-acid-120ml\/","title":{"rendered":"ATTIVATORE \u2013 4% HCL"},"content":{"rendered":"<h2><span style=\"color: #000000;\">L&#039;Attivatore con 4% HCL<br \/>\n<\/span><\/h2>\n<p><span style=\"color: #000000;\">Il NUOVO attivatore con acido cloridrico (HCL) 4% ha dimostrato di avere alcuni chiari vantaggi rispetto all&#039;attivatore di acido citrico standard (ma il pi\u00f9 studiato) 50%.<\/span><\/p>\n<p><span style=\"color: #000000;\"><strong>1.<\/strong> Le ricerche pi\u00f9 recenti hanno dimostrato che l&#039;acido citrico 50% pu\u00f2 essere piuttosto pesante per lo stomaco quando si assumono dosi orali di AMS attivato e quindi aumentare la nausea quando si assume troppo AMS. Con il nuovo attivatore dell&#039;acido cloridrico 4% (HCL) la soglia della nausea sar\u00e0 pi\u00f9 alta, dandoti il vantaggio di assumere dosi sempre pi\u00f9 elevate di AMS.<\/span><\/p>\n<p><span style=\"color: #000000;\"><strong>2.<\/strong> Un altro GRANDE vantaggio che pu\u00f2 essere facilmente notato \u00e8 che l\u2019odore e il sapore dell\u2019AMS attivato saranno minori. Se scegli di assumere le dosi di AMS orale con acqua (invece che con succo) avvertirai meno gusto e odore di biossido di cloro. Questa \u00e8 una notizia fantastica!<\/span><\/p>\n<p><span style=\"color: #000000;\">Inoltre: \u00e8 molto raro, ma alcune persone sono allergiche all&#039;acido citrico 10% o 50% nell&#039;acqua (che \u00e8 l&#039;ATTIVATORE standard), anche se possono facilmente tollerarne forme deboli come nella limonata. La soluzione pu\u00f2 essere quella di utilizzare l&#039;acido cloridrico 4% come acido preferito perch\u00e9 non \u00e8 allergenico. Pertanto prova nuovamente AMS utilizzando questo nuovo ATTIVATORE come acido attivante e aumenta lentamente il numero di gocce.<\/span><\/p>\n<p><span style=\"color: #000000;\">La stessa relazione di caduta 1:1.<\/span><\/p>\n<p><span style=\"color: #000000;\">Il tempo di attivazione rimane lo stesso, come l&#039;ATTIVATORE dell&#039;acido citrico standard. I soliti 30 secondi.<\/span><\/p>\n<p><span class=\"_5yl5\" style=\"color: #000000;\" data-reactid=\".2h.$mid=11416827275330=23ad044a3231aa88f85.2:0.0.0.0.0\">Se non vedi il tuo problema o la tua malattia affrontati qui su questo sito web, contattaci via e-mail o telefono e ti consiglieremo e ti aiuteremo chiaramente! <span class=\"_5yl5\" data-reactid=\".1k.$mid=11416832347515=2f7e62a9de5b0f0e178.2:0.0.0.0.0\">Questa \u00e8 una qualit\u00e0 a cui diamo molta importanza.<\/span><\/span><\/p>\n<p>&nbsp;<\/p>\n<p><span style=\"font-size: 170%; color: #000000;\">Come attivare l&#039;AMS per prepararlo da bere<\/span><\/p>\n<p>&nbsp;<\/p>","protected":false},"excerpt":{"rendered":"<ul>\n<li><span style=\"color: #000000;\">Flacone di acido cloridrico 4% (HCL) \u2013 120 ml o 250 ml<br \/>\n<\/span><\/li>\n<li><span style=\"color: #000000;\">Contagocce installato all&#039;interno delle bottiglie<\/span><\/li>\n<li><strong><a href=\"https:\/\/laubeholistic.com\/it\/protocols-and-manuals\/\">clicca qui<\/a> <\/strong><span style=\"color: #000000;\">per scaricare Protocolli e Manuali<\/span><\/li>\n<\/ul>\n<p><span class=\"_5yl5\" style=\"color: #000000;\" data-reactid=\".2h.$mid=11416827275330=23ad044a3231aa88f85.2:0.0.0.0.0\">Offriamo consulenza e guida chiare e personali nel caso avessi bisogno di aiuto per l&#039;utilizzo di questo prodotto.<\/span><\/p>","protected":false},"featured_media":10706,"comment_status":"closed","ping_status":"closed","template":"","meta":{"ngg_post_thumbnail":0},"product_brand":[],"product_cat":[326],"product_tag":[96,124,94],"class_list":{"0":"post-1695","1":"product","2":"type-product","3":"status-publish","4":"has-post-thumbnail","6":"product_cat-chlorine-dioxide-category","7":"product_tag-activator","8":"product_tag-hydrochloric-acid","9":"product_tag-hydrochloric-acid-4","11":"first","12":"instock","13":"taxable","14":"shipping-taxable","15":"purchasable","16":"product-type-variable"},"_links":{"self":[{"href":"https:\/\/laubeholistic.com\/it\/wp-json\/wp\/v2\/product\/1695","targetHints":{"allow":["GET"]}}],"collection":[{"href":"https:\/\/laubeholistic.com\/it\/wp-json\/wp\/v2\/product"}],"about":[{"href":"https:\/\/laubeholistic.com\/it\/wp-json\/wp\/v2\/types\/product"}],"replies":[{"embeddable":true,"href":"https:\/\/laubeholistic.com\/it\/wp-json\/wp\/v2\/comments?post=1695"}],"wp:featuredmedia":[{"embeddable":true,"href":"https:\/\/laubeholistic.com\/it\/wp-json\/wp\/v2\/media\/10706"}],"wp:attachment":[{"href":"https:\/\/laubeholistic.com\/it\/wp-json\/wp\/v2\/media?parent=1695"}],"wp:term":[{"taxonomy":"product_brand","embeddable":true,"href":"https:\/\/laubeholistic.com\/it\/wp-json\/wp\/v2\/product_brand?post=1695"},{"taxonomy":"product_cat","embeddable":true,"href":"https:\/\/laubeholistic.com\/it\/wp-json\/wp\/v2\/product_cat?post=1695"},{"taxonomy":"product_tag","embeddable":true,"href":"https:\/\/laubeholistic.com\/it\/wp-json\/wp\/v2\/product_tag?post=1695"}],"curies":[{"name":"wp","href":"https:\/\/api.w.org\/{rel}","templated":true}]}}