{"id":1620,"date":"2014-05-28T17:00:26","date_gmt":"2014-05-28T17:00:26","guid":{"rendered":"https:\/\/laubeholistic.com\/?post_type=product&#038;p=1620"},"modified":"2026-03-03T14:51:38","modified_gmt":"2026-03-03T14:51:38","slug":"lavarnica-macro","status":"publish","type":"product","link":"https:\/\/laubeholistic.com\/it\/shop\/lavarnica-macro\/","title":{"rendered":"Lavarnica Macro (DMSO migliorato)"},"content":{"rendered":"<h1><span style=\"color: #000000;\"><strong>Macro Lavarnica<\/strong><\/span><\/h1>\n<div style=\"padding: 56.25% 0 0 0; position: relative;\"><iframe style=\"position: absolute; top: 0; left: 0; width: 100%; height: 100%;\" title=\"Lavarinica\" src=\"https:\/\/player.vimeo.com\/video\/1165670395?badge=0&amp;autopause=0&amp;player_id=0&amp;app_id=58479\" frameborder=\"0\"><\/iframe><\/div>\n<p><script src=\"https:\/\/player.vimeo.com\/api\/player.js\"><\/script><\/p>\n<p><span style=\"color: #000000;\">Potresti essere a conoscenza dei vantaggi dei tre singoli prodotti che compongono Lavarnica Macro, ma ecco un promemoria. Delicatamente profumato e 100% naturale.<\/span><\/p>\n<p><span style=\"color: #000000;\"><strong>DMSO<\/strong><\/span><\/p>\n<p><span style=\"color: #000000;\">Oltre ad essere noto per le sue qualit\u00e0 antinfiammatorie e antidolorifiche rapide ed efficaci, gli scienziati hanno scoperto che il DMSO pu\u00f2 essere utilizzato come dispositivo di trasporto per far passare piccole molecole attraverso la pelle. In effetti, il DMSO amplifica la penetrazione di altri rimedi topici, aumentandone cos\u00ec l\u2019efficacia.<\/span><\/p>\n<p><span style=\"color: #000000;\"><strong>ARNICA<\/strong><\/span><\/p>\n<p><span style=\"color: #000000;\">L&#039;arnica \u00e8 un&#039;erba fiorita della famiglia dei girasoli. \u00c8 stato utilizzato gi\u00e0 nel 1500 per trattare una vasta gamma di condizioni tra cui contusioni, distorsioni, dolori muscolari, ferite, dolori articolari, gonfiore e ustioni. L&#039;arnica si \u00e8 quindi dimostrata efficace durante la guarigione di diverse condizioni postoperatorie tra cui gonfiore, lividi e dolore.<\/span><\/p>\n<p><span style=\"color: #000000;\"><strong>LAVANDA<\/strong><\/span><\/p>\n<p><span style=\"color: #000000;\">Nell&#039;antichit\u00e0 questa pianta profumata veniva utilizzata per rinfrescare e dare un leggero profumo a una variet\u00e0 di oggetti personali.<\/span><\/p>\n<p><span style=\"color: #000000;\">Oltre al suo aroma caratteristico e rilassante, la lavanda \u00e8 nota anche per uccidere i batteri, curare e prevenire l&#039;acne, lenire l&#039;eczema e la psoriasi, ridurre le rughe, ridurre il dolore e l&#039;infiammazione, lenire le scottature solari, accelerare il processo di guarigione delle ferite, agire come repellente per insetti e alleviare il prurito dopo una puntura d&#039;insetto. <\/span><\/p>\n<p><span style=\"color: #000000;\">La lavanda ha aiutato molte persone a migliorare la qualit\u00e0 del sonno e a ridurre l\u2019insonnia.<\/span><\/p>\n<p><span style=\"color: #000000;\">Lavarnica Macro \u00e8 un rimedio topico unico, creato appositamente da Laube Holistic Health.<\/span><\/p>\n<p><span style=\"color: #000000;\">Lavarnica Macro sfrutta le straordinarie qualit\u00e0 e benefici di DMSO, Arnica e Lavanda per produrre un rimedio che penetra profondamente nella pelle per alleviare i sintomi di gonfiore e dolore.<\/span><\/p>\n<p><span style=\"color: #000000;\">Lavarnica Macro \u00e8 un prodotto rivoluzionario ad azione rapida. Allevia e cura naturalmente il dolore in modo sicuro e conveniente. Non c&#039;\u00e8 bisogno di spendere i tuoi sudati guadagni in interventi chirurgici o in farmaci da prescrizione altamente potenti e che creano dipendenza.<\/span><\/p>\n<p><span style=\"color: #000000;\">Offriamo consulenza e guida chiare e personali nel caso avessi bisogno di aiuto per l&#039;utilizzo di questo prodotto.<\/span><\/p>\n<p><span style=\"color: #000000;\">Se non vedi il tuo problema, condizione o malattia affrontati qui su questo sito web, contattaci via e-mail o telefono e saremo lieti di consigliarti e aiutarti. Questa \u00e8 una qualit\u00e0 e un servizio a cui diamo molta importanza.<\/span><\/p>\n<p><span style=\"color: #000000;\">Come per tutti i farmaci, chiedi consiglio al tuo medico di famiglia se soffri di gravi condizioni di salute, pressione alta, malattie infiammatorie intestinali, aritmia o se sei incinta o stai allattando.<\/span><\/p>","protected":false},"excerpt":{"rendered":"<p><span style=\"color: #000000;\">1 x Bottiglia di Lavarnica Macro \u2013<strong> 30 ml, 100 ml, 120 ml, 250 ml o 1 litro<\/strong><br \/>\n<\/span><\/p>\n<p><span style=\"color: #000000;\">Testa contagocce o flacone spray<\/span><\/p>\n<p><span style=\"color: #000000;\">Una miscela unica di tre trattamenti ben noti, tutto in un unico rimedio naturale profumato e facile da usare. Delicatamente profumato e 100% naturale.<\/span><\/p>\n<p><span class=\"_5yl5\" style=\"color: #000000;\" data-reactid=\".2h.$mid=11416827275330=23ad044a3231aa88f85.2:0.0.0.0.0\">Offriamo consulenza e guida chiare e personali nel caso avessi bisogno di aiuto durante l&#039;utilizzo di questo prodotto.<\/span><\/p>","protected":false},"featured_media":10843,"comment_status":"closed","ping_status":"closed","template":"","meta":{"ngg_post_thumbnail":0},"product_brand":[],"product_cat":[326],"product_tag":[271,260,269,258,261,122,268,110,272,270,256,267,266],"class_list":{"0":"post-1620","1":"product","2":"type-product","3":"status-publish","4":"has-post-thumbnail","6":"product_cat-chlorine-dioxide-category","7":"product_tag-100-natural","8":"product_tag-aches-and-pains","9":"product_tag-aching-joints","10":"product_tag-arthritis","11":"product_tag-bursitis","12":"product_tag-dmso","13":"product_tag-inflammation","14":"product_tag-lavarnica-macro","15":"product_tag-natural","16":"product_tag-pain","17":"product_tag-pain-relief","18":"product_tag-tendonitis","19":"product_tag-topical-pain-relief","21":"first","22":"instock","23":"taxable","24":"shipping-taxable","25":"purchasable","26":"product-type-variable"},"_links":{"self":[{"href":"https:\/\/laubeholistic.com\/it\/wp-json\/wp\/v2\/product\/1620","targetHints":{"allow":["GET"]}}],"collection":[{"href":"https:\/\/laubeholistic.com\/it\/wp-json\/wp\/v2\/product"}],"about":[{"href":"https:\/\/laubeholistic.com\/it\/wp-json\/wp\/v2\/types\/product"}],"replies":[{"embeddable":true,"href":"https:\/\/laubeholistic.com\/it\/wp-json\/wp\/v2\/comments?post=1620"}],"wp:featuredmedia":[{"embeddable":true,"href":"https:\/\/laubeholistic.com\/it\/wp-json\/wp\/v2\/media\/10843"}],"wp:attachment":[{"href":"https:\/\/laubeholistic.com\/it\/wp-json\/wp\/v2\/media?parent=1620"}],"wp:term":[{"taxonomy":"product_brand","embeddable":true,"href":"https:\/\/laubeholistic.com\/it\/wp-json\/wp\/v2\/product_brand?post=1620"},{"taxonomy":"product_cat","embeddable":true,"href":"https:\/\/laubeholistic.com\/it\/wp-json\/wp\/v2\/product_cat?post=1620"},{"taxonomy":"product_tag","embeddable":true,"href":"https:\/\/laubeholistic.com\/it\/wp-json\/wp\/v2\/product_tag?post=1620"}],"curies":[{"name":"wp","href":"https:\/\/api.w.org\/{rel}","templated":true}]}}