{"id":151,"date":"2014-05-28T19:00:23","date_gmt":"2014-05-28T19:00:23","guid":{"rendered":"https:\/\/laubeholistic.com\/?post_type=product&#038;p=151"},"modified":"2026-03-03T14:48:29","modified_gmt":"2026-03-03T14:48:29","slug":"pure-vitamin-c","status":"publish","type":"product","link":"https:\/\/laubeholistic.com\/it\/shop\/pure-vitamin-c\/","title":{"rendered":"Vitamina C pura"},"content":{"rendered":"<p>&nbsp;<\/p>\n<h1 lang=\"es-ES\" style=\"font-size: small; color: #000000; text-align: center;\"><span style=\"font-size: x-large;\"><span style=\"text-decoration: underline;\">Cura miracolosa naturale&nbsp;<\/span><\/span><span style=\"font-size: x-large;\"><span style=\"text-decoration: underline;\">Per una salute migliore!<\/span><\/span><\/h1>\n<div style=\"padding: 56.25% 0 0 0; position: relative;\"><iframe style=\"position: absolute; top: 0; left: 0; width: 100%; height: 100%;\" title=\"Vitamina C\" src=\"https:\/\/player.vimeo.com\/video\/1165670676?badge=0&amp;autopause=0&amp;player_id=0&amp;app_id=58479\" frameborder=\"0\"><\/iframe><\/div>\n<p><script src=\"https:\/\/player.vimeo.com\/api\/player.js\"><\/script><\/p>\n<div><span style=\"color: #000000;\">La vitamina pi\u00f9 conosciuta al mondo \u00e8 anche il nutriente pi\u00f9 sottovalutato e soppresso della storia.<\/span><\/div>\n<div><span style=\"color: #000000;\">\u00c8 <strong>uno dei pi\u00f9 potenti<\/strong> <strong>assicurazioni sanitarie che si possono prendere<\/strong>.<\/span><\/div>\n<div>&nbsp;<\/div>\n<div><span style=\"color: #000000;\"><strong>Vitamina C pura<\/strong> \u00e8 la cura miracolosa della natura. Ti porta in modo naturale verso una salute migliore, migliora il tuo sistema cardiovascolare, innesca un notevole aumento di energia, rafforza il tuo sistema immunitario e purifica dall&#039;interno.<\/span><\/div>\n<div>&nbsp;<\/div>\n<div><span style=\"color: #000000;\"><strong>Linus Pauling <\/strong>(*1901 \u2013 1994 \u2020) Fondatore della Medicina Ortomolecolare e vincitore del Premio Nobel per la Medicina <strong>Chimica<\/strong> E <strong>Pace. <\/strong>&nbsp;Linus Pauling \u00e8 stato uno dei grandi pionieri che ha scoperto che noi, come esseri umani, consumiamo quantit\u00e0 giornaliere insufficienti di vitamina C attraverso gli alimenti trasformati, geneticamente modificati e persino artificiali. Scopr\u00ec anche che possiamo assorbire, e spesso abbiamo bisogno, di quantit\u00e0 molto maggiori di questa vitamina, soprattutto quando siamo malati.<\/span><\/div>\n<div>&nbsp;<\/div>\n<figure id=\"attachment_173\" aria-describedby=\"caption-attachment-173\" style=\"width: 303px\" class=\"wp-caption alignright\"><img loading=\"lazy\" decoding=\"async\" class=\"wp-image-173\" style=\"border-image: initial; border: 1px solid black;\" title=\"Linus Pauling\" src=\"https:\/\/laubeholistic.com\/wp-content\/uploads\/2012\/05\/LinusPauling.jpg\" alt=\"Linus Pauling\" width=\"303\" height=\"140\"><figcaption id=\"caption-attachment-173\" class=\"wp-caption-text\">Come raccomandato da Linus Pauling.<\/figcaption><\/figure>\n<blockquote>\n<div><strong>\u201cSe ti ammali ancora, l\u2019unica ragione \u00e8 che il tuo corpo non riceve abbastanza vitamina C. Con abbastanza vitamina C al giorno, per tutto l\u2019anno, non ti ammalerai pi\u00f9\u201d.<\/strong><\/div>\n<div><em>Linus Pauling<\/em><\/div>\n<\/blockquote>\n<div>&nbsp;<\/div>\n<div><span style=\"color: #000000;\">Rispetto alle tradizionali compresse di Vitamina C, la nostra Vitamina C \u00e8 pura 100% e non \u00e8 modificata in alcun modo.<\/span><\/div>\n<div>&nbsp;<\/div>\n<div><span style=\"color: #000000;\">Un cucchiaino raso del nostro prodotto puro 100% contiene fino a 60 volte pi\u00f9 vitamina C rispetto alle compresse tradizionali.<\/span><\/div>\n<div>&nbsp;<\/div>\n<div><span style=\"color: #000000;\">\u00c8 ovvio, si potrebbe dire. Potresti credere che sia risaputo che la vitamina C fa bene. Tuttavia, la quantit\u00e0 ottimale di vitamina C di cui abbiamo bisogno \u00e8 una conoscenza avanzata. Il dosaggio corretto di vitamina C pura fa la differenza quando cerchi di rimanere in salute tutto l&#039;anno.<\/span><\/div>\n<div>&nbsp;<\/div>\n<div>\n<p><span style=\"color: #000000;\">Se non vedi il tuo problema, condizione o malattia affrontati qui su questo sito web, contattaci via e-mail o telefono e saremo lieti di consigliarti e aiutarti.&nbsp;<span class=\"_5yl5\" data-reactid=\".1k.$mid=11416832347515=2f7e62a9de5b0f0e178.2:0.0.0.0.0\">Questa \u00e8 una qualit\u00e0 a cui diamo molta importanza.<\/span><\/span><\/p>\n<\/div>\n<p><img loading=\"lazy\" decoding=\"async\" class=\"alignnone wp-image-7071\" src=\"https:\/\/laubeholistic.com\/wp-content\/uploads\/Grams-of-flat-GS-1-300x164.jpg\" alt=\"\" width=\"518\" height=\"283\" srcset=\"https:\/\/laubeholistic.com\/wp-content\/uploads\/Grams-of-flat-GS-1-300x164.jpg 300w, https:\/\/laubeholistic.com\/wp-content\/uploads\/Grams-of-flat-GS-1-1024x561.jpg 1024w, https:\/\/laubeholistic.com\/wp-content\/uploads\/Grams-of-flat-GS-1-768x421.jpg 768w, https:\/\/laubeholistic.com\/wp-content\/uploads\/Grams-of-flat-GS-1-16x9.jpg 16w, https:\/\/laubeholistic.com\/wp-content\/uploads\/Grams-of-flat-GS-1-510x279.jpg 510w, https:\/\/laubeholistic.com\/wp-content\/uploads\/Grams-of-flat-GS-1.jpg 1296w\" sizes=\"auto, (max-width: 518px) 100vw, 518px\" \/><img loading=\"lazy\" decoding=\"async\" class=\"alignnone wp-image-7070\" src=\"https:\/\/laubeholistic.com\/wp-content\/uploads\/Grams-of-big-GS-300x184.jpg\" alt=\"\" width=\"462\" height=\"283\" srcset=\"https:\/\/laubeholistic.com\/wp-content\/uploads\/Grams-of-big-GS-300x184.jpg 300w, https:\/\/laubeholistic.com\/wp-content\/uploads\/Grams-of-big-GS-1024x626.jpg 1024w, https:\/\/laubeholistic.com\/wp-content\/uploads\/Grams-of-big-GS-768x470.jpg 768w, https:\/\/laubeholistic.com\/wp-content\/uploads\/Grams-of-big-GS-16x10.jpg 16w, https:\/\/laubeholistic.com\/wp-content\/uploads\/Grams-of-big-GS-510x312.jpg 510w, https:\/\/laubeholistic.com\/wp-content\/uploads\/Grams-of-big-GS.jpg 1324w\" sizes=\"auto, (max-width: 462px) 100vw, 462px\" \/><\/p>\n<p style=\"text-align: center;\"><strong><span style=\"color: #000000;\">Un cucchiaino piatto\/raso ti dar\u00e0 circa 2,5 g \u2014\u2013 Un cucchiaino colmo circa 5 g (il doppio)<\/span><\/strong><\/p>\n<p><img loading=\"lazy\" decoding=\"async\" class=\"alignnone wp-image-7068\" src=\"https:\/\/laubeholistic.com\/wp-content\/uploads\/Grams-of-flat-WS-300x177.jpg\" alt=\"\" width=\"474\" height=\"280\" srcset=\"https:\/\/laubeholistic.com\/wp-content\/uploads\/Grams-of-flat-WS-300x177.jpg 300w, https:\/\/laubeholistic.com\/wp-content\/uploads\/Grams-of-flat-WS-1024x603.jpg 1024w, https:\/\/laubeholistic.com\/wp-content\/uploads\/Grams-of-flat-WS-768x452.jpg 768w, https:\/\/laubeholistic.com\/wp-content\/uploads\/Grams-of-flat-WS-16x9.jpg 16w, https:\/\/laubeholistic.com\/wp-content\/uploads\/Grams-of-flat-WS-510x300.jpg 510w, https:\/\/laubeholistic.com\/wp-content\/uploads\/Grams-of-flat-WS.jpg 1386w\" sizes=\"auto, (max-width: 474px) 100vw, 474px\" \/><img loading=\"lazy\" decoding=\"async\" class=\"alignnone wp-image-7069\" src=\"https:\/\/laubeholistic.com\/wp-content\/uploads\/Grams-of-big-WS-300x168.jpg\" alt=\"\" width=\"499\" height=\"279\" srcset=\"https:\/\/laubeholistic.com\/wp-content\/uploads\/Grams-of-big-WS-300x168.jpg 300w, https:\/\/laubeholistic.com\/wp-content\/uploads\/Grams-of-big-WS-1024x574.jpg 1024w, https:\/\/laubeholistic.com\/wp-content\/uploads\/Grams-of-big-WS-768x430.jpg 768w, https:\/\/laubeholistic.com\/wp-content\/uploads\/Grams-of-big-WS-16x9.jpg 16w, https:\/\/laubeholistic.com\/wp-content\/uploads\/Grams-of-big-WS-510x286.jpg 510w, https:\/\/laubeholistic.com\/wp-content\/uploads\/Grams-of-big-WS.jpg 1378w\" sizes=\"auto, (max-width: 499px) 100vw, 499px\" \/><\/p>\n<p style=\"text-align: center;\"><span style=\"color: #000000;\"><strong>Il nostro cucchiaino di legno ti dar\u00e0 circa 2,5 g quando \u00e8 piatto\/a livello e tra 4 e 4,5 g quando \u00e8 colmo.<\/strong><\/span><\/p>\n<h2 style=\"text-align: center;\"><span style=\"color: #000000;\">TESTIMONIANZE<\/span><\/h2>\n<p><span style=\"color: #000000;\">Un test PCR positivo \u00e8 diventato NEGATIVO dopo alte dosi di <strong>Vitamina C pura<\/strong><\/span><\/p>\n<p style=\"text-align: center;\"><span style=\"color: #000000;\"><strong><img loading=\"lazy\" decoding=\"async\" class=\"wp-image-10906 aligncenter\" src=\"https:\/\/laubeholistic.com\/wp-content\/uploads\/DINO-Covid-test-results-2-2-300x111.jpg\" alt=\"\" width=\"873\" height=\"323\" srcset=\"https:\/\/laubeholistic.com\/wp-content\/uploads\/DINO-Covid-test-results-2-2-300x111.jpg 300w, https:\/\/laubeholistic.com\/wp-content\/uploads\/DINO-Covid-test-results-2-2-768x283.jpg 768w, https:\/\/laubeholistic.com\/wp-content\/uploads\/DINO-Covid-test-results-2-2-1536x566.jpg 1536w, https:\/\/laubeholistic.com\/wp-content\/uploads\/DINO-Covid-test-results-2-2-18x7.jpg 18w, https:\/\/laubeholistic.com\/wp-content\/uploads\/DINO-Covid-test-results-2-2-510x188.jpg 510w\" sizes=\"auto, (max-width: 873px) 100vw, 873px\" \/>&nbsp;<\/strong><\/span><\/p>","protected":false},"excerpt":{"rendered":"<p lang=\"it-IT\" style=\"text-align: left;\" align=\"CENTER\"><span style=\"color: #000000;\">Acido ascorbico - <\/span><span style=\"color: #000000;\">100% puro<\/span><br \/>\n<span style=\"color: #000000;\">Come raccomandato da Linus Pauling<\/span><\/p>\n<h3 lang=\"it-IT\" style=\"text-align: left;\" align=\"CENTER\"><span style=\"color: #0000ff;\"><strong>Integrare la dieta con sostanze nutritive benefiche e salutari \u00e8 di vitale importanza durante l\u2019attuale situazione pandemica. Ecco perch\u00e9 offriamo vitamina C pura di alta qualit\u00e0.<br \/>\n<\/strong><\/span><\/h3>\n<p><span style=\"font-size: 10pt; color: #000000;\"><strong>Aiuta a combattere malattie come:<\/strong><\/span><\/p>\n<p><em><span style=\"font-size: 10pt; color: #000000;\"><strong>Raffreddore, influenza, febbre&nbsp;<\/strong><strong>E&nbsp;<\/strong><\/span><\/em><em><span style=\"font-size: 10pt; color: #000000;\"><strong>Problemi cardiovascolari.<\/strong><\/span><\/em><\/p>\n<p><em><span style=\"font-size: 10pt; color: #000000;\"><strong>Rinforza il sistema immunitario.<\/strong><\/span><\/em><\/p>\n<p><em><span style=\"font-size: 10pt; color: #000000;\"><strong>Promuove un miglioramento del benessere e pu\u00f2 aiutare a combattere la depressione.<\/strong><\/span><\/em><\/p>\n<p style=\"font-size: large; text-align: left;\"><span style=\"font-size: 10pt; color: #000000;\">Dosaggio: un cucchiaino raso di vitamina C assunto con un bicchiere d&#039;acqua al giorno.<\/span><\/p>\n<p style=\"font-size: large; text-align: left;\"><span class=\"_5yl5\" style=\"font-size: 10pt; color: #000000;\" data-reactid=\".2h.$mid=11416827275330=23ad044a3231aa88f85.2:0.0.0.0.0\">Offriamo consulenza e guida chiare e personali nel caso avessi bisogno di assistenza con l&#039;uso della vitamina C pura.<\/span><\/p>","protected":false},"featured_media":10811,"comment_status":"closed","ping_status":"closed","template":"","meta":{"ngg_post_thumbnail":0},"product_brand":[],"product_cat":[327],"product_tag":[251,253,148,252,254],"class_list":{"0":"post-151","1":"product","2":"type-product","3":"status-publish","4":"has-post-thumbnail","6":"product_cat-vitamin-supplements","7":"product_tag-100-pure","8":"product_tag-ascorbic-acid","9":"product_tag-linus-pauling","10":"product_tag-powder","11":"product_tag-pure","13":"first","14":"instock","15":"taxable","16":"shipping-taxable","17":"purchasable","18":"product-type-variable"},"_links":{"self":[{"href":"https:\/\/laubeholistic.com\/it\/wp-json\/wp\/v2\/product\/151","targetHints":{"allow":["GET"]}}],"collection":[{"href":"https:\/\/laubeholistic.com\/it\/wp-json\/wp\/v2\/product"}],"about":[{"href":"https:\/\/laubeholistic.com\/it\/wp-json\/wp\/v2\/types\/product"}],"replies":[{"embeddable":true,"href":"https:\/\/laubeholistic.com\/it\/wp-json\/wp\/v2\/comments?post=151"}],"wp:featuredmedia":[{"embeddable":true,"href":"https:\/\/laubeholistic.com\/it\/wp-json\/wp\/v2\/media\/10811"}],"wp:attachment":[{"href":"https:\/\/laubeholistic.com\/it\/wp-json\/wp\/v2\/media?parent=151"}],"wp:term":[{"taxonomy":"product_brand","embeddable":true,"href":"https:\/\/laubeholistic.com\/it\/wp-json\/wp\/v2\/product_brand?post=151"},{"taxonomy":"product_cat","embeddable":true,"href":"https:\/\/laubeholistic.com\/it\/wp-json\/wp\/v2\/product_cat?post=151"},{"taxonomy":"product_tag","embeddable":true,"href":"https:\/\/laubeholistic.com\/it\/wp-json\/wp\/v2\/product_tag?post=151"}],"curies":[{"name":"wp","href":"https:\/\/api.w.org\/{rel}","templated":true}]}}