{"id":15068,"date":"2025-01-07T15:23:32","date_gmt":"2025-01-07T15:23:32","guid":{"rendered":"https:\/\/laubeholistic.com\/?post_type=product&#038;p=15068"},"modified":"2026-03-03T14:34:55","modified_gmt":"2026-03-03T14:34:55","slug":"magnesium-oil","status":"publish","type":"product","link":"https:\/\/laubeholistic.com\/it\/shop\/magnesium-oil\/","title":{"rendered":"Olio di magnesio"},"content":{"rendered":"<p><span style=\"color: #282828;\">Uno studio affascinante ha rivelato che l'applicazione di olio di magnesio sulla pelle \u00e8 pi\u00f9 efficace dell'assunzione di integratori di magnesio per via orale. Inoltre, l'assorbimento del magnesio \u00e8 migliorato e gli effetti collaterali sono ridotti al minimo, poich\u00e9 il magnesio bypassa l'apparato digerente.<\/span><\/p>\n<p><span style=\"color: #282828;\"><strong>Benefici dell'olio di magnesio:<\/strong><\/span><\/p>\n<ul>\n<li style=\"text-align: left;\"><span style=\"color: #282828;\">Allevia la fibromialgia<\/span><\/li>\n<li style=\"text-align: left;\"><span style=\"color: #282828;\">Riduce l'ansia e la depressione<\/span><\/li>\n<li style=\"text-align: left;\"><span style=\"color: #282828;\">Allevia la stitichezza<\/span><\/li>\n<li style=\"text-align: left;\"><span style=\"color: #282828;\">Favorisce un sonno ristoratore<\/span><\/li>\n<li style=\"text-align: left;\"><span style=\"color: #282828;\">Aiuta a prevenire l'asma<\/span><\/li>\n<li style=\"text-align: left;\"><span style=\"color: #282828;\">Riduce l'infiammazione<\/span><\/li>\n<li style=\"text-align: left;\"><span style=\"color: #282828;\">Supporta la salute del cuore<\/span><\/li>\n<li style=\"text-align: left;\"><span style=\"color: #282828;\">Allevia l'emicrania<\/span><\/li>\n<li style=\"text-align: left;\"><span style=\"color: #282828;\">Rafforza le ossa<\/span><\/li>\n<li style=\"text-align: left;\"><span style=\"color: #282828;\">Aiuta a regolare la glicemia<\/span><\/li>\n<li style=\"text-align: left;\"><span style=\"color: #282828;\">Abbassa la pressione sanguigna<\/span><\/li>\n<li style=\"text-align: left;\"><span style=\"color: #282828;\">Tratta le condizioni della pelle<\/span><\/li>\n<li style=\"text-align: left;\"><span style=\"color: #282828;\">Allevia i disagi premestruali<\/span><\/li>\n<li style=\"text-align: left;\"><span style=\"color: #282828;\">Favorisce la crescita dei capelli<\/span><\/li>\n<\/ul>\n<p><span style=\"color: #282828;\">Nostro <strong>Olio di magnesio spray<\/strong> offre un modo naturale ed efficace per sostenere la vostra routine di benessere. Confezionato in un elegante <strong>flacone di latta con testina di spruzzatura facile da usare<\/strong>, Questo olio di magnesio \u00e8 composto da <strong>100% cloruro di magnesio puro<\/strong> provenienti dall'incontaminato <strong>Mare di Zechstein nei Paesi Bassi<\/strong>.<\/span><\/p>\n<p><span style=\"color: #282828;\">Miscelato con <strong>acqua distillata pura<\/strong>, offre un prodotto di alta qualit\u00e0, progettato per garantire il massimo assorbimento e la massima praticit\u00e0.<\/span><\/p>\n<p><span style=\"color: #282828;\"><strong>Perch\u00e9 scegliere l'olio di magnesio spray?<\/strong><\/span><br \/>\n<span style=\"color: #282828;\">Il magnesio \u00e8 essenziale per numerose funzioni corporee e l'applicazione topica \u00e8 uno dei modi pi\u00f9 efficaci per reintegrare i livelli di magnesio.<\/span><\/p>\n<ul>\n<li><span style=\"color: #282828;\"><strong>Alleviare i problemi del sonno<\/strong>: Spruzzare sui piedi prima di andare a letto per favorire il rilassamento e favorire un sonno ristoratore.<\/span><\/li>\n<li><span style=\"color: #282828;\"><strong>Lenire i muscoli doloranti<\/strong>: Applicare direttamente sui muscoli doloranti o affaticati dopo un allenamento o un'attivit\u00e0 fisica per un rapido sollievo e recupero.<\/span><\/li>\n<li><span style=\"color: #282828;\"><strong>Sostenere la salute della pelle<\/strong>: Il magnesio aiuta a bilanciare le funzioni della pelle, lasciandola nutrita e rivitalizzata.<\/span><\/li>\n<li><span style=\"color: #282828;\"><strong>Comodo e senza problemi<\/strong>: La testina spray assicura un'applicazione uniforme senza sprechi, rendendola perfetta per l'uso in movimento.<\/span><\/li>\n<\/ul>\n<p><span style=\"color: #282828;\">Che si tratti di migliorare il recupero post-esercizio, di rilassarsi dopo una lunga giornata o di aumentare l'apporto complessivo di magnesio, il nostro olio di magnesio spray non pu\u00f2 mancare nel vostro kit di strumenti per il benessere.<\/span><\/p>\n<p><span style=\"color: #282828;\">Scoprite i benefici del magnesio puro, a portata di mano. \ud83c\udf3f<\/span><\/p>","protected":false},"excerpt":{"rendered":"<p><span style=\"color: #282828;\">100% Olio di magnesio puro<\/span><\/p>\n<p><span style=\"color: #282828;\">Flacone spray in alluminio da 100 ml<\/span><\/p>\n<p><span style=\"color: #282828;\">Assorbimento rapido<\/span><\/p>\n<p><span style=\"color: #282828;\">Non grasso<\/span><\/p>\n<p><span style=\"color: #282828;\">Formula senza odori<\/span><\/p>\n<p><span style=\"color: #282828;\">Estratto dall'antico mare di Zechstein<\/span><\/p>","protected":false},"featured_media":15074,"comment_status":"open","ping_status":"closed","template":"","meta":{"ngg_post_thumbnail":0},"product_brand":[],"product_cat":[329,332],"product_tag":[357,355,356],"class_list":{"0":"post-15068","1":"product","2":"type-product","3":"status-publish","4":"has-post-thumbnail","6":"product_cat-remedy-supplements","7":"product_cat-newcomers","8":"product_tag-magnesium-chloride","9":"product_tag-magnesium-oil","10":"product_tag-magnesium-oil-spray","12":"first","13":"instock","14":"taxable","15":"shipping-taxable","16":"purchasable","17":"product-type-simple"},"_links":{"self":[{"href":"https:\/\/laubeholistic.com\/it\/wp-json\/wp\/v2\/product\/15068","targetHints":{"allow":["GET"]}}],"collection":[{"href":"https:\/\/laubeholistic.com\/it\/wp-json\/wp\/v2\/product"}],"about":[{"href":"https:\/\/laubeholistic.com\/it\/wp-json\/wp\/v2\/types\/product"}],"replies":[{"embeddable":true,"href":"https:\/\/laubeholistic.com\/it\/wp-json\/wp\/v2\/comments?post=15068"}],"wp:featuredmedia":[{"embeddable":true,"href":"https:\/\/laubeholistic.com\/it\/wp-json\/wp\/v2\/media\/15074"}],"wp:attachment":[{"href":"https:\/\/laubeholistic.com\/it\/wp-json\/wp\/v2\/media?parent=15068"}],"wp:term":[{"taxonomy":"product_brand","embeddable":true,"href":"https:\/\/laubeholistic.com\/it\/wp-json\/wp\/v2\/product_brand?post=15068"},{"taxonomy":"product_cat","embeddable":true,"href":"https:\/\/laubeholistic.com\/it\/wp-json\/wp\/v2\/product_cat?post=15068"},{"taxonomy":"product_tag","embeddable":true,"href":"https:\/\/laubeholistic.com\/it\/wp-json\/wp\/v2\/product_tag?post=15068"}],"curies":[{"name":"wp","href":"https:\/\/api.w.org\/{rel}","templated":true}]}}