{"id":14261,"date":"2024-08-20T15:57:25","date_gmt":"2024-08-20T15:57:25","guid":{"rendered":"https:\/\/laubeholistic.com\/?post_type=product&#038;p=14261"},"modified":"2025-12-02T03:45:57","modified_gmt":"2025-12-02T03:45:57","slug":"pure-distilled-water","status":"publish","type":"product","link":"https:\/\/laubeholistic.com\/it\/shop\/pure-distilled-water\/","title":{"rendered":"Acqua distillata pura"},"content":{"rendered":"<p><span style=\"color: #000000;\"><strong>Acqua distillata pura<\/strong><\/span><br \/>\n<span style=\"color: #000000;\">Disponibile in <strong>1 litro<\/strong> E <strong>5L<\/strong> Contenitori in plastica HDPE<\/span><\/p>\n<p><span style=\"color: #000000;\">Provate l'essenza della purezza assoluta con la nostra acqua distillata, lavorata meticolosamente per garantire il massimo livello di pulizia e sicurezza. Ideale per un'ampia gamma di usi, dalle applicazioni di laboratorio alla cura della persona, la nostra acqua distillata \u00e8 la scelta ideale per qualit\u00e0 e affidabilit\u00e0.<\/span><\/p>\n<p><span style=\"color: #000000;\"><strong>Caratteristiche principali:<\/strong><\/span><\/p>\n<ul>\n<li><span style=\"color: #000000;\"><strong>Purezza assoluta:<\/strong> La nostra acqua distillata \u00e8 priva di impurit\u00e0, sostanze chimiche e contaminanti e offre acqua nella sua forma pi\u00f9 pura. Perfetta per le applicazioni sensibili in cui solo l'acqua pi\u00f9 pura \u00e8 sufficiente.<\/span><\/li>\n<li><span style=\"color: #000000;\"><strong>Contenitori in plastica HDPE:<\/strong> Conservata in contenitori di polietilene ad alta densit\u00e0 (HDPE), la nostra acqua rimane incontaminata e sicura. L'HDPE \u00e8 noto per la sua durata e resistenza chimica e garantisce che l'acqua mantenga la sua purezza per tutta la durata di conservazione.<\/span><\/li>\n<li><span style=\"color: #000000;\"><strong>Taglie disponibili:<\/strong> Scegliete la dimensione pi\u00f9 adatta alle vostre esigenze:<\/span>\n<ul>\n<li><span style=\"color: #000000;\"><strong>Contenitore da 1 litro:<\/strong> Compatto e conveniente, ideale per l'uso personale o su piccola scala.<\/span><\/li>\n<li><span style=\"color: #000000;\"><strong>Contenitore da 5L:<\/strong> Perfetto per applicazioni di grandi dimensioni, offre un grande valore per un uso a lungo termine.<\/span><\/li>\n<\/ul>\n<\/li>\n<li><span style=\"color: #000000;\"><strong>Uso versatile:<\/strong> Che si tratti di applicazioni mediche, cosmetiche, automobilistiche o domestiche, la nostra acqua distillata soddisfa i pi\u00f9 elevati standard di qualit\u00e0, garantendo prestazioni ottimali in ogni applicazione.<\/span><\/li>\n<\/ul>\n<p><span style=\"color: #000000;\"><strong>Perch\u00e9 scegliere la nostra acqua distillata?<\/strong><\/span><\/p>\n<p><span style=\"color: #000000;\">Quando la purezza non \u00e8 negoziabile, la nostra acqua distillata \u00e8 la scelta naturale. Priva di additivi e contaminanti, \u00e8 la soluzione ideale per un'ampia gamma di esigenze professionali e personali.<\/span><\/p>\n<p><span style=\"color: #000000;\">Ordinate ora e provate la differenza della vera purezza in ogni goccia!<\/span><\/p>","protected":false},"excerpt":{"rendered":"<p><span style=\"color: #000000;\">100% Puro<\/span><\/p>\n<p><span style=\"color: #000000;\">Disponibile in <strong>1 litro<\/strong> E <strong>5L<\/strong> Contenitori in plastica HDPE<\/span><\/p>","protected":false},"featured_media":14264,"comment_status":"open","ping_status":"closed","template":"","meta":{"ngg_post_thumbnail":0},"product_brand":[],"product_cat":[332,330,329],"product_tag":[353,354],"class_list":{"0":"post-14261","1":"product","2":"type-product","3":"status-publish","4":"has-post-thumbnail","6":"product_cat-newcomers","7":"product_cat-accessories","8":"product_cat-remedy-supplements","9":"product_tag-distilled-water","10":"product_tag-pure-distilled-water","12":"first","13":"instock","14":"taxable","15":"shipping-taxable","16":"purchasable","17":"product-type-variable"},"_links":{"self":[{"href":"https:\/\/laubeholistic.com\/it\/wp-json\/wp\/v2\/product\/14261","targetHints":{"allow":["GET"]}}],"collection":[{"href":"https:\/\/laubeholistic.com\/it\/wp-json\/wp\/v2\/product"}],"about":[{"href":"https:\/\/laubeholistic.com\/it\/wp-json\/wp\/v2\/types\/product"}],"replies":[{"embeddable":true,"href":"https:\/\/laubeholistic.com\/it\/wp-json\/wp\/v2\/comments?post=14261"}],"wp:featuredmedia":[{"embeddable":true,"href":"https:\/\/laubeholistic.com\/it\/wp-json\/wp\/v2\/media\/14264"}],"wp:attachment":[{"href":"https:\/\/laubeholistic.com\/it\/wp-json\/wp\/v2\/media?parent=14261"}],"wp:term":[{"taxonomy":"product_brand","embeddable":true,"href":"https:\/\/laubeholistic.com\/it\/wp-json\/wp\/v2\/product_brand?post=14261"},{"taxonomy":"product_cat","embeddable":true,"href":"https:\/\/laubeholistic.com\/it\/wp-json\/wp\/v2\/product_cat?post=14261"},{"taxonomy":"product_tag","embeddable":true,"href":"https:\/\/laubeholistic.com\/it\/wp-json\/wp\/v2\/product_tag?post=14261"}],"curies":[{"name":"wp","href":"https:\/\/api.w.org\/{rel}","templated":true}]}}