{"id":12529,"date":"2023-06-04T14:49:52","date_gmt":"2023-06-04T14:49:52","guid":{"rendered":"https:\/\/laubeholistic.com\/?post_type=product&#038;p=12529"},"modified":"2026-03-03T14:39:16","modified_gmt":"2026-03-03T14:39:16","slug":"methylene-blue","status":"publish","type":"product","link":"https:\/\/laubeholistic.com\/it\/shop\/methylene-blue\/","title":{"rendered":"Blu di metilene"},"content":{"rendered":"<h1 style=\"color: #282828;\">Sbloccare la vitalit\u00e0 cellulare con il blu di metilene<\/h1>\n<div style=\"padding: 56.25% 0 0 0; position: relative;\"><iframe style=\"position: absolute; top: 0; left: 0; width: 100%; height: 100%;\" title=\"Blu di metilene\" src=\"https:\/\/player.vimeo.com\/video\/1165670445?badge=0&amp;autopause=0&amp;player_id=0&amp;app_id=58479\" frameborder=\"0\"><\/iframe><\/div>\n<p><script src=\"https:\/\/player.vimeo.com\/api\/player.js\"><\/script><\/p>\n<p style=\"color: #282828;\">La soluzione di blu di metilene \u00e8 un composto affascinante che offre una serie di potenziali benefici se assunto per via orale. Numerosi studi scientifici hanno evidenziato i suoi effetti positivi sulla salute e sul benessere umano. Vi illustriamo alcuni dei principali benefici che potrebbero incoraggiarvi a prendere in considerazione l'integrazione del blu di metilene nella vostra routine di benessere:<\/p>\n<h2 style=\"color: #282828;\">I principali benefici del blu di metilene per la salute<\/h2>\n<ol style=\"color: #282828;\">\n<li><strong>Funzione cognitiva migliorata:<\/strong> \u00c8 stato dimostrato che il blu di metilene migliora le prestazioni cognitive e promuove la chiarezza mentale. Le ricerche suggeriscono che pu\u00f2 migliorare la memoria, l'attenzione e le funzioni cognitive in generale. Aumentando il flusso sanguigno e l'apporto di ossigeno al cervello, pu\u00f2 favorire una migliore concentrazione e agilit\u00e0 mentale.<\/li>\n<li><strong>Elevazione dell'umore:<\/strong> Molti individui lottano contro i disturbi dell'umore, come la depressione e l'ansia. Il blu di metilene ha dimostrato in studi scientifici promettenti propriet\u00e0 antidepressive e ansiolitiche. Aumenta la disponibilit\u00e0 di neurotrasmettitori come la serotonina, fondamentali per la regolazione dell'umore. Ci\u00f2 pu\u00f2 contribuire a una maggiore sensazione di benessere e stabilit\u00e0 emotiva.<\/li>\n<li><strong>Funzione mitocondriale e produzione di energia:<\/strong> Il blu di metilene potenzia l'attivit\u00e0 mitocondriale, aiutando l'organismo a produrre energia cellulare in modo pi\u00f9 efficiente. Ci\u00f2 pu\u00f2 determinare un aumento della resistenza, una riduzione dell'affaticamento e un miglioramento delle prestazioni fisiche, il che lo rende particolarmente interessante per chi ha esigenze fisiche o mentali elevate.<\/li>\n<li><strong>Effetti antiossidanti e antinvecchiamento:<\/strong> Con forti propriet\u00e0 antiossidanti, il blu di metilene neutralizza i radicali liberi dannosi e riduce lo stress ossidativo. Ci\u00f2 pu\u00f2 contribuire a rallentare il processo di invecchiamento e a migliorare la salute e la longevit\u00e0 delle cellule.<\/li>\n<li><strong>Propriet\u00e0 neuroprotettive:<\/strong> Il blu di metilene pu\u00f2 contribuire a proteggere i neuroni dai danni e dalla degenerazione, con implicazioni per le patologie neurodegenerative come il morbo di Alzheimer e il morbo di Parkinson. Favorisce la salute del cervello e la funzione neurologica a lungo termine.<\/li>\n<li><strong>Effetti antinfiammatori:<\/strong> L'infiammazione cronica \u00e8 legata a malattie cardiovascolari, artrite e alcuni tipi di cancro. Le propriet\u00e0 antinfiammatorie del blu di metilene possono contribuire a ridurre questi rischi e a promuovere l'equilibrio del sistema immunitario.<\/li>\n<\/ol>\n<p style=\"color: #282828;\">Sebbene la ricerca scientifica sostenga questi benefici, \u00e8 sempre consigliabile consultare un professionista della salute prima di assumere nuovi integratori. La gamma di vantaggi offerti dal blu di metilene lo rende una scelta interessante per chi cerca di ottimizzare la salute cognitiva, metabolica e sistemica.<\/p>\n<p style=\"background-color: #c0c0c0;\"><strong><em><span style=\"color: #282828;\">Se avete domande specifiche sull'uso del blu di metilene, contattateci. <\/span><span style=\"color: #333399;\"><a style=\"color: #333399; background-color: #c0c0c0;\" href=\"https:\/\/laubeholistic.com\/it\/contact\/\" target=\"_blank\" rel=\"noopener\">Qui<\/a><\/span><span style=\"color: #282828;\"> o e-mail <span style=\"text-decoration: underline;\">info@laubeholistic.com<\/span><\/span><\/em><\/strong><\/p>\n<h3><strong><span style=\"color: #282828;\">Sfruttare le propriet\u00e0 antiet\u00e0 del blu di metilene per una pelle giovane e prolungata<\/span><\/strong><\/h3>\n<p style=\"color: #282828;\">L'invecchiamento cutaneo, che comprende la formazione di rughe, la pigmentazione e la compromissione della guarigione delle ferite, \u00e8 causato principalmente dallo stress ossidativo. L'uso di antiossidanti nella cura della pelle \u00e8 ampiamente riconosciuto come un metodo per ritardare l'invecchiamento cutaneo. Il blu di metilene (MB), un antiossidante mirato ai mitocondri, ha dimostrato un'eccezionale capacit\u00e0 di eliminare le specie reattive dell'ossigeno (ROS) nei fibroblasti cutanei umani, derivati sia da individui sani che da pazienti affetti da progeria.<\/p>\n<p style=\"color: #282828;\">Rispetto ad altri antiossidanti, il MB \u00e8 significativamente pi\u00f9 efficace nello stimolare la proliferazione dei fibroblasti e nel ritardare l'invecchiamento cellulare. In un modello di pelle umana ricostruita in 3D, il MB non ha mostrato alcuna irritazione anche ad alte concentrazioni. Al contrario, ha migliorato la vitalit\u00e0 della pelle, promosso la guarigione delle ferite, migliorato i livelli di idratazione e aumentato lo spessore dermico. L'analisi dell'espressione genica ha rivelato l'aumento delle proteine chiave della matrice extracellulare, tra cui l'elastina e il collagene 2A1, essenziali per l'integrit\u00e0 della pelle giovane.<\/p>\n<p style=\"color: #282828;\">Leggi l&#039;intero rapporto scientifico <a href=\"https:\/\/www.nature.com\/articles\/s41598-017-02419-3\" target=\"_blank\" rel=\"noopener\">Qui<\/a>.<\/p>\n<h3><strong><span style=\"color: #282828;\">Liberare il potenziale terapeutico del blu di metilene: Ripristino della funzione mitocondriale e applicazioni mediche<\/span><\/strong><\/h3>\n<p style=\"color: #282828;\">Il blu di metilene (MB) \u00e8 emerso come un composto versatile e potente con applicazioni significative nel campo della medicina. In particolare, la sua capacit\u00e0 unica di ripristinare la funzione mitocondriale ha raccolto notevole attenzione e suscitato entusiasmo all\u2019interno della comunit\u00e0 scientifica.<\/p>\n<p style=\"color: #282828;\">L&#039;uso del blu di metilene va ben oltre le sue applicazioni tradizionali come colorante diagnostico e agente colorante. Uno degli aspetti pi\u00f9 intriganti del MB risiede nella sua capacit\u00e0 di ripristinare e migliorare la funzione mitocondriale. I mitocondri, spesso definiti le centrali elettriche delle cellule, svolgono un ruolo cruciale nella produzione di energia e nella salute cellulare. Nel corso del tempo, la funzione mitocondriale pu\u00f2 diminuire, portando a una serie di effetti negativi sulla salute e sul benessere generale. \u00c8 stato scoperto che il blu di metilene contrasta efficacemente questo declino ottimizzando la respirazione mitocondriale e promuovendo la produzione di energia. Questo ripristino della funzione mitocondriale ha implicazioni significative per varie condizioni mediche legate alla disfunzione mitocondriale, comprese le malattie neurodegenerative, i disordini metabolici e il declino correlato all\u2019et\u00e0 nella produzione di energia cellulare.<\/p>\n<p style=\"color: #282828;\">Nel campo delle malattie neurodegenerative, il blu di metilene ha dato risultati promettenti come potenziale intervento terapeutico. Alcuni studi hanno suggerito che il MB possiede propriet\u00e0 neuroprotettive, attenuando i danni neuronali e preservando le funzioni cognitive. Migliorando la funzione mitocondriale e riducendo lo stress ossidativo, il blu di metilene pu\u00f2 essere promettente per il trattamento e la prevenzione di patologie come il morbo di Alzheimer e il morbo di Parkinson.<\/p>\n<p style=\"color: #282828;\">Inoltre, il potenziale del blu di metilene si estende al campo dei disturbi metabolici. \u00c8 stato studiato come potenziale trattamento per le condizioni caratterizzate da un'alterata funzione mitocondriale, come le miopatie mitocondriali e i disturbi dell'ossidazione degli acidi grassi. Ottimizzando la produzione di energia all'interno dei mitocondri, il blu di metilene ha il potenziale per alleviare i sintomi e migliorare la qualit\u00e0 della vita delle persone affette da queste patologie.<\/p>\n<p style=\"color: #282828;\">Sebbene il blu di metilene offra interessanti possibilit\u00e0 per ripristinare la funzione mitocondriale e affrontare varie condizioni mediche, \u00e8 essenziale considerarne un uso appropriato e responsabile. Come ogni farmaco, pu\u00f2 avere potenziali effetti collaterali, sebbene in genere siano lievi e transitori. \u00c8 fondamentale utilizzare il blu di metilene sotto controllo medico e aderire alle linee guida prescritte per ridurre al minimo eventuali rischi.<\/p>\n<p style=\"color: #282828;\">In conclusione, la capacit\u00e0 unica del blu di metilene di ripristinare la funzione mitocondriale apre un mondo di possibilit\u00e0 nel campo della medicina. Le sue potenziali applicazioni terapeutiche per le malattie neurodegenerative, i disturbi metabolici e il declino legato all'et\u00e0 sono promettenti per migliorare i risultati e la qualit\u00e0 della vita dei pazienti. Tuttavia, l'uso responsabile del blu di metilene, sotto la guida di professionisti, \u00e8 fondamentale per garantire la sua applicazione sicura ed efficace in ambito clinico. Con il continuo sviluppo della ricerca in questo settore, il potenziale del blu di metilene di rivoluzionare il trattamento e la gestione di varie condizioni mediche \u00e8 una prospettiva entusiasmante per il futuro della medicina.<\/p>\n<h2 style=\"margin-top: 40px;\">FAQ<\/h2>\n<div class=\"accordion\">\n\t<div id=\"accordion-47115757\" class=\"accordion-item\">\n\t\t<a id=\"accordion-47115757-label\" class=\"accordion-title plain\" href=\"#accordion-item-what-is-methylene-blue,-and-how-does-it-support-health?\" aria-expanded=\"false\" aria-controls=\"accordion-47115757-content\">\n\t\t\t<button class=\"toggle\" aria-label=\"Attiva\/Disattiva\"><i class=\"icon-angle-down\" aria-hidden=\"true\"><\/i><\/button>\n\t\t\t<span>Che cos'\u00e8 il blu di metilene e come favorisce la salute?<\/span>\n\t\t<\/a>\n\t\t<div id=\"accordion-47115757-content\" class=\"accordion-inner\" aria-labelledby=\"accordion-47115757-label\">\n\t\t\t\n<p>Il blu di metilene \u00e8 un composto con potenti propriet\u00e0 antiossidanti, neuroprotettive e di sostegno ai mitocondri. Aumenta l'energia cellulare, migliora le funzioni cognitive e pu\u00f2 rallentare gli effetti dell'invecchiamento.<\/p>\n\t\t<\/div>\n\t<\/div>\n\t\n\t<div id=\"accordion-3303084734\" class=\"accordion-item\">\n\t\t<a id=\"accordion-3303084734-label\" class=\"accordion-title plain\" href=\"#accordion-item-how-should-i-take-methylene-blue?\" aria-expanded=\"false\" aria-controls=\"accordion-3303084734-content\">\n\t\t\t<button class=\"toggle\" aria-label=\"Attiva\/Disattiva\"><i class=\"icon-angle-down\" aria-hidden=\"true\"><\/i><\/button>\n\t\t\t<span>Come devo assumere il blu di metilene?<\/span>\n\t\t<\/a>\n\t\t<div id=\"accordion-3303084734-content\" class=\"accordion-inner\" aria-labelledby=\"accordion-3303084734-label\">\n\t\t\t\n<p>Seguire la guida all'uso fornita con l'acquisto. Il dosaggio dipende dagli obiettivi individuali e dalle condizioni di salute. Iniziare con la dose minima efficace e consultare un professionista prima di modificarla.<\/p>\n\t\t<\/div>\n\t<\/div>\n\t\n\t<div id=\"accordion-3887225035\" class=\"accordion-item\">\n\t\t<a id=\"accordion-3887225035-label\" class=\"accordion-title plain\" href=\"#accordion-item-is-methylene-blue-suitable-for-everyone?\" aria-expanded=\"false\" aria-controls=\"accordion-3887225035-content\">\n\t\t\t<button class=\"toggle\" aria-label=\"Attiva\/Disattiva\"><i class=\"icon-angle-down\" aria-hidden=\"true\"><\/i><\/button>\n\t\t\t<span>Il blu di metilene \u00e8 adatto a tutti?<\/span>\n\t\t<\/a>\n\t\t<div id=\"accordion-3887225035-content\" class=\"accordion-inner\" aria-labelledby=\"accordion-3887225035-label\">\n\t\t\t\n<p>\u00c8 ideale per gli adulti che desiderano sostenere la salute del cervello, l'energia, l'umore e l'invecchiamento. Consultare il proprio medico curante in caso di gravidanza, allattamento o assunzione di farmaci.<\/p>\n\t\t<\/div>\n\t<\/div>\n\t\n\t<div id=\"accordion-2791488093\" class=\"accordion-item\">\n\t\t<a id=\"accordion-2791488093-label\" class=\"accordion-title plain\" href=\"#accordion-item-are-there-side-effects?\" aria-expanded=\"false\" aria-controls=\"accordion-2791488093-content\">\n\t\t\t<button class=\"toggle\" aria-label=\"Attiva\/Disattiva\"><i class=\"icon-angle-down\" aria-hidden=\"true\"><\/i><\/button>\n\t\t\t<span>Ci sono effetti collaterali?<\/span>\n\t\t<\/a>\n\t\t<div id=\"accordion-2791488093-content\" class=\"accordion-inner\" aria-labelledby=\"accordion-2791488093-label\">\n\t\t\t\n<p>Possono verificarsi effetti lievi come la colorazione delle urine o la sensibilit\u00e0 digestiva. Si tratta di effetti temporanei. Interrompere o modificare la dose se le reazioni avverse persistono.<\/p>\n\t\t<\/div>\n\t<\/div>\n\t\n\t<div id=\"accordion-3748329279\" class=\"accordion-item\">\n\t\t<a id=\"accordion-3748329279-label\" class=\"accordion-title plain\" href=\"#accordion-item-can-it-be-combined-with-other-supplements-or-medications?\" aria-expanded=\"false\" aria-controls=\"accordion-3748329279-content\">\n\t\t\t<button class=\"toggle\" aria-label=\"Attiva\/Disattiva\"><i class=\"icon-angle-down\" aria-hidden=\"true\"><\/i><\/button>\n\t\t\t<span>Pu\u00f2 essere associato ad altri integratori o farmaci?<\/span>\n\t\t<\/a>\n\t\t<div id=\"accordion-3748329279-content\" class=\"accordion-inner\" aria-labelledby=\"accordion-3748329279-label\">\n\t\t\t\n<p>Evitare l'associazione con SSRI, IMAO o altri farmaci serotoninergici. Mantenere un intervallo di 2 ore da altri integratori. Consultare sempre un operatore sanitario.<\/p>\n\t\t<\/div>\n\t<\/div>\n\t\n\t<div id=\"accordion-624582135\" class=\"accordion-item\">\n\t\t<a id=\"accordion-624582135-label\" class=\"accordion-title plain\" href=\"#accordion-item-is-methylene-blue-safe-for-long-term-use?\" aria-expanded=\"false\" aria-controls=\"accordion-624582135-content\">\n\t\t\t<button class=\"toggle\" aria-label=\"Attiva\/Disattiva\"><i class=\"icon-angle-down\" aria-hidden=\"true\"><\/i><\/button>\n\t\t\t<span>Il blu di metilene \u00e8 sicuro per l'uso a lungo termine?<\/span>\n\t\t<\/a>\n\t\t<div id=\"accordion-624582135-content\" class=\"accordion-inner\" aria-labelledby=\"accordion-624582135-label\">\n\t\t\t\n<p>S\u00ec, se il ciclo viene effettuato in modo appropriato e sotto guida. Valutazioni regolari aiutano a ottimizzare i risultati e a minimizzare la potenziale tolleranza.<\/p>\n\t\t<\/div>\n\t<\/div>\n\t\n\t<div id=\"accordion-1767154866\" class=\"accordion-item\">\n\t\t<a id=\"accordion-1767154866-label\" class=\"accordion-title plain\" href=\"#accordion-item-where-can-i-access-protocols-or-support?\" aria-expanded=\"false\" aria-controls=\"accordion-1767154866-content\">\n\t\t\t<button class=\"toggle\" aria-label=\"Attiva\/Disattiva\"><i class=\"icon-angle-down\" aria-hidden=\"true\"><\/i><\/button>\n\t\t\t<span>Dove posso accedere ai protocolli o al supporto?<\/span>\n\t\t<\/a>\n\t\t<div id=\"accordion-1767154866-content\" class=\"accordion-inner\" aria-labelledby=\"accordion-1767154866-label\">\n\t\t\t\n<p>Ogni flacone include istruzioni dettagliate. Per protocolli personalizzati, contattate direttamente Tobias o utilizzate il nostro sito web <a href=\"https:\/\/laubeholistic.com\/it\/contact\/\" target=\"_blank\" rel=\"noopener\">modulo di contatto<\/a>.<\/p>\n\t\t<\/div>\n\t<\/div>\n\t\n<\/div>\n<p><a href=\"https:\/\/laubeholistic.com\/it\/shop\/methylene-blue\/\" target=\"_blank\" rel=\"noopener\"><strong>\ud83d\udd17 Ordina ora il blu di metilene<\/strong><\/a><\/p>","protected":false},"excerpt":{"rendered":"<p><span style=\"color: #000000;\">Grado USP<\/span><\/p>\n<p><span style=\"color: #000000;\">1% Soluzione in acqua distillata<\/span><\/p>\n<p><span style=\"color: #000000;\">Viene fornito con pipetta<\/span><\/p>\n<p><span style=\"color: #000000;\">1 goccia = 0,5 mg<\/span><\/p>\n<p><span style=\"color: #000000;\">Liquido blu trasparente inodore<\/span><\/p>\n<p><span style=\"color: #000000;\">Formula: C\u2081\u2086H\u2081\u2088ClN\u2083S\u00b7xH\u2082O<\/span><b><br \/>\n<\/b><\/p>\n<p><span style=\"color: #282828;\">Non contiene formaldeide<\/span><\/p>","protected":false},"featured_media":12608,"comment_status":"open","ping_status":"closed","template":"","meta":{"ngg_post_thumbnail":0},"product_brand":[],"product_cat":[332,329],"product_tag":[],"class_list":{"0":"post-12529","1":"product","2":"type-product","3":"status-publish","4":"has-post-thumbnail","6":"product_cat-newcomers","7":"product_cat-remedy-supplements","9":"first","10":"instock","11":"taxable","12":"shipping-taxable","13":"purchasable","14":"product-type-variable"},"_links":{"self":[{"href":"https:\/\/laubeholistic.com\/it\/wp-json\/wp\/v2\/product\/12529","targetHints":{"allow":["GET"]}}],"collection":[{"href":"https:\/\/laubeholistic.com\/it\/wp-json\/wp\/v2\/product"}],"about":[{"href":"https:\/\/laubeholistic.com\/it\/wp-json\/wp\/v2\/types\/product"}],"replies":[{"embeddable":true,"href":"https:\/\/laubeholistic.com\/it\/wp-json\/wp\/v2\/comments?post=12529"}],"wp:featuredmedia":[{"embeddable":true,"href":"https:\/\/laubeholistic.com\/it\/wp-json\/wp\/v2\/media\/12608"}],"wp:attachment":[{"href":"https:\/\/laubeholistic.com\/it\/wp-json\/wp\/v2\/media?parent=12529"}],"wp:term":[{"taxonomy":"product_brand","embeddable":true,"href":"https:\/\/laubeholistic.com\/it\/wp-json\/wp\/v2\/product_brand?post=12529"},{"taxonomy":"product_cat","embeddable":true,"href":"https:\/\/laubeholistic.com\/it\/wp-json\/wp\/v2\/product_cat?post=12529"},{"taxonomy":"product_tag","embeddable":true,"href":"https:\/\/laubeholistic.com\/it\/wp-json\/wp\/v2\/product_tag?post=12529"}],"curies":[{"name":"wp","href":"https:\/\/api.w.org\/{rel}","templated":true}]}}