{"id":12178,"date":"2023-03-07T12:00:10","date_gmt":"2023-03-07T12:00:10","guid":{"rendered":"https:\/\/laubeholistic.com\/?post_type=product&#038;p=12178"},"modified":"2026-03-03T14:39:58","modified_gmt":"2026-03-03T14:39:58","slug":"fenbendazole","status":"publish","type":"product","link":"https:\/\/laubeholistic.com\/it\/shop\/fenbendazole\/","title":{"rendered":"FENBENDAZOLO"},"content":{"rendered":"<h1><span style=\"color: #000000;\">FENBENDAZOLO<\/span><\/h1>\n<p><span style=\"color: #000000;\">Il fenbendazolo \u00e8 un vermifugo ad ampio spettro comunemente usato in medicina veterinaria per trattare varie infezioni parassitarie negli animali, inclusi cani, gatti, cavalli e bestiame. Sebbene non sia approvato per l\u2019uso umano, molte persone lo hanno utilizzato off-label come potenziale agente antitumorale grazie alla sua capacit\u00e0 di inibire la crescita delle cellule tumorali in alcuni studi preclinici. <strong>        <div class=\"rmwr-wrapper\" \n             data-id=\"rmwr-69ea3960370b0\"\n             data-mode=\"normal\"\n             data-animation=\"fade\"\n             data-duration=\"300\"\n             data-smooth-scroll=\"true\"\n             data-scroll-offset=\"0\">\n            <button \n                type=\"button\"\n                class=\"read-link\" \n                id=\"readlinkrmwr-69ea3960370b0\"\n                data-open-text=\"Read More\"\n                data-close-text=\"Read Less\"\n                aria-expanded=\"false\"\n                aria-controls=\"readrmwr-69ea3960370b0\"\n                aria-label=\"Per saperne di pi\u00f9\"\n            >\n                <span class=\"rmwr-text\">Per saperne di pi\u00f9<\/span>\n            <\/button>\n            <div \n                class=\"read_div\" \n                id=\"readrmwr-69ea3960370b0\"\n                aria-hidden=\"true\"\n                data-animation=\"fade\"\n                data-duration=\"300\"\n                style=\"display: none;\"\n            >\n                <\/strong>.<br \/>\n<\/span><\/p>\n<p><span style=\"color: #000000\">Se utilizzato in dosi adeguate e sotto la guida di un operatore sanitario, il fenbendazolo \u00e8 generalmente considerato sicuro e ben tollerato. Tuttavia, come qualsiasi farmaco, pu\u00f2 causare effetti collaterali come vomito, diarrea e perdita di appetito. \u00c8 essenziale seguire il dosaggio raccomandato e le istruzioni di somministrazione per ridurre al minimo il rischio di reazioni avverse.<\/span><\/p>\n<p><span style=\"color: #000000\">I benefici del fenbendazolo includono la sua attivit\u00e0 ad ampio spettro contro una serie di parassiti, la facilit\u00e0 di somministrazione e potenziali effetti antitumorali, sebbene siano necessarie ulteriori ricerche per confermare la sua sicurezza ed efficacia per questo uso. Nel complesso, il fenbendazolo pu\u00f2 essere uno strumento prezioso nel trattamento delle infezioni parassitarie negli animali, ma il suo utilizzo negli esseri umani dovrebbe sempre essere attentamente considerato e monitorato da un operatore sanitario.<\/span><\/p>\n<h2><span style=\"color: #000000\"><strong>Sui parassiti<\/strong><\/span><\/h2>\n<p><span style=\"color: #000000\">La durata del trattamento con fenbendazolo per eliminare i parassiti negli animali pu\u00f2 variare a seconda del tipo di parassita e della gravit\u00e0 dell&#039;infezione. In genere, i cicli di trattamento con il fenbendazolo vanno da uno a cinque giorni, con il farmaco somministrato per via orale una volta al giorno. Tuttavia, in alcuni casi, potrebbero essere necessari cicli di trattamento pi\u00f9 lunghi.<\/span><\/p>\n<p><span style=\"color: #000000\">\u00c8 importante seguire il dosaggio e il programma di trattamento raccomandati per il fenbendazolo, poich\u00e9 il sottodosaggio o il sovradosaggio possono provocare il fallimento del trattamento o effetti avversi. \u00c8 inoltre essenziale lavorare a stretto contatto con un veterinario per diagnosticare con precisione il tipo di parassita e determinare il piano di trattamento pi\u00f9 appropriato.<\/span><\/p>\n<p><span style=\"color: #000000\">Dopo aver completato un ciclo di trattamento con fenbendazolo, si consiglia di monitorare l&#039;animale per eventuali segni di reinfezione e di condurre regolarmente test fecali per garantire che il parassita sia stato completamente eliminato.<\/span><\/p>\n<h2><span style=\"color: #000000\"><strong>Come lo dosate con gli animali?<\/strong><\/span><\/h2>\n<p><span style=\"color: #000000\">Il dosaggio del fenbendazolo per gli animali pu\u00f2 variare a seconda della specie, del peso e del tipo di infezione parassitaria da trattare. In generale, il fenbendazolo viene somministrato per via orale sotto forma di compresse o granuli che possono essere mescolati al cibo. \u00c8 importante seguire le specifiche istruzioni di dosaggio fornite dal veterinario o indicate sull&#039;etichetta del prodotto.<\/span><\/p>\n<p><span style=\"color: #000000\">Ad esempio, nei cani, il dosaggio tipico di fenbendazolo \u00e8 di 50 mg\/kg somministrati una volta al giorno per tre giorni consecutivi per trattare nematodi, ancilostomi e tricocefali. Per le infezioni da giardia pu\u00f2 essere necessario un dosaggio pi\u00f9 elevato di 100 mg\/kg per cinque giorni consecutivi.<\/span><\/p>\n<p><span style=\"color: #000000\">Nei cavalli, il fenbendazolo viene generalmente somministrato alla dose di 5 mg\/kg una volta al giorno per cinque giorni consecutivi per trattare strongili, ascaridi e altri parassiti.<\/span><\/p>\n<p><span style=\"color: #000000\">\u00c8 essenziale pesare accuratamente l&#039;animale prima di somministrare il fenbendazolo per garantire che venga somministrato il dosaggio corretto. Il sovradosaggio o il sottodosaggio possono portare al fallimento del trattamento o ad effetti avversi.<\/span><\/p>\n<p><span style=\"color: #000000\">\u00c8 importante lavorare a stretto contatto con un veterinario per determinare il dosaggio e la durata del trattamento appropriati per il fenbendazolo, nonch\u00e9 per monitorare l&#039;animale per eventuali reazioni avverse o fallimento del trattamento.<\/span><\/p>\n<h2><span style=\"color: #282828\">Protocollo Joe Tippens<\/span>&nbsp;<\/h2>\n<p><span style=\"color: #282828\"><span style=\"color: #000000\">Spettro completo di fenbendazolo, tumacura e olio di CBD<\/span><br \/>\n<\/span><\/p>\n<p><span style=\"color: #282828\"><strong>Il piccolo set contiene:<\/strong> <span style=\"color: #000000\">Fenbendazolo<\/span> <span style=\"color: #000000\">50 capsule<\/span>, <a href=\"https:\/\/laubeholistic.com\/it\/shop\/tumacura\/\">Tumacura 100 capsule<\/a>; &amp; <a href=\"https:\/\/laubeholistic.com\/it\/shop\/supreme-five-strain-cbd-oil\/\">Olio di CBD a spettro completo 10%<\/a> (<span style=\"color: #000000\">5,13\u20ac\/costo giornaliero)<\/span><\/span><\/p>\n<p><span style=\"color: #282828\"><strong>Il set grande contiene:<\/strong> <span style=\"color: #000000\">Fenbendazolo<\/span> <span style=\"color: #000000\">70 capsule<\/span>, <a href=\"https:\/\/laubeholistic.com\/it\/shop\/tumacura\/\">Tumacura 250 capsule; <\/a>&amp; <a href=\"https:\/\/laubeholistic.com\/it\/shop\/supreme-five-strain-cbd-oil\/\">Olio di CBD a spettro completo 40%<\/a> (<span style=\"color: #000000\">3,64\u20ac costo giornaliero)<\/span><\/span><\/p>\n<p><span style=\"color: #000000\">La combinazione di prodotti sopra riportata prevede uno sconto 10%.<\/span><\/p>\n<p><span style=\"color: #000000\">Dai un&#039;occhiata al seguente video in cui Joe Tippens \u00e8 stato intervistato riguardo alla sua incredibile guarigione dal cancro terminale.<\/span><\/p>\n<p><span style=\"color: #000000\">I tre prodotti sopra elencati ti forniscono una qualit\u00e0 eccellente con ci\u00f2 che Joe Tippens ha utilizzato.<\/span><\/p>\n<p><span style=\"color: #000000\">Per seguire lo stesso protocollo di Joe Tippens, avrai bisogno ogni giorno di:<\/span><\/p>\n<ul>\n<li><span style=\"color: #000000\">Una capsula di Fenbedazolo 222 mg,<\/span><\/li>\n<li><span style=\"color: #000000\">Tre capsule di Tumacura che \u00e8 il tuo antiossidante e<\/span><\/li>\n<li><span style=\"color: #000000\">8,5 gocce di olio CBD a spettro completo 10% OPPURE 2 gocce di olio CBD a spettro completo 40%<\/span><\/li>\n<\/ul>\n<p><iframe loading=\"lazy\" width=\"1020\" height=\"574\" src=\"https:\/\/www.youtube.com\/embed\/HYILnjc_wuY?feature=oembed\" frameborder=\"0\" allowfullscreen><\/iframe><\/p>\n<p>&nbsp;<\/p>\n<p><span style=\"color: #282828;background-color: #c0c0c0\">Se hai domande specifiche sull&#039;uso del fenbendazolo, contattaci <a style=\"color: #282828;background-color: #c0c0c0\" href=\"https:\/\/laubeholistic.com\/it\/contact\/\">Qui<\/a> o sotto <strong>info@laubeholistic.com<\/strong><\/span><\/p>\n            <\/div>\n        <\/div>","protected":false},"excerpt":{"rendered":"<p><span style=\"color: #000000;\">99% Purezza<\/span><\/p>\n<p><span style=\"color: #000000;\">Ogni capsula contiene 222 mg di polvere senza riempitivi<\/span><\/p>\n<p><span style=\"color: #000000;\">Testato in laboratorio da terze parti<\/span><\/p>\n<p><span style=\"color: #000000;\">Formula chimica: C15H13N3O2S<\/span><\/p>\n<p><span style=\"color: #000000;\">Manutenzione del prodotto: conservarlo in un luogo fresco e asciutto<\/span><\/p>\n<p><strong><span style=\"color: #282828;\">Protocollo Joe Tippens: Fenbendazolo, Tumacura e CBD (vedi sotto)<br \/>\n<\/span><\/strong><\/p>","protected":false},"featured_media":21115,"comment_status":"open","ping_status":"closed","template":"","meta":{"ngg_post_thumbnail":0},"product_brand":[],"product_cat":[334,329],"product_tag":[341,338,373,372],"class_list":{"0":"post-12178","1":"product","2":"type-product","3":"status-publish","4":"has-post-thumbnail","6":"product_cat-on-sale","7":"product_cat-remedy-supplements","8":"product_tag-deparasiting","9":"product_tag-fenbendazole","10":"product_tag-parasite-cleanse","11":"product_tag-parasites","13":"first","14":"instock","15":"taxable","16":"shipping-taxable","17":"purchasable","18":"product-type-variable"},"_links":{"self":[{"href":"https:\/\/laubeholistic.com\/it\/wp-json\/wp\/v2\/product\/12178","targetHints":{"allow":["GET"]}}],"collection":[{"href":"https:\/\/laubeholistic.com\/it\/wp-json\/wp\/v2\/product"}],"about":[{"href":"https:\/\/laubeholistic.com\/it\/wp-json\/wp\/v2\/types\/product"}],"replies":[{"embeddable":true,"href":"https:\/\/laubeholistic.com\/it\/wp-json\/wp\/v2\/comments?post=12178"}],"wp:featuredmedia":[{"embeddable":true,"href":"https:\/\/laubeholistic.com\/it\/wp-json\/wp\/v2\/media\/21115"}],"wp:attachment":[{"href":"https:\/\/laubeholistic.com\/it\/wp-json\/wp\/v2\/media?parent=12178"}],"wp:term":[{"taxonomy":"product_brand","embeddable":true,"href":"https:\/\/laubeholistic.com\/it\/wp-json\/wp\/v2\/product_brand?post=12178"},{"taxonomy":"product_cat","embeddable":true,"href":"https:\/\/laubeholistic.com\/it\/wp-json\/wp\/v2\/product_cat?post=12178"},{"taxonomy":"product_tag","embeddable":true,"href":"https:\/\/laubeholistic.com\/it\/wp-json\/wp\/v2\/product_tag?post=12178"}],"curies":[{"name":"wp","href":"https:\/\/api.w.org\/{rel}","templated":true}]}}