{"id":12035,"date":"2023-02-13T17:11:32","date_gmt":"2023-02-13T17:11:32","guid":{"rendered":"https:\/\/laubeholistic.com\/?post_type=product&#038;p=12035"},"modified":"2023-08-02T16:14:02","modified_gmt":"2023-08-02T16:14:02","slug":"bio-identical-hormones-peptides","status":"publish","type":"product","link":"https:\/\/laubeholistic.com\/it\/shop\/bio-identical-hormones-peptides\/","title":{"rendered":"Ormoni e peptidi bioidentici"},"content":{"rendered":"<p><span style=\"color: #000000;\">Gli ormoni nel tuo corpo svolgono un ruolo cruciale nella regolazione di varie funzioni, tra cui la digestione, la crescita, il desiderio sessuale, l&#039;attivit\u00e0 cerebrale, le emozioni e il sistema immunitario. Fungono da mezzo di comunicazione tra le cellule di tutto il corpo. Quando i tuoi ormoni sono squilibrati, ci\u00f2 pu\u00f2 avere un impatto notevole sulla tua salute e sul tuo benessere generale. Fortunatamente, la terapia ormonale sostitutiva bioidentica (BHRT) pu\u00f2 aiutare a ripristinare l\u2019equilibrio degli ormoni, apportando il sollievo tanto necessario<\/span><\/p>\n<p><span style=\"color: #000000;\"><strong>Ormoni bioidentici<\/strong> <strong>e peptidi<\/strong> sono chimicamente identici agli ormoni prodotti naturalmente dal corpo umano, mentre gli ormoni sintetici sono artificiali e chimicamente diversi dagli ormoni prodotti dal corpo. Questa differenza \u00e8 ci\u00f2 che distingue gli ormoni bioidentici e li rende un\u2019opzione migliore per molte persone, in particolare donne e uomini che attraversano squilibri ormonali. <img loading=\"lazy\" decoding=\"async\" class=\"wp-image-12058 alignright\" src=\"https:\/\/laubeholistic.com\/wp-content\/uploads\/bioidentical_hormone_replacment_therapy-300x169.png\" alt=\"\" width=\"393\" height=\"221\" srcset=\"https:\/\/laubeholistic.com\/wp-content\/uploads\/bioidentical_hormone_replacment_therapy-300x169.png 300w, https:\/\/laubeholistic.com\/wp-content\/uploads\/bioidentical_hormone_replacment_therapy-1024x576.png 1024w, https:\/\/laubeholistic.com\/wp-content\/uploads\/bioidentical_hormone_replacment_therapy-768x432.png 768w, https:\/\/laubeholistic.com\/wp-content\/uploads\/bioidentical_hormone_replacment_therapy-1536x864.png 1536w, https:\/\/laubeholistic.com\/wp-content\/uploads\/bioidentical_hormone_replacment_therapy-18x10.png 18w, https:\/\/laubeholistic.com\/wp-content\/uploads\/bioidentical_hormone_replacment_therapy-510x287.png 510w, https:\/\/laubeholistic.com\/wp-content\/uploads\/bioidentical_hormone_replacment_therapy.png 1750w\" sizes=\"auto, (max-width: 393px) 100vw, 393px\" \/><\/span><\/p>\n<p><span style=\"color: #000000;\">Ecco alcuni dei vantaggi degli ormoni bioidentici:<\/span><\/p>\n<ol>\n<li><span style=\"color: #000000;\">Sicurezza: \u00e8 stato dimostrato che gli ormoni bioidentici sono pi\u00f9 sicuri degli ormoni sintetici. Hanno un rischio inferiore di effetti collaterali, come coaguli di sangue, ictus e cancro al seno, rispetto agli ormoni sintetici.<\/span><\/li>\n<li><span style=\"color: #000000;\">Personalizzazione: gli ormoni bioidentici possono essere personalizzati in base alle esigenze ormonali specifiche dell&#039;individuo, in base ai risultati di un esame della saliva o del sangue. Gli ormoni sintetici, d\u2019altra parte, sono disponibili in un formato unico, che potrebbe non essere efficace per tutti.<\/span><\/li>\n<li><span style=\"color: #000000;\">Naturale: gli ormoni bioidentici derivano da fonti naturali, come le piante, e sono chimicamente identici agli ormoni prodotti dal corpo umano. Gli ormoni sintetici sono prodotti dall&#039;uomo e possono avere una struttura chimica diversa, che pu\u00f2 influenzare il modo in cui vengono metabolizzati e il modo in cui interagiscono con il corpo.<\/span><\/li>\n<li><span style=\"color: #000000;\">Efficacia: gli ormoni bioidentici hanno dimostrato di essere pi\u00f9 efficaci nel trattamento dei sintomi degli squilibri ormonali rispetto agli ormoni sintetici. Questo perch\u00e9 imitano gli ormoni naturali del corpo, il che aiuta a ripristinare l&#039;equilibrio e ad alleviare i sintomi.<\/span><\/li>\n<li><span style=\"color: #000000;\">Migliore profilo di effetti collaterali: gli ormoni bioidentici sono spesso meglio tollerati dall\u2019organismo e hanno un profilo di effetti collaterali pi\u00f9 favorevole rispetto agli ormoni sintetici. Alcuni effetti collaterali comuni degli ormoni sintetici includono sbalzi d&#039;umore, mal di testa e aumento di peso, che sono meno probabili con gli ormoni bioidentici.<\/span><\/li>\n<\/ol>\n<figure id=\"attachment_12057\" aria-describedby=\"caption-attachment-12057\" style=\"width: 300px\" class=\"wp-caption alignright\"><img loading=\"lazy\" decoding=\"async\" class=\"wp-image-12057 size-medium\" src=\"https:\/\/laubeholistic.com\/wp-content\/uploads\/muscular-male-body-and-testosterone-hormone-formula-free-photo-300x176.jpg\" alt=\"Bio-identical hormones and Peptides for men\" width=\"300\" height=\"176\" srcset=\"https:\/\/laubeholistic.com\/wp-content\/uploads\/muscular-male-body-and-testosterone-hormone-formula-free-photo-300x176.jpg 300w, https:\/\/laubeholistic.com\/wp-content\/uploads\/muscular-male-body-and-testosterone-hormone-formula-free-photo-18x12.jpg 18w, https:\/\/laubeholistic.com\/wp-content\/uploads\/muscular-male-body-and-testosterone-hormone-formula-free-photo.jpg 341w\" sizes=\"auto, (max-width: 300px) 100vw, 300px\" \/><figcaption id=\"caption-attachment-12057\" class=\"wp-caption-text\">Peptidi per gli uomini<\/figcaption><\/figure>\n<p><span style=\"color: #000000;\">Ormoni e peptidi bioidentici per me specificatamente mirati a soddisfare i tuoi obiettivi specifici di salute e fitness possono aiutarti a ottenere perdita di peso, aumento della massa muscolare, migliore salute delle ossa, recupero pi\u00f9 rapido dall&#039;allenamento e un maggiore senso di benessere generale.<\/span><\/p>\n<p><span style=\"color: #000000;\">Gli ormoni bioidentici possono essere utilizzati per sostituire il testosterone negli uomini che presentano bassi livelli di testosterone, noto anche come ipogonadismo. A differenza degli ormoni sintetici, il testosterone bioidentico \u00e8 chimicamente identico al testosterone prodotto dall\u2019organismo e pu\u00f2 aiutare a ripristinare l\u2019equilibrio ormonale e alleviare sintomi come bassa energia, diminuzione della libido e debolezza muscolare.<\/span><\/p>\n<p><span style=\"color: #000000;\">Migliore profilo di sicurezza: gli ormoni bioidentici hanno dimostrato di essere pi\u00f9 sicuri degli ormoni sintetici, con un minor rischio di effetti collaterali come coaguli di sangue, infarto e cancro alla prostata.<\/span><\/p>\n<p><span style=\"color: #000000;\">In conclusione, gli ormoni bioidentici offrono un approccio pi\u00f9 sicuro, pi\u00f9 efficace e pi\u00f9 personalizzato alla terapia ormonale per donne e uomini che affrontano squilibri ormonali. Se stai considerando la terapia ormonale, \u00e8 importante discutere i pro e i contro con il tuo medico per determinare quale tipo di terapia ormonale \u00e8 migliore per te.<\/span><\/p>\n<p><span style=\"color: #000000;\">Se hai una domanda e desideri che ti aiutiamo a dove acquistare ormoni o peptidi bioidentici, inviaci un messaggio facendo clic sul collegamento sottostante.<br \/>\n<\/span><\/p>\n<a class=\"maxbutton-3 maxbutton maxbutton-pure-water-kit-button\" href=\"https:\/\/laubeholistic.com\/it\/contact\/\"><span class='mb-text'>Ho una domanda<\/span><\/a>","protected":false},"excerpt":{"rendered":"<p><span style=\"color: #000000;\">Man mano che le persone invecchiano, i livelli di ormoni come testosterone, estrogeni e progesterone nel loro corpo diminuiscono. Questa diminuzione dei livelli ormonali colpisce sia gli uomini che le donne.<\/span><\/p>\n<p><span style=\"color: #000000;\">Questo squilibrio ormonale pu\u00f2 portare a:<\/span><\/p>\n<p><strong><em><span style=\"color: #000000;\">\u00b7Perdita di memoria, \u00b7Vampate di calore, \u00b7Sbalzi d&#039;umore, \u00b7Affaticamento, \u00b7Sudorazione notturna, \u00b7Perdita di energia, \u00b7Secchezza vaginale<\/span><\/em><\/strong><\/p>\n<p><strong><em><span style=\"color: #000000;\">\u00b7Pensiero annebbiato, \u00b7Aumento di peso, \u00b7Difficolt\u00e0 a dormire, \u00b7Perdita di massa muscolare, \u00b7Dolore durante i rapporti.<\/span><\/em><\/strong><\/p>\n<p><span style=\"color: #000000;\">Perci\u00f2, <strong>terapia ormonale sostitutiva bioidentica<\/strong> viene utilizzato per sostituire l&#039;ormone perduto<\/span><\/p>\n<a class=\"maxbutton-3 maxbutton maxbutton-pure-water-kit-button\" href=\"https:\/\/laubeholistic.com\/it\/contact\/\"><span class='mb-text'>Ho una domanda<\/span><\/a>","protected":false},"featured_media":12059,"comment_status":"open","ping_status":"closed","template":"","meta":{"ngg_post_thumbnail":0},"product_brand":[],"product_cat":[331],"product_tag":[],"class_list":{"0":"post-12035","1":"product","2":"type-product","3":"status-publish","4":"has-post-thumbnail","6":"product_cat-services","8":"first","9":"instock","10":"taxable","11":"shipping-taxable","12":"product-type-simple"},"_links":{"self":[{"href":"https:\/\/laubeholistic.com\/it\/wp-json\/wp\/v2\/product\/12035","targetHints":{"allow":["GET"]}}],"collection":[{"href":"https:\/\/laubeholistic.com\/it\/wp-json\/wp\/v2\/product"}],"about":[{"href":"https:\/\/laubeholistic.com\/it\/wp-json\/wp\/v2\/types\/product"}],"replies":[{"embeddable":true,"href":"https:\/\/laubeholistic.com\/it\/wp-json\/wp\/v2\/comments?post=12035"}],"wp:featuredmedia":[{"embeddable":true,"href":"https:\/\/laubeholistic.com\/it\/wp-json\/wp\/v2\/media\/12059"}],"wp:attachment":[{"href":"https:\/\/laubeholistic.com\/it\/wp-json\/wp\/v2\/media?parent=12035"}],"wp:term":[{"taxonomy":"product_brand","embeddable":true,"href":"https:\/\/laubeholistic.com\/it\/wp-json\/wp\/v2\/product_brand?post=12035"},{"taxonomy":"product_cat","embeddable":true,"href":"https:\/\/laubeholistic.com\/it\/wp-json\/wp\/v2\/product_cat?post=12035"},{"taxonomy":"product_tag","embeddable":true,"href":"https:\/\/laubeholistic.com\/it\/wp-json\/wp\/v2\/product_tag?post=12035"}],"curies":[{"name":"wp","href":"https:\/\/api.w.org\/{rel}","templated":true}]}}