{"id":11445,"date":"2022-10-20T11:50:34","date_gmt":"2022-10-20T11:50:34","guid":{"rendered":"https:\/\/laubeholistic.com\/?post_type=product&#038;p=11445"},"modified":"2023-08-23T15:03:03","modified_gmt":"2023-08-23T15:03:03","slug":"chaga-mushrooms","status":"publish","type":"product","link":"https:\/\/laubeholistic.com\/it\/shop\/chaga-mushrooms\/","title":{"rendered":"Funghi CHAGA"},"content":{"rendered":"<h1><span style=\"color: #000000;\">Funghi Chaga siberiani<\/span><\/h1>\n<p><span style=\"color: #000000;\">Questi funghi chaga vengono raccolti dalle remote foreste siberiane subartiche. <\/span><\/p>\n<p><span style=\"color: #000000;\">Chaga contiene potenti nutrienti e antiossidanti per rafforzare il sistema immunitario e aiutare a prevenire le malattie.<\/span><\/p>\n<div class=\"elementor-column elementor-col-66 elementor-top-column elementor-element elementor-element-2004d6d\" data-id=\"2004d6d\" data-element_type=\"column\">\n<div class=\"elementor-widget-wrap elementor-element-populated\">\n<div class=\"elementor-element elementor-element-56c2ff3 elementor-widget elementor-widget-text-editor\" data-id=\"56c2ff3\" data-element_type=\"widget\" data-widget_type=\"text-editor.default\">\n<div class=\"elementor-widget-container\">\n<p><span style=\"color: #000000;\">I nostri CHAGA CHUNKS sono pezzi di puri funghi chaga. Il chaga \u00e8 noto per essere usato come t\u00e8, ma puoi anche macinarlo fino a ridurlo in polvere e aggiungerlo al caff\u00e8, al frullato o ad altri liquidi. Il t\u00e8 Chaga \u00e8 un ottimo modo per assumere antiossidanti extra e altri composti immunostimolanti privi di caffeina.<\/span><\/p>\n<p><strong><span style=\"color: #000000;\">Potenziali benefici per la salute di Chaga:<\/span><\/strong><\/p>\n<ul>\n<li><span style=\"color: #000000;\">Rafforzare il sistema immunitario<\/span><\/li>\n<li><span style=\"color: #000000;\">Rafforzare il sistema digestivo, il sistema cardiovascolare ed endocrino<\/span><\/li>\n<li><span style=\"color: #000000;\">Rallenta il processo di invecchiamento<\/span><\/li>\n<li><span style=\"color: #000000;\">Abbassa il colesterolo<\/span><\/li>\n<li><span style=\"color: #000000;\">Abbassa la pressione sanguigna<\/span><\/li>\n<li><span style=\"color: #000000;\">Combatte l&#039;infiammazione<\/span><\/li>\n<li><span style=\"color: #000000;\">Abbassa lo zucchero nel sangue<\/span><\/li>\n<\/ul>\n<\/div>\n<\/div>\n<\/div>\n<\/div>\n<p>&nbsp;<\/p>\n<h2><span style=\"color: #000000;\">Come preparare il t\u00e8 Chaga con pezzi di funghi Chaga<br \/>\n<\/span><\/h2>\n<p><span style=\"color: #000000;\">Seleziona 4-5 pezzi di chaga MELS da aggiungere a una pentola grande con ca. 1 litro di acqua. <\/span><\/p>\n<p><span style=\"color: #000000;\">Porta l&#039;acqua a ebollizione, abbassa la fiamma e fai sobbollire per almeno 15 minuti, ma preferibilmente fino a 3-4 ore, a seconda di quanto forte vuoi il t\u00e8. <\/span><span style=\"color: #000000;\">Filtrare il t\u00e8 e mettere da parte i pezzi. I pezzi possono essere utilizzati fino a due o tre volte in pi\u00f9, finch\u00e9 non diventano morbidi e si sbriciolano. <\/span><span style=\"color: #000000;\">L&#039;infuso viene servito come t\u00e8 caldo o raffreddato come bevanda fredda. Aggiungi un dolcificante se necessario, come miele o stevia. Resta in frigo fino a 7 giorni. <\/span><\/p>\n<p><span style=\"color: #000000;\">Per una tazza di t\u00e8: grattugiare un pezzo di chaga in polvere e metterlo in un colino da t\u00e8. <\/span><span style=\"color: #000000;\">Lasciare macerare per ca. 15 minuti<\/span><\/p>\n<p>&nbsp;<\/p>\n<div class=\"elementor-column elementor-col-66 elementor-top-column elementor-element elementor-element-e2aa455\" data-id=\"e2aa455\" data-element_type=\"column\">\n<div class=\"elementor-widget-wrap elementor-element-populated\">\n<div class=\"elementor-element elementor-element-0edfc41 elementor-widget elementor-widget-text-editor\" data-id=\"0edfc41\" data-element_type=\"widget\" data-widget_type=\"text-editor.default\">\n<div class=\"elementor-widget-container\">\n<p><em><span style=\"color: #000000;\">Laboratorio di terze parti testato per potenza, purezza ed efficacia.<\/span><\/em><\/p>\n<p><em><span style=\"color: #000000;\">Conservazione: inferiore a 25 gradi Celsius. Evitare la luce solare diretta.<\/span><\/em><\/p>\n<p><strong><span style=\"color: #000000;\">Disclaimer: i funghi Chaga non possono essere utilizzati come sostituti di una dieta sana e variata.<\/span><\/strong><\/p>\n<\/div>\n<\/div>\n<\/div>\n<\/div>","protected":false},"excerpt":{"rendered":"<p><span style=\"color: #000000;\">Funghi Chaga Siberiani a pezzi (Inonotus obliquus)<\/span><\/p>\n<ul>\n<li><span style=\"color: #000000;\">100% naturale e biologico<\/span><\/li>\n<li><span style=\"color: #000000;\">Senza OGM<\/span><\/li>\n<li><span style=\"color: #000000;\">Vegano<\/span><\/li>\n<li><span style=\"color: #000000;\">Testato in laboratorio da terzi<\/span><\/li>\n<li><span style=\"color: #000000;\">Senza caffeina<\/span><\/li>\n<li><span style=\"color: #000000;\">200 g<\/span><\/li>\n<\/ul>\n<p><span style=\"color: #000000;\">Prodotto in Europa<\/span><\/p>","protected":false},"featured_media":11455,"comment_status":"open","ping_status":"closed","template":"","meta":{"ngg_post_thumbnail":0},"product_brand":[],"product_cat":[334,328],"product_tag":[],"class_list":{"0":"post-11445","1":"product","2":"type-product","3":"status-publish","4":"has-post-thumbnail","6":"product_cat-on-sale","7":"product_cat-teas","9":"first","10":"outofstock","11":"sale","12":"taxable","13":"shipping-taxable","14":"purchasable","15":"product-type-simple"},"_links":{"self":[{"href":"https:\/\/laubeholistic.com\/it\/wp-json\/wp\/v2\/product\/11445","targetHints":{"allow":["GET"]}}],"collection":[{"href":"https:\/\/laubeholistic.com\/it\/wp-json\/wp\/v2\/product"}],"about":[{"href":"https:\/\/laubeholistic.com\/it\/wp-json\/wp\/v2\/types\/product"}],"replies":[{"embeddable":true,"href":"https:\/\/laubeholistic.com\/it\/wp-json\/wp\/v2\/comments?post=11445"}],"wp:featuredmedia":[{"embeddable":true,"href":"https:\/\/laubeholistic.com\/it\/wp-json\/wp\/v2\/media\/11455"}],"wp:attachment":[{"href":"https:\/\/laubeholistic.com\/it\/wp-json\/wp\/v2\/media?parent=11445"}],"wp:term":[{"taxonomy":"product_brand","embeddable":true,"href":"https:\/\/laubeholistic.com\/it\/wp-json\/wp\/v2\/product_brand?post=11445"},{"taxonomy":"product_cat","embeddable":true,"href":"https:\/\/laubeholistic.com\/it\/wp-json\/wp\/v2\/product_cat?post=11445"},{"taxonomy":"product_tag","embeddable":true,"href":"https:\/\/laubeholistic.com\/it\/wp-json\/wp\/v2\/product_tag?post=11445"}],"curies":[{"name":"wp","href":"https:\/\/api.w.org\/{rel}","templated":true}]}}