{"id":10749,"date":"2022-07-04T23:59:02","date_gmt":"2022-07-04T23:59:02","guid":{"rendered":"https:\/\/laubeholistic.com\/?post_type=product&#038;p=10749"},"modified":"2023-08-02T16:17:02","modified_gmt":"2023-08-02T16:17:02","slug":"full-body-check-up-and-therapy","status":"publish","type":"product","link":"https:\/\/laubeholistic.com\/it\/shop\/full-body-check-up-and-therapy\/","title":{"rendered":"Terapia di biofeedback OBERON"},"content":{"rendered":"<h3 style=\"text-align: center;\"><strong><span style=\"color: #000000;\">Cos&#039;\u00e8 il biofeedback?<\/span><\/strong><\/h3>\n<p><span style=\"color: #000000;\">Ogni organo, ogni cellula e ogni microbo del corpo ha la propria frequenza. La bioresenanza pu\u00f2 rilevare quelle frequenze ed eventuali squilibri attraverso le onde sonore nel cervello. Di conseguenza, queste frequenze possono variare nelle risposte a una variet\u00e0 di stress derivanti da risposte biochimiche e fisiologiche ad agenti patogeni, allergeni, sostanze chimiche o alterazioni nel DNA. \u00c8 stato inoltre dimostrato che le onde o oscillazioni elettromagnetiche emesse da organi malati, comprese le cellule tumorali, differiscono da quelle emesse dalle cellule sane a causa delle differenze nel metabolismo cellulare e dei cambiamenti del DNA<\/span><br \/>\n<span style=\"color: #000000;\">Il biofeedback consiste nell&#039;aiutare gli squilibri a riequilibrarsi nuovamente. Ne consegue che dopo l&#039;esposizione alle tossine, agli allergeni. virus, batteri, risposte avverse allo stress e inquinamento elettromagnetico proveniente da varie fonti alterano la fisiologia, la biochimica e le funzioni di vari organi e tessuti che si manifestano in uno stato di squilibrio della frequenza. \u00c8 stato accertato che la frequenza di risonanza emessa nello stato di squilibrio rispetto a quello sano \u00e8 inferiore e se compensata e aumentata da input esterni pu\u00f2 aiutare a ripristinare il deficit energetico e favorire la guarigione e l&#039;inversione dello stato di squilibrio. Questa \u00e8 la base della terapia di biorisonanza e biofeedback.<\/span><\/p>\n<p><span style=\"color: #000000;\"><img loading=\"lazy\" decoding=\"async\" class=\"alignleft size-medium wp-image-10758\" src=\"https:\/\/laubeholistic.com\/wp-content\/uploads\/Biofeedback-modalities-300x169.jpg\" alt=\"\" width=\"300\" height=\"169\" srcset=\"https:\/\/laubeholistic.com\/wp-content\/uploads\/Biofeedback-modalities-300x169.jpg 300w, https:\/\/laubeholistic.com\/wp-content\/uploads\/Biofeedback-modalities-510x287.jpg 510w, https:\/\/laubeholistic.com\/wp-content\/uploads\/Biofeedback-modalities-1024x576.jpg 1024w, https:\/\/laubeholistic.com\/wp-content\/uploads\/Biofeedback-modalities-768x432.jpg 768w, https:\/\/laubeholistic.com\/wp-content\/uploads\/Biofeedback-modalities-1536x864.jpg 1536w, https:\/\/laubeholistic.com\/wp-content\/uploads\/Biofeedback-modalities-18x10.jpg 18w, https:\/\/laubeholistic.com\/wp-content\/uploads\/Biofeedback-modalities.jpg 1920w\" sizes=\"auto, (max-width: 300px) 100vw, 300px\" \/>La terapia di biofeedback non \u00e8 invasiva e pu\u00f2 essere intrapresa di persona o <strong>ad una distanza<\/strong>. Di persona la prima seduta dura solitamente circa 50 minuti per una consultazione iniziale e la scansione da eseguire tramite un set di cuffie. Non indossare gioielli n\u00e9 consumare cibo o caff\u00e8 nelle 2 ore precedenti la scansione. <strong>Per la scansione a distanza<\/strong> e la terapia successiva viene fornito un campione tagliato di capelli o unghie dei piedi e la scansione viene eseguita in modo simile utilizzando i recettori delle cuffie.<\/span><\/p>\n<p><span style=\"color: #000000;\">Dopo la scansione iniziale viene prodotta un&#039;analisi dettagliata in grado di rilevare l&#039;attuale livello energetico di organi, cellule, batteri ecc. e anche il coefficiente di ciascuno. Questo spiega quanto bene funziona l&#039;organo. Vengono rilevate le patologie esistenti ed eventuali patologie future che potrebbero non essere conosciute. \u00c8 anche possibile rilevare allergie. molte patologie possono essere trattate attraverso l&#039;apparato digerente poich\u00e9 l&#039;intestino \u00e8 la sede principale di sviluppo batterico e la salute dell&#039;intestino \u00e8 fondamentale.<\/span><\/p>\n<p><span style=\"color: #000000;\">Pertanto la terapia iniziale di biofeedback viene solitamente intrapresa sul sistema digestivo per sei settimane con un minimo di tre sessioni a settimana, dopodich\u00e9 viene effettuata una seconda scansione completa ed effettuato un confronto.<\/span><\/p>\n<p><span style=\"color: #000000;\">Alcuni clienti hanno aree specifiche di preoccupazione e hanno gi\u00e0 seguito o stanno intraprendendo la medicina convenzionale e guardano al Biofeedback come un modo per integrarla. In entrambi i casi, usato da solo o insieme ad altri trattamenti, pu\u00f2 essere una terapia complementare molto soddisfacente poich\u00e9 i risultati si vedono entro questo lasso di tempo. Si prega di elencare eventuali farmaci durante la consultazione o quando si invia il campione di capelli o unghie dei piedi.<\/span><\/p>\n<p><img loading=\"lazy\" decoding=\"async\" class=\"wp-image-10755 alignleft\" src=\"https:\/\/laubeholistic.com\/wp-content\/uploads\/IMG_20220517_133512-1jpg-300x225.jpg\" alt=\"Oberon machine with Turningstones Biodfeedback therpay\" width=\"264\" height=\"198\" srcset=\"https:\/\/laubeholistic.com\/wp-content\/uploads\/IMG_20220517_133512-1jpg-300x225.jpg 300w, https:\/\/laubeholistic.com\/wp-content\/uploads\/IMG_20220517_133512-1jpg-scaled-510x383.jpg 510w, https:\/\/laubeholistic.com\/wp-content\/uploads\/IMG_20220517_133512-1jpg-1024x768.jpg 1024w, https:\/\/laubeholistic.com\/wp-content\/uploads\/IMG_20220517_133512-1jpg-768x576.jpg 768w, https:\/\/laubeholistic.com\/wp-content\/uploads\/IMG_20220517_133512-1jpg-1536x1152.jpg 1536w, https:\/\/laubeholistic.com\/wp-content\/uploads\/IMG_20220517_133512-1jpg-2048x1536.jpg 2048w, https:\/\/laubeholistic.com\/wp-content\/uploads\/IMG_20220517_133512-1jpg-16x12.jpg 16w\" sizes=\"auto, (max-width: 264px) 100vw, 264px\" \/><\/p>\n<p><span style=\"color: #000000;\">Tobias ha incontrato Helena di \u201cTurningstones Biofeedback\u201d per saperne di pi\u00f9 sulla sua terapia di biofeedback attraverso la sua macchina e il suo servizio OBERON e ha avuto diverse sessioni con lei.<\/span><\/p>\n<p><span style=\"color: #000000;\"><em>\u201cHelena si presenta molto professionale. Lei sa di cosa sta parlando e pu\u00f2 aiutarti a individuare la causa principale degli squilibri di frequenza nel tuo corpo in pochi minuti\u201d <\/em><strong>Tobias Laube<\/strong><\/span><\/p>\n<p>&nbsp;<\/p>\n<p>&nbsp;<\/p>\n<h3><span style=\"color: #000000;\">TESTIMONIANZE dei Clienti<\/span><\/h3>\n<p><span style=\"color: #000000;\">Posso davvero consigliare Helena. Sono andato da lei sentendomi molto <\/span><span style=\"color: #000000;\">stanco, dopo una sessione ho potuto sentire la mia energia ritornare. <\/span><span style=\"color: #000000;\">Ho seguito un corso di sei settimane e alla fine volavo. <\/span><span style=\"color: #000000;\">Molta energia e umore sollevato...altamente raccomandato.<\/span><br \/>\n<span style=\"color: #000000;\">Ora sto facendo alcune sessioni per aiutare il mio occhio come ho gi\u00e0 fatto <\/span><span style=\"color: #000000;\">alcuni problemi con esso e aiuta davvero cos\u00ec come la terapia riequilibra l&#039;energia che c&#039;\u00e8 <\/span><span style=\"color: #000000;\">ripristinandomi l&#039;occhio.<\/span><br \/>\n<strong><span style=\"color: #000000;\">Dorothy P<\/span><\/strong><\/p>\n<p><span style=\"color: #000000;\">Che bella esperienza \u00e8 stata lavorare con Helena mentre scannerizzava me e poi lei <\/span><span style=\"color: #000000;\">mi dava sessioni di terapia di biofeedback ogni settimana. \u00c8 stato affascinante vedere tutti gli organi<\/span><span style=\"color: #000000;\">nel mio corpo e osservando i cambiamenti sullo schermo ogni settimana. Mi \u00e8 piaciuto vedere i numeri <\/span><span style=\"color: #000000;\">scendo sapendo che il mio corpo stava rispondendo alla terapia. Sapevo anche quando era nata Helena <\/span><span style=\"color: #000000;\">fare la terapia a distanza; la guarigione quantistica \u00e8 qualcosa a cui sono aperto e che ho scoperto <\/span><span style=\"color: #000000;\">ha risposto allo stesso modo. Se rispetti il tuo corpo, prenota un corso, non lo sarai <\/span><span style=\"color: #000000;\">deluso.<\/span><br \/>\n<strong><span style=\"color: #000000;\">Heidi E<\/span><\/strong><\/p>\n<p><span style=\"color: #000000;\">Sono venuta a Helena perch\u00e9 avevo un problema al sistema digestivo e una perdita costante di liquidi <\/span><span style=\"color: #000000;\">energia dopo aver mangiato. Ho prenotato un corso di sei settimane e durante la prima sessione \u00e8 successo <\/span><span style=\"color: #000000;\">Ho una leggera gastrite e un basso livello di ferro. Ora, dopo il corso, mi sento molto meglio e noi <\/span><span style=\"color: #000000;\">continuare a lavorarci due volte al mese. <\/span><span style=\"color: #000000;\">Posso consigliare Helena senza dubbio.<\/span><br \/>\n<strong><span style=\"color: #000000;\">Tatijana B<\/span><\/strong><\/p>\n<p>&nbsp;<\/p>\n<p><strong><span style=\"color: #000000;\">Dichiarazione di non responsabilit\u00e0 sul biofeedback<\/span><\/strong><\/p>\n<p><span style=\"color: #000000;\">Non \u00e8 un dispositivo medico. Non scansiona n\u00e9 analizza il corpo umano in ordine<\/span><br \/>\n<span style=\"color: #000000;\">per aiutare un medico a fare una diagnosi sui suoi organi o sui suoi tessuti. N\u00e9 tratta alcuna condizione specifica del corpo fisico.<\/span><br \/>\n<span style=\"color: #000000;\">\u00c8 un dispositivo di biofeebback che scansiona e analizza l&#039;energia elettromagnetica nel corpo.<\/span><br \/>\n<span style=\"color: #000000;\">Identifica quali organi o tessuti mostrano una carenza o un eccesso di energia elettromagnetica. Emette la quantit\u00e0 di energia EM che ripristiner\u00e0 il corretto equilibrio EM in questi organi o tessuti.<\/span><br \/>\n<span style=\"color: #000000;\">Nel caso in cui ritieni che la tua salute fisica non sia ottimale, chiedi consiglio al medico o fai riferimento al tuo specialista della salute.<\/span><\/p>\n<p style=\"text-align: center;\"><strong><span style=\"color: #000000;\">Esonero dalla consulenza per la ricerca e la formazione su benessere e bio-feedback<\/span><\/strong><\/p>\n<p><span style=\"color: #000000;\">1. Capisco perfettamente che il tecnico partecipante non \u00e8 un medico allopatico (MD\/GP) e non si presenta come tale, ma \u00e8 un consulente del benessere e un tecnico di Bio-Feedback.<\/span><br \/>\n<span style=\"color: #000000;\">2. Comprendo pienamente la differenza tra la pratica della medicina allopatica (convenzionale), la consulenza sul benessere nutrizionale e il Bio-Feedback.<\/span><br \/>\n<span style=\"color: #000000;\">3. Capisco perfettamente che i servizi forniti dal tecnico curante non sono allopatici, ma sono strettamente di natura comportamentale, stress o Bio-feedback.<\/span><br \/>\n<span style=\"color: #000000;\">4. Capisco perfettamente che il tecnico partecipante svolge i suoi servizi entro i parametri di un sistema di assistenza sanitaria e benessere naturale utilizzando il Bio-Feedback e la riduzione dello stress.<\/span><br \/>\n<span style=\"color: #000000;\">5. Comprendo pienamente che il tecnico presente non offre farmaci allopatici, interventi chirurgici, stimolanti chimici, bilanciamento della frequenza delle radiazioni o altri trattamenti convenzionali. Inoltre, non diagnostica, tratta o prescrive in altro modo alcuna malattia, condizione o disturbo e che i miei parametri di benessere e stress vengono misurati.<\/span><br \/>\n<span style=\"color: #000000;\">6. Ho sollecitato in buona fede i servizi del tecnico Bio-Feedback presente, esercitando il mio libero arbitrio e seguendo i dettami della mia coscienza che mi permette di selezionare ci\u00f2 che ritengo sia pi\u00f9 benefico per la mia salute.<\/span><br \/>\n<span style=\"color: #000000;\">7. Esercito inoltre la mia libera volont\u00e0 nel chiedere a questo operatore e al tecnico la loro opinione su elementi e situazioni che potrebbero favorire la mia buona salute; \u00e8 una mia scelta se accettare di utilizzare o applicare una qualsiasi di queste idee o suggerimenti in qualsiasi momento.<\/span><br \/>\n<span style=\"color: #000000;\">8. Se desidero dei servizi non forniti dal tecnico Bio-Feedback presente, che \u00e8 una mia prerogativa, capisco perfettamente che dovrei cercarli altrove.<\/span><br \/>\n<span style=\"color: #000000;\">9. Comprendo pienamente che i servizi forniti dal tecnico curante non sono generalmente accettati e\/o raccomandati dai medici allopatici (MD\/GP) o da altri professionisti sanitari convenzionali.<\/span><br \/>\n<span style=\"color: #000000;\">10. Sono consapevole che il pagamento \u00e8 previsto al momento del servizio, se non diversamente concordato prima della mia scansione.<\/span><\/p>","protected":false},"excerpt":{"rendered":"<p><span style=\"color: #000000;\"><strong>&nbsp;<\/strong><\/span><strong style=\"color: #000000;\"><img loading=\"lazy\" decoding=\"async\" class=\"alignright wp-image-10757\" src=\"https:\/\/laubeholistic.com\/wp-content\/uploads\/logo-300x250.png\" alt=\"\" width=\"188\" height=\"158\" srcset=\"https:\/\/laubeholistic.com\/wp-content\/uploads\/logo-300x250.png 300w, https:\/\/laubeholistic.com\/wp-content\/uploads\/logo-510x425.png 510w, https:\/\/laubeholistic.com\/wp-content\/uploads\/logo-1024x854.png 1024w, https:\/\/laubeholistic.com\/wp-content\/uploads\/logo-768x641.png 768w, https:\/\/laubeholistic.com\/wp-content\/uploads\/logo-14x12.png 14w, https:\/\/laubeholistic.com\/wp-content\/uploads\/logo.png 1181w\" sizes=\"auto, (max-width: 188px) 100vw, 188px\" \/><\/strong><span style=\"color: #000000;\"><strong>Scopri i benefici del Biofeedback per riequilibrare i livelli di frequenza del corpo per una salute ottimale.<\/strong><\/span><\/p>\n<p><span style=\"color: #000000;\"><strong>Vorremmo presentarvi<\/strong><\/span><span style=\"color: #000000;\"><strong>&nbsp;una collaborazione con il nostro partner<\/strong><\/span><span style=\"color: #000000;\"><strong>&nbsp;\u201cTurningstones Biofeedback\u201d, con le seguenti opzioni disponibili:<\/strong><\/span><\/p>","protected":false},"featured_media":10783,"comment_status":"closed","ping_status":"closed","template":"","meta":{"ngg_post_thumbnail":0},"product_brand":[],"product_cat":[331],"product_tag":[],"class_list":{"0":"post-10749","1":"product","2":"type-product","3":"status-publish","4":"has-post-thumbnail","6":"product_cat-services","8":"first","9":"instock","10":"taxable","11":"shipping-taxable","12":"purchasable","13":"product-type-variable"},"_links":{"self":[{"href":"https:\/\/laubeholistic.com\/it\/wp-json\/wp\/v2\/product\/10749","targetHints":{"allow":["GET"]}}],"collection":[{"href":"https:\/\/laubeholistic.com\/it\/wp-json\/wp\/v2\/product"}],"about":[{"href":"https:\/\/laubeholistic.com\/it\/wp-json\/wp\/v2\/types\/product"}],"replies":[{"embeddable":true,"href":"https:\/\/laubeholistic.com\/it\/wp-json\/wp\/v2\/comments?post=10749"}],"wp:featuredmedia":[{"embeddable":true,"href":"https:\/\/laubeholistic.com\/it\/wp-json\/wp\/v2\/media\/10783"}],"wp:attachment":[{"href":"https:\/\/laubeholistic.com\/it\/wp-json\/wp\/v2\/media?parent=10749"}],"wp:term":[{"taxonomy":"product_brand","embeddable":true,"href":"https:\/\/laubeholistic.com\/it\/wp-json\/wp\/v2\/product_brand?post=10749"},{"taxonomy":"product_cat","embeddable":true,"href":"https:\/\/laubeholistic.com\/it\/wp-json\/wp\/v2\/product_cat?post=10749"},{"taxonomy":"product_tag","embeddable":true,"href":"https:\/\/laubeholistic.com\/it\/wp-json\/wp\/v2\/product_tag?post=10749"}],"curies":[{"name":"wp","href":"https:\/\/api.w.org\/{rel}","templated":true}]}}