{"id":7178,"date":"2021-02-23T23:09:48","date_gmt":"2021-02-23T23:09:48","guid":{"rendered":"https:\/\/laubeholistic.com\/?page_id=7178"},"modified":"2023-04-24T14:42:19","modified_gmt":"2023-04-24T14:42:19","slug":"about","status":"publish","type":"page","link":"https:\/\/laubeholistic.com\/it\/about\/","title":{"rendered":"Chi siamo"},"content":{"rendered":"<h3>Chi siamo<\/h3>\n<p>All&#039;inizio del 2008 ho sentito mio padre parlare al telefono con un suo collega di lavoro. Mio padre sembrava sorpreso e stupito dalla conversazione. Non potevo non rimanere incuriosito, in particolare quando ho sentito mio padre dire &quot;e lei si \u00e8 appena alzata dalla sedia a rotelle dopo SOLO SETTE GIORNI?&quot; seguito da &quot;Mio Dio... non posso crederci&quot;<\/p>\n<p>Ricordo chiaramente questo momento. \u00c8 impresso nella mia memoria.<\/p>\n<p>In seguito a quella telefonata rivoluzionaria, mio padre mi chiese di aiutarlo ad acquistare online un particolare libro che gli era stato consigliato durante la sua memorabile telefonata. Il libro parlava di un uomo che si era imbattuto in una scoperta rivoluzionaria. Aveva usato il suo trattamento per curare completamente qualcuno da uno dei pi\u00f9 grandi assassini. L&#039;assassino si chiama malaria.<\/p>\n<p>Il collega di lavoro con cui mio padre ha parlato al telefono non soffriva di malaria. In realt\u00e0 la conversazione riguardava sua moglie. Per molti anni era stata costretta su una sedia a rotelle e soffriva di artrite cronica. Il collega di lavoro aveva sentito parlare di un uomo che aveva scoperto un trattamento molto efficace ed economico per una variet\u00e0 di disturbi. Il collega di lavoro acquist\u00f2 una parte di questo rimedio e lo us\u00f2 per curare sua moglie. Come avrai gi\u00e0 intuito, il trattamento ha funzionato. Dopo soli sette giorni, sua moglie riusc\u00ec ad alzarsi e ad allontanarsi dalla sedia a rotelle.<\/p>\n<p>Dopo che mio padre ricevette il libro e lo lesse, ero determinato a leggerlo anch&#039;io. Volevo sapere di piu.<\/p>\n<p>Ho letto il libro in tre giorni. Il risultato di questo periodo \u00e8 stato la nascita di una motivazione e di una spinta dentro di me. Mi sono sentito obbligato a raccontare a quante pi\u00f9 persone possibile le scoperte dell&#039;autore. Il suo nome era Jim Humble. Volevo che gli altri sapessero come, senza spendere molti soldi, potevano curarsi in modo efficace e sicuro. Potrebbero addirittura salvare la loro vita o quella di una persona cara!<\/p>\n<p>Nel corso degli anni successivi, innumerevoli ore di apprendimento e ricerca hanno portato allo sviluppo di numerosi altri trattamenti e soluzioni in grado di cambiare la vita, tutti offerti sul sito web che stai visualizzando in questo momento.<\/p>\n<p>Ad oggi, i nostri prodotti e le nostre linee guida hanno aiutato migliaia di persone a riprendersi da malattie gravi e potenzialmente letali e a migliorare la propria salute e il proprio benessere.<\/p>\n<p>E siamo ben lungi dal fermarci!<\/p>\n<p>Non commettere errori per\u00f2, non tutti approvano l&#039;aiutare gli altri nel modo che abbiamo descritto sopra. Ci sono individui e organizzazioni con un programma diverso quando si tratta della salute degli altri. Tuttavia, abbiamo un\u2019etica molto positiva. Se sei stufo di stare male, e forse hai addirittura rinunciato alla medicina moderna convenzionale, potremmo essere in grado di darti un terzo parere \ud83d\ude09<\/p>\n<h3>Grazie per il tuo interesse per The Laube Holistic Health Solutions. Non esitate a contattarci se avete bisogno di ulteriori informazioni o indicazioni.<\/h3>\n<h3>Tobias Laube<\/h3>","protected":false},"excerpt":{"rendered":"<p>About us At the beginning of 2008, I overheard my father talking on the phone with one of his work colleagues. My father seemed surprised and amazed by the conversation. I couldn\u2019t fail to be intrigued, particularly when I heard my father say \u201cand she just got up from the wheelchair after ONLY SEVEN DAYS?\u201d [&#8230;]\n","protected":false},"author":34,"featured_media":0,"parent":0,"menu_order":0,"comment_status":"closed","ping_status":"closed","template":"","meta":{"ngg_post_thumbnail":0,"footnotes":""},"class_list":["post-7178","page","type-page","status-publish","hentry"],"_links":{"self":[{"href":"https:\/\/laubeholistic.com\/it\/wp-json\/wp\/v2\/pages\/7178","targetHints":{"allow":["GET"]}}],"collection":[{"href":"https:\/\/laubeholistic.com\/it\/wp-json\/wp\/v2\/pages"}],"about":[{"href":"https:\/\/laubeholistic.com\/it\/wp-json\/wp\/v2\/types\/page"}],"author":[{"embeddable":true,"href":"https:\/\/laubeholistic.com\/it\/wp-json\/wp\/v2\/users\/34"}],"replies":[{"embeddable":true,"href":"https:\/\/laubeholistic.com\/it\/wp-json\/wp\/v2\/comments?post=7178"}],"version-history":[{"count":7,"href":"https:\/\/laubeholistic.com\/it\/wp-json\/wp\/v2\/pages\/7178\/revisions"}],"predecessor-version":[{"id":12356,"href":"https:\/\/laubeholistic.com\/it\/wp-json\/wp\/v2\/pages\/7178\/revisions\/12356"}],"wp:attachment":[{"href":"https:\/\/laubeholistic.com\/it\/wp-json\/wp\/v2\/media?parent=7178"}],"curies":[{"name":"wp","href":"https:\/\/api.w.org\/{rel}","templated":true}]}}