{"id":679,"date":"2014-09-15T14:47:20","date_gmt":"2014-03-03T17:32:07","guid":{"rendered":"https:\/\/laubeholistic.com\/?page_id=679"},"modified":"2022-04-05T12:13:20","modified_gmt":"2022-04-05T12:13:20","slug":"purifying-water","status":"publish","type":"page","link":"https:\/\/laubeholistic.com\/it\/purifying-water\/","title":{"rendered":"Purificazione dell&#039;acqua"},"content":{"rendered":"<p><strong><span style=\"font-size: x-large;\">IL <\/span><\/strong><strong><span style=\"font-size: x-large;\"><em>\u201cKit Acqua Pura\u201d<\/em><\/span><\/strong> \u2013 che produce <span style=\"font-size: large;\"><strong>\u2013 Biossido di cloro- <\/strong><\/span><span style=\"font-size: large;\"><strong>\u00e8 il miglior prodotto chimico per la purificazione dell&#039;acqua conosciuto<\/strong><\/span> ed \u00e8 estremamente utile quando si viaggia in paesi stranieri o anche in qualsiasi parte degli Stati Uniti dove potrebbe essere necessaria la purificazione dell&#039;acqua.<\/p>\n<a class=\"maxbutton-3 maxbutton maxbutton-pure-water-kit-button\" href=\"http:\/\/laubeholistic.com\/it\/shop\/ams-pure-water-kit-the-water-purification-solution\/\"><span class='mb-text'>Vai al prodotto<\/span><\/a>\n<p><strong>IL &quot;<em>Kit Acqua Pura<\/em>\u201d \u00e8 un set piccolo e conveniente di due bottiglie che stanno in ogni borsa e tasca ed \u00e8 il modo pi\u00f9 sicuro ed efficiente per purificare l&#039;acqua per renderla potabile.<\/strong><\/p>\n<p><span style=\"text-decoration: underline;\">Come pu\u00f2 il <span style=\"font-size: large;\">\u201c<strong><span style=\"font-size: medium;\">Kit Acqua Pura<\/span><\/strong>&quot;<\/span>&nbsp; <strong><span style=\"font-size: x-large;\">Aiutarti<\/span><\/strong> e persino <strong><span style=\"font-size: x-large;\">SALVA<\/span><\/strong> la tua vita?<\/span><a href=\"https:\/\/laubeholistic.com\/wp-content\/uploads\/2014\/03\/SuperStock_1758R-3706.jpg\"><img loading=\"lazy\" decoding=\"async\" class=\"wp-image-681 alignright\" src=\"https:\/\/laubeholistic.com\/wp-content\/uploads\/2014\/03\/SuperStock_1758R-3706-300x300.jpg\" alt=\"Man drinking water from river with skeleton kneeling beside him\" width=\"192\" height=\"192\" srcset=\"https:\/\/laubeholistic.com\/wp-content\/uploads\/2014\/03\/SuperStock_1758R-3706-300x300.jpg 300w, https:\/\/laubeholistic.com\/wp-content\/uploads\/2014\/03\/SuperStock_1758R-3706-100x100.jpg 100w, https:\/\/laubeholistic.com\/wp-content\/uploads\/2014\/03\/SuperStock_1758R-3706-150x150.jpg 150w, https:\/\/laubeholistic.com\/wp-content\/uploads\/2014\/03\/SuperStock_1758R-3706.jpg 350w\" sizes=\"auto, (max-width: 192px) 100vw, 192px\" \/><\/a><\/p>\n<p>Bene, se vuoi andare all&#039;aperto nella natura selvaggia, andare in campeggio nelle foreste o viaggiare in regioni del mondo dove non puoi fare affidamento sull&#039;acqua potabile pulita, vuoi che l&#039;assicurazione renda l&#039;acqua sicura e potabile per te e non finisca con un parassita o un batterio pericoloso.<\/p>\n<p>Se si tratta di svago o di esplorazione della natura, se si tratta di acqua potabile vuoi essere assolutamente sicuro che la tua acqua non sia contaminata e piena di batteri, virus o parassiti che possono causare gravi malattie e problemi di salute.<\/p>\n<p><strong><span style=\"font-size: large;\">Avrai bisogno di un kit affidabile per la purificazione dell&#039;acqua!<\/span><\/strong><\/p>\n<a class=\"maxbutton-3 maxbutton maxbutton-pure-water-kit-button\" href=\"http:\/\/laubeholistic.com\/it\/shop\/ams-pure-water-kit-the-water-purification-solution\/\"><span class='mb-text'>Vai al prodotto<\/span><\/a>\n<p><a href=\"https:\/\/laubeholistic.com\/wp-content\/uploads\/2014\/03\/57695_collecting-creek-water_jfxeaqbh63vorhnrwcs4oomcjtncurxrbvj6lwuht2ya6mzmafma_610x457.jpg\"><img loading=\"lazy\" decoding=\"async\" class=\"wp-image-683 alignright\" src=\"https:\/\/laubeholistic.com\/wp-content\/uploads\/2014\/03\/57695_collecting-creek-water_jfxeaqbh63vorhnrwcs4oomcjtncurxrbvj6lwuht2ya6mzmafma_610x457-300x195.jpg\" alt=\"57695_collecting-creek-water_jfxeaqbh63vorhnrwcs4oomcjtncurxrbvj6lwuht2ya6mzmafma_610x457\" width=\"248\" height=\"161\" srcset=\"https:\/\/laubeholistic.com\/wp-content\/uploads\/2014\/03\/57695_collecting-creek-water_jfxeaqbh63vorhnrwcs4oomcjtncurxrbvj6lwuht2ya6mzmafma_610x457-300x195.jpg 300w, https:\/\/laubeholistic.com\/wp-content\/uploads\/2014\/03\/57695_collecting-creek-water_jfxeaqbh63vorhnrwcs4oomcjtncurxrbvj6lwuht2ya6mzmafma_610x457-510x332.jpg 510w, https:\/\/laubeholistic.com\/wp-content\/uploads\/2014\/03\/57695_collecting-creek-water_jfxeaqbh63vorhnrwcs4oomcjtncurxrbvj6lwuht2ya6mzmafma_610x457.jpg 591w\" sizes=\"auto, (max-width: 248px) 100vw, 248px\" \/><\/a><\/p>\n<p>Dopo i disastri naturali e durante le emergenze ci sono momenti in cui non c&#039;\u00e8 abbastanza combustibile per far bollire l&#039;acqua, o non c&#039;\u00e8 un contenitore adatto da posizionare sopra una fiamma libera.<br \/>\nIn caso di vera fine della situazione della societ\u00e0 organizzata o anche solo di interruzione delle catene di approvvigionamento, i filtri sostitutivi per l\u2019acqua non saranno disponibili e le nuove forniture di prodotti chimici disinfettanti scompariranno.<br \/>\nAnche <span style=\"text-decoration: underline;\">fonti di backup<\/span> di acqua devono essere disinfettati.<\/p>\n<p>&nbsp;<\/p>\n<p><strong><span style=\"text-decoration: underline; font-size: medium;\">Gli aspetti pratici del <span style=\"font-size: large;\">\u201cKit Acqua Pura\u201d<\/span> Sono:<\/span><\/strong><\/p>\n<ul>\n<li>Si adatta ad ogni borsa o tasca.<\/li>\n<li>\u00c8 facile e veloce da usare con una semplice relazione di caduta di 1:1<\/li>\n<li>\u00c8 economico e di lunga durata.<\/li>\n<li>Il kit viene fornito con pipette in modo che il dosaggio sia facilitato.<\/li>\n<li>Il \u201cKit Acqua Pura\u201d non diventa cos\u00ec inefficace come la maggior parte delle compresse una volta superata la data di scadenza.<\/li>\n<li>La soluzione purificante che crei (biossido di cloro) con il \u201cKit Acqua Pura\u201d \u00e8 l&#039;agente ossidante e patogeno pi\u00f9 efficace conosciuto al mondo!<\/li>\n<\/ul>\n<a class=\"maxbutton-3 maxbutton maxbutton-pure-water-kit-button\" href=\"http:\/\/laubeholistic.com\/it\/shop\/ams-pure-water-kit-the-water-purification-solution\/\"><span class='mb-text'>Vai al prodotto<\/span><\/a>\n<p>&nbsp;<\/p>\n<p><strong><span style=\"font-size: 120%;\">ORA, non confonderti: il biossido di cloro lo \u00e8 <span style=\"text-decoration: underline;\">NO<\/span>t Cloro ed \u00e8 <span style=\"text-decoration: underline;\">non<\/span> Candeggina !!!<\/span><\/strong><\/p>\n<p>Sebbene la parola <span style=\"text-decoration: underline;\">Cloro<\/span> \u00e8 nel nome, \u00e8 molto di<a style=\"font-size: 14.4px;\" href=\"https:\/\/laubeholistic.com\/wp-content\/uploads\/2014\/03\/clean-water-drop.jpg\"><img loading=\"lazy\" decoding=\"async\" class=\"wp-image-685 alignright\" src=\"https:\/\/laubeholistic.com\/wp-content\/uploads\/2014\/03\/clean-water-drop-300x199.jpg\" alt=\"clean-water-drop\" width=\"240\" height=\"159\" srcset=\"https:\/\/laubeholistic.com\/wp-content\/uploads\/2014\/03\/clean-water-drop-300x199.jpg 300w, https:\/\/laubeholistic.com\/wp-content\/uploads\/2014\/03\/clean-water-drop-510x340.jpg 510w, https:\/\/laubeholistic.com\/wp-content\/uploads\/2014\/03\/clean-water-drop-600x400.jpg 600w, https:\/\/laubeholistic.com\/wp-content\/uploads\/2014\/03\/clean-water-drop.jpg 800w\" sizes=\"auto, (max-width: 240px) 100vw, 240px\" \/><\/a>diverso dalla comune candeggina domestica Clorox (ipoclorito di sodio) o dal cloro delle piscine, che sono veleni noti per essere cancerogeni.<br \/>\n<strong>Biossido di cloro<\/strong> funziona in modo diverso rispetto al cloro e all&#039;ipoclorito di sodio in quanto distrugge gli agenti patogeni <span style=\"text-decoration: underline;\">completamente<\/span> Attraverso <strong>ossidazione<\/strong>, e viene esso stesso distrutto nella reazione,<span style=\"text-decoration: underline;\"> lasciando nulla dietro<\/span> accumularsi o causare effetti collaterali. I sottoprodotti sono sale da cucina, atomi di ossigeno scaricati e resti di agenti patogeni morti che vengono facilmente rimossi dal corpo.<\/p>\n<p><strong>Candeggina domestica, Clorox o Lejilla<\/strong> (come si dice in Spagna) \u2013 sono quasi tutti <span style=\"text-decoration: underline;\">Ipoclorito di sodio<\/span>. Quelle candeggine che contengono regolarmente dal 5,25 al 6%. <em><strong>ipoclorito di sodio<\/strong><\/em>, diminuisce e perde la sua efficacia abbastanza rapidamente dopo l&#039;apertura, il che, oltre ad essere pericoloso per l&#039;ingestione, lo rende anche poco pratico da usare quando si va all&#039;aperto e si fa affidamento su un depuratore d&#039;acqua che si pu\u00f2 usare per lungo tempo.<br \/>\nIL <strong>\u201cKit Acqua Pura\u201d<\/strong> sono due componenti, l&#039;OSSIDANTE e il suo ATTIVATORE, che si trovano in due flaconi diversi e si mescolano facilmente insieme in un rapporto 1:1 per produrre <em><span style=\"text-decoration: underline;\"><strong>Biossido di cloro.<\/strong><\/span><\/em><br \/>\nQuesto viene semplicemente aggiunto all&#039;acqua che desideri purificare, rendendola sicura da bere.<\/p>\n<p><strong><span style=\"font-size: large;\">Un po &#039;di pi\u00f9 <span style=\"color: #0000ff;\">chimico<\/span> spiegazione sul perch\u00e9 utilizzare il &quot;biossido di cloro&quot; e non solo il &quot;cloro&quot;.<\/span><\/strong><\/p>\n<p><span style=\"text-decoration: underline;\"><strong><span style=\"font-size: large;\">Come si ossida il cloro<\/span><\/strong><\/span><br \/>\nDovrei menzionare che alcuni tipi di ossidazione sono un po\u2019 pi\u00f9 complessi. Ad esempio, quando il cloro ossida una sostanza, lo chiamiamo <em>\u201cclorazione\u201d<\/em> La ragione di ci\u00f2 \u00e8 che gli elettroni vengono riorganizzati nella sostanza da ossidare e il cloro si combina con quella sostanza per creare nuove sostanze. Quando viene utilizzato il cloro, le nuove sostanze \u2013 in alcuni casi, anche nei sistemi di purificazione dell\u2019acqua \u2013 sono in realt\u00e0 cancerose.<br \/>\nOltre a ci\u00f2, trattare l\u2019acqua con cloro uccider\u00e0 i batteri, ma non tutti i virus.<\/p>\n<p><strong><span style=\"text-decoration: underline;\"><span style=\"font-size: large;\">Come si ossida il -biossido di cloro-<\/span><\/span><\/strong><br \/>\nIl biossido di cloro (ClO2) non si ossida in questo modo. Attira via tutti gli elettroni e non si combina mai con nulla. Viene distrutto nel processo. Si verifica quindi un \u201comicidio pulito\u201d e la sostanza che viene distrutta e il ClO2 non lasciano dietro di s\u00e9 nuovi composti chimici. Quindi il cloro uccide creando nuove sostanze e il biossido di cloro distrugge completamente, senza lasciare nuove sostanze. La formula chimica del biossido di cloro, ClO2, mostra che ha un atomo di cloro, ovvero Cl, e due atomi di ossigeno, ovvero O2.<\/p>\n<p>Il biossido di cloro \u00e8 il pi\u00f9 debole degli ossidanti utilizzati nel corpo. Ha un potenziale di ossidazione di soli 950 millivolt. (o 0,95 Volt) Quando gli elettroni in una molecola di ClO2 tengono insieme l&#039;atomo di cloro e i due atomi di ossigeno, la combinazione ha un carattere completamente diverso rispetto agli atomi di cloro o ossigeno presi singolarmente. La combinazione che chiamiamo molecola ha bisogno o pi\u00f9 precisamente di una tensione che attirer\u00e0 5 elettroni da alcune altre molecole. Quando gli elettroni vengono allontanati, queste molecole si disperdono. Potresti pensare che quando una molecola di ClO2 attira questi elettroni, questi rafforzerebbero il suo guscio esterno, ma non \u00e8 cos\u00ec. Invece, neutralizzano il guscio esterno di ClO2 e anche quella molecola vola in pezzi. L&#039;atomo di cloro diventa un atomo di cloruro (sale da cucina) e i due atomi di ossigeno vengono scaricati prima di lasciare il guscio in modo che raccolgano solo una molecola di carbonio e diventino anidride carbonica. L\u2019anidride carbonica \u00e8 ci\u00f2 che espiriamo.<\/p>\n<h3><strong><span style=\"font-size: medium;\">Ottieni il tuo \u201cKit Acqua Pura\u201d <\/span><\/strong><\/h3>\n<table border=\"0\">\n<tbody>\n<tr>\n<td><p class=\"product woocommerce add_to_cart_inline\" style=\"border:4px solid #ccc; padding: 12px;\"><ins class=\"highlight\"><span class=\"woocommerce-Price-amount amount\"><bdi><span class=\"woocommerce-Price-currencySymbol\">\u20ac<\/span>18.00<\/bdi><\/span><\/ins><a href=\"https:\/\/laubeholistic.com\/it\/shop\/ams-pure-water-kit-the-water-purification-solution\/\" aria-describedby=\"woocommerce_loop_add_to_cart_link_describedby_625\" data-quantity=\"1\" class=\"button product_type_variable add_to_cart_button\" data-product_id=\"625\" data-product_sku=\"PWK\" aria-label=\"Seleziona le opzioni per \u201cThe Pure Water Kit - Water Purification Solution\u201d\" rel=\"nofollow\" data-no-translation=\"\" data-trp-gettext=\"\" data-no-translation-aria-label=\"\">Seleziona le opzioni<\/a>\t<span id=\"woocommerce_loop_add_to_cart_link_describedby_625\" class=\"screen-reader-text\">\n\t\tQuesto prodotto ha pi\u00f9 varianti. Le opzioni possono essere scelte sulla pagina del prodotto\t<\/span>\n<\/p><\/td>\n<\/tr>\n<\/tbody>\n<\/table>\n<p>&nbsp;<\/p>","protected":false},"excerpt":{"rendered":"<p>The \u201cPure Water Kit\u201d \u2013 that produces &#8211; Chlorine Dioxide- is the best water purification chemical known and is extremely useful when you travel to foreign countries or even anywhere in the United State where water purification is maybe necessary. &nbsp;&nbsp;&nbsp;&nbsp;&nbsp;&nbsp;&nbsp;&nbsp;&nbsp;&nbsp;&nbsp;&nbsp;&nbsp;&nbsp;&nbsp;&nbsp;&nbsp;&nbsp;&nbsp;&nbsp;&nbsp;&nbsp;&nbsp;&nbsp;&nbsp;&nbsp;&nbsp;&nbsp;&nbsp;&nbsp;&nbsp;&nbsp;&nbsp;&nbsp;&nbsp;&nbsp;&nbsp;&nbsp; The \u201cPure Water Kit\u201d is a small and convenient Set of two Bottles that [&#8230;]\n","protected":false},"author":34,"featured_media":0,"parent":0,"menu_order":0,"comment_status":"open","ping_status":"open","template":"","meta":{"ngg_post_thumbnail":0,"footnotes":""},"class_list":["post-679","page","type-page","status-publish","hentry"],"_links":{"self":[{"href":"https:\/\/laubeholistic.com\/it\/wp-json\/wp\/v2\/pages\/679","targetHints":{"allow":["GET"]}}],"collection":[{"href":"https:\/\/laubeholistic.com\/it\/wp-json\/wp\/v2\/pages"}],"about":[{"href":"https:\/\/laubeholistic.com\/it\/wp-json\/wp\/v2\/types\/page"}],"author":[{"embeddable":true,"href":"https:\/\/laubeholistic.com\/it\/wp-json\/wp\/v2\/users\/34"}],"replies":[{"embeddable":true,"href":"https:\/\/laubeholistic.com\/it\/wp-json\/wp\/v2\/comments?post=679"}],"version-history":[{"count":29,"href":"https:\/\/laubeholistic.com\/it\/wp-json\/wp\/v2\/pages\/679\/revisions"}],"predecessor-version":[{"id":10244,"href":"https:\/\/laubeholistic.com\/it\/wp-json\/wp\/v2\/pages\/679\/revisions\/10244"}],"wp:attachment":[{"href":"https:\/\/laubeholistic.com\/it\/wp-json\/wp\/v2\/media?parent=679"}],"curies":[{"name":"wp","href":"https:\/\/api.w.org\/{rel}","templated":true}]}}