{"id":614,"date":"2014-09-15T14:38:28","date_gmt":"2014-09-15T14:38:28","guid":{"rendered":"https:\/\/laubeholistic.com\/?page_id=614"},"modified":"2022-04-05T09:30:00","modified_gmt":"2022-04-05T09:30:00","slug":"jim-humble-mms-ams-bleach-accusations","status":"publish","type":"page","link":"https:\/\/laubeholistic.com\/it\/jim-humble-mms-ams-bleach-accusations\/","title":{"rendered":"Jim Humble sulle accuse di \u201ccandeggina\u201d contro l&#039;MMS"},"content":{"rendered":"<style type=\"text\/css\"><!-- @page { margin: 2cm } P { margin-bottom: 0.21cm } --><\/style>\n<h4 lang=\"en-GB\"><span style=\"font-family: Arial,sans-serif;\"><a href=\"https:\/\/laubeholistic.com\/wp-content\/uploads\/2014\/02\/jim_humble-2.jpg\"><img loading=\"lazy\" decoding=\"async\" class=\"alignleft wp-image-616\" style=\"margin: 3px; border: 3px solid black;\" src=\"https:\/\/laubeholistic.com\/wp-content\/uploads\/2014\/02\/jim_humble-2.jpg\" alt=\"MMS\" width=\"214\" height=\"120\" srcset=\"https:\/\/laubeholistic.com\/wp-content\/uploads\/2014\/02\/jim_humble-2.jpg 595w, https:\/\/laubeholistic.com\/wp-content\/uploads\/2014\/02\/jim_humble-2-510x286.jpg 510w\" sizes=\"auto, (max-width: 214px) 100vw, 214px\" \/><\/a>Ciao, sono Jim Humble. Ho scoperto la Master Mineral Solution (MMS) nel 1997. Ho poi trascorso diversi anni a studiare la chimica dell&#039;MMS. Sapevate che il sale da cucina che tutti voi usate \u00e8 pi\u00f9 del cloro 50%. Se scopri che ho ragione, significa che smetterai di usare il sale da cucina perch\u00e9 il cloro \u00e8 utilizzato nella parte 98% della candeggina mondiale? Ebbene, l&#039;MMS non \u00e8 candeggina pi\u00f9 del sale da cucina. <\/span><\/h4>\n<p lang=\"en-GB\"><span style=\"font-family: Arial,sans-serif;\">Ho 426 Ministri della Sanit\u00e0 che portano la salute alle persone in 72 diversi paesi del mondo usando l&#039;MMS. Mi dispiace tanto dire che tutto ci\u00f2 che voi critici fate con i vostri sforzi per convincere la gente che l&#039;MMS \u00e8 candeggina, ferisce centinaia di persone e le condannate a grandi sofferenze continue o addirittura alla morte, che altrimenti avrebbero potuto evitare. Tutto quello che dovete fare \u00e8 dedicare un po&#039; di tempo alla lettura e allo studio del biossido di cloro, del cloro e della candeggina, invece di parlare per totale ignoranza dei due argomenti, MMS e candeggina. Non sono la stessa cosa. Per favore, fate del male soprattutto a voi stessi. <\/span><\/p>\n<p lang=\"en-GB\"><span style=\"font-family: Arial,sans-serif;\">L&#039;unica cosa evidente con ogni singolo critico su Internet \u00e8 che nessuno di loro controlla mai gli MMS per vedere se funziona. Nessuno di loro capisce o ha controllato la chimica dell&#039;MMS. Pi\u00f9 di 10 milioni di persone hanno provato l&#039;MMS e ci sono migliaia di testimonianze su Internet che le persone hanno semplicemente inserito senza che gli venisse chiesto, inoltre abbiamo migliaia di testimonianze che abbiamo chiesto. Come potremmo ingannare milioni di persone e in qualche modo non ingannare il signor critico. \u00c8 cos\u00ec che la vedi? Voi critici avete sbagliato fin dall&#039;inizio, senza controllare nulla, senza controllare il fatto che la FDA ha approvato l&#039;uso del biossido di cloro (MMS) sugli alimenti, senza controllare in alcun modo la chimica dell&#039;MMS. Senza verificare nessuno dei fatti, aggiungi semplicemente la tua opinione a tutte le altre opinioni negative. La cosa terribile di tutti i critici \u00e8 che fanno ci\u00f2 di cui accusano l&#039;MMS, feriscono le persone. L&#039;MMS non \u00e8 candeggina e l&#039;MMS non significa grandi soldi!<\/span><\/p>\n<p lang=\"en-GB\"><span style=\"font-family: Arial,sans-serif;\">Distinti nella salute e nell&#039;amore, <\/span><\/p>\n<p><span style=\"font-family: Arial,sans-serif;\"><b>Arcivescovo Jim Humble<\/b><\/span><\/p>\n<p>Genesi 2 Chiesa della salute e della guarigione<\/p>","protected":false},"excerpt":{"rendered":"<p>Hello, I am Jim Humble. I discovered Master Mineral Solution (MMS) back in 1997. I then spent several years studying the chemistry of MMS. Did you know that table salt that all of you use is more than 50% chlorine. If you find out that I am correct, does that mean that you will quit [&#8230;]\n","protected":false},"author":34,"featured_media":0,"parent":0,"menu_order":0,"comment_status":"closed","ping_status":"closed","template":"","meta":{"ngg_post_thumbnail":0,"footnotes":""},"class_list":["post-614","page","type-page","status-publish","hentry"],"_links":{"self":[{"href":"https:\/\/laubeholistic.com\/it\/wp-json\/wp\/v2\/pages\/614","targetHints":{"allow":["GET"]}}],"collection":[{"href":"https:\/\/laubeholistic.com\/it\/wp-json\/wp\/v2\/pages"}],"about":[{"href":"https:\/\/laubeholistic.com\/it\/wp-json\/wp\/v2\/types\/page"}],"author":[{"embeddable":true,"href":"https:\/\/laubeholistic.com\/it\/wp-json\/wp\/v2\/users\/34"}],"replies":[{"embeddable":true,"href":"https:\/\/laubeholistic.com\/it\/wp-json\/wp\/v2\/comments?post=614"}],"version-history":[{"count":2,"href":"https:\/\/laubeholistic.com\/it\/wp-json\/wp\/v2\/pages\/614\/revisions"}],"predecessor-version":[{"id":10227,"href":"https:\/\/laubeholistic.com\/it\/wp-json\/wp\/v2\/pages\/614\/revisions\/10227"}],"wp:attachment":[{"href":"https:\/\/laubeholistic.com\/it\/wp-json\/wp\/v2\/media?parent=614"}],"curies":[{"name":"wp","href":"https:\/\/api.w.org\/{rel}","templated":true}]}}