{"id":595,"date":"2014-09-15T14:13:26","date_gmt":"2014-01-31T16:50:52","guid":{"rendered":"https:\/\/laubeholistic.com\/?page_id=595"},"modified":"2021-03-04T15:40:11","modified_gmt":"2021-03-04T15:40:11","slug":"ams-facts-sheet","status":"publish","type":"page","link":"https:\/\/laubeholistic.com\/it\/ams-facts-sheet\/","title":{"rendered":"Fatti e vantaggi di AMS"},"content":{"rendered":"<h1>\n<p style=\"text-align: center;\"><span style=\"font-size: xx-large; font-family: Arvo, sans-serif;\">AME<\/span><\/p>\n<\/h1>\n<h3><span style=\"font-family: Arvo, sans-serif;\"><span style=\"font-size: medium;\">Cos&#039;\u00e8 l&#039;AMS?<\/span><\/span><\/h3>\n<p><span style=\"font-family: Arvo, sans-serif;\"><span style=\"font-size: medium;\">AMS \u00e8 il nome comune del biossido di cloro (ClO2), che viene prodotto quando il clorito di sodio viene miscelato (attivato) con un acido (solitamente acido citrico, un comune estratto di agrumi). Nel 1997 si scopr\u00ec che il biossido di cloro curava rapidamente la malaria.<\/span><\/span><\/p>\n<p><span style=\"font-size: medium; font-family: Arvo, sans-serif;\">Ulteriori ricerche hanno rivelato che molti altri disturbi potrebbero essere migliorati o curati. Esistono numerosi casi aneddotici che mostrano miglioramenti statisticamente significativi e persino cure per cancro, autismo, infezioni, problemi dentali... persino HIV\/AIDS.<\/span><\/p>\n<h3><span style=\"font-size: medium; font-family: Arvo, sans-serif;\">Sembra &quot;troppo bello per essere vero&quot; o come una specie di olio di serpente.<\/span><\/h3>\n<p><span style=\"font-size: medium; font-family: Arvo, sans-serif;\">Questo \u00e8 ci\u00f2 che pensa la maggior parte delle persone all&#039;inizio... fino a quando non approfondiscono e imparano di pi\u00f9 sull&#039;argomento.<\/span><\/p>\n<p><span style=\"font-size: medium; font-family: Arvo, sans-serif;\">Biossido di cloro (ClO2)\u2026 Sembra candeggina o quello che va nella mia piscina<\/span><\/p>\n<p><span style=\"font-size: medium; font-family: Arvo, sans-serif;\">Sebbene nel nome sia presente la parola cloro, \u00e8 molto diverso dalla comune candeggina domestica Clorox o dal cloro per piscine, che sono veleni noti per essere cancerogeni.<\/span><\/p>\n<p><span style=\"font-size: medium; font-family: Arvo, sans-serif;\">Il biossido di cloro funziona in modo diverso dal cloro in quanto distrugge completamente gli agenti patogeni attraverso l&#039;ossidazione e viene esso stesso distrutto nella reazione non lasciando dietro di s\u00e9 nulla che possa accumularsi o causare effetti collaterali. I sottoprodotti sono sale da cucina, atomi di ossigeno scaricati e resti di agenti patogeni morti che vengono facilmente rimossi dal corpo.<\/span><\/p>\n<p><span style=\"font-size: medium; font-family: Arvo, sans-serif;\">-Biossido di cloro = ClO2, Cloro = Cl, Candeggina (ipoclorito di sodio) = NaOCl.<\/span><\/p>\n<p><span style=\"font-size: medium; font-family: Arvo, sans-serif;\">ClO2 non \u00e8 uguale a Cl e non \u00e8 uguale a NaOCl \u2013<\/span><\/p>\n<h3><span style=\"font-size: medium; font-family: Arvo, sans-serif;\">Quali ricerche sono state... o sono in corso sull&#039;AMS?<\/span><\/h3>\n<p><span style=\"font-family: Arvo, sans-serif;\">Un crescente sforzo di base da parte di ricercatori di tutto il mondo ha scoperto che gli AMS possono fornire sorprendenti benefici per la salute se usati correttamente. Questi ricercatori hanno sperimentato su se stessi, sulle loro famiglie e sui loro amici. Le loro scoperte sono rivoluzionarie e la voce si sta diffondendo in tutto il mondo.<\/span><\/p>\n<p><span style=\"font-size: medium; font-family: Arvo, sans-serif;\">Il test sul campo della Croce Rossa<\/span><br \/>\n<span style=\"font-size: medium; font-family: Arvo, sans-serif;\">Nel dicembre del 2012, il Water Reference Center (WRC), un&#039;organizzazione affiliata alla Croce Rossa, ha eseguito un test sul campo documentato in Uganda dove 154 pazienti affetti da malaria sono stati trattati utilizzando clorito di sodio (il componente chiave dell&#039;AMS). Tutti i 154 pazienti sono stati liberati dalla malaria entro 24-48 ore dal trattamento. Il WRC e la Croce Rossa hanno insistito per mantenere nascosti i risultati. Alla fine i risultati sono stati resi pubblici nel maggio 2013 tramite un video amatoriale prodotto da chi ha formato lo staff su come curare la malaria. Purtroppo, il 15 maggio 2013, la Croce Rossa si \u00e8 dissociata nel modo pi\u00f9 deciso dal test e dai suoi risultati. Poco dopo, \u00e8 stato scoperto e pubblicato un video professionale prodotto dal WRC che mostrava i dettagli del test insieme alle entusiastiche dichiarazioni dei funzionari della Croce Rossa.<\/span><\/p>\n<h3><span style=\"font-family: Arvo, sans-serif; font-size: medium;\">Una persona pu\u00f2 farsi male o ammalarsi a causa dell&#039;AMS?<\/span><\/h3>\n<p><span style=\"font-size: medium; font-family: Arvo, sans-serif;\">Il segreto per utilizzare in sicurezza l&#039;AMS (biossido di cloro) \u00e8 sempre quello di utilizzarne piccole quantit\u00e0 e aumentarle lentamente. Qualsiasi cosa pu\u00f2 farti male se usata in modo errato, comprese cose come noccioline, aspirina, ciliegie, ecc. Infatti, 700.000 decessi sono attribuiti ogni anno all&#039;ingestione di prodotti farmaceutici solo negli Stati Uniti. Si stima che milioni di persone abbiano ingerito il biossido di cloro come prodotti chimici per la purificazione dell\u2019acqua, come ossigeno stabilizzato venduto nei negozi di alimenti naturali per 80 anni e come prodotti chimici per la conservazione utilizzati su frutta e verdura, senza che un solo decesso sia stato attribuito al suo utilizzo. Uno studio del 1981 non ha mostrato effetti negativi sugli esseri umani quando si consumano livelli ancora pi\u00f9 elevati di biossido di cloro rispetto a quanto normalmente suggerito dal trattamento con AMS.<\/span><\/p>\n<h3><span style=\"font-family: Arvo, sans-serif; font-size: medium;\">Come viene utilizzato l&#039;AMS e quanto dovrei prenderne?<\/span><\/h3>\n<p><span style=\"font-size: medium; font-family: Arvo, sans-serif;\">La risposta completa a questa domanda va oltre lo scopo di una scheda informativa di una sola pagina. Esistono diversi modi per utilizzare AMS.<\/span><\/p>\n<p><span style=\"font-size: medium; font-family: Arvo, sans-serif;\">La quantit\u00e0, l&#039;applicazione e la frequenza devono essere adattate alla salute del singolo individuo e a ci\u00f2 che si sta cercando di affrontare. Il protocollo AMS pi\u00f9 comune inizia con una goccia di AMS attivato all&#039;ora. Tuttavia, se la persona ha seri problemi di salute, deve stare attenta e andare \u201cbasso e lento\u201d e iniziare con appena \u00bc di goccia all\u2019ora, mentre i principianti non dovrebbero superare le 3 gocce all\u2019ora. Perch\u00e9? Poich\u00e9 l\u2019AMS uccide gli agenti patogeni (attraverso l\u2019ossidazione), le tossine vengono scaricate nel flusso sanguigno con l\u2019aspettativa che il fegato faccia il suo lavoro e le filtri. Qualcuno che \u00e8 malato di solito ha un fegato debole e con prestazioni lente. Se il processo di disintossicazione AMS, o qualsiasi altro processo di disintossicazione, procede troppo velocemente, crea un sovraccarico di tossine derivanti dalla morte degli agenti patogeni (comunemente nota come reazione di Herxheimer).<\/span><\/p>\n<p><span style=\"font-size: medium; font-family: Arvo, sans-serif;\">Ci\u00f2 significa che le tossine vengono scaricate pi\u00f9 velocemente di quanto il fegato riesca ad eliminarle, provocando reazioni come nausea, vomito e\/o diarrea (poich\u00e9 il corpo tenta di smaltire rapidamente le tossine in eccesso con altri mezzi). I critici hanno affermato che nausea, vomito e diarrea sono effetti collaterali \u201cpericolosi\u201d dell\u2019uso dell\u2019AMS. In generale sono evitabili con l\u2019uso corretto dell\u2019AMS e riducendoli<\/span><\/p>\n<p><span style=\"font-size: medium; font-family: Arvo, sans-serif;\">e lento. Tuttavia, le penicilline, considerate \u201calcuni dei farmaci meno tossici conosciuti\u201d, possono produrre diarrea, nausea, vomito e disturbi di stomaco. In rari casi le penicilline possono causare reazioni allergiche immediate e ritardate, in particolare eruzioni cutanee, febbre e shock anafilattico.6 La maggior parte dei critici e dei medici accetta l&#039;uso routinario di antibiotici, anche se questi stessi effetti collaterali &quot;pericolosi&quot; sono spesso notati con tale uso di antibiotici.<\/span><\/p>\n<h3><span style=\"font-size: medium; font-family: Arvo, sans-serif;\">Chi dovrebbe utilizzare AMS?<\/span><\/h3>\n<p><span style=\"font-size: medium; font-family: Arvo, sans-serif;\">La risposta a questa domanda dipende da vari fattori. Sei il tipo di persona che si assume la responsabilit\u00e0 della propria salute? Oppure preferisci affidare la tua salute a un medico? L&#039;AMS richiede che tu ascolti il tuo corpo e capisca cosa sta dicendo. Il modo in cui reagisci all&#039;AMS dipende dai tuoi problemi di salute e dalla capacit\u00e0 del tuo corpo (in particolare fegato e reni) di espellere le tossine.<\/span><\/p>\n<h3><span style=\"font-size: medium; font-family: Arvo, sans-serif;\">Cosa dicono i medici dell\u2019AMS?<\/span><\/h3>\n<p><span style=\"font-size: medium; font-family: Arvo, sans-serif;\">Se lo chiedi al medico medio, molto probabilmente sa poco dell\u2019AMS e la maggior parte non ne ha mai sentito parlare, anche se la situazione sta cambiando rapidamente. Ci sono un numero crescente di medici e operatori sanitari che lo utilizzano nei paesi del terzo mondo con risultati molto incoraggianti.<\/span><br \/>\n<span style=\"font-size: medium; font-family: Arvo, sans-serif;\">Sfortunatamente, ci\u00f2 che i medici possono prescrivere (e dire) negli Stati Uniti e in altri paesi del primo mondo \u00e8 molto controllato, anche se alcuni ne parleranno positivamente in via ufficiosa.<\/span><\/p>\n<h3><span style=\"font-size: medium; font-family: Arvo, sans-serif;\">Cosa dicono i medici dell\u2019AMS?<\/span><\/h3>\n<p><span style=\"font-size: medium; font-family: Arvo, sans-serif;\">Se lo chiedi al medico medio, molto probabilmente sa poco dell\u2019AMS e la maggior parte non ne ha mai sentito parlare, anche se la situazione sta cambiando rapidamente. Ci sono un numero crescente di medici e operatori sanitari che lo utilizzano nei paesi del terzo mondo con risultati molto incoraggianti.<\/span><br \/>\n<span style=\"font-size: medium; font-family: Arvo, sans-serif;\">Sfortunatamente, ci\u00f2 che i medici possono prescrivere (e dire) negli Stati Uniti e in altri paesi del primo mondo \u00e8 molto controllato, anche se alcuni ne parleranno positivamente in via ufficiosa.<\/span><\/p>\n<h3><span style=\"font-size: medium; font-family: Arvo, sans-serif;\">Chi lotta CONTRO l\u2019AMS?<\/span><\/h3>\n<p><span style=\"font-size: medium; font-family: Arvo, sans-serif;\">AMS sfida il cuore dell\u2019establishment medico, inclusa Big Pharma. Ovviamente, se AMS \u00e8 ci\u00f2 che afferma di essere, ci\u00f2 avr\u00e0 un impatto sui profitti della pi\u00f9 grande industria del mondo. \u00c8 noto che la lobby di Big Pharma esercita un&#039;influenza significativa sulla FDA (Food &amp; Drug Administration) statunitense. In effetti, la FDA sta perseguendo legalmente Daniel Smith del Project GreenLife, una societ\u00e0 di vendita per corrispondenza che ha fornito AMS fino a quando non \u00e8 stata perquisita e chiusa.<\/span><\/p>\n<h3><span style=\"font-size: medium; font-family: Arvo, sans-serif;\">Chi sta combattendo PER AMS?<\/span><\/h3>\n<p><span style=\"font-family: Arvo, sans-serif; font-size: medium;\">L&#039;US Observer, una nota fonte di notizie investigative online e cartacee che aiuta le vittime innocenti di false accuse, ha deciso di difendere Daniel Smith contro la FDA. Naturalmente, ci sono cittadini indipendenti in tutto il mondo che sono interessati ad una salute e ad una guarigione economicamente vantaggiosa per se stessi e le loro famiglie. Queste persone non hanno paura di provare qualcosa di non convenzionale o<\/span><br \/>\n<span style=\"font-family: Arvo, sans-serif; font-size: medium;\"> non provato. Ci sono molti professionisti medici che hanno scoperto il valore dell&#039;MMS e lo stanno utilizzando nei paesi del terzo mondo per curare i pazienti, se stessi e le loro famiglie. Queste persone non hanno paura di provare qualcosa di non convenzionale.<\/span><\/p>\n<h3><span style=\"font-size: medium; font-family: Arvo, sans-serif;\">Dove posso trovare testimonianze di persone reali che hanno utilizzato AMS?<\/span><\/h3>\n<p><span style=\"font-size: medium; font-family: Arvo, sans-serif;\">Internet \u00e8 saturo di testimonianze da tutto il mondo. Puoi anche trovare molti forum che discutono di AMS. Curezone.org ha condotto un sondaggio su centinaia di utenti. I risultati hanno rivelato che circa 80% degli utenti hanno avuto benefici positivi.<\/span><\/p>\n<h3><span style=\"font-size: medium; font-family: Arvo, sans-serif;\">Chi c\u2019\u00e8 dietro questa scheda informativa dell\u2019AMS e perch\u00e9?<\/span><\/h3>\n<p><span style=\"font-family: Arvo, sans-serif; font-size: medium;\">Un gruppo di privati cittadini di tutto il mondo che vogliono che la verit\u00e0 venga fuori mentre si sparge la voce. L&#039;intento di questa scheda informativa \u00e8 quello di fornirti le informazioni di base sufficienti per effettuare ulteriori ricerche, evidenziando al contempo la controversia in corso, in modo da renderti pi\u00f9 facile rimanere obiettivo. Le informazioni minime fornite qui sono solo la superficie. Vi invitiamo a considerare le possibili motivazioni di tutte le parti e a trarre le vostre conclusioni.<\/span><\/p>\n<hr>\n<h1>\n<p style=\"text-align: center;\"><span style=\"font-size: xx-large; font-family: Arvo, sans-serif;\">Vantaggi dell&#039;AMS<\/span><\/p>\n<\/h1>\n<p><span style=\"font-size: medium; font-family: Arvo, sans-serif;\">Secondo le opinioni dei medici questo \u00e8 ci\u00f2 che sembra accadere nel corpo quando viene ingerito l&#039;AMS.<\/span><\/p>\n<h3><span style=\"font-size: medium; font-family: Arvo, sans-serif;\">Organismi distrutti<\/span><\/h3>\n<p><span style=\"font-size: medium; font-family: Arvo, sans-serif;\">L&#039;AMS distrugge i microrganismi, inclusi virus, batteri, funghi,<\/span> <span style=\"font-size: medium; font-family: Arvo, sans-serif;\">muffe, lieviti e parassiti che causano varie malattie. Virus<\/span> <span style=\"font-size: medium; font-family: Arvo, sans-serif;\">vengono uccisi da un meccanismo diverso rispetto ai batteri e a tutti gli altri <\/span><span style=\"font-size: medium; font-family: Arvo, sans-serif;\">microrganismi: l&#039;AMS impedisce la formazione di proteine speciali<\/span> <span style=\"font-size: medium; font-family: Arvo, sans-serif;\">necessario per la crescita virale, causando cos\u00ec la distruzione del virus.<\/span> <span style=\"font-size: medium; font-family: Arvo, sans-serif;\">L&#039;uccisione di organismi patogeni avviene generalmente tra<\/span> <span style=\"font-size: medium; font-family: Arvo, sans-serif;\">4 ore e 4 settimane, ma spesso meno di una settimana. Questo \u00e8 vero per<\/span> <span style=\"font-size: medium; font-family: Arvo, sans-serif;\">tutte le forme di infezione e altri microrganismi, nonch\u00e9 il sangue<\/span> <span style=\"font-size: medium; font-family: Arvo, sans-serif;\">malattie come la leucemia.<\/span><\/p>\n<h3><span style=\"font-family: Arvo, sans-serif; font-size: medium;\"><span style=\"font-size: medium;\">Metalli pesanti ossidati<\/span> <\/span><\/h3>\n<p><span style=\"font-family: Arvo, sans-serif; font-size: medium;\">L&#039;AMS ossida i metalli pesanti nel corpo. Lo credo perch\u00e9 sono stati effettuati numerosi test in cui sono state controllate le radici dei capelli di una persona prima e dopo l&#039;assunzione di AMS. Circa due settimane dopo, i metalli pesanti erano scomparsi, inclusi mercurio, piombo e altri. Testare le radici dei capelli \u00e8 un buon indicatore dell&#039;assenza o della presenza di metalli pesanti. L&#039;ossidazione dei metalli pesanti non \u00e8 la stessa cosa della chelazione ma i risultati sono gli stessi. Quando un metallo pesante viene ossidato, viene neutralizzato e viene semplicemente eliminato dal corpo.<\/span><\/p>\n<h3><span style=\"font-size: medium; font-family: Arvo, sans-serif;\">Neutralizzazione dei corpi estranei<\/span><\/h3>\n<p><span style=\"font-size: medium; font-family: Arvo, sans-serif;\">L&#039;AMS viene trasportato in tutto il corpo, dove neutralizza i corpi estranei generalmente velenosi. Quando ossidati, i veleni vengono neutralizzati e vengono semplicemente eliminati dal corpo. Quasi tutto il materiale velenoso si ossida facilmente. Questi veleni sono attaccati in vari punti e ostacolano la funzione del corpo. Man mano che vengono ossidati, vengono staccati e lavati via dal corpo come i metalli pesanti.<\/span><\/p>\n<h3><span style=\"font-size: medium; font-family: Arvo, sans-serif;\">Veleni neutralizzati<\/span>&lt;\/h3\n\n<span>La maggior parte dei veleni provenienti dai serpenti e da altri animali velenosi vengono ossidati quando vengono assunte quantit\u00e0 adeguate di AMS. La maggior parte dei veleni alimentari trovati nei ristoranti o nel frigorifero sono ossidati, motivo per cui si dovrebbe assumere una dose ogni 15 minuti quando sono coinvolti veleni di serpenti o intossicazioni alimentari.<\/span>.<\/p>\n<h3><span style=\"font-size: medium; font-family: Arvo, sans-serif;\">Ustioni guarite<\/span><\/h3>\n<p><span style=\"font-size: medium; font-family: Arvo, sans-serif;\">I veleni generati dalle ustioni, in particolare quelle di tipo 3, vengono neutralizzati se coperti immediatamente (o anche entro poche ore) con AMS inattivato (NaClO2). NaClO2 non deve essere lasciato acceso per pi\u00f9 di 5 minuti. Successivamente deve essere risciacquato con acqua. Questo pu\u00f2 essere fatto due volte per un totale di AMS inattivato (NaClo2) sull&#039;ustione per 10 minuti, non di pi\u00f9 nella maggior parte dei casi. Ma finch\u00e9 c&#039;\u00e8 dolore, si pu\u00f2 continuare a mettere l&#039;AMS inattivato (NaClo2) sull&#039;ustione per brevi periodi, ma mai pi\u00f9 di 5 minuti. Ustioni guarite I veleni generati dalle ustioni, in particolare quelle di tipo 3, vengono neutralizzati se coperti immediatamente (o anche entro poche ore) con AMS inattivato (NaClO2). NaClO2 non deve essere lasciato acceso per pi\u00f9 di 5 minuti. Successivamente deve essere risciacquato con acqua. Questo pu\u00f2 essere fatto due volte per un totale di AMS inattivato (NaClo2) sull&#039;ustione per 10 minuti, non di pi\u00f9 nella maggior parte dei casi. Ma finch\u00e9 c&#039;\u00e8 dolore, si pu\u00f2 continuare a mettere l&#039;AMS inattivato (NaClo2) sull&#039;ustione per brevi periodi, ma mai pi\u00f9 di 5 minuti.<\/span><\/p><\/h3>","protected":false},"excerpt":{"rendered":"<p>AMS What is AMS? AMS is the common name for Chlorine Dioxide (ClO2), which is produced when Sodium Chlorite is mixed (activated) with an acid (usually citric acid\u2014a common citrus fruit extract). In 1997, it was discovered that Chlorine Dioxide quickly cured malaria. Further research revealed that many other ailments could either be improved or [&#8230;]\n","protected":false},"author":34,"featured_media":0,"parent":0,"menu_order":0,"comment_status":"closed","ping_status":"closed","template":"","meta":{"ngg_post_thumbnail":0,"footnotes":""},"class_list":["post-595","page","type-page","status-publish","hentry"],"_links":{"self":[{"href":"https:\/\/laubeholistic.com\/it\/wp-json\/wp\/v2\/pages\/595","targetHints":{"allow":["GET"]}}],"collection":[{"href":"https:\/\/laubeholistic.com\/it\/wp-json\/wp\/v2\/pages"}],"about":[{"href":"https:\/\/laubeholistic.com\/it\/wp-json\/wp\/v2\/types\/page"}],"author":[{"embeddable":true,"href":"https:\/\/laubeholistic.com\/it\/wp-json\/wp\/v2\/users\/34"}],"replies":[{"embeddable":true,"href":"https:\/\/laubeholistic.com\/it\/wp-json\/wp\/v2\/comments?post=595"}],"version-history":[{"count":24,"href":"https:\/\/laubeholistic.com\/it\/wp-json\/wp\/v2\/pages\/595\/revisions"}],"predecessor-version":[{"id":7271,"href":"https:\/\/laubeholistic.com\/it\/wp-json\/wp\/v2\/pages\/595\/revisions\/7271"}],"wp:attachment":[{"href":"https:\/\/laubeholistic.com\/it\/wp-json\/wp\/v2\/media?parent=595"}],"curies":[{"name":"wp","href":"https:\/\/api.w.org\/{rel}","templated":true}]}}