{"id":26,"date":"2014-09-15T10:35:19","date_gmt":"2014-09-15T10:35:19","guid":{"rendered":"http:\/\/www.harmonikdesign.com\/activatedmineralsolution\/?page_id=26"},"modified":"2022-10-20T15:47:15","modified_gmt":"2022-10-20T15:47:15","slug":"protocols-and-manuals","status":"publish","type":"page","link":"https:\/\/laubeholistic.com\/it\/protocols-and-manuals\/","title":{"rendered":"Protocolli e Manuali"},"content":{"rendered":"<h4 class=\"pdfdocument\"><span style=\"color: #000000;\"><strong>Funzione e comprensione dell&#039;AMS<\/strong><\/span><\/h4>\n<div class=\"pdfdocument\">\n<p><span style=\"color: #000000;\">Cos&#039;\u00e8 l&#039;AMS e come funziona nel nostro organismo?&nbsp; <\/span><span style=\"color: #000000;\">Questo opuscolo ti fornir\u00e0 una spiegazione facile da seguire del funzionamento e della comprensione di AMS.<\/span><\/p>\n<p><a href=\"https:\/\/laubeholistic.com\/wp-content\/uploads\/AMS-Booklet-ENG.pdf\"><span style=\"color: #0000ff;\">Scarica in INGLESE<\/span><\/a><\/p>\n<p><a href=\"https:\/\/laubeholistic.com\/wp-content\/uploads\/Funcion_comprension_ESP_compressed.pdf\"><span style=\"color: #0000ff;\">Scarica in ESPA\u00d1OL<\/span><\/a><\/p>\n<\/div>\n<h4>&nbsp;<\/h4>\n<h4 class=\"pdfdocument\"><span style=\"color: #000000;\"><strong>Libretto Manuale dell&#039;AMS<br \/>\n<\/strong><\/span><\/h4>\n<div class=\"pdfdocument\">\n<p><span style=\"color: #000000;\">Il libretto del manuale AMS spiegher\u00e0 tutto ci\u00f2 che devi sapere su COME utilizzare e applicare AMS. Ti fornir\u00e0 tutte le informazioni necessarie per preparare il corretto dosaggio di AMS da bere o da applicare localmente.<\/span><\/p>\n<p><span style=\"color: #0000ff;\"><a class=\"pdf\" style=\"color: #0000ff;\" href=\"https:\/\/laubeholistic.com\/wp-content\/uploads\/ams_booklet_eng_new.pdf\">Scarica in INGLESE<\/a><\/span><\/p>\n<\/div>\n<h4>&nbsp;<\/h4>\n<h4><span style=\"color: #000000;\"><strong>Protocollo 1000<\/strong><\/span><\/h4>\n<p><span style=\"color: #0000ff;\"><a class=\"pdf\" style=\"color: #0000ff;\" href=\"https:\/\/laubeholistic.com\/wp-content\/uploads\/PDF-Protocol-1000.pdf\">Scarica in INGLESE<\/a><\/span><\/p>\n<p><span style=\"color: #0000ff;\"><a style=\"color: #0000ff;\" href=\"https:\/\/laubeholistic.com\/wp-content\/uploads\/PDF-ESP-Protocolo-1000.pdf\">Scarica in ESPA\u00d1OL<\/a><\/span><\/p>\n<h4>&nbsp;<\/h4>\n<h4><span style=\"color: #000000;\"><strong>Protocollo 1000+ con DMSO&nbsp;<\/strong><\/span><\/h4>\n<p><span style=\"color: #0000ff;\"><a style=\"color: #0000ff;\" href=\"https:\/\/laubeholistic.com\/wp-content\/uploads\/PDF-Protocol-1000-ENG.pdf\">Scarica in INGLESE<\/a><\/span><\/p>\n<div class=\"pdfdocument\">\n<h4>&nbsp;<\/h4>\n<h4><span style=\"color: #000000;\"><strong>Gestione del gusto&nbsp;<\/strong><\/span><\/h4>\n<p><span style=\"color: #000000;\">Una volta sperimentata la semplicit\u00e0 e il vantaggio di farlo, i metodi secondari per gestire il gusto non saranno pi\u00f9 necessari. Ci sono state letteralmente centinaia, se non migliaia, di persone che hanno iniziato dicendo: &quot;Oh, non mi dispiace il gusto dell&#039;AMS&quot;, e poi diverse settimane dopo si sono sentite male semplicemente pensando o parlandone. . Se questo \u00e8 il tuo caso, fai clic sul collegamento di download riportato di seguito per trovare una soluzione.<\/span><\/p>\n<p><span style=\"color: #0000ff;\"><a class=\"pdf\" style=\"color: #0000ff;\" href=\"https:\/\/laubeholistic.com\/wp-content\/uploads\/2014\/10\/Taste-Management.pdf\">Scarica in INGLESE<\/a><\/span><\/p>\n<\/div>\n<h4>&nbsp;<\/h4>\n<h4><span style=\"color: #000000;\"><strong>Protocollo 1000 per gli animali<\/strong><\/span><\/h4>\n<p><span style=\"color: #000000;\">Per prima cosa aggiungere il numero specificato di gocce di AMS in un bicchiere pulito e asciutto.<\/span><\/p>\n<p><span style=\"color: #000000;\">Attivare come segue: Aggiungere una goccia di ATTIVATORE per ogni goccia di AMS nel bicchiere.<\/span><\/p>\n<p><span style=\"color: #000000;\">Agitare o agitare per mescolare. Attendi 30 secondi.<\/span><\/p>\n<p><span style=\"color: #000000;\">Aggiungere 1\/2 in un bicchiere pieno d&#039;acqua o succo e poi dare da bere all&#039;animale.<\/span><\/p>\n<p><span style=\"color: #000000;\">Non utilizzare il succo d&#039;arancia. Non utilizzare succhi con aggiunta di vitamina C o acido ascorbico aggiunto. Non utilizzare succhi concentrati a cui \u00e8 necessaria l&#039;aggiunta di acqua. I succhi freschi sono i migliori.<\/span><\/p>\n<p><span style=\"color: #0000ff;\"><a class=\"pdf\" style=\"color: #0000ff;\" href=\"https:\/\/laubeholistic.com\/wp-content\/uploads\/PDF-Protocol-1000-for-Animals.pdf\" target=\"_blank\" rel=\"noopener noreferrer\">Scarica in INGLESE<\/a><\/span><\/p>\n<p><a href=\"https:\/\/laubeholistic.com\/wp-content\/uploads\/PDF-ESP-Protocolo-1000-Animales.pdf\"><span style=\"color: #0000ff;\">Scarica in ESPA\u00d1OL<\/span><\/a><\/p>\n<h4>&nbsp;<\/h4>\n<h4><span style=\"color: #000000;\"><strong>Protocollo per tutti i tipi di influenza<\/strong><\/span><\/h4>\n<p><span style=\"color: #000000;\">Per prima cosa aggiungere il numero specificato di gocce di AMS in un bicchiere pulito e asciutto.<\/span><\/p>\n<p><span style=\"color: #000000;\">Attivare come segue: Aggiungere una goccia di ATTIVATORE per ogni goccia di AMS nel bicchiere.<\/span><\/p>\n<p><span style=\"color: #000000;\">Agitare o agitare per mescolare. Attendi 30 secondi.<\/span><\/p>\n<p><span style=\"color: #000000;\">Aggiungere 1\/2 a un bicchiere pieno di acqua o succo e poi bere.<\/span><\/p>\n<p><span style=\"color: #000000;\">Non utilizzare il succo d&#039;arancia. Non utilizzare succhi con aggiunta di vitamina C o acido ascorbico aggiunto. Non utilizzare succhi concentrati a cui \u00e8 necessaria l&#039;aggiunta di acqua. I succhi freschi sono i migliori.<\/span><\/p>\n<p><span style=\"color: #0000ff;\"><a class=\"pdf\" style=\"color: #0000ff;\" href=\"https:\/\/laubeholistic.com\/wp-content\/uploads\/PDF-Protocol-for-all-Types-of-Flu.pdf\">Scarica in INGLESE<\/a><\/span><\/p>\n<p><span style=\"color: #0000ff;\"><a style=\"color: #0000ff;\" href=\"https:\/\/laubeholistic.com\/wp-content\/uploads\/PDF-ESP-Protocolo-gripe.pdf\">Scarica in ESPA\u00d1OL<\/a><\/span><\/p>\n<div class=\"pdfdocument\">\n<h4>&nbsp;<\/h4>\n<h4><span style=\"color: #000000;\"><strong>Protocollo 2000&nbsp;<\/strong><\/span><\/h4>\n<p><span style=\"color: #000000;\">Questa procedura prevede l\u2019assunzione di tante gocce di AMS attivato ogni ora quante una persona pu\u00f2 assumere senza ammalarsi, sentirsi peggio o sviluppare diarrea.<\/span><\/p>\n<p><span style=\"color: #000000;\"> Deve essere fatto per 10 ore al giorno, per 3 settimane o finch\u00e9 non sta bene.<\/span><\/p>\n<p><span style=\"color: #000000;\">Si consiglia di iniziare con una sola goccia all&#039;ora e di aumentare rapidamente il numero di gocce che si possono assumere.<\/span><\/p>\n<p><span style=\"color: #0000ff;\"><a class=\"pdf\" style=\"color: #0000ff;\" href=\"https:\/\/laubeholistic.com\/wp-content\/uploads\/PDF-Protocol-2000-for-Cancer.pdf\">Scarica in INGLESE<\/a><\/span><\/p>\n<p><span style=\"color: #0000ff;\"><a style=\"color: #0000ff;\" href=\"https:\/\/laubeholistic.com\/wp-content\/uploads\/PDF-ESP-Protocolo-2000-Cancer.pdf\">Scarica in ESPA\u00d1OL<\/a><\/span><\/p>\n<\/div>\n<div class=\"pdfdocument\">\n<h4>&nbsp;<\/h4>\n<h4><span style=\"color: #000000;\"><strong>Protocollo per la cura della pelle&nbsp;<\/strong><\/span><\/h4>\n<p><span style=\"color: #000000;\">L&#039;uso dell&#039;AMS sulla pelle pu\u00f2 essere molto efficace. Distrugge quasi ogni tipo di disturbo della pelle conosciuto. L&#039;uso dell&#039;AMS pu\u00f2 favorire la guarigione di ustioni e ferite di ogni tipo, spesso in meno della met\u00e0 del tempo medio.<\/span><\/p>\n<p><span style=\"color: #0000ff;\"><a class=\"pdf\" style=\"color: #0000ff;\" href=\"https:\/\/laubeholistic.com\/wp-content\/uploads\/PDF-Protocol-for-Skin-Care.pdf\">Scarica in INGLESE<\/a><\/span><\/p>\n<p><span style=\"color: #0000ff;\"><a style=\"color: #0000ff;\" href=\"https:\/\/laubeholistic.com\/wp-content\/uploads\/PDF-ESP-Protocolo-piel.pdf\">Scarica in ESPA\u00d1OL<\/a><\/span><\/p>\n<\/div>\n<div class=\"pdfdocument\">\n<h4>&nbsp;<\/h4>\n<h4><span style=\"color: #000000;\"><strong>Protocollo per le vittime di ustioni<\/strong><\/span><\/h4>\n<p><span style=\"color: #000000;\">Qualsiasi ustione deve essere spruzzata con AMS a piena forza (NaClO2), con <strong>nessun attivatore aggiunto. <\/strong>Utilizzare direttamente da un piccolo flacone spray. <strong>Non aggiungere il <em>Attivatore<\/em><\/strong>. Se non disponi di un flacone spray, applica l&#039;AMS a piena forza (NaClO2) direttamente sull&#039;ustione assicurandoti che l&#039;area sia impregnata di AMS a tutta forza (NaClO2). Lasciare l&#039;AMS sulla bruciatura per un minuto, quindi risciacquare. Se il dolore persiste o ritorna, ripetere per un altro minuto assicurandosi di risciacquare il prodotto dalla pelle al termine del trattamento.<\/span><\/p>\n<p><span style=\"color: #0000ff;\"><a class=\"pdf\" style=\"color: #0000ff;\" href=\"https:\/\/laubeholistic.com\/wp-content\/uploads\/PDF-Protocol-for-burn-Victims.pdf\" target=\"_blank\" rel=\"noopener noreferrer\">Scarica in INGLESE<\/a><\/span><\/p>\n<\/div>\n<h4>&nbsp;<\/h4>\n<h4><span style=\"color: #000000;\"><strong>Il Protocollo Sacramentale del Vaccino<\/strong><\/span><\/h4>\n<p><a href=\"https:\/\/laubeholistic.com\/wp-content\/uploads\/PDF-Protocol-for-Vaccine.pdf\"><span style=\"color: #0000ff;\">Scarica in INGLESE<\/span><\/a><\/p>\n<h4>&nbsp;<\/h4>\n<h4 class=\"pdfdocument\"><span style=\"color: #000000;\"><strong>Protocollo per un bagno AMS<\/strong><\/span><\/h4>\n<p><span style=\"color: #000000;\">Oltre ad assumere dosi orali di AMS, \u00e8 possibile assorbire l\u2019AMS attraverso la pelle, direttamente nel muscolo sottostante. Mentre le dosi orali forniscono gas Cl02 principalmente ai globuli rossi, l\u2019AMS che penetra attraverso la pelle fornisce gas Cl02 direttamente al plasma liquido del sangue.<\/span><\/p>\n<p><a class=\"pdf\" href=\"https:\/\/laubeholistic.com\/wp-content\/uploads\/PDF-Protocol-for-a-Bath.pdf\" target=\"_blank\" rel=\"noopener noreferrer\"><span style=\"color: #0000ff;\">Scarica in INGLESE<\/span><\/a><\/p>\n<p><span style=\"color: #0000ff;\"><a style=\"color: #0000ff;\" href=\"https:\/\/laubeholistic.com\/wp-content\/uploads\/PDF-ESP-Protocolo-Bano.pdf\">Scarica in ESPA\u00d1OL<\/a><\/span><\/p>\n<h4>&nbsp;<\/h4>\n<h4 class=\"pdfdocument\"><span style=\"color: #000000;\"><strong>Passaggi della procedura del protocollo DMSO<\/strong><\/span><\/h4>\n<p class=\"pdfdocument\"><span style=\"color: #0000ff;\"><a class=\"pdf\" style=\"color: #0000ff;\" href=\"https:\/\/laubeholistic.com\/wp-content\/uploads\/2014\/10\/DMSO-PROTOCOL-Procedure-Steps.pdf\" target=\"_blank\" rel=\"noopener noreferrer\">Scarica in INGLESE<\/a><\/span><\/p>\n<h4>&nbsp;<\/h4>\n<h4 class=\"pdfdocument\"><span style=\"color: #000000;\"><strong>Protocollo 3000<\/strong><\/span><\/h4>\n<p><span style=\"color: #0000ff;\"><a class=\"pdf\" style=\"color: #0000ff;\" href=\"https:\/\/laubeholistic.com\/wp-content\/uploads\/PDF-Protocol-3000-with-DMSO.pdf\" target=\"_blank\" rel=\"noopener noreferrer\">Scarica in INGLESE<\/a><\/span><\/p>\n<p><span style=\"color: #0000ff;\"><a style=\"color: #0000ff;\" href=\"https:\/\/laubeholistic.com\/wp-content\/uploads\/PDF-ESP-Protocolo-3000-DMSO.pdf\">Scarica in ESPA\u00d1OL<\/a><\/span><\/p>\n<div class=\"pdfdocument\">\n<h4>&nbsp;<\/h4>\n<h4><span style=\"color: #000000;\"><strong>Protocollo EBOLA<\/strong><\/span><\/h4>\n<p><span style=\"color: #0000ff;\"><a class=\"pdf\" style=\"color: #0000ff;\" href=\"https:\/\/laubeholistic.com\/wp-content\/uploads\/PDF-Protocol-for-Ebola.pdf\" target=\"_blank\" rel=\"noopener noreferrer\">Scarica in INGLESE<\/a><\/span><\/p>\n<h4>&nbsp;<\/h4>\n<h4><strong><span style=\"color: #000000;\">Protocollo CORONA<\/span><\/strong><\/h4>\n<\/div>\n<p class=\"pdfdocument\"><span style=\"color: #0000ff;\"><a style=\"color: #0000ff;\" href=\"https:\/\/laubeholistic.com\/wp-content\/uploads\/PDF-Protocol-Corona-ENG_ESP.pdf\">D<span style=\"color: #0000ff;\">proprio carico in INGLESE<\/span><\/a><\/span><\/p>\n<p class=\"pdfdocument\"><span style=\"color: #0000ff;\"><a style=\"color: #0000ff;\" href=\"https:\/\/laubeholistic.com\/wp-content\/uploads\/PDF-Protocol-Corona-ENG_ESP.pdf\"><span style=\"color: #0000ff;\">Scarica in ESPA\u00d1OL<\/span><\/a><\/span><\/p>\n<h4>&nbsp;<\/h4>\n<h4><span style=\"color: #000000;\"><strong>Istruzioni per la preparazione del T\u00e8 ESSIAC<\/strong><\/span><\/h4>\n<p><span style=\"color: #0000ff;\"><a style=\"color: #0000ff;\" href=\"https:\/\/laubeholistic.com\/wp-content\/uploads\/Essiac-Tea-Instruction-ENG.pdf\">Scarica in INGLESE<\/a><\/span><\/p>\n<h4>&nbsp;<\/h4>\n<h4><span style=\"color: #000000;\"><strong>Autismo di Andreas Kalcker<\/strong><\/span><\/h4>\n<p><span style=\"color: #0000ff;\"><a style=\"color: #0000ff;\" href=\"https:\/\/laubeholistic.com\/wp-content\/uploads\/Autism_by_Andreas_Kalcker.pdf\">Scarica in INGLESE<\/a><\/span><\/p>\n<h4>&nbsp;<\/h4>\n<h4><span style=\"color: #000000;\"><strong>Protocollo CDS C (101)<br \/>\n<\/strong><\/span><\/h4>\n<p><span style=\"color: #0000ff;\"><a style=\"color: #0000ff;\" href=\"https:\/\/laubeholistic.com\/wp-content\/uploads\/PDF-Protocol-C-ENG.pdf\">Scarica in INGLESE<\/a><\/span><\/p>\n<p><a href=\"https:\/\/laubeholistic.com\/wp-content\/uploads\/PDF_CDS_Protocol_C_esp.pdf\"><span style=\"color: #0000ff;\">Scarica in ESPA\u00d1OL<\/span><\/a><\/p>\n<h4>&nbsp;<\/h4>\n<h4><span style=\"color: #000000;\"><strong>CDS Protocollo D: come in Dermatologia<\/strong><\/span><\/h4>\n<p><span style=\"color: #0000ff;\"><a style=\"color: #0000ff;\" href=\"https:\/\/laubeholistic.com\/wp-content\/uploads\/PDF-Protocol-D-ENG.pdf\">Scarica in INGLESE<\/a><\/span><\/p>\n<p><span style=\"color: #0000ff;\"><a style=\"color: #0000ff;\" href=\"https:\/\/laubeholistic.com\/wp-content\/uploads\/PDF-CDS-Protocol-D-ESP.pdf\"><span style=\"color: #0000ff;\">Scarica in ESPA\u00d1OL<\/span><\/a><\/span><\/p>\n<h4>&nbsp;<\/h4>\n<h4><span style=\"color: #000000;\"><strong>CDS Protocollo E: come nei Clisteri<\/strong><\/span><\/h4>\n<p><span style=\"color: #0000ff;\"><a style=\"color: #0000ff;\" href=\"https:\/\/laubeholistic.com\/wp-content\/uploads\/PDF-Protocol-E-ENG.pdf\">Scarica in INGLESE<\/a><\/span><\/p>\n<p><span style=\"color: #0000ff;\"><a style=\"color: #0000ff;\" href=\"https:\/\/laubeholistic.com\/wp-content\/uploads\/PDF-CDS-Protocol-E-ESP.pdf\">Scarica in ESPA\u00d1OL<\/a><\/span><\/p>\n<h4>&nbsp;<\/h4>\n<h4><span style=\"color: #000000;\"><strong>Protocollo CDS F: come in Frequent<br \/>\n<\/strong><\/span><\/h4>\n<p><span style=\"color: #0000ff;\"><a style=\"color: #0000ff;\" href=\"https:\/\/laubeholistic.com\/wp-content\/uploads\/PDF-Protocol-F-ENG.pdf\">Scarica in INGLESE<\/a><\/span><\/p>\n<p><span style=\"color: #0000ff;\"><a style=\"color: #0000ff;\" href=\"https:\/\/laubeholistic.com\/wp-content\/uploads\/PDF-CDS-Protocol-F-ESP.pdf\">Scarica in ESPA\u00d1OL<\/a><\/span><\/p>\n<h4>&nbsp;<\/h4>\n<h4><span style=\"color: #000000;\"><strong>Protocollo CDS T: come in Terminal<\/strong><\/span><\/h4>\n<p><span style=\"color: #0000ff;\"><a style=\"color: #0000ff;\" href=\"https:\/\/laubeholistic.com\/wp-content\/uploads\/PDF-CDS-Protocol-T.pdf\">Scarica in INGLESE<\/a><\/span><\/p>\n<p>&nbsp;<\/p>\n<h4><span style=\"color: #000000;\"><strong>Protocollo CDS K: come nel Kit con DMSO<\/strong><\/span><\/h4>\n<p><a href=\"https:\/\/laubeholistic.com\/wp-content\/uploads\/PDF-CDS-Protocol-K-eng.pdf\"><span style=\"color: #0000ff;\">Scarica in INGLESE<\/span><\/a><\/p>\n<h4>&nbsp;<\/h4>\n<h4><strong><span style=\"color: #000000;\">Protocollo CDS P: come in Parasites<\/span><\/strong><\/h4>\n<p><span style=\"color: #0000ff;\"><a style=\"color: #0000ff;\" href=\"https:\/\/laubeholistic.com\/wp-content\/uploads\/PDF-CDS-Protocol-P-eng.pdf\">Scarica in INGLESE<\/a><\/span><\/p>\n<p>&nbsp;<\/p>","protected":false},"excerpt":{"rendered":"<p>Function &amp; Understanding of AMS What is AMS and how does it work in our body?&nbsp; This booklet will give you an easy-to-follow explanation of the function and understanding of AMS. Download in ENGLISH Descargar en ESPA\u00d1OL &nbsp; Manual Booklet of AMS The AMS Manual Booklet will explain everything you need to know about HOW [&#8230;]\n","protected":false},"author":34,"featured_media":0,"parent":0,"menu_order":0,"comment_status":"closed","ping_status":"closed","template":"","meta":{"ngg_post_thumbnail":0,"footnotes":""},"class_list":["post-26","page","type-page","status-publish","hentry"],"_links":{"self":[{"href":"https:\/\/laubeholistic.com\/it\/wp-json\/wp\/v2\/pages\/26","targetHints":{"allow":["GET"]}}],"collection":[{"href":"https:\/\/laubeholistic.com\/it\/wp-json\/wp\/v2\/pages"}],"about":[{"href":"https:\/\/laubeholistic.com\/it\/wp-json\/wp\/v2\/types\/page"}],"author":[{"embeddable":true,"href":"https:\/\/laubeholistic.com\/it\/wp-json\/wp\/v2\/users\/34"}],"replies":[{"embeddable":true,"href":"https:\/\/laubeholistic.com\/it\/wp-json\/wp\/v2\/comments?post=26"}],"version-history":[{"count":54,"href":"https:\/\/laubeholistic.com\/it\/wp-json\/wp\/v2\/pages\/26\/revisions"}],"predecessor-version":[{"id":7776,"href":"https:\/\/laubeholistic.com\/it\/wp-json\/wp\/v2\/pages\/26\/revisions\/7776"}],"wp:attachment":[{"href":"https:\/\/laubeholistic.com\/it\/wp-json\/wp\/v2\/media?parent=26"}],"curies":[{"name":"wp","href":"https:\/\/api.w.org\/{rel}","templated":true}]}}