{"id":220,"date":"2012-05-11T19:18:26","date_gmt":"2012-05-11T19:18:26","guid":{"rendered":"https:\/\/laubeholistic.com\/?page_id=220"},"modified":"2023-01-12T12:43:48","modified_gmt":"2023-01-12T12:43:48","slug":"terms","status":"publish","type":"page","link":"https:\/\/laubeholistic.com\/it\/terms\/","title":{"rendered":"Termini &amp; Condizioni"},"content":{"rendered":"<h1>Termini &amp; Condizioni<\/h1>\n<p>I prodotti e le affermazioni fatte su prodotti specifici su o attraverso questo sito non sono stati valutati dalla Food and Drug Administration statunitense e non sono destinati a diagnosticare, trattare, curare o prevenire malattie. Le informazioni fornite in questo sito sono solo a scopo informativo e non sono intese come sostitutive del consiglio del medico o di altro operatore sanitario o di qualsiasi informazione contenuta su o in qualsiasi etichetta o confezione del prodotto. Non \u00e8 necessario utilizzare le informazioni contenute in questo sito per la diagnosi o il trattamento di qualsiasi problema di salute o per la prescrizione di farmaci o altri trattamenti. Dovresti consultare un operatore sanitario prima di iniziare qualsiasi dieta, esercizio fisico o programma di integrazione, prima di assumere qualsiasi farmaco o se hai o sospetti di avere un problema di salute.<\/p>\n<p><em>Laube Olistico<\/em> non dispensa consigli medici, prescrive o diagnostica malattie. Eventuali opinioni e idee espresse da <em>Laube Olistico<\/em> non sono destinati a sostituire la consulenza o il servizio medico convenzionale. L&#039;utente accetta che nessuna responsabilit\u00e0 sar\u00e0 sostenuta nei confronti di qualsiasi persona o entit\u00e0 in relazione a eventuali perdite, danni o lesioni causate o presumibilmente causate direttamente o indirettamente dalle informazioni contenute in questo sito. Se soffri di una condizione medica grave, consulta un operatore sanitario autorizzato.<\/p>\n<p>Il proprietario di questo sito Web non \u00e8 un medico autorizzato o un operatore sanitario e non deve essere considerato o contattato come tale e le dichiarazioni di disturbo o supporto di malattia non sono fornite dal proprietario di questo sito Web poich\u00e9 \u00e8 illegale farlo.<\/p>\n<p>Nota anche; questo sito web contiene collegamenti ad altri siti web gestiti da terzi. Questi collegamenti sono forniti solo per comodit\u00e0 e riferimento. Il proprietario di questo sito Web non \u00e8 responsabile del contenuto o dei prodotti di eventuali siti collegati o dei collegamenti in essi contenuti. I siti Web e i video a cui sono collegati da <em>Laube Olistico<\/em> rappresentano esclusivamente le opinioni dei loro produttori. I collegamenti a questi siti Web e video vengono messi a disposizione dell&#039;utente come risorsa per la propria ricerca e valutazione e non come approvazione.<\/p>\n<p><strong>Politica di rimborso<\/strong><\/p>\n<p>La nostra polizza \u00e8 valida per un periodo di 30 giorni di calendario dalla data di acquisto. Se desideri restituire il prodotto per un rimborso durante questo periodo, puoi farlo purch\u00e9 siano soddisfatte le condizioni seguenti. Tieni presente che se il periodo di 30 giorni \u00e8 trascorso, purtroppo non possiamo offrirti un rimborso.<\/p>\n<p>Requisiti di rimborso<\/p>\n<p>Per poter beneficiare di un rimborso devono essere soddisfatti i seguenti criteri:<\/p>\n<p>\u2013 Il prodotto \u00e8 difettoso<br \/>\n\u2013 Il prodotto non \u00e8 come descritto<br \/>\n\u2013 Il prodotto deve essere inutilizzato<br \/>\n\u2013 Il prodotto non deve essere danneggiato<\/p>\n<p>Al fine di garantire che i criteri di cui sopra siano stati soddisfatti, tutti i resi verranno ispezionati. Se il prodotto non soddisfa i criteri elencati, ci riserviamo il diritto di non emettere un rimborso.<\/p>\n<p>Prova d&#039;acquisto<\/p>\n<p>Per completare il rimborso, abbiamo bisogno di una ricevuta, di un ordine di acquisto o di un&#039;altra prova di acquisto. Tieni presente che senza la suddetta prova d&#039;acquisto, non emetteremo un rimborso ma ti forniremo invece un credito del negozio.<\/p>\n<p>Articoli di spedizione<\/p>\n<p>Per restituire un ordine, devi prima contattarci.<\/p>\n<p>I resi possono essere spediti a: Calle Benasau 1, bajo locale. Sarai responsabile del pagamento delle spese di spedizione relative agli articoli che desideri restituire. Non rimborseremo le spese di spedizione sostenute dal cliente per la consegna dei prodotti.<\/p>\n<p>\u00c8 necessario assicurarsi che la merce sia adeguatamente imballata in modo che non venga danneggiata durante il trasporto. Se il prodotto viene trovato danneggiato o utilizzato oltre quanto necessario per ispezionarlo ragionevolmente, potremmo rifiutare un rimborso.<\/p>\n<p>Contattaci<\/p>\n<p>In caso di domande, dubbi o reclami riguardanti questa politica di rimborso, ti invitiamo a contattarci utilizzando i dettagli di seguito:<\/p>\n<p>www.laubeholistic.com<br \/>\ninfo@laubeholistic.com<\/p>\n<p>Questo documento \u00e8 stato aggiornato l&#039;ultima volta il 2 marzo 2020<\/p>","protected":false},"excerpt":{"rendered":"<p>Terms &amp; Conditions The products and the claims made about specific products on or through this site have not been evaluated by the US Food and Drug Administration and are not intended to diagnose, treat, cure or prevent disease. The information provided on this site is for informational purposes only and is not intended as [&#8230;]\n","protected":false},"author":34,"featured_media":0,"parent":0,"menu_order":0,"comment_status":"closed","ping_status":"closed","template":"","meta":{"ngg_post_thumbnail":0,"footnotes":""},"class_list":["post-220","page","type-page","status-publish","hentry"],"_links":{"self":[{"href":"https:\/\/laubeholistic.com\/it\/wp-json\/wp\/v2\/pages\/220","targetHints":{"allow":["GET"]}}],"collection":[{"href":"https:\/\/laubeholistic.com\/it\/wp-json\/wp\/v2\/pages"}],"about":[{"href":"https:\/\/laubeholistic.com\/it\/wp-json\/wp\/v2\/types\/page"}],"author":[{"embeddable":true,"href":"https:\/\/laubeholistic.com\/it\/wp-json\/wp\/v2\/users\/34"}],"replies":[{"embeddable":true,"href":"https:\/\/laubeholistic.com\/it\/wp-json\/wp\/v2\/comments?post=220"}],"version-history":[{"count":5,"href":"https:\/\/laubeholistic.com\/it\/wp-json\/wp\/v2\/pages\/220\/revisions"}],"predecessor-version":[{"id":11873,"href":"https:\/\/laubeholistic.com\/it\/wp-json\/wp\/v2\/pages\/220\/revisions\/11873"}],"wp:attachment":[{"href":"https:\/\/laubeholistic.com\/it\/wp-json\/wp\/v2\/media?parent=220"}],"curies":[{"name":"wp","href":"https:\/\/api.w.org\/{rel}","templated":true}]}}