{"id":207,"date":"2014-09-15T14:37:32","date_gmt":"2012-05-11T18:52:30","guid":{"rendered":"https:\/\/laubeholistic.com\/?page_id=207"},"modified":"2022-04-05T12:13:58","modified_gmt":"2022-04-05T12:13:58","slug":"immune-system","status":"publish","type":"page","link":"https:\/\/laubeholistic.com\/it\/immune-system\/","title":{"rendered":"Il tuo sistema immunitario"},"content":{"rendered":"<p>&nbsp;<\/p>\n<p><img loading=\"lazy\" decoding=\"async\" class=\"alignleft size-full wp-image-208\" title=\"Sistema immunitario\" src=\"https:\/\/laubeholistic.com\/wp-content\/uploads\/2012\/05\/immunesystem.jpg\" alt=\"Immune System\" width=\"248\" height=\"168\" srcset=\"https:\/\/laubeholistic.com\/wp-content\/uploads\/2012\/05\/immunesystem.jpg 248w, https:\/\/laubeholistic.com\/wp-content\/uploads\/2012\/05\/immunesystem-247x168.jpg 247w\" sizes=\"auto, (max-width: 248px) 100vw, 248px\" \/>Immagina che il tuo sistema immunitario sia un cavaliere con una grande spada. Ogni giorno \u00e8 responsabile della protezione del tuo corpo da eventuali intrusi e nemici indesiderati come mostri e draghi <strong><em>(Virus, batteri, infezioni e tutti gli altri agenti patogeni anaerobici)<\/em><\/strong> . Fa sempre del suo meglio, ma a volte lotta con alcuni nemici che non pu\u00f2 sconfiggere subito o a volte non lo far\u00e0 mai, perch\u00e9 sono troppo potenti.<\/p>\n<p>Se ci\u00f2 accade il tuo corpo si ammala.<br \/>\n<img loading=\"lazy\" decoding=\"async\" class=\"alignleft size-full wp-image-209\" title=\"Il sistema immunitario come macchina\" src=\"https:\/\/laubeholistic.com\/wp-content\/uploads\/2012\/05\/immunesystem1.jpg\" alt=\"Immune System As A Machine\" width=\"248\" height=\"168\" srcset=\"https:\/\/laubeholistic.com\/wp-content\/uploads\/2012\/05\/immunesystem1.jpg 248w, https:\/\/laubeholistic.com\/wp-content\/uploads\/2012\/05\/immunesystem1-247x168.jpg 247w\" sizes=\"auto, (max-width: 248px) 100vw, 248px\" \/>Se ora utilizzi AMS, ci\u00f2 che accadr\u00e0 \u00e8 che sosterrai il nostro Cavaliere e scambierai la sua grande Spada con una seconda arma, pi\u00f9 efficace e pi\u00f9 forte, una Grande Mitragliatrice Pesante.<br \/>\nUtilizzando questa mitragliatrice pi\u00f9 efficace, il nostro cavaliere \u00e8 ora in grado di sconfiggere i nemici con cui aveva problemi in modo molto semplice e rapido. Il tuo Cavaliere ora \u00e8 in grado di sconfiggere ogni problema, dolore e malattia che hai nel tuo corpo.<br \/>\nAMS \u00e8 un&#039;arma pesante che aiuter\u00e0 il tuo cavaliere a sconfiggere malattie, malattie e ogni tipo di infezione. Il risultato \u00e8 che il tuo corpo guarisce di nuovo quando la malattia o la malattia vengono uccise!<\/p>","protected":false},"excerpt":{"rendered":"<p>&nbsp; Imagine your Immune System is a Knight with a big Sword . Everyday he is in charge of the protecting of your body from any unwanted intruders and enemies like Monsters and Dragons (Viruses, Bacteria, infections and all other anaerobic Pathogens) . He always does his best, but sometimes he struggles with certain enemies [&#8230;]\n","protected":false},"author":34,"featured_media":0,"parent":0,"menu_order":0,"comment_status":"closed","ping_status":"closed","template":"","meta":{"ngg_post_thumbnail":0,"footnotes":""},"class_list":["post-207","page","type-page","status-publish","hentry"],"_links":{"self":[{"href":"https:\/\/laubeholistic.com\/it\/wp-json\/wp\/v2\/pages\/207","targetHints":{"allow":["GET"]}}],"collection":[{"href":"https:\/\/laubeholistic.com\/it\/wp-json\/wp\/v2\/pages"}],"about":[{"href":"https:\/\/laubeholistic.com\/it\/wp-json\/wp\/v2\/types\/page"}],"author":[{"embeddable":true,"href":"https:\/\/laubeholistic.com\/it\/wp-json\/wp\/v2\/users\/34"}],"replies":[{"embeddable":true,"href":"https:\/\/laubeholistic.com\/it\/wp-json\/wp\/v2\/comments?post=207"}],"version-history":[{"count":1,"href":"https:\/\/laubeholistic.com\/it\/wp-json\/wp\/v2\/pages\/207\/revisions"}],"predecessor-version":[{"id":10245,"href":"https:\/\/laubeholistic.com\/it\/wp-json\/wp\/v2\/pages\/207\/revisions\/10245"}],"wp:attachment":[{"href":"https:\/\/laubeholistic.com\/it\/wp-json\/wp\/v2\/media?parent=207"}],"curies":[{"name":"wp","href":"https:\/\/api.w.org\/{rel}","templated":true}]}}