{"id":203,"date":"2014-09-15T14:34:41","date_gmt":"2012-05-11T18:41:02","guid":{"rendered":"https:\/\/laubeholistic.com\/?page_id=203"},"modified":"2015-08-04T10:30:42","modified_gmt":"2015-08-04T10:30:42","slug":"interview","status":"publish","type":"page","link":"https:\/\/laubeholistic.com\/it\/interview\/","title":{"rendered":"Colloquio"},"content":{"rendered":"<p>In questa intervista Matthew parla con Tobias Laube. Tobias \u00e8 un ricercatore ed educatore sanitario che si \u00e8 imbattuto in un minerale miracoloso che \u00e8 stato utilizzato con successo da Jim Humble per curare persone in tutto il mondo da malattie come il cancro, l&#039;AIDS, la malaria e molte altre. Scopri la storia che le aziende farmaceutiche hanno cercato di tacere.<\/p>\n<p>Ti consigliamo vivamente di guardare l&#039;intera intervista, se non hai tempo per guardarla tutta, usa semplicemente la scelta Punti di rilevanza proprio qui sotto e guarda solo pochi minuti di ci\u00f2 che ti interessa.<\/p>\n<p><iframe loading=\"lazy\" width=\"1020\" height=\"574\" src=\"https:\/\/www.youtube.com\/embed\/qTek19trEYk?feature=oembed\" frameborder=\"0\" allowfullscreen><\/iframe><\/p>\n<p><strong>Punti di rilevanza<\/strong><\/p>\n<ul>\n<li><a href=\"#\"><strong>introduzione<\/strong><\/a>\u2013 00:00 min<\/li>\n<li><a href=\"#\"><strong>Soluzione minerale attivata \u2013 biossido di cloro<\/strong><\/a> (02:10)<\/li>\n<li><a href=\"#\"><strong>Chi \u00e8 Jim umile?<\/strong><\/a>\u2013 04:30min<\/li>\n<li><a href=\"#\"><strong>Cosa pu\u00f2 fare e cosa non pu\u00f2 fare l\u2019AMS?<\/strong><\/a>\u2013 15:48min<\/li>\n<li><a href=\"#\"><strong>Come funziona l&#039;AMS?<\/strong><\/a>\u2013 18:55min<\/li>\n<li><a href=\"#\"><strong>Le nostre prime esperienze con questa soluzione<\/strong><\/a>\u2013 24:30min<\/li>\n<li><a href=\"#\"><strong>Perch\u00e9 bere una sostanza chimica?<\/strong><\/a>\u2013 31:05min<\/li>\n<li><a href=\"#\"><strong>Ci sono effetti collaterali?<\/strong><\/a>\u2013 35:43min<\/li>\n<li><a href=\"#\"><strong>Successo con un tumore allo stomaco del cane<\/strong><\/a>\u2013 41:00min<\/li>\n<li><a href=\"#\"><strong>Per quello che pu\u00f2 e non pu\u00f2 essere usato \u2013 <em><span style=\"text-decoration: underline;\">Il campo di applicazione<\/span>\u2013 <\/em><\/strong><\/a>45:00min<\/li>\n<li><a href=\"#\"><strong>HIV e AIDS<\/strong><\/a>\u2013 55:50min<\/li>\n<li><a href=\"#\"><strong>Prendendo il minerale<\/strong><\/a>\u2013 1:06:40 min<\/li>\n<li><a href=\"#\"><strong>Lo straordinario DMSO<\/strong><\/a>\u2013 1:13:25 min<\/li>\n<li><a href=\"#\"><strong>Cosa stiamo facendo<\/strong><\/a> \u2013 1:22:45 min<\/li>\n<li><a href=\"#\"><strong>Se sei malato o no...<\/strong><\/a>\u2013 1:24:55 min<\/li>\n<li><a href=\"#\"><strong>La cura per eventuali ustioni<\/strong><\/a>\u2013 1:26:55 min<\/li>\n<\/ul>","protected":false},"excerpt":{"rendered":"<p>In this interview Matthew Speaks with Tobias Laube. Tobias is a health researcher and educator who stumbled upon a miraculous mineral that has been successfully used by Jim Humble to heal people all over the world from diseases such as Cancer, Aids, Malaria and many more. Learn the story that the pharmaceutical companies have been [&#8230;]\n","protected":false},"author":34,"featured_media":0,"parent":0,"menu_order":0,"comment_status":"closed","ping_status":"closed","template":"","meta":{"ngg_post_thumbnail":0,"footnotes":""},"class_list":["post-203","page","type-page","status-publish","hentry"],"_links":{"self":[{"href":"https:\/\/laubeholistic.com\/it\/wp-json\/wp\/v2\/pages\/203","targetHints":{"allow":["GET"]}}],"collection":[{"href":"https:\/\/laubeholistic.com\/it\/wp-json\/wp\/v2\/pages"}],"about":[{"href":"https:\/\/laubeholistic.com\/it\/wp-json\/wp\/v2\/types\/page"}],"author":[{"embeddable":true,"href":"https:\/\/laubeholistic.com\/it\/wp-json\/wp\/v2\/users\/34"}],"replies":[{"embeddable":true,"href":"https:\/\/laubeholistic.com\/it\/wp-json\/wp\/v2\/comments?post=203"}],"version-history":[{"count":2,"href":"https:\/\/laubeholistic.com\/it\/wp-json\/wp\/v2\/pages\/203\/revisions"}],"predecessor-version":[{"id":1731,"href":"https:\/\/laubeholistic.com\/it\/wp-json\/wp\/v2\/pages\/203\/revisions\/1731"}],"wp:attachment":[{"href":"https:\/\/laubeholistic.com\/it\/wp-json\/wp\/v2\/media?parent=203"}],"curies":[{"name":"wp","href":"https:\/\/api.w.org\/{rel}","templated":true}]}}