{"id":194,"date":"2014-09-15T14:37:12","date_gmt":"2012-05-11T18:34:47","guid":{"rendered":"https:\/\/laubeholistic.com\/?page_id=194"},"modified":"2022-03-02T08:16:43","modified_gmt":"2022-03-02T08:16:43","slug":"anaerobic-pathogens","status":"publish","type":"page","link":"https:\/\/laubeholistic.com\/it\/anaerobic-pathogens\/","title":{"rendered":"Patogeni anaerobici (cellule patologiche)"},"content":{"rendered":"<p><em>Anaerobico \u00e8 un termine per descrivere creature\/animali e processi respiratori che non necessitano di ossigeno elementare (O2) per sopravvivere. Gli agenti patogeni anearobici sono la causa di quasi tutte le malattie.<\/em><\/p>\n<p><strong><span style=\"text-decoration: underline;\">Virus<\/span><br \/>\n<\/strong>I virus vengono uccisi con un meccanismo diverso rispetto ai batteri e a tutti gli altri microrganismi: l&#039;AMS impedisce la formazione di particolari proteine necessarie alla crescita virale, provocando cos\u00ec la distruzione del virus. L&#039;uccisione degli organismi patogeni richiede generalmente dalle 4 ore alle 4 settimane, ma spesso meno di una settimana. Questo vale per tutte le forme di infezione e altri microrganismi, nonch\u00e9 per le malattie del sangue come la leucemia.<\/p>\n<p><strong><span style=\"text-decoration: underline;\">Metalli pesanti ossidati<\/span><br \/>\n<\/strong>L&#039;AMS ossida i metalli pesanti nel corpo. Lo credo perch\u00e9 sono stati effettuati numerosi test in cui sono state controllate le radici dei capelli di una persona prima e dopo l&#039;assunzione di AMS. Circa due settimane dopo, i metalli pesanti erano scomparsi, inclusi mercurio, piombo e altri. Testare le radici dei capelli \u00e8 un buon indicatore dell&#039;assenza o della presenza di metalli pesanti. L&#039;ossidazione dei metalli pesanti non \u00e8 la stessa cosa della chelazione ma i risultati sono gli stessi. Quando un metallo pesante \u00e8 <span style=\"text-decoration: underline;\">ossidato<\/span>, viene neutralizzato e semplicemente lavato via dal corpo.<\/p>\n<p><strong><span style=\"text-decoration: underline;\">Neutralizzazione dei corpi estranei<\/span><br \/>\n<\/strong>L&#039;AMS viene trasportato in tutto il corpo, dove neutralizza i corpi estranei generalmente velenosi. Quando ossidati, i veleni vengono neutralizzati e vengono semplicemente eliminati dal corpo. Quasi tutto il materiale velenoso si ossida facilmente. Questi veleni sono attaccati in vari punti e ostacolano la funzione del corpo. Man mano che vengono ossidati, vengono staccati e lavati via dal corpo come i metalli pesanti.<\/p>\n<p><strong><span style=\"text-decoration: underline;\">Veleni neutralizzati<\/span><br \/>\n<\/strong>La maggior parte dei veleni provenienti dai serpenti e da altri animali velenosi vengono ossidati quando vengono assunte quantit\u00e0 adeguate di AMS. La maggior parte dei veleni alimentari trovati nei ristoranti o nel frigorifero sono ossidati, motivo per cui si dovrebbe assumere una dose ogni 15 minuti quando sono coinvolti veleni di serpenti o intossicazioni alimentari.<\/p>\n<p><strong><span style=\"text-decoration: underline;\">Ustioni guarite<\/span><br \/>\n<\/strong>I veleni generati dalle ustioni, in particolare quelle di tipo 3, vengono neutralizzati se coperti immediatamente (o anche entro poche ore) con NaClO2.<\/p>\n<p>NaClO2 non deve essere lasciato su una ferita da ustione per pi\u00f9 di 5 minuti. Successivamente deve essere risciacquato con acqua. Ma finch\u00e9 c&#039;\u00e8 dolore, si pu\u00f2 continuare a mettere NaClO2 sull&#039;ustione per brevi periodi, ma mai pi\u00f9 di 5 minuti.<\/p>","protected":false},"excerpt":{"rendered":"<p>Anaerobic is a term to describe creatures \/animals and breathing processes who do not need elementary oxygen (O2) to survive. Anearobic Pathogens are the cause of almost every disease. Viruses Viruses are killed by a different mechanism than bacteria and all the other microorganisms: AMS prevents the formation of special proteins necessary for viral growth, [&#8230;]\n","protected":false},"author":34,"featured_media":0,"parent":0,"menu_order":0,"comment_status":"closed","ping_status":"closed","template":"","meta":{"ngg_post_thumbnail":0,"footnotes":""},"class_list":["post-194","page","type-page","status-publish","hentry"],"_links":{"self":[{"href":"https:\/\/laubeholistic.com\/it\/wp-json\/wp\/v2\/pages\/194","targetHints":{"allow":["GET"]}}],"collection":[{"href":"https:\/\/laubeholistic.com\/it\/wp-json\/wp\/v2\/pages"}],"about":[{"href":"https:\/\/laubeholistic.com\/it\/wp-json\/wp\/v2\/types\/page"}],"author":[{"embeddable":true,"href":"https:\/\/laubeholistic.com\/it\/wp-json\/wp\/v2\/users\/34"}],"replies":[{"embeddable":true,"href":"https:\/\/laubeholistic.com\/it\/wp-json\/wp\/v2\/comments?post=194"}],"version-history":[{"count":1,"href":"https:\/\/laubeholistic.com\/it\/wp-json\/wp\/v2\/pages\/194\/revisions"}],"predecessor-version":[{"id":9765,"href":"https:\/\/laubeholistic.com\/it\/wp-json\/wp\/v2\/pages\/194\/revisions\/9765"}],"wp:attachment":[{"href":"https:\/\/laubeholistic.com\/it\/wp-json\/wp\/v2\/media?parent=194"}],"curies":[{"name":"wp","href":"https:\/\/api.w.org\/{rel}","templated":true}]}}