{"id":19,"date":"2014-09-08T12:12:33","date_gmt":"2014-09-08T12:12:33","guid":{"rendered":"http:\/\/www.harmonikdesign.com\/activatedmineralsolution\/?page_id=10"},"modified":"2022-04-05T09:26:00","modified_gmt":"2022-04-05T09:26:00","slug":"ams-explained","status":"publish","type":"page","link":"https:\/\/laubeholistic.com\/it\/ams-explained\/","title":{"rendered":"Informazione"},"content":{"rendered":"<p style=\"font-size: 18px; font-weight: bold; text-align: center;\"><span style=\"text-decoration: underline;\"><strong>\u2013 Salva la tua vita o quella dei tuoi cari \u2013<\/strong><\/span><\/p>\n<blockquote>\n<p lang=\"en-US\" align=\"CENTER\"><em>La medicina moderna persiste nel combattere i sintomi invece di cercare la causa, perch\u00e9 quando trovano la causa, potrebbero risolvere il problema.<\/em><\/p>\n<p lang=\"en-US\" align=\"CENTER\"><em>Ma una volta risolto il problema, non potranno pi\u00f9 vendere alcun farmaco in cambio.<\/em><\/p>\n<p lang=\"en-US\" align=\"CENTER\"><em>Che peccato, ma qui tutto gira intorno al denaro.<\/em><\/p>\n<\/blockquote>\n<p><strong>Da oltre 100 anni <\/strong><span style=\"text-decoration: underline;\"><strong>biossido di cloro<\/strong><\/span><strong> viene utilizzato nell&#039;industria per la sterilizzazione dell&#039;acqua, le attrezzature degli ospedali e la disinfezione di pollo, manzo e altri alimenti.<\/strong><\/p>\n<p lang=\"en-US\">Per comprendere l&#039;AMS \u00e8 necessario comprendere il biossido di cloro, poich\u00e9 questo \u00e8 ci\u00f2 che viene generato e cosa svolge il lavoro nel corpo.<\/p>\n<p lang=\"en-US\">Il biossido di cloro \u00e8 una sostanza chimica potente che ha molti usi. \u00c8 un ossidante, meno potente dell&#039;ossigeno, ma con maggiore quantit\u00e0 disponibile per ossidare. Il biossido di cloro esplode quando ottiene determinate condizioni chimiche ed \u00e8 neutro con altre condizioni chimiche. \u00c8 selettivo. Cosa intendiamo quando diciamo che esplode? Bene, un&#039;esplosione \u00e8 semplicemente una reazione chimica veloce, principalmente un&#039;ossidazione che rilascia anche energia.<\/p>\n<p>Nella formula ClO2 ci sono due ioni di ossigeno. Allora perch\u00e9 questi non vengono rilasciati in modo che il corpo possa usarli? \u00c8 perch\u00e9 hanno una carica meno due. Hanno gi\u00e0 fatto la loro ossidazione prima di arrivare in questa posizione. Non possono ossidarsi ulteriormente. Ma il cloro combinato con l&#039;ossigeno pu\u00f2 farlo. Quando il biossido di cloro tocca a <strong>agente patogeno o un veleno<\/strong> che \u00e8 di natura acida, accetta istantaneamente cinque elettroni. Distrugge tutto ci\u00f2 da cui pu\u00f2 estrarre elettroni e allo stesso tempo genera calore (questa azione \u00e8 chiamata ossidazione anche quando l&#039;ossigeno non ne fa parte).<\/p>\n<p lang=\"en-US\">Quando l&#039;ossigeno non \u00e8 in grado di ossidarsi, semplicemente non pu\u00f2 svolgere nel corpo il lavoro necessario per l&#039;ossigeno. Ci\u00f2 che il clorito di sodio fa veramente per noi \u00e8 che ci fornisce biossido di cloro, una sostanza chimica che distrugge selettivamente quasi tutte le cose cattive che potrebbero esistere nel corpo. Ogni minuscola molecola di biossido di cloro ha un enorme potere di distruggere ci\u00f2 da cui pu\u00f2 attingere elettroni, ma non ha il potere di attrarre elettroni da cellule sane o batteri aerobici.<\/p>\n<p lang=\"en-US\">Il biossido di cloro non dura per sempre. Ha troppa energia concentrata in una piccola area. Comincia a perdere parte della sua energia tanto da non essere pi\u00f9 esplosivo (incapace di ossidarsi) e pu\u00f2 quindi combinarsi con altre sostanze.<\/p>\n<p>Esistono prove che aiutano a produrre la mieloperossidasi, una sostanza chimica che il corpo utilizza per produrre acido ipocloroso che viene poi utilizzato dal sistema immunitario per uccidere ulteriormente gli agenti patogeni, le cellule killer e altre cose. Il biossido di cloro \u00e8 l&#039;unica sostanza chimica conosciuta che possiede queste qualit\u00e0 e che pu\u00f2 fare queste cose nel corpo <strong>senza creare effetti collaterali negativi.<\/strong><\/p>\n<h4 lang=\"en-US\" style=\"text-align: left;\" align=\"CENTER\"><strong>Consiglio: <\/strong><\/h4>\n<h2 lang=\"en-US\" style=\"font-size: 16px;\"><strong>L&#039;AMS non \u00e8 un prodotto farmaceutico, \u00e8 un integratore minerale che viene utilizzato come turbo per il tuo sistema immunitario completo. Il sistema immunitario si rafforza combattendo malattie, agenti patogeni e lesioni.<\/strong><\/h2>\n<p style=\"font-size: 16px;\"><strong>*<span style=\"text-decoration: underline;\">Aerobico<\/span> \u00e8 un termine per descrivere creature\/animali che necessitano di ossigeno elementare (O2) per sopravvivere.<\/strong><\/p>\n<p style=\"font-size: 16px;\"><strong>*<span style=\"text-decoration: underline;\">Anaerobico <\/span>\u00e8 un termine per descrivere creature\/animali e processi respiratori che non necessitano di ossigeno elementare (O2) per sopravvivere.<\/strong><\/p>","protected":false},"excerpt":{"rendered":"<p>&#8211; Save your life or that of your loved ones &#8211; The Modern Medicine persists on fighting symptoms instead of searching for the Cause &#8211; because when they would find the Cause, they could resolve the problem. But when they resolve the Problem, they cannot sell any pharmaceutical against that any more. What a pity, [&#8230;]\n","protected":false},"author":34,"featured_media":0,"parent":0,"menu_order":0,"comment_status":"closed","ping_status":"closed","template":"","meta":{"ngg_post_thumbnail":0,"footnotes":""},"class_list":["post-19","page","type-page","status-publish","hentry"],"_links":{"self":[{"href":"https:\/\/laubeholistic.com\/it\/wp-json\/wp\/v2\/pages\/19","targetHints":{"allow":["GET"]}}],"collection":[{"href":"https:\/\/laubeholistic.com\/it\/wp-json\/wp\/v2\/pages"}],"about":[{"href":"https:\/\/laubeholistic.com\/it\/wp-json\/wp\/v2\/types\/page"}],"author":[{"embeddable":true,"href":"https:\/\/laubeholistic.com\/it\/wp-json\/wp\/v2\/users\/34"}],"replies":[{"embeddable":true,"href":"https:\/\/laubeholistic.com\/it\/wp-json\/wp\/v2\/comments?post=19"}],"version-history":[{"count":3,"href":"https:\/\/laubeholistic.com\/it\/wp-json\/wp\/v2\/pages\/19\/revisions"}],"predecessor-version":[{"id":10225,"href":"https:\/\/laubeholistic.com\/it\/wp-json\/wp\/v2\/pages\/19\/revisions\/10225"}],"wp:attachment":[{"href":"https:\/\/laubeholistic.com\/it\/wp-json\/wp\/v2\/media?parent=19"}],"curies":[{"name":"wp","href":"https:\/\/api.w.org\/{rel}","templated":true}]}}