{"id":133,"date":"2014-09-08T13:04:43","date_gmt":"2012-04-21T12:46:46","guid":{"rendered":"https:\/\/laubeholistic.com\/?page_id=133"},"modified":"2022-04-05T09:05:37","modified_gmt":"2022-04-05T09:05:37","slug":"dmso-dimethyl-sulfoxide","status":"publish","type":"page","link":"https:\/\/laubeholistic.com\/it\/dmso-dimethyl-sulfoxide\/","title":{"rendered":"DMSO \u2013 Fa scomparire il dolore"},"content":{"rendered":"<p><img loading=\"lazy\" decoding=\"async\" class=\"size-medium wp-image-5683 alignleft\" src=\"https:\/\/laubeholistic.com\/wp-content\/uploads\/DMSO-bottle-120ml-300x255.jpg\" alt=\"DMSO\" width=\"300\" height=\"255\"><\/p>\n<h2 style=\"text-align: center;\"><span style=\"font-size: large;\"><span style=\"text-decoration: underline;\"><strong>&nbsp;La RISPOSTA al sollievo dal dolore&nbsp; <\/strong><\/span><\/span><\/h2>\n<hr>\n<hr>\n<p lang=\"en-GB\" style=\"text-align: center;\" align=\"CENTER\"><strong><span style=\"font-family: Batang,\ubc14\ud0d5,serif;\"><span style=\"font-size: large;\">Dimetilsolfossido<\/span><\/span><\/strong><\/p>\n<h2 lang=\"en-GB\" style=\"text-align: center;\"><span style=\"font-family: NSimSun,monospace; color: #008000;\">-Guaritore della natura-<\/span><\/h2>\n<p style=\"text-align: center;\" align=\"JUSTIFY\"><span style=\"color: #000000;\">Fa dolore <span style=\"text-decoration: underline;\"><strong>scomparire<\/strong><\/span> semplicemente tramite Contatto senza aspettare che le Pillole funzionino.<\/span><\/p>\n<table border=\"0\" width=\"239\">\n<tbody>\n<tr>\n<td style=\"text-align: center;\">&nbsp;&nbsp;&nbsp; <p class=\"product woocommerce add_to_cart_inline\" style=\"border:4px solid #ccc; padding: 12px;\"><ins class=\"highlight\"><span class=\"woocommerce-Price-amount amount\"><bdi><span class=\"woocommerce-Price-currencySymbol\">\u20ac<\/span>7.00<\/bdi><\/span><\/ins><a href=\"https:\/\/laubeholistic.com\/it\/shop\/dmso-dimethyl-sulfoxide-99\/\" aria-describedby=\"woocommerce_loop_add_to_cart_link_describedby_55\" data-quantity=\"1\" class=\"button product_type_variable add_to_cart_button\" data-product_id=\"55\" data-product_sku=\"DMSO\" aria-label=\"Seleziona le opzioni per \u201cDMSO - Dimethyl Sulfoxide\u201d\" rel=\"nofollow\" data-no-translation=\"\" data-trp-gettext=\"\" data-no-translation-aria-label=\"\">Seleziona le opzioni<\/a>\t<span id=\"woocommerce_loop_add_to_cart_link_describedby_55\" class=\"screen-reader-text\">\n\t\tQuesto prodotto ha pi\u00f9 varianti. Le opzioni possono essere scelte sulla pagina del prodotto\t<\/span>\n<\/p><\/td>\n<\/tr>\n<\/tbody>\n<\/table>\n<p lang=\"en-GB\">&nbsp;<\/p>\n<p lang=\"en-GB\" style=\"text-align: left;\"><span style=\"color: #000000;\">Semplicemente strofinandolo! Nel caso di a <span style=\"font-size: small;\"><strong>stiramento<\/strong>, <strong>lividi, dolori<\/strong> In <em>articolazioni<\/em>, <em><strong>legamenti<\/strong><\/em> E <em>ossa<\/em>.<\/span><\/span><\/p>\n<p><span style=\"color: #000000;\"><strong>DMSO<\/strong> (Dimetilsolfossido) si \u00e8 rivelato un solvente e trasportatore quasi perfetto.<\/span><\/p>\n<h2 style=\"text-align: center;\"><span style=\"color: #000000;\">Cancella il dolore <span style=\"text-decoration: underline;\">contatto<\/span><\/span><\/h2>\n<p><span style=\"color: #000000;\"><strong>DMSO<\/strong> bypassa il tuo tratto digestivo e affronta il tuo dolore <span style=\"text-decoration: underline;\">Fonte<\/span>.<\/span><\/p>\n<p lang=\"en-GB\"><span style=\"color: #000000;\">Ricco di trilioni di molecole organiche complesse, che lavorano tutte insieme in elegante sinergia.<\/span><\/p>\n<h3 lang=\"en-GB\" align=\"CENTER\">&nbsp;<span style=\"color: #008000;\"><strong>Con DMSO questi dolori alle spalle, alla schiena e alle articolazioni sono finiti <\/strong>!<\/span><\/h3>\n<p lang=\"en-GB\" align=\"CENTER\"><span style=\"font-size: large;\"><span style=\"text-decoration: underline;\"><strong>Bisogna sentirlo per crederci!<\/strong><\/span><\/span><\/p>\n<p lang=\"en-GB\" style=\"text-align: center;\" align=\"CENTER\"><img loading=\"lazy\" decoding=\"async\" class=\"size-medium wp-image-1300 alignnone\" src=\"https:\/\/laubeholistic.com\/wp-content\/uploads\/2014\/10\/schmerzen-cross-through-300x118.png\" alt=\"schmerzen cross through\" width=\"300\" height=\"118\" srcset=\"https:\/\/laubeholistic.com\/wp-content\/uploads\/2014\/10\/schmerzen-cross-through-300x118.png 300w, https:\/\/laubeholistic.com\/wp-content\/uploads\/2014\/10\/schmerzen-cross-through-510x201.png 510w, https:\/\/laubeholistic.com\/wp-content\/uploads\/2014\/10\/schmerzen-cross-through-1024x403.png 1024w, https:\/\/laubeholistic.com\/wp-content\/uploads\/2014\/10\/schmerzen-cross-through.png 1416w\" sizes=\"auto, (max-width: 300px) 100vw, 300px\" \/><\/p>\n<p lang=\"en-GB\" style=\"font-size: 16px; text-align: left;\" align=\"CENTER\"><span style=\"text-decoration: underline; font-size: 24pt; font-family: arial, helvetica, sans-serif; color: #000000;\"><strong>Cos&#039;\u00e8 esattamente il DMSO?<\/strong><\/span><\/p>\n<p><span style=\"color: #000000;\"><strong>Il DMSO \u00e8 una nota sostanza veicolante ampiamente utilizzata dai medici dal 1955 come mezzo per trasportare farmaci direttamente nella pelle.<\/strong><\/span><\/p>\n<ol>\n<li style=\"text-align: left;\"><span style=\"color: #000000;\">Antinfiammatorio<\/span><\/li>\n<li style=\"text-align: left;\"><span style=\"color: #000000;\">Decongestionante<\/span><\/li>\n<li style=\"text-align: left;\"><span style=\"color: #000000;\">Vasodilatatore<\/span><\/li>\n<li style=\"text-align: left;\"><span style=\"color: #000000;\">Efficace nel legare i radicali tossici<\/span><\/li>\n<\/ol>\n<table style=\"top: 1239px; left: 10px; width: 421px; height: 32px;\" border=\"0\" width=\"303\">\n<tbody>\n<tr>\n<td style=\"text-align: center;\"><p class=\"product woocommerce add_to_cart_inline\" style=\"border:4px solid #ccc; padding: 12px;\"><ins class=\"highlight\"><span class=\"woocommerce-Price-amount amount\"><bdi><span class=\"woocommerce-Price-currencySymbol\">\u20ac<\/span>7.00<\/bdi><\/span><\/ins><a href=\"https:\/\/laubeholistic.com\/it\/shop\/dmso-dimethyl-sulfoxide-99\/\" aria-describedby=\"woocommerce_loop_add_to_cart_link_describedby_55\" data-quantity=\"1\" class=\"button product_type_variable add_to_cart_button\" data-product_id=\"55\" data-product_sku=\"DMSO\" aria-label=\"Seleziona le opzioni per \u201cDMSO - Dimethyl Sulfoxide\u201d\" rel=\"nofollow\" data-no-translation=\"\" data-trp-gettext=\"\" data-no-translation-aria-label=\"\">Seleziona le opzioni<\/a>\t<span id=\"woocommerce_loop_add_to_cart_link_describedby_55\" class=\"screen-reader-text\">\n\t\tQuesto prodotto ha pi\u00f9 varianti. Le opzioni possono essere scelte sulla pagina del prodotto\t<\/span>\n<\/p><\/td>\n<\/tr>\n<\/tbody>\n<\/table>\n<p>&nbsp;<\/p>\n<p><span style=\"color: #000000;\">Se sei un <strong>Sportivo<\/strong><\/span>, <img loading=\"lazy\" decoding=\"async\" class=\"wp-image-7564 alignright\" src=\"https:\/\/laubeholistic.com\/wp-content\/uploads\/Collage-sport-injury-3-1.jpg\" alt=\"\" width=\"240\" height=\"180\"><\/p>\n<p><span style=\"color: #000000;\">professionale o hobbistico,<\/span><\/p>\n<p><span style=\"color: #000000;\">possono verificarsi infortuni<\/span><\/p>\n<p><span style=\"color: #000000;\">durante la pratica o nel<\/span><\/p>\n<p><span style=\"color: #000000;\">gioco<\/span>.<\/p>\n<p>&nbsp;<\/p>\n<p><span style=\"color: #000000;\">Se sei <strong>Esercitarsi<\/strong>,<\/span> <a href=\"https:\/\/laubeholistic.com\/wp-content\/uploads\/Collage-excercise-injury-2.jpg\"><img loading=\"lazy\" decoding=\"async\" class=\"size-medium wp-image-1872 alignright\" src=\"https:\/\/laubeholistic.com\/wp-content\/uploads\/Collage-excercise-injury-2-300x300.jpg\" alt=\"excercise injuries\" width=\"244\" height=\"244\" srcset=\"https:\/\/laubeholistic.com\/wp-content\/uploads\/Collage-excercise-injury-2-300x300.jpg 300w, https:\/\/laubeholistic.com\/wp-content\/uploads\/Collage-excercise-injury-2-510x510.jpg 510w, https:\/\/laubeholistic.com\/wp-content\/uploads\/Collage-excercise-injury-2-100x100.jpg 100w, https:\/\/laubeholistic.com\/wp-content\/uploads\/Collage-excercise-injury-2-150x150.jpg 150w, https:\/\/laubeholistic.com\/wp-content\/uploads\/Collage-excercise-injury-2.jpg 556w\" sizes=\"auto, (max-width: 244px) 100vw, 244px\" \/><\/a><\/p>\n<p><span style=\"color: #000000;\">resistenza, peso,<\/span><\/p>\n<p><span style=\"color: #000000;\">flessibilit\u00e0 o arti marziali.<\/span><\/p>\n<p>&nbsp;<\/p>\n<p>&nbsp;<\/p>\n<p>&nbsp;<\/p>\n<p>&nbsp;<\/p>\n<p><span style=\"color: #000000;\">Se soffri di malattie come <a style=\"color: #000000;\" href=\"https:\/\/laubeholistic.com\/wp-content\/uploads\/Collage-illness-2.jpg\"><img loading=\"lazy\" decoding=\"async\" class=\"wp-image-1873 alignright\" src=\"https:\/\/laubeholistic.com\/wp-content\/uploads\/Collage-illness-2-300x300.jpg\" alt=\"illnesses pains\" width=\"243\" height=\"243\" srcset=\"https:\/\/laubeholistic.com\/wp-content\/uploads\/Collage-illness-2-300x300.jpg 300w, https:\/\/laubeholistic.com\/wp-content\/uploads\/Collage-illness-2-510x510.jpg 510w, https:\/\/laubeholistic.com\/wp-content\/uploads\/Collage-illness-2-100x100.jpg 100w, https:\/\/laubeholistic.com\/wp-content\/uploads\/Collage-illness-2-150x150.jpg 150w, https:\/\/laubeholistic.com\/wp-content\/uploads\/Collage-illness-2.jpg 640w\" sizes=\"auto, (max-width: 243px) 100vw, 243px\" \/><\/a><\/span><\/p>\n<p><span style=\"color: #000000;\">Artrite, tendiniti, borsiti,<\/span><\/p>\n<p><span style=\"color: #000000;\">Infiammazioni nel corpo,<\/span><\/p>\n<p><span style=\"color: #000000;\">articolazioni doloranti, condizioni che<\/span><\/p>\n<p><span style=\"color: #000000;\">farti sentire schiavo di<\/span><\/p>\n<p><span style=\"color: #000000;\">farmaco.<\/span><\/p>\n<p>&nbsp;<\/p>\n<h2 style=\"text-align: center;\"><strong><span style=\"color: #000000;\">DMSO \u00e8 ci\u00f2 di cui hai bisogno! Non perch\u00e9 sostituisce la produzione farmaceutica dipendente, ma perch\u00e9 dilata e rilassa i tessuti <span style=\"text-decoration: underline;\">risolvere<\/span> un problema per sempre.<\/span><br \/>\n<\/strong><\/h2>\n<p style=\"text-align: center;\"><p class=\"product woocommerce add_to_cart_inline\" style=\"border:4px solid #ccc; padding: 12px;\"><ins class=\"highlight\"><span class=\"woocommerce-Price-amount amount\"><bdi><span class=\"woocommerce-Price-currencySymbol\">\u20ac<\/span>7.00<\/bdi><\/span><\/ins><a href=\"https:\/\/laubeholistic.com\/it\/shop\/dmso-dimethyl-sulfoxide-99\/\" aria-describedby=\"woocommerce_loop_add_to_cart_link_describedby_55\" data-quantity=\"1\" class=\"button product_type_variable add_to_cart_button\" data-product_id=\"55\" data-product_sku=\"DMSO\" aria-label=\"Seleziona le opzioni per \u201cDMSO - Dimethyl Sulfoxide\u201d\" rel=\"nofollow\" data-no-translation=\"\" data-trp-gettext=\"\" data-no-translation-aria-label=\"\">Seleziona le opzioni<\/a>\t<span id=\"woocommerce_loop_add_to_cart_link_describedby_55\" class=\"screen-reader-text\">\n\t\tQuesto prodotto ha pi\u00f9 varianti. Le opzioni possono essere scelte sulla pagina del prodotto\t<\/span>\n<\/p>\n<p><span style=\"text-decoration: underline;\"><strong>Dimetilsolfossido (DMSO)<\/strong><\/span> ha appena festeggiato il suo 140\u00b0 compleanno nel 2006.<br \/>\nNell&#039;anno 1866 la sostanza con la formula chimica (CH3)2SO \u00e8 stata sintetizzata per la prima volta dallo scienziato russo Alexander Saytzeff, che ha reso pubblica la sua scoperta in un giornale di chimica tedesco. Ma solo circa cento anni dopo \u00e8 stato riconosciuto l\u2019uso terapeutico di questa sostanza. In realt\u00e0 il dottor Stanley Jacob dell&#039;Oregon Health Sciences University era alla ricerca di un agente conservante adatto per gli organi destinati ai trapianti, poich\u00e9 un giorno scopr\u00ec che questo fluido limpido, marcio e con un leggero odore di aglio penetra nella pelle molto velocemente e in profondit\u00e0. Jacob inizi\u00f2 a sperimentare e presto scopr\u00ec che sembrava avere a che fare con un principio attivo multiuso.<\/p>\n<p>La larghezza della banda terapeutica del DMSO \u00e8 estremamente ampia. Questa sostanza neutralizza ad esempio i radicali idrossilici, uno dei gruppi di cellule pi\u00f9 frequenti che danneggiano i radicali liberi.<br \/>\nIl DMSO si lega ai radicali idrossilici e crea un complesso chimico che pu\u00f2 essere escreto dai reni. La Sostanza lega in questo modo anche altri Radicali liberi.<\/p>\n<p>Inoltre il DMSO aumenta la permeabilit\u00e0 delle membrane cellulari e quindi rende pi\u00f9 facile per la cellula liberarsi dalle sostanze tossiche. Anche le reazioni allergiche possono essere attenuate con il DMSO, che allevia ancora una volta il sistema immunitario. Il DMSO mostra inoltre effetti su sclerodermia, ustioni, condizioni di infiammazione e dolore, artrite e artrite reumatoide, infezioni dei seni paranasali, cistite interstiziale, herpes e fuoco di Sant&#039;Antonio, sclerosi multipla, lupus sistemico (LES), sarcoidosi, tiroidite, colite ulcerosa, lebbra, cancro e altre condizioni di malattia.<\/p>\n<h4>DMSO contro dolori, infiammazioni e per la guarigione delle ferite.<\/h4>\n<p>MOLTO punta verso il secondo.<br \/>\nIl dottor Richard D. Brobyn del Mdeical Center di Bainbridge Island, Washington, scrive:<\/p>\n<blockquote><p><em>\u201cIl DMSO \u00e8 uno dei prodotti farmaceutici pi\u00f9 studiati ma ancora meno compresi del nostro tempo. Nel mondo sono stati pubblicati circa 11.000 articoli scientifici su applicazioni mediche e pi\u00f9 di 40.000 articoli su propriet\u00e0 chimiche. In 125 paesi come USA, Canada, Gran Bretagna, Germania, Giappone e altri, i medici descrivono indicazioni per l&#039;applicazione contro, ad esempio, dolori, infiammazioni, sclerodermia e artrite, nonch\u00e9 altre malattie\u201d<\/em><\/p><\/blockquote>\n<p>Sulle propriet\u00e0 farmacologiche del DMSO il Dr. Brobyn afferma: penetrazione delle membrane biologiche e trasporto di altre molecole attraverso queste membrane, antinfiammatorio, blocco temporaneo dei nervi che conducono il dolore, inibizione della crescita dei batteri, effetto drenante, rafforzamento di alcuni medicinali , limitazione della colinesterasi, aumento non specifico della resistenza alle infezioni, vasodilatazione, rilassamento muscolare, aumento della funzione cellulare, limitazione dell&#039;aggregazione attraverso le piastre del sangue, propriet\u00e0 di protezione dei tessuti biologici dalle radiazioni o dal gelo nonch\u00e9 protezione dei tessuti in caso di flusso sanguigno disturbato.<\/p>\n<p><img loading=\"lazy\" decoding=\"async\" class=\"aligncenter size-full wp-image-147\" title=\"DMSO per alleviare gli infortuni sportivi\" src=\"https:\/\/laubeholistic.com\/wp-content\/uploads\/2012\/04\/dmso_sports_injurys.jpg\" alt=\"DMSO to relieve sports injurys\" width=\"600\" height=\"215\" srcset=\"https:\/\/laubeholistic.com\/wp-content\/uploads\/2012\/04\/dmso_sports_injurys.jpg 600w, https:\/\/laubeholistic.com\/wp-content\/uploads\/2012\/04\/dmso_sports_injurys-510x183.jpg 510w, https:\/\/laubeholistic.com\/wp-content\/uploads\/2012\/04\/dmso_sports_injurys-300x107.jpg 300w\" sizes=\"auto, (max-width: 600px) 100vw, 600px\" \/><\/p>\n<p>Brobyn scrive di un&#039;efficacia speciale per quanto riguarda le infiammazioni. Qui la propriet\u00e0 antiossidante del DMSO si mostra benefica: funziona come un \u201c<em>intercettore radicale<\/em>&quot;nel centro dell&#039;infiammazione per cos\u00ec dire. Dopo l\u2019aspirina, cos\u00ec scrive Brodyn, \u201c<em>Il DMSO \u00e8 stato il primo farmaco antinfiammatorio non steroideo che poteva essere somministrato anche per via endovenosa<\/em>\u201d E ancora:<\/p>\n<blockquote><p><em>&quot;P. Gorog et al. dimostrato gi\u00e0 nel 1968, che si manifestava un effetto antinfiammatorio su ratti affetti da poliartrite cronica indotta. Il DMSO applicato esternamente sulle articolazioni ha mostrato un potente effetto antinfiammatorio. Questi Autori hanno successivamente descritto effetti simili con 70% DMSO sulla dermatite da contatto, sull&#039;eczema allrgico e sulla calcificazione indotta della pelle dei ratti. Tutte queste infiammazioni sperimentali venivano significativamente represse\u201d<\/em><\/p><\/blockquote>\n<p>Anche l&#039;ex podologo americano Dr. Morton Walker, che oggi \u00e8 attivo come giornalista medico e autore, pubblicizza un gran numero di propriet\u00e0 sanitarie positive nei confronti del DMSO nel suo libro \u201cDMSO- Natures Healer\u201d. Tra questi figurano gli effetti antinfiammatori, vasodilatatori, batteriostatici, fungistatici e virostatici, l&#039;eliminazione degli stati dolorosi, il legame dei radicali liberi, la stimolazione del sistema immunitario e l&#039;incremento della guarigione delle ferite. S\u00ec, sembra proteggere anche dalle radiazioni dei raggi X.<br \/>\nInoltre Walker sottolinea come il DMSO, attraverso le sue propriet\u00e0, penetra nelle membrane cellulari per applicare diversi farmaci, ad esempio la penicillina e il cortisone.<\/p>\n<p>Anche contro i batteri il DMSO mostra effetto, poich\u00e9 ne limita direttamente la crescita o lo rende sensibile ad altri farmaci, riducendone cos\u00ec la resistenza. Brobyn si riferisce tra gli altri ad uno studio iniziato gi\u00e0 prima della scoperta del DMSO da parte di Jacobs:<br \/>\n&quot;H. Basch et al. Descritto dal 1953 al 1968 un effetto inibitore distintivo di una molteplicit\u00e0 di batteri e funghi in concentrazioni dal 30 al 50%. In una concentrazione dell&#039;80% diversi virus diventano inattivi: virus RNA: influenza A, influenza A2, virus della malattia di Newcastle, virus della foresta di Semliki e virus del DNA.<\/p>\n<p>Buoni successi sono stati ottenuti anche nella riduzione del tessuto cicatriziale e nel trattamento delle malattie reumatiche, come ad esempio attraverso il progetto di ricerca \u201cApplicazione topica del DMSO su cicatrici e malattie della regione morfogenica reumatica del MHH Hanover\/Annastift (Germania ) Centro operatorio ambulante (AOZ)\u201d sotto la direzione medica del Dr. J\u00f6rg Carls, in collaborazione con l&#039;Accademia per la riabilitazione della mano Bad Pyrmont. Il tessuto cicatriziale stava visibilmente degenerando ed i gonfiori si erano drasticamente attenuati.<\/p>\n<h4>Il DMSO ha effetto sui dolori acuti\u201d<em>praticamente istantaneamente<\/em>&quot;<\/h4>\n<p>Stanley W. Jacob e Edward E. Rosenbaum hanno sperimentato personalmente la rapidit\u00e0 con cui il DMSO agisce su sette pazienti sottoposti a test a Portland, Oregon (USA), dopo averli trattati con quella sostanza. Tutte e sette le persone soffrivano di un&#039;infiammazione della borsa dell&#039;articolazione della spalla, che provocava loro \u201cun dolore cos\u00ec immenso che senza l&#039;aiuto degli altri i malati non potevano nemmeno vestirsi o svestirsi. Al pi\u00f9 presto tra una o due settimane si prevedeva una riduzione\u201d, come riportato in un articolo della rivista SPIEGEL del 5 maggio 1965. Ma c\u2019\u00e8 stata una sorpresa:<\/p>\n<p><em>\u201cI medici spalmavano la sostanza in esame sulle spalle dei pazienti e gi\u00e0 dopo pochi minuti osservavano un effetto sorprendente. Dopo 20 minuti, come riferiscono i dottori Edward E. Rosenbaum e Stanley W. Jacob, professori dell&#039;Universit\u00e0 dell&#039;Oregon, tutti e sette i pazienti erano completamente o quasi completamente privi di dolori. Tutti erano in grado di muovere l\u2019articolazione malata della spalla molto pi\u00f9 liberamente di prima\u201d.<\/em><\/p>\n<h4>DMSO sette volte pi\u00f9 sicuro dell&#039;aspirina<\/h4>\n<p>Secondo l&#039;indice terapeutico il DMSO \u00e8 infatti sette volte pi\u00f9 sicuro dell&#039;aspirina. Gli unici effetti collaterali finora osservati sono l&#039;odore di aglio e l&#039;irritazione della pelle, che si manifestano individualmente, secondo Walker riconducono alla disidratazione della pelle e scompaiono dopo l&#039;applicazione ripetuta di DMSO. Tuttavia i vapori di DMSO non devono essere inalati. La somministrazione endovenosa di DMSO pu\u00f2 provocare temporaneamente mal di testa. Non sono stati rilevati effetti tossici o cancerogeni.<\/p>\n<table style=\"width: 250px;\" border=\"0\">\n<tbody>\n<tr>\n<td><p class=\"product woocommerce add_to_cart_inline\" style=\"border:4px solid #ccc; padding: 12px;\"><ins class=\"highlight\"><span class=\"woocommerce-Price-amount amount\"><bdi><span class=\"woocommerce-Price-currencySymbol\">\u20ac<\/span>7.00<\/bdi><\/span><\/ins><a href=\"https:\/\/laubeholistic.com\/it\/shop\/dmso-dimethyl-sulfoxide-99\/\" aria-describedby=\"woocommerce_loop_add_to_cart_link_describedby_55\" data-quantity=\"1\" class=\"button product_type_variable add_to_cart_button\" data-product_id=\"55\" data-product_sku=\"DMSO\" aria-label=\"Seleziona le opzioni per \u201cDMSO - Dimethyl Sulfoxide\u201d\" rel=\"nofollow\" data-no-translation=\"\" data-trp-gettext=\"\" data-no-translation-aria-label=\"\">Seleziona le opzioni<\/a>\t<span id=\"woocommerce_loop_add_to_cart_link_describedby_55\" class=\"screen-reader-text\">\n\t\tQuesto prodotto ha pi\u00f9 varianti. Le opzioni possono essere scelte sulla pagina del prodotto\t<\/span>\n<\/p><\/td>\n<\/tr>\n<\/tbody>\n<\/table>\n<p><strong>Nota!<\/strong><br \/>\nNei periodi invernali, il DMSO pu\u00f2 cristallizzare. Ci\u00f2 \u00e8 pi\u00f9 probabile che accada durante l&#039;inverno, quindi non sorprenderti, questa \u00e8 una reazione normale, poich\u00e9 \u00e8 una sostanza pura di 80 %. Immergere la bottiglia di DMSO in acqua tiepida finch\u00e9 non diventa nuovamente liquida. NO acqua bollente! Non riscaldare nel microonde poich\u00e9 ci\u00f2 distrugge la struttura del DMSO. Conservare a temperatura ambiente normale, ca. 20 \u2013 22 gradi Celsius.<\/p>","protected":false},"excerpt":{"rendered":"<p>&nbsp;The ANSWER to Pain Relief&nbsp; Dimethylsulfoxide -Natures Healer- It makes pain dissapear just by Contact without waiting for Pills to work. &nbsp;&nbsp;&nbsp; &nbsp; Just by rubbing it on ! In the case of a pulled muscle, bruises, pains in joints, ligaments and bones. DMSO (Dimethyl sulfoxide) proved to be a near-perfect solvent and transporter. Rub [&#8230;]\n","protected":false},"author":34,"featured_media":0,"parent":0,"menu_order":0,"comment_status":"closed","ping_status":"closed","template":"","meta":{"ngg_post_thumbnail":0,"footnotes":""},"class_list":["post-133","page","type-page","status-publish","hentry"],"_links":{"self":[{"href":"https:\/\/laubeholistic.com\/it\/wp-json\/wp\/v2\/pages\/133","targetHints":{"allow":["GET"]}}],"collection":[{"href":"https:\/\/laubeholistic.com\/it\/wp-json\/wp\/v2\/pages"}],"about":[{"href":"https:\/\/laubeholistic.com\/it\/wp-json\/wp\/v2\/types\/page"}],"author":[{"embeddable":true,"href":"https:\/\/laubeholistic.com\/it\/wp-json\/wp\/v2\/users\/34"}],"replies":[{"embeddable":true,"href":"https:\/\/laubeholistic.com\/it\/wp-json\/wp\/v2\/comments?post=133"}],"version-history":[{"count":40,"href":"https:\/\/laubeholistic.com\/it\/wp-json\/wp\/v2\/pages\/133\/revisions"}],"predecessor-version":[{"id":10220,"href":"https:\/\/laubeholistic.com\/it\/wp-json\/wp\/v2\/pages\/133\/revisions\/10220"}],"wp:attachment":[{"href":"https:\/\/laubeholistic.com\/it\/wp-json\/wp\/v2\/media?parent=133"}],"curies":[{"name":"wp","href":"https:\/\/api.w.org\/{rel}","templated":true}]}}