{"id":9784,"date":"2022-03-03T15:30:26","date_gmt":"2022-03-03T15:30:26","guid":{"rendered":"https:\/\/laubeholistic.com\/?post_type=product&#038;p=9784"},"modified":"2026-03-03T14:42:43","modified_gmt":"2026-03-03T14:42:43","slug":"tumacura","status":"publish","type":"product","link":"https:\/\/laubeholistic.com\/fr\/shop\/tumacura\/","title":{"rendered":"TUMACURA (m\u00e9lange de curcuma)"},"content":{"rendered":"<h1><span style=\"color: #000000;\"><strong>TUMACURA<\/strong> est un m\u00e9lange de curcuma biologique pur (contenant du curcuma), de farine de noix de coco biologique et de poivre noir moulu.<\/span><\/h1>\n<div style=\"padding: 56.25% 0 0 0; position: relative;\"><iframe style=\"position: absolute; top: 0; left: 0; width: 100%; height: 100%;\" title=\"TUMACURA\" src=\"https:\/\/player.vimeo.com\/video\/1165670595?badge=0&amp;autopause=0&amp;player_id=0&amp;app_id=58479\" frameborder=\"0\"><\/iframe><\/div>\n<p><script src=\"https:\/\/player.vimeo.com\/api\/player.js\"><\/script><\/p>\n<p><span style=\"color: #000000;\">Prendre un suppl\u00e9ment de Curcuma seul par voie orale a d&#039;une part une tr\u00e8s faible biodisponibilit\u00e9 (taux d&#039;absorption) et d&#039;autre part peut entra\u00eener des maux d&#039;estomac.<\/span><\/p>\n<p><span style=\"color: #000000;\">C&#039;est pourquoi nous avons m\u00e9lang\u00e9 du curcuma fin avec une graisse naturelle et de la pip\u00e9rine issue du poivre noir, ce qui garantit une absorption beaucoup plus \u00e9lev\u00e9e et n&#039;entra\u00eene aucune sensation inconfortable au niveau de l&#039;estomac ou de l&#039;estomac.<\/span><\/p>\n<p><span style=\"color: #000000;\">Il a un taux d&#039;absorption tr\u00e8s puissant gr\u00e2ce \u00e0 l&#039;ajout de poivre noir (contenant de la pip\u00e9rine) et de graisse naturelle provenant de la farine de noix de coco.<\/span><\/p>\n<p><span style=\"color: #000000;\"><strong>Les avantages<\/strong> <strong>de TUMACURA<\/strong> <\/span><\/p>\n<p><span style=\"color: #000000;\">Anti-inflammatoire, Antimicrobien, Antiseptique, Anti-oxydant, Aide contre les affections cutan\u00e9es, Renforce l&#039;immunit\u00e9, r\u00e9duit les douleurs articulaires.<\/span><\/p>\n<p><span style=\"color: #000000;\"><strong>Aide contre les affections cutan\u00e9es<\/strong> \u2013 En m\u00e9decine ayurv\u00e9dique, le curcuma a \u00e9t\u00e9 utilis\u00e9 pour traiter des affections cutan\u00e9es comme l\u2019acn\u00e9, ce qui a \u00e9t\u00e9 soutenu par la science moderne.<\/span><\/p>\n<p><span style=\"color: #000000;\"><strong>Des dents plus blanches<\/strong> \u2013 trempez la brosse \u00e0 dents dans une huile alimentaire (olive, tournesol, coco) puis dans le contenu ouvert d\u2019une de nos g\u00e9lules et brossez-vous les dents. Faites cela pendant un mois.<\/span><\/p>\n<p><span style=\"color: #000000;\"><strong>Chute de cheveux<\/strong> \u2013 La curcumine, qui est l\u2019ingr\u00e9dient actif du curcuma, renforce les cheveux selon une \u00e9tude d\u2019un institut cor\u00e9en. Des cheveux \u00e0 croissance plus rapide et plus sains.<\/span><\/p>\n<p><span style=\"color: #000000;\">Le contenu d&#039;une capsule m\u00e9lang\u00e9 \u00e0 trois cuill\u00e8res \u00e0 soupe d&#039;huile v\u00e9g\u00e9tale pour pr\u00e9parer un masque capillaire. Collez-le dans les cheveux. Appliquer pendant 30 minutes puis rincer. Une \u00e0 trois fois par mois.<\/span><\/p>\n<p><span style=\"color: #000000;\"><strong>Renforce l&#039;immunit\u00e9<\/strong> \u2013 stimule les cellules T, les cellules B, les macrophages et les neutrophiles. Votre syst\u00e8me immunitaire re\u00e7oit un fantastique coup de pouce.<\/span><\/p>\n<p><span style=\"color: #000000;\">Selon le d\u00e9partement de pathologie de l&#039;Universit\u00e9 du Pendjab, il peut \u00e9galement arr\u00eater la croissance des bact\u00e9ries et des parasites.<\/span><\/p>\n<p><span style=\"color: #000000;\">Aujourd&#039;hui encore, en Inde, la curcumine, le composant actif du curcuma, est toujours utilis\u00e9e pour dire adieu au rhume. Ne serait-ce pas int\u00e9ressant dans ces temps que nous vivons tous ?!<\/span><\/p>\n<p><span style=\"color: #000000;\"><strong>Il peut gu\u00e9rir la peau cass\u00e9e<\/strong> et les plaies en cr\u00e9ant une p\u00e2te similaire \u00e0 celle contre la chute des cheveux et en l&#039;appliquant localement sur la zone affect\u00e9e. De plus, votre peau para\u00eetra plus jeune<\/span><\/p>\n<p><span style=\"color: #000000;\"><strong>R\u00e9duit les douleurs articulaires<\/strong><\/span><\/p>\n<p><span style=\"color: #000000;\">Am\u00e9liore l&#039;humeur et stimule les fonctions c\u00e9r\u00e9brales \u2013 des essais ont \u00e9t\u00e9 r\u00e9alis\u00e9s o\u00f9 il a \u00e9t\u00e9 d\u00e9montr\u00e9 que le curcuma quotidien am\u00e9liore la fonction cognitive et la m\u00e9moire.<\/span><\/p>\n<p><span style=\"color: #000000;\"><strong>Vous perdrez du poids \u2013 un rem\u00e8de naturel pour perdre des kilos \u2013 <\/strong><\/span><span style=\"color: #000000;\">la curcumine peut en fait supprimer <strong>graisse<\/strong> croissance des tissus. Une autre fa\u00e7on dont <strong>curcuma<\/strong> aide \u00e0 <strong>perdre du poids<\/strong> en r\u00e9gulant les niveaux de sucre et en pr\u00e9venant davantage la r\u00e9sistance \u00e0 l\u2019insuline. <\/span><\/p>\n<p><span style=\"color: #000000;\">Il en r\u00e9sulte un exc\u00e8s de graisse qui n\u2019est pas retenu dans l\u2019organisme.<\/span><\/p>","protected":false},"excerpt":{"rendered":"<p><span style=\"color: #000000;\">Un fin m\u00e9lange de curcuma, de noix de coco et de poivre noir<\/span><\/p>\n<p><span style=\"color: #000000;\">Taux d&#039;absorption \u00e9lev\u00e9<\/span><\/p>\n<p><span style=\"color: #000000;\">Taille de capsule \u00ab 00 \u00bb, v\u00e9g\u00e9tarienne avec 1 g par capsule.<\/span><\/p>\n<p><span style=\"color: #000000;\">Posologie : Deux g\u00e9lules de TUMACURA \u00e0 prendre avec un verre d&#039;eau par jour.<\/span><\/p>\n<p><span class=\"_5yl5\" style=\"color: #000000;\" data-reactid=\".2h.$mid=11416827275330=23ad044a3231aa88f85.2:0.0.0.0.0\">Nous vous proposons des conseils et des conseils clairs et personnalis\u00e9s si vous avez besoin d&#039;aide pour utiliser la vitamine C pure sous forme de g\u00e9lules.<\/span><\/p>","protected":false},"featured_media":10815,"comment_status":"open","ping_status":"closed","template":"","meta":{"ngg_post_thumbnail":0},"product_brand":[],"product_cat":[327],"product_tag":[309],"class_list":{"0":"post-9784","1":"product","2":"type-product","3":"status-publish","4":"has-post-thumbnail","6":"product_cat-vitamin-supplements","7":"product_tag-turmeric-blend","9":"first","10":"instock","11":"purchasable","12":"product-type-variable"},"_links":{"self":[{"href":"https:\/\/laubeholistic.com\/fr\/wp-json\/wp\/v2\/product\/9784","targetHints":{"allow":["GET"]}}],"collection":[{"href":"https:\/\/laubeholistic.com\/fr\/wp-json\/wp\/v2\/product"}],"about":[{"href":"https:\/\/laubeholistic.com\/fr\/wp-json\/wp\/v2\/types\/product"}],"replies":[{"embeddable":true,"href":"https:\/\/laubeholistic.com\/fr\/wp-json\/wp\/v2\/comments?post=9784"}],"wp:featuredmedia":[{"embeddable":true,"href":"https:\/\/laubeholistic.com\/fr\/wp-json\/wp\/v2\/media\/10815"}],"wp:attachment":[{"href":"https:\/\/laubeholistic.com\/fr\/wp-json\/wp\/v2\/media?parent=9784"}],"wp:term":[{"taxonomy":"product_brand","embeddable":true,"href":"https:\/\/laubeholistic.com\/fr\/wp-json\/wp\/v2\/product_brand?post=9784"},{"taxonomy":"product_cat","embeddable":true,"href":"https:\/\/laubeholistic.com\/fr\/wp-json\/wp\/v2\/product_cat?post=9784"},{"taxonomy":"product_tag","embeddable":true,"href":"https:\/\/laubeholistic.com\/fr\/wp-json\/wp\/v2\/product_tag?post=9784"}],"curies":[{"name":"wp","href":"https:\/\/api.w.org\/{rel}","templated":true}]}}