{"id":9716,"date":"2022-02-23T17:59:45","date_gmt":"2022-02-23T17:59:45","guid":{"rendered":"https:\/\/laubeholistic.com\/?post_type=product&#038;p=9716"},"modified":"2024-03-06T13:59:03","modified_gmt":"2024-03-06T13:59:03","slug":"flower-remedies-by-m-j","status":"publish","type":"product","link":"https:\/\/laubeholistic.com\/fr\/shop\/flower-remedies-by-m-j\/","title":{"rendered":"Rem\u00e8des floraux par MJ"},"content":{"rendered":"<h2 data-canvas-width=\"58.55733333333334\"><span style=\"color: #000000;\"><strong>Rem\u00e8des floraux par MJ<\/strong><\/span><\/h2>\n<div data-canvas-width=\"58.55733333333334\">&nbsp;<\/div>\n<div data-canvas-width=\"58.55733333333334\"><span style=\"color: #000000;\"><strong>CALME<\/strong><\/span><\/div>\n<div data-canvas-width=\"617.4879999999998\"><span style=\"color: #000000;\">La vie peut \u00eatre stressante et vous pouvez souvent vous sentir anxieux et d\u00e9pass\u00e9 ; avec<\/span><\/div>\n<div data-canvas-width=\"603.904\"><span style=\"color: #000000;\">tout ce qui se passe autour de vous. Il peut \u00eatre difficile de rester calme et d&#039;\u00eatre<\/span><\/div>\n<div data-canvas-width=\"240.64000000000001\"><span style=\"color: #000000;\">confiant tout au long de la journ\u00e9e.<\/span><\/div>\n<div data-canvas-width=\"646.1919999999998\"><span style=\"color: #000000;\">Ce rem\u00e8de aide \u00e0 d\u00e9tendre l\u2019esprit et calme le syst\u00e8me nerveux. Donc<\/span><\/div>\n<div data-canvas-width=\"589.3119999999998\"><span style=\"color: #000000;\">vous pouvez penser plus clairement\u00a0; Soyez centr\u00e9 sur vous-m\u00eame et bougez<\/span><\/div>\n<div data-canvas-width=\"228.84799999999996\"><span style=\"color: #000000;\">en avant dans votre vie quotidienne.<\/span><\/div>\n<div data-canvas-width=\"650.9279999999999\">&nbsp;<\/div>\n<div data-canvas-width=\"650.9279999999999\">\n<div data-canvas-width=\"36.306666666666665\"><strong><span style=\"color: #000000;\">JOIE<\/span><\/strong><\/div>\n<div data-canvas-width=\"650.9279999999999\"><span style=\"color: #000000;\">Parfois, lorsque nous rencontrons des d\u00e9fis\u00a0; il est parfois difficile de voir la lumi\u00e8re<\/span><\/div>\n<div data-canvas-width=\"594.56\"><span style=\"color: #000000;\">c\u00f4t\u00e9 de la vie et se sentir joyeux\u00a0; tristesse; l&#039;anxi\u00e9t\u00e9 et la d\u00e9pression peuvent prendre le dessus.<\/span><\/div>\n<div data-canvas-width=\"610.0479999999997\"><span style=\"color: #000000;\">Ce rem\u00e8de peut vous donner un l\u00e9ger coup de pouce pour vous remonter le moral et vous ouvrir<\/span><\/div>\n<div data-canvas-width=\"201.136\"><span style=\"color: #000000;\">plus \u00e0 la joie de vivre.<\/span><\/div>\n<\/div>\n<div data-canvas-width=\"201.136\">&nbsp;<\/div>\n<div data-canvas-width=\"201.136\">\n<div data-canvas-width=\"53.33066666666667\"><strong><span style=\"color: #000000;\">REPOS<\/span><\/strong><\/div>\n<div data-canvas-width=\"648.256\"><span style=\"color: #000000;\">Le repos et le sommeil sont cruciaux pour le bien-\u00eatre g\u00e9n\u00e9ral de notre esprit, de notre corps et de notre esprit. \u00c0<\/span><\/div>\n<div data-canvas-width=\"609.3600000000001\"><span style=\"color: #000000;\">parfois, nous pouvons avoir du mal \u00e0 nous d\u00e9tendre ou \u00e0 nous endormir\u00a0; ainsi que le r\u00e9veil pendant<\/span><\/div>\n<div data-canvas-width=\"88.88\"><span style=\"color: #000000;\">Temps de sommeil.<\/span><\/div>\n<div data-canvas-width=\"646.1439999999998\"><span style=\"color: #000000;\">Ce rem\u00e8de peut aider \u00e0 calmer le \u00ab bavardage mental \u00bb et les pens\u00e9es ind\u00e9sirables<\/span><\/div>\n<div data-canvas-width=\"645.92\"><span style=\"color: #000000;\">pour permettre un sommeil plus r\u00e9parateur et un \u00e9tat d\u00e9tendu de calme et de bien-\u00eatre.<\/span><\/div>\n<div data-canvas-width=\"645.92\">&nbsp;<\/div>\n<\/div>\n<div data-canvas-width=\"645.92\">\n<ul>\n<li data-canvas-width=\"311.712\"><span style=\"color: #000000;\">Cr\u00e9\u00e9 pour vous donner un petit coup de pouce et un petit coup de pouce.<\/span><\/li>\n<li data-canvas-width=\"518.4800000000001\"><span style=\"color: #000000;\">Pour de meilleurs r\u00e9sultats, prenez-le seul, loin des autres m\u00e9dicaments ou suppl\u00e9ments.<\/span><\/li>\n<li data-canvas-width=\"309.10400000000004\"><span style=\"color: #000000;\">Tenir \u00e0 l&#039;\u00e9cart de la lumi\u00e8re directe du soleil et de la chaleur<\/span><\/li>\n<li data-canvas-width=\"245.88799999999995\"><span style=\"color: #000000;\">\u00c0 utiliser dans le mois suivant l&#039;ouverture<\/span><\/li>\n<li data-canvas-width=\"252.36800000000005\"><span style=\"color: #000000;\">\u00c0 base de plantes\/Adapt\u00e9 aux v\u00e9g\u00e9tariens<\/span><\/li>\n<\/ul>\n<p><span style=\"color: #000000;\">Cr\u00e9\u00e9 par Naturopathe <em><strong>Marie Julienne<\/strong><\/em><\/span><\/p>\n<\/div>","protected":false},"excerpt":{"rendered":"<div data-canvas-width=\"637.392\"><span style=\"color: #000000;\">Ces rem\u00e8des floraux sont une mani\u00e8re naturelle et douce de <\/span><\/div>\n<div data-canvas-width=\"637.392\"><span style=\"color: #000000;\">\u00e9levez votre \u00e9nergie et <\/span><span style=\"color: #000000;\">\u00e9quilibrez vos \u00e9motions au quotidien.<\/span><\/div>\n<div data-canvas-width=\"316.976\">&nbsp;<\/div>\n<div data-canvas-width=\"459.888\"><span style=\"color: #000000;\">Fabriqu\u00e9 avec des fleurs de Bach originales et de l&#039;eau min\u00e9rale pure.<\/span><\/div>\n<div data-canvas-width=\"459.888\">&nbsp;<\/div>\n<div data-canvas-width=\"638.1120000000001\"><span style=\"color: #000000;\">Chaque flacon contient 7 essences florales diff\u00e9rentes, qui ont des caract\u00e9ristiques uniques <\/span><\/div>\n<div data-canvas-width=\"638.1120000000001\"><span style=\"color: #000000;\">propri\u00e9t\u00e9s <\/span><span style=\"color: #000000;\">et prend en charge diff\u00e9rentes \u00e9motions et sentiments pour votre ensemble <\/span><\/div>\n<div data-canvas-width=\"638.1120000000001\"><span style=\"color: #000000;\">bien-\u00eatre.<\/span><\/div>\n<div data-canvas-width=\"638.1120000000001\">&nbsp;<\/div>\n<div data-canvas-width=\"638.1120000000001\"><span style=\"color: #000000;\">Choisir entre <strong>\u2013 CALME \u2013 JOIE \u2013 REPOS \u2013<\/strong> ou ayez les trois ensemble comme un ensemble.<\/span><\/div>\n<div data-canvas-width=\"638.1120000000001\">&nbsp;<\/div>","protected":false},"featured_media":10849,"comment_status":"open","ping_status":"closed","template":"","meta":{"ngg_post_thumbnail":0},"product_brand":[],"product_cat":[329],"product_tag":[],"class_list":{"0":"post-9716","1":"product","2":"type-product","3":"status-publish","4":"has-post-thumbnail","6":"product_cat-remedy-supplements","8":"first","9":"outofstock","10":"taxable","11":"shipping-taxable","12":"purchasable","13":"product-type-variable"},"_links":{"self":[{"href":"https:\/\/laubeholistic.com\/fr\/wp-json\/wp\/v2\/product\/9716","targetHints":{"allow":["GET"]}}],"collection":[{"href":"https:\/\/laubeholistic.com\/fr\/wp-json\/wp\/v2\/product"}],"about":[{"href":"https:\/\/laubeholistic.com\/fr\/wp-json\/wp\/v2\/types\/product"}],"replies":[{"embeddable":true,"href":"https:\/\/laubeholistic.com\/fr\/wp-json\/wp\/v2\/comments?post=9716"}],"wp:featuredmedia":[{"embeddable":true,"href":"https:\/\/laubeholistic.com\/fr\/wp-json\/wp\/v2\/media\/10849"}],"wp:attachment":[{"href":"https:\/\/laubeholistic.com\/fr\/wp-json\/wp\/v2\/media?parent=9716"}],"wp:term":[{"taxonomy":"product_brand","embeddable":true,"href":"https:\/\/laubeholistic.com\/fr\/wp-json\/wp\/v2\/product_brand?post=9716"},{"taxonomy":"product_cat","embeddable":true,"href":"https:\/\/laubeholistic.com\/fr\/wp-json\/wp\/v2\/product_cat?post=9716"},{"taxonomy":"product_tag","embeddable":true,"href":"https:\/\/laubeholistic.com\/fr\/wp-json\/wp\/v2\/product_tag?post=9716"}],"curies":[{"name":"wp","href":"https:\/\/api.w.org\/{rel}","templated":true}]}}