{"id":9609,"date":"2022-02-04T19:01:21","date_gmt":"2022-02-04T19:01:21","guid":{"rendered":"https:\/\/laubeholistic.com\/?post_type=product&#038;p=9609"},"modified":"2023-11-29T14:28:34","modified_gmt":"2023-11-29T14:28:34","slug":"oxywatt-oxygen-bottle","status":"publish","type":"product","link":"https:\/\/laubeholistic.com\/fr\/shop\/oxywatt-oxygen-bottle\/","title":{"rendered":"OXYwatt \u2013 Bouteille d\u2019oxyg\u00e8ne"},"content":{"rendered":"<h3><span style=\"color: #000000;\">OXYwatt \u2013 Bouteille d\u2019oxyg\u00e8ne<\/span><\/h3>\n<h3><span style=\"color: #000000;\">\u00c0 propos de ce produit<br \/>\n<\/span><\/h3>\n<p><span style=\"color: #000000;\">\u2022 Si vous \u00eates une personne constamment sous pression et avec des d\u00e9cisions \u00e0 prendre, OXYwatt vous aidera \u00e0 faire face \u00e0 ces d\u00e9fis, car il augmente la concentration, augmente l&#039;\u00e9nergie, r\u00e9duit les sympt\u00f4mes de stress et de manque de sommeil, aide \u00e0 maintenir la concentration pendant les trajets fatiguants.<\/span><\/p>\n<p><span style=\"color: #000000;\">\u2022 OXYwatt vous aide \u00e0 obtenir de meilleurs r\u00e9sultats car l&#039;oxyg\u00e8ne ajout\u00e9 : augmente les performances, r\u00e9duit le temps de r\u00e9cup\u00e9ration apr\u00e8s l&#039;effort, augmente la croissance \u00e9nerg\u00e9tique, aide \u00e0 r\u00e9duire les douleurs musculaires.<\/span><\/p>\n<p><span style=\"color: #000000;\">\u2022 L&#039;alcool ralentit notre m\u00e9tabolisme et \u00e9limine les min\u00e9raux, provoquant des sensations d\u00e9sagr\u00e9ables. Une bou\u00e9e de sauvetage peut \u00eatre l&#039;oxywatt avec de l&#039;oxyg\u00e8ne 95% qui peut apporter un soulagement tel qu&#039;une augmentation de l&#039;\u00e9nergie vitale, soulager les maux de t\u00eate et la fatigue. Trois mol\u00e9cules d&#039;oxyg\u00e8ne br\u00fblent une mol\u00e9cule d&#039;alcool, acc\u00e9l\u00e9rant ainsi votre retour dans le monde des \u00ab vivants \u00bb.<\/span><\/p>\n<p><span style=\"color: #000000;\">\u2022 OXYwatt agit sur les personnes ayant une charge intellectuelle \u00e9lev\u00e9e : concentration accrue, qui augmente l&#039;efficacit\u00e9 de l&#039;apprentissage ; r\u00e9duit les sympt\u00f4mes du stress, du manque de sommeil, acc\u00e9l\u00e8re la r\u00e9g\u00e9n\u00e9ration apr\u00e8s des nuits blanches, aide \u00e0 g\u00e9rer les sympt\u00f4mes d\u00e9sagr\u00e9ables le lendemain d&#039;une f\u00eate<\/span><\/p>\n<p><span style=\"color: #000000;\">\u2022 OXYwatt est un produit enti\u00e8rement naturel et sans calories. Cela vous aide \u00e0 atteindre le bien-\u00eatre. L&#039;oxyg\u00e9nation suppl\u00e9mentaire remplit la peau d&#039;\u00e9nergie vitale, am\u00e9liore son \u00e9lasticit\u00e9 et aide \u00e0 la rafra\u00eechir et \u00e0 la rajeunir. L&#039;oxyg\u00e8ne ralentit les processus de vieillissement et augmente le m\u00e9tabolisme<\/span><\/p>","protected":false},"excerpt":{"rendered":"<p><span style=\"color: #000000;\">La bouteille d&#039;oxyg\u00e8ne d&#039;OXY watt est de l&#039;oxyg\u00e8ne pur 95% avec le parfum naturel de menthe rafra\u00eechissante. <\/span><\/p>\n<p><span style=\"color: #000000;\">5 litres d&#039;oxyg\u00e8ne pur en conserve pour augmenter l&#039;\u00e9nergie, l&#039;humeur, soulager la douleur et aider en situation de stress.<br \/>\n<\/span><\/p>\n<p>&nbsp;<\/p>","protected":false},"featured_media":9612,"comment_status":"open","ping_status":"closed","template":"","meta":{"ngg_post_thumbnail":0},"product_brand":[],"product_cat":[330,334],"product_tag":[],"class_list":{"0":"post-9609","1":"product","2":"type-product","3":"status-publish","4":"has-post-thumbnail","6":"product_cat-accessories","7":"product_cat-on-sale","9":"first","10":"outofstock","11":"sale","12":"taxable","13":"shipping-taxable","14":"purchasable","15":"product-type-simple"},"_links":{"self":[{"href":"https:\/\/laubeholistic.com\/fr\/wp-json\/wp\/v2\/product\/9609","targetHints":{"allow":["GET"]}}],"collection":[{"href":"https:\/\/laubeholistic.com\/fr\/wp-json\/wp\/v2\/product"}],"about":[{"href":"https:\/\/laubeholistic.com\/fr\/wp-json\/wp\/v2\/types\/product"}],"replies":[{"embeddable":true,"href":"https:\/\/laubeholistic.com\/fr\/wp-json\/wp\/v2\/comments?post=9609"}],"wp:featuredmedia":[{"embeddable":true,"href":"https:\/\/laubeholistic.com\/fr\/wp-json\/wp\/v2\/media\/9612"}],"wp:attachment":[{"href":"https:\/\/laubeholistic.com\/fr\/wp-json\/wp\/v2\/media?parent=9609"}],"wp:term":[{"taxonomy":"product_brand","embeddable":true,"href":"https:\/\/laubeholistic.com\/fr\/wp-json\/wp\/v2\/product_brand?post=9609"},{"taxonomy":"product_cat","embeddable":true,"href":"https:\/\/laubeholistic.com\/fr\/wp-json\/wp\/v2\/product_cat?post=9609"},{"taxonomy":"product_tag","embeddable":true,"href":"https:\/\/laubeholistic.com\/fr\/wp-json\/wp\/v2\/product_tag?post=9609"}],"curies":[{"name":"wp","href":"https:\/\/api.w.org\/{rel}","templated":true}]}}