{"id":8710,"date":"2021-10-29T12:50:30","date_gmt":"2021-10-29T12:50:30","guid":{"rendered":"https:\/\/laubeholistic.com\/?post_type=product&#038;p=8710"},"modified":"2026-03-03T14:45:05","modified_gmt":"2026-03-03T14:45:05","slug":"pure-vitamin-c-capsules","status":"publish","type":"product","link":"https:\/\/laubeholistic.com\/fr\/shop\/pure-vitamin-c-capsules\/","title":{"rendered":"G\u00e9lules de vitamine C pure"},"content":{"rendered":"","protected":false},"excerpt":{"rendered":"<p lang=\"it-IT\" style=\"text-align: left;\" align=\"CENTER\"><span style=\"color: #000000;\">100% Acide ascorbique en capsules<\/span><\/p>\n<p lang=\"it-IT\" style=\"text-align: left;\" align=\"CENTER\"><span style=\"color: #000000;\">Taille de capsule \u00ab 00 \u00bb, v\u00e9g\u00e9tarienne avec 1 g par capsule.<br \/>\n<\/span><span style=\"color: #000000;\">Comme recommand\u00e9 par Linus Pauling<\/span><\/p>\n<h3 lang=\"it-IT\" style=\"text-align: left;\" align=\"CENTER\"><span style=\"color: #0000ff;\"><strong>Compl\u00e9ter votre alimentation avec des nutriments b\u00e9n\u00e9fiques et b\u00e9n\u00e9fiques pour la sant\u00e9 est d\u2019une importance vitale dans la situation pand\u00e9mique actuelle. C&#039;est pourquoi nous proposons de la vitamine C pure de haute qualit\u00e9.<br \/>\n<\/strong><\/span><\/h3>\n<p><span style=\"font-size: 10pt; color: #000000;\"><strong>Aide \u00e0 combattre des maladies telles que :<\/strong><\/span><\/p>\n<p><em><span style=\"font-size: 10pt; color: #000000;\"><strong>Rhume, grippe, fi\u00e8vre&nbsp;<\/strong><strong>et&nbsp;<\/strong><\/span><\/em><em><span style=\"font-size: 10pt; color: #000000;\"><strong>Probl\u00e8mes cardiovasculaires.<\/strong><\/span><\/em><\/p>\n<p><span style=\"color: #000000;\"><em><span style=\"font-size: 10pt;\"><strong>Renforce le syst\u00e8me immunitaire.<\/strong><\/span><\/em><\/span><\/p>\n<p><span style=\"color: #000000;\"><em><span style=\"font-size: 10pt;\"><strong>Favorise un meilleur bien-\u00eatre et peut aider \u00e0 combattre la d\u00e9pression.<\/strong><\/span><\/em><\/span><\/p>\n<p style=\"font-size: large; text-align: left;\"><span style=\"font-size: 10pt; color: #000000;\">Posologie : Une g\u00e9lule de Vitamine C \u00e0 prendre avec un verre d&#039;eau par jour.<\/span><\/p>\n<p style=\"font-size: large; text-align: left;\"><span class=\"_5yl5\" style=\"font-size: 10pt; color: #000000;\" data-reactid=\".2h.$mid=11416827275330=23ad044a3231aa88f85.2:0.0.0.0.0\">Nous vous proposons des conseils et des conseils clairs et personnalis\u00e9s si vous avez besoin d&#039;aide pour utiliser la vitamine C pure sous forme de g\u00e9lules.<br \/>\n<\/span><\/p>","protected":false},"featured_media":10813,"comment_status":"open","ping_status":"closed","template":"","meta":{"ngg_post_thumbnail":0},"product_brand":[],"product_cat":[327],"product_tag":[251,253,254],"class_list":{"0":"post-8710","1":"product","2":"type-product","3":"status-publish","4":"has-post-thumbnail","6":"product_cat-vitamin-supplements","7":"product_tag-100-pure","8":"product_tag-ascorbic-acid","9":"product_tag-pure","11":"first","12":"instock","13":"taxable","14":"shipping-taxable","15":"purchasable","16":"product-type-variable"},"_links":{"self":[{"href":"https:\/\/laubeholistic.com\/fr\/wp-json\/wp\/v2\/product\/8710","targetHints":{"allow":["GET"]}}],"collection":[{"href":"https:\/\/laubeholistic.com\/fr\/wp-json\/wp\/v2\/product"}],"about":[{"href":"https:\/\/laubeholistic.com\/fr\/wp-json\/wp\/v2\/types\/product"}],"replies":[{"embeddable":true,"href":"https:\/\/laubeholistic.com\/fr\/wp-json\/wp\/v2\/comments?post=8710"}],"wp:featuredmedia":[{"embeddable":true,"href":"https:\/\/laubeholistic.com\/fr\/wp-json\/wp\/v2\/media\/10813"}],"wp:attachment":[{"href":"https:\/\/laubeholistic.com\/fr\/wp-json\/wp\/v2\/media?parent=8710"}],"wp:term":[{"taxonomy":"product_brand","embeddable":true,"href":"https:\/\/laubeholistic.com\/fr\/wp-json\/wp\/v2\/product_brand?post=8710"},{"taxonomy":"product_cat","embeddable":true,"href":"https:\/\/laubeholistic.com\/fr\/wp-json\/wp\/v2\/product_cat?post=8710"},{"taxonomy":"product_tag","embeddable":true,"href":"https:\/\/laubeholistic.com\/fr\/wp-json\/wp\/v2\/product_tag?post=8710"}],"curies":[{"name":"wp","href":"https:\/\/api.w.org\/{rel}","templated":true}]}}