{"id":770,"date":"2014-05-28T18:30:47","date_gmt":"2014-05-28T18:30:47","guid":{"rendered":"https:\/\/laubeholistic.com\/?post_type=product&#038;p=770"},"modified":"2026-03-03T14:50:02","modified_gmt":"2026-03-03T14:50:02","slug":"spray-bottle","status":"publish","type":"product","link":"https:\/\/laubeholistic.com\/fr\/shop\/spray-bottle\/","title":{"rendered":"Flacon pulv\u00e9risateur \u2013 120 ml"},"content":{"rendered":"<p><span style=\"font-family: arial,helvetica,sans-serif; font-size: 18pt;\"><span lang=\"es-ES\">Les avantages incroyables pour vous<br \/>\n<\/span><\/span><\/p>\n<p><span style=\"color: #000000; font-family: georgia,palatino; font-size: 12pt;\">Le confort, la facilit\u00e9 et l&#039;efficacit\u00e9 d&#039;un flacon pulv\u00e9risateur.<\/span><\/p>\n<p><span style=\"color: #000000; font-family: georgia,palatino; font-size: 12pt;\">Convient pour une utilisation avec n&#039;importe quel <strong>Solutions de sant\u00e9 holistiques Laube<\/strong>&nbsp;produit.<\/span><\/p>\n<p><span style=\"color: #000000; font-family: georgia,palatino; font-size: 12pt;\">Ce flacon pulv\u00e9risateur de qualit\u00e9 pharmaceutique<\/span>&nbsp;<span style=\"color: #000000; font-family: georgia,palatino; font-size: 12pt;\">fait l&#039;application topique de&nbsp;<strong>MSA<\/strong> ou <strong>DMSO&nbsp;<\/strong>plus facile et plus rapide !<\/span><\/p>\n<p><span style=\"color: #000000; font-family: georgia,palatino; font-size: 12pt;\">M\u00e9langez simplement votre dose d\u2019AMS ou de DMSO dans ce flacon pulv\u00e9risateur (sec et propre). Attendez 30 secondes le temps de r\u00e9action (n\u00e9cessaire pour l&#039;AMS) et ajoutez-y un peu d&#039;eau.<\/span><\/p>\n<p><span style=\"color: #000000; font-family: georgia,palatino; font-size: 12pt;\">Pr\u00eat \u00e0 l&#039;emploi !<\/span><\/p>\n<p><span style=\"color: #000000; font-family: georgia,palatino; font-size: 12pt;\">Comme ce flacon pulv\u00e9risateur cr\u00e9e un vide lorsqu&#039;il est correctement ferm\u00e9, le m\u00e9lange <strong>MSA<\/strong> peut durer et rester actif pendant environ trois jours.<\/span><\/p>\n<p><span class=\"_5yl5\" style=\"font-size: 12pt; font-family: georgia,palatino; color: #000000;\" data-reactid=\".2h.$mid=11416827275330=23ad044a3231aa88f85.2:0.0.0.0.0\"><span data-reactid=\".2h.$mid=11416827275330=23ad044a3231aa88f85.2:0.0.0.0.0.0\"><span data-reactid=\".2h.$mid=11416827275330=23ad044a3231aa88f85.2:0.0.0.0.0.0.$end:0:$8:0\">Si vous ne voyez pas votre probl\u00e8me ou votre maladie trait\u00e9 ici sur ce site Web, veuillez nous contacter par e-mail ou par t\u00e9l\u00e9phone et nous vous conseillerons et vous aiderons clairement ! <span class=\"_5yl5\" data-reactid=\".1k.$mid=11416832347515=2f7e62a9de5b0f0e178.2:0.0.0.0.0\"><span data-reactid=\".1k.$mid=11416832347515=2f7e62a9de5b0f0e178.2:0.0.0.0.0.0\"><span data-reactid=\".1k.$mid=11416832347515=2f7e62a9de5b0f0e178.2:0.0.0.0.0.0.$end:0:$2:0\">C\u2019est une qualit\u00e9 sur laquelle nous accordons beaucoup d\u2019importance.<\/span><\/span><\/span><br \/>\n<\/span><\/span><\/span><\/p>","protected":false},"excerpt":{"rendered":"<ul>\n<li><span style=\"color: #000000;\">Flacon pulv\u00e9risateur \u2013 vide \u2013 120 ml<\/span><\/li>\n<li><span style=\"color: #000000;\"><strong>10% de remise sur 3 unit\u00e9s &amp; 15% de remise sur 5 unit\u00e9s<\/strong><\/span><\/li>\n<\/ul>\n<p><span class=\"_5yl5\" style=\"color: #000000;\" data-reactid=\".2h.$mid=11416827275330=23ad044a3231aa88f85.2:0.0.0.0.0\">Nous offrons des conseils et des conseils clairs et personnalis\u00e9s si vous en avez besoin lors de l&#039;utilisation de ce produit.<\/span><\/p>","protected":false},"featured_media":10725,"comment_status":"closed","ping_status":"closed","template":"","meta":{"ngg_post_thumbnail":0},"product_brand":[],"product_cat":[330],"product_tag":[280,286,285,281,106],"class_list":{"0":"post-770","1":"product","2":"type-product","3":"status-publish","4":"has-post-thumbnail","6":"product_cat-accessories","7":"product_tag-discount","8":"product_tag-pharmaceutical-grade","9":"product_tag-pharmaceutical-quality","10":"product_tag-quantity-discount","11":"product_tag-spray-bottle","13":"first","14":"instock","15":"taxable","16":"shipping-taxable","17":"purchasable","18":"product-type-variable"},"_links":{"self":[{"href":"https:\/\/laubeholistic.com\/fr\/wp-json\/wp\/v2\/product\/770","targetHints":{"allow":["GET"]}}],"collection":[{"href":"https:\/\/laubeholistic.com\/fr\/wp-json\/wp\/v2\/product"}],"about":[{"href":"https:\/\/laubeholistic.com\/fr\/wp-json\/wp\/v2\/types\/product"}],"replies":[{"embeddable":true,"href":"https:\/\/laubeholistic.com\/fr\/wp-json\/wp\/v2\/comments?post=770"}],"wp:featuredmedia":[{"embeddable":true,"href":"https:\/\/laubeholistic.com\/fr\/wp-json\/wp\/v2\/media\/10725"}],"wp:attachment":[{"href":"https:\/\/laubeholistic.com\/fr\/wp-json\/wp\/v2\/media?parent=770"}],"wp:term":[{"taxonomy":"product_brand","embeddable":true,"href":"https:\/\/laubeholistic.com\/fr\/wp-json\/wp\/v2\/product_brand?post=770"},{"taxonomy":"product_cat","embeddable":true,"href":"https:\/\/laubeholistic.com\/fr\/wp-json\/wp\/v2\/product_cat?post=770"},{"taxonomy":"product_tag","embeddable":true,"href":"https:\/\/laubeholistic.com\/fr\/wp-json\/wp\/v2\/product_tag?post=770"}],"curies":[{"name":"wp","href":"https:\/\/api.w.org\/{rel}","templated":true}]}}