{"id":625,"date":"2014-05-28T18:15:52","date_gmt":"2014-05-28T18:15:52","guid":{"rendered":"https:\/\/laubeholistic.com\/?post_type=product&#038;p=625"},"modified":"2026-03-03T14:50:39","modified_gmt":"2026-03-03T14:50:39","slug":"ams-pure-water-kit-the-water-purification-solution","status":"publish","type":"product","link":"https:\/\/laubeholistic.com\/fr\/shop\/ams-pure-water-kit-the-water-purification-solution\/","title":{"rendered":"Le kit Eau Pure \u2013 Solution de purification de l\u2019eau"},"content":{"rendered":"<p><span style=\"font-family: arial, helvetica, sans-serif; font-size: 18pt; color: #000000;\">Les avantages incroyables pour vous<br \/>\n<\/span><\/p>\n<p><span style=\"font-family: georgia,palatino; font-size: 12pt; color: #000000;\">J&#039;adore camper et voyager,\u2026 dans des pays \u00e9trangers et m\u00eame exotiques.<\/span><\/p>\n<p><span style=\"font-family: georgia,palatino; font-size: 12pt; color: #000000;\">Lorsque je voyage \u00e0 travers des r\u00e9gions de cette plan\u00e8te o\u00f9 un approvisionnement en eau propre et pure n&#039;est pas toujours garanti, un \u00e9l\u00e9ment auquel je pense en premier et auquel j&#039;accorde le plus d&#039;importance est <span style=\"text-decoration: underline;\">une petite aide<\/span> pour m&#039;assurer que je peux facilement purifier l&#039;eau partout o\u00f9 je suis et o\u00f9 je vais.<\/span><\/p>\n<p><span style=\"font-family: georgia,palatino; font-size: 12pt; color: #000000;\">Tr\u00e8s rapidement, sans trop d&#039;effort, pour me permettre d&#039;avoir de l&#039;eau pure et sans maladie \u00e0 boire. <a href=\"https:\/\/laubeholistic.com\/fr\/purifying-water\/\">La purification de l&#039;eau rendue facile.<\/a><br \/>\n<\/span><\/p>\n<p><strong><span style=\"font-family: georgia,palatino; font-size: 12pt; color: #000000;\">Le \u00ab Kit Eau Pure \u00bb est un G\u00c9NIE et un incontournable !<\/span><\/strong><\/p>\n<p><span style=\"font-family: georgia,palatino; font-size: 12pt; color: #000000;\">Deux petites bouteilles qui tiennent dans chaque sac et poche, avec des instructions simples sur leurs \u00e9tiquettes pour produire rapidement une petite quantit\u00e9 s\u00fbre de dioxyde de chlore (ne vous inqui\u00e9tez pas, ce n&#039;est pas seulement du chlore comme vous le pensez) pour purifier absolument tout ce que vous pourriez \u00eatre. autrement inquiet. En peu de temps de st\u00e9rilisation, je peux utiliser cette eau pour cuisiner et boire sans autre souci. <\/span><\/p>\n<p><span class=\"_5yl5\" style=\"font-size: 12pt; font-family: georgia,palatino;\" data-reactid=\".2h.$mid=11416827275330=23ad044a3231aa88f85.2:0.0.0.0.0\"><span data-reactid=\".2h.$mid=11416827275330=23ad044a3231aa88f85.2:0.0.0.0.0.0\"><span data-reactid=\".2h.$mid=11416827275330=23ad044a3231aa88f85.2:0.0.0.0.0.0.$end:0:$8:0\"><span style=\"color: #000000;\">Si vous ne voyez pas votre probl\u00e8me ou votre maladie trait\u00e9 ici sur ce site Web, veuillez nous contacter par e-mail ou par t\u00e9l\u00e9phone et nous vous conseillerons et vous aiderons clairement ! <span class=\"_5yl5\" data-reactid=\".1k.$mid=11416832347515=2f7e62a9de5b0f0e178.2:0.0.0.0.0\">C\u2019est une qualit\u00e9 sur laquelle nous accordons beaucoup d\u2019importance.<\/span><\/span><br \/>\n<\/span><\/span><\/span><\/p>","protected":false},"excerpt":{"rendered":"<ul>\n<li><span style=\"color: #000000; font-family: arial,helvetica,sans-serif;\">OXYDANT (Chlorite de Sodium \u2013 NaCl02) \u2013 30ml<br \/>\n<\/span><\/li>\n<li><span style=\"color: #000000; font-family: arial,helvetica,sans-serif;\">ACTIVATEUR (Acide Chlorhydrique 4% \u2013 HCL) \u2013 30ml<br \/>\n<\/span><\/li>\n<li><span style=\"color: #000000;\">Avec pipette<\/span><\/li>\n<li><span style=\"color: #000000;\"><strong>10% de r\u00e9duction sur 3 sets &amp; 15% de r\u00e9duction sur 5 sets<\/strong><\/span><\/li>\n<\/ul>\n<p><span class=\"_5yl5\" style=\"color: #000000;\" data-reactid=\".2h.$mid=11416827275330=23ad044a3231aa88f85.2:0.0.0.0.0\">Nous proposons des conseils et des directives clairs et personnels lorsque vous avez besoin d&#039;aide pour utiliser ce produit.<\/span><\/p>","protected":false},"featured_media":10847,"comment_status":"closed","ping_status":"closed","template":"","meta":{"ngg_post_thumbnail":0},"product_brand":[],"product_cat":[326],"product_tag":[249,280,124,94,170,281,128,108],"class_list":{"0":"post-625","1":"product","2":"type-product","3":"status-publish","4":"has-post-thumbnail","6":"product_cat-chlorine-dioxide-category","7":"product_tag-chlorine-dioxide","8":"product_tag-discount","9":"product_tag-hydrochloric-acid","10":"product_tag-hydrochloric-acid-4","11":"product_tag-jim-humble","12":"product_tag-quantity-discount","13":"product_tag-sodium-chlorite","14":"product_tag-water-purification","16":"first","17":"instock","18":"taxable","19":"shipping-taxable","20":"purchasable","21":"product-type-variable","22":"has-default-attributes"},"_links":{"self":[{"href":"https:\/\/laubeholistic.com\/fr\/wp-json\/wp\/v2\/product\/625","targetHints":{"allow":["GET"]}}],"collection":[{"href":"https:\/\/laubeholistic.com\/fr\/wp-json\/wp\/v2\/product"}],"about":[{"href":"https:\/\/laubeholistic.com\/fr\/wp-json\/wp\/v2\/types\/product"}],"replies":[{"embeddable":true,"href":"https:\/\/laubeholistic.com\/fr\/wp-json\/wp\/v2\/comments?post=625"}],"wp:featuredmedia":[{"embeddable":true,"href":"https:\/\/laubeholistic.com\/fr\/wp-json\/wp\/v2\/media\/10847"}],"wp:attachment":[{"href":"https:\/\/laubeholistic.com\/fr\/wp-json\/wp\/v2\/media?parent=625"}],"wp:term":[{"taxonomy":"product_brand","embeddable":true,"href":"https:\/\/laubeholistic.com\/fr\/wp-json\/wp\/v2\/product_brand?post=625"},{"taxonomy":"product_cat","embeddable":true,"href":"https:\/\/laubeholistic.com\/fr\/wp-json\/wp\/v2\/product_cat?post=625"},{"taxonomy":"product_tag","embeddable":true,"href":"https:\/\/laubeholistic.com\/fr\/wp-json\/wp\/v2\/product_tag?post=625"}],"curies":[{"name":"wp","href":"https:\/\/api.w.org\/{rel}","templated":true}]}}