{"id":6204,"date":"2020-08-09T16:06:30","date_gmt":"2020-08-09T16:06:30","guid":{"rendered":"https:\/\/laubeholistic.com\/?post_type=product&#038;p=6204"},"modified":"2026-03-03T14:45:56","modified_gmt":"2026-03-03T14:45:56","slug":"hydrogen-peroxide-12","status":"publish","type":"product","link":"https:\/\/laubeholistic.com\/fr\/shop\/hydrogen-peroxide-12\/","title":{"rendered":"Peroxyde d&#039;hydrog\u00e8ne"},"content":{"rendered":"<h3><span style=\"color: #000000;\">Peroxyde d&#039;hydrog\u00e8ne<\/span><\/h3>\n<p><span style=\"color: #000000;\">L&#039;utilisation du peroxyde d&#039;hydrog\u00e8ne est recommand\u00e9e dans de nombreuses publications et articles, notamment\u00a0: \u00ab\u00a0Le v\u00e9ritable pouvoir du peroxyde d&#039;hydrog\u00e8ne\u00a0\u00bb de Mary Wright, \u00ab\u00a0The One-Minute Cure\u00a0\u00bb de Madison Cavanaugh, \u00ab\u00a0Second Opinion Newsletter\u00a0\u00bb du Dr Rowen, \u00ab\u00a0Les nombreux avantages du peroxyde d&#039;hydrog\u00e8ne. Peroxyde d&#039;hydrog\u00e8ne \u00bb du Dr David G Williams, \u00ab Peroxyde d&#039;hydrog\u00e8ne \u2013 Miracle m\u00e9dical \u00bb de William Campbell Douglass II et \u00ab Peroxyde d&#039;hydrog\u00e8ne et ozone \u00bb de Conrad LeBeau.<\/span><\/p>\n<p><span style=\"color: #000000;\">En plus d&#039;\u00eatre utilis\u00e9 par les professionnels des secteurs dentaire, m\u00e9dical et de la sant\u00e9 et de la beaut\u00e9, le peroxyde d&#039;hydrog\u00e8ne a de nombreux usages \u00e0 la maison. Les utilisations pratiques sont vastes et toute recherche sur Internet r\u00e9v\u00e9lera une multitude d\u2019utilisations du peroxyde d\u2019hydrog\u00e8ne. Voici quelques-uns:<\/span><\/p>\n<h3><span style=\"color: #000000;\">Les usages<\/span><\/h3>\n<p><span style=\"color: #000000;\"><strong>PREMIERS SECOURS: <\/strong>Pour pr\u00e9venir le risque d\u2019infection lors de coupures, \u00e9raflures et br\u00fblures mineures. Pour ramollir le c\u00e9rumen.&nbsp;<\/span><\/p>\n<p><span style=\"color: #000000;\"><strong>Rince-bouche\u00a0:<\/strong> Pour aider \u00e0 soulager les irritations mineures de la bouche, les boutons de fi\u00e8vre et la gingivite.<\/span><\/p>\n<p><span style=\"color: #000000;\"><strong>D\u00e9sinfectant<\/strong>: Nettoyer les comptoirs et les planches \u00e0 d\u00e9couper avec du peroxyde d&#039;hydrog\u00e8ne non dilu\u00e9 est efficace pour tuer <em>E. coli<\/em> et <em>Salmonelle<\/em> bact\u00e9ries sur des surfaces dures lorsqu&#039;elles sont laiss\u00e9es reposer sur la surface pendant 10 minutes \u00e0 temp\u00e9rature ambiante.<\/span><\/p>\n<p><span style=\"color: #000000;\"><strong>Nettoyer l&#039;int\u00e9rieur des appareils \u00e9lectrom\u00e9nagers<\/strong>: Utilisez pour essuyer l\u2019int\u00e9rieur de votre r\u00e9frig\u00e9rateur et de votre lave-vaisselle. Le peroxyde d&#039;hydrog\u00e8ne n&#039;est pas toxique, c&#039;est donc une excellente option pour nettoyer les appareils utilis\u00e9s pour le stockage des aliments ou pour nettoyer la vaisselle et les couverts.<\/span><\/p>\n<p><span style=\"color: #000000;\"><strong>Laver les l\u00e9gumes et les produits frais<\/strong>: Recommand\u00e9 par les jardiniers biologiques.<\/span><\/p>\n<p>&nbsp;<\/p>\n<h3><span style=\"color: #000000;\">Information produit<\/span><\/h3>\n<p><span style=\"color: #000000;\">Peroxyde d&#039;hydrog\u00e8ne de qualit\u00e9 alimentaire<\/span><\/p>\n<p><span style=\"color: #000000;\">Source naturelle d&#039;oxyg\u00e8ne<\/span><\/p>\n<p><span style=\"color: #000000;\">Sans stabilisants, additifs ou m\u00e9taux lourds<\/span><\/p>\n<p><span style=\"color: #000000;\">Non toxique lorsqu&#039;il est utilis\u00e9 dans une mesure contr\u00f4l\u00e9e<\/span><\/p>\n<h3>&nbsp;<\/h3>\n<h3><span style=\"color: #000000;\">Conseils de prudence<\/span><\/h3>\n<p><span style=\"color: #000000;\"><strong>Veuillez demander des conseils sp\u00e9cifiques pour chaque probl\u00e8me avant d&#039;utiliser ce produit.<\/strong><\/span><\/p>\n<p><span style=\"color: #000000;\">Ne doit pas \u00eatre utilis\u00e9 pour traiter des blessures profondes, des morsures d&#039;animaux ou des br\u00fblures graves.<\/span><\/p>\n<p><span style=\"color: #000000;\">Ne pas utiliser dans les yeux<\/span><\/p>\n<p><span style=\"color: #000000;\">Ne pas m\u00e9langer avec du vinaigre<\/span><\/p>\n<p><span style=\"color: #000000;\">Tenir hors de port\u00e9e des enfants<\/span><\/p>","protected":false},"excerpt":{"rendered":"<ul>\n<li><span style=\"color: #000000;\">Bouteille de peroxyde d&#039;hydrog\u00e8ne 12% ou 35% \u2013 <strong>100 ml,<\/strong> <strong>120 ml, 250 ml ou 1 L<\/strong><\/span><\/li>\n<li><span style=\"color: #000000;\">T\u00eate compte-gouttes ou flacon pulv\u00e9risateur<\/span><\/li>\n<li><span style=\"color: #000000;\">Qualit\u00e9 alimentaire biologique H<sub>2<\/sub>\u00d4<sub>2<\/sub><\/span><\/li>\n<li><span style=\"color: #000000;\">Emball\u00e9 avec une forte concentration d&#039;oxyg\u00e8ne.<\/span><\/li>\n<li><span style=\"color: #000000;\">Sans stabilisants, additifs ou m\u00e9taux lourds.<\/span><\/li>\n<li><span style=\"color: #000000;\">Compte-gouttes install\u00e9 \u00e0 l&#039;int\u00e9rieur du flacon<\/span><\/li>\n<\/ul>","protected":false},"featured_media":7100,"comment_status":"closed","ping_status":"closed","template":"","meta":{"ngg_post_thumbnail":0},"product_brand":[],"product_cat":[329],"product_tag":[],"class_list":{"0":"post-6204","1":"product","2":"type-product","3":"status-publish","4":"has-post-thumbnail","6":"product_cat-remedy-supplements","8":"first","9":"instock","10":"taxable","11":"shipping-taxable","12":"purchasable","13":"product-type-variable"},"_links":{"self":[{"href":"https:\/\/laubeholistic.com\/fr\/wp-json\/wp\/v2\/product\/6204","targetHints":{"allow":["GET"]}}],"collection":[{"href":"https:\/\/laubeholistic.com\/fr\/wp-json\/wp\/v2\/product"}],"about":[{"href":"https:\/\/laubeholistic.com\/fr\/wp-json\/wp\/v2\/types\/product"}],"replies":[{"embeddable":true,"href":"https:\/\/laubeholistic.com\/fr\/wp-json\/wp\/v2\/comments?post=6204"}],"wp:featuredmedia":[{"embeddable":true,"href":"https:\/\/laubeholistic.com\/fr\/wp-json\/wp\/v2\/media\/7100"}],"wp:attachment":[{"href":"https:\/\/laubeholistic.com\/fr\/wp-json\/wp\/v2\/media?parent=6204"}],"wp:term":[{"taxonomy":"product_brand","embeddable":true,"href":"https:\/\/laubeholistic.com\/fr\/wp-json\/wp\/v2\/product_brand?post=6204"},{"taxonomy":"product_cat","embeddable":true,"href":"https:\/\/laubeholistic.com\/fr\/wp-json\/wp\/v2\/product_cat?post=6204"},{"taxonomy":"product_tag","embeddable":true,"href":"https:\/\/laubeholistic.com\/fr\/wp-json\/wp\/v2\/product_tag?post=6204"}],"curies":[{"name":"wp","href":"https:\/\/api.w.org\/{rel}","templated":true}]}}