{"id":5985,"date":"2020-07-20T16:05:42","date_gmt":"2020-07-20T16:05:42","guid":{"rendered":"https:\/\/laubeholistic.com\/?post_type=product&#038;p=5985"},"modified":"2026-02-17T16:45:33","modified_gmt":"2026-02-17T16:45:33","slug":"cds-chlorine-dioxide-solution","status":"publish","type":"product","link":"https:\/\/laubeholistic.com\/fr\/shop\/cds-chlorine-dioxide-solution\/","title":{"rendered":"CDS (3 000 ppm)"},"content":{"rendered":"<h1 style=\"color: #000000;\">CDS (3000ppm) Solution de dioxyde de chlore : Soutien avanc\u00e9 au bien-\u00eatre<\/h1>\n<div style=\"padding: 56.25% 0 0 0; position: relative;\"><iframe style=\"position: absolute; top: 0; left: 0; width: 100%; height: 100%;\" title=\"CDS : qu&#039;est-ce que c&#039;est et comment l&#039;utiliser ?\" src=\"https:\/\/player.vimeo.com\/video\/1165669923?badge=0&amp;autopause=0&amp;player_id=0&amp;app_id=58479\" frameborder=\"0\"><\/iframe><\/div>\n<p><script src=\"https:\/\/player.vimeo.com\/api\/player.js\"><\/script>La solution de dioxyde de chlore (CDS) a suscit\u00e9 une attention croissante dans la communaut\u00e9 du bien-\u00eatre holistique en raison de sa puissante capacit\u00e9 \u00e0 soutenir la d\u00e9sintoxication, l'\u00e9quilibre microbien et la r\u00e9silience de la sant\u00e9 en g\u00e9n\u00e9ral. Chez Laube Holistic, notre solution CDS est pr\u00e9par\u00e9e de mani\u00e8re experte \u00e0 l'aide d'acide citrique 50% combin\u00e9 \u00e0 du chlorite de sodium pour produire un gaz hautement purifi\u00e9, qui est ensuite dissous dans de l'eau distill\u00e9e froide pour cr\u00e9er une solution pr\u00eate \u00e0 l'emploi avec une teinte jaune caract\u00e9ristique. Contrairement aux m\u00e9thodes traditionnelles qui n\u00e9cessitent un m\u00e9lange et peuvent produire un go\u00fbt \u00e2pre ou un inconfort gastro-intestinal, notre formulation CDS est lisse, douce et optimis\u00e9e pour la commodit\u00e9 et l'efficacit\u00e9.<\/p>\n<p style=\"color: #000000;\">Le CDS est le r\u00e9sultat de l&#039;absorption du gaz lib\u00e9r\u00e9, produit \u00e0 partir du m\u00e9lange de chlorite de sodium avec n&#039;importe quel acide (nous utilisons uniquement l&#039;acide citrique 50% pour la production de CDS), et de sa dilution dans de l&#039;eau distill\u00e9e froide. Le gaz r\u00e9sultant \u00e9tant hautement soluble, il est captur\u00e9, colorant l\u2019eau de sa teinte jaune caract\u00e9ristique.<\/p>\n<p style=\"color: #000000;\">Le principal avantage du choix de la solution de dioxyde de chlore est que nous sommes en mesure de cr\u00e9er une solution qui n\u2019a pas de go\u00fbt d\u00e9sagr\u00e9able et ne produit pas de diarrh\u00e9e.<\/p>\n<p style=\"color: #000000;\">De plus, CDS est un produit pr\u00eat \u00e0 l&#039;emploi. Aucun m\u00e9lange suppl\u00e9mentaire n\u2019est requis.<\/p>\n<p style=\"color: #000000;\">Laube Holistic propose le CDS dans plusieurs formats : flacons compte-gouttes de 120 ml et 250 ml, flacon pulv\u00e9risateur de 100 ml pour application topique, ou r\u00e9cipient en vrac de 1 litre. Le flacon de 1 litre est livr\u00e9 avec une seringue de 10 ml pour un dosage pr\u00e9cis. Pour encore plus de pr\u00e9cision et de facilit\u00e9, en particulier avec les grands flacons, nous recommandons l'utilisation d'une seringue de 10 ml. <a style=\"color: #0000ff;\" href=\"https:\/\/laubeholistic.com\/fr\/shop\/glass-pipette-of-10ml-20cm\/\"><strong>pipette en verre \u00e0 long col<\/strong><\/a>.<\/p>\n<p style=\"color: #000000;\">La solution de dioxyde de chlore de Laube Holistic peut \u00eatre utilis\u00e9e sous forme dilu\u00e9e ou topique. Consultez le <a style=\"color: #0000ff;\" href=\"https:\/\/laubeholistic.com\/fr\/protocols-and-manuals\/\"><strong>Protocoles pour CDS<\/strong><\/a> pour en savoir plus sur son utilisation. Nous recommandons de commencer par <a style=\"color: #0000ff;\" href=\"https:\/\/laubeholistic.com\/wp-content\/uploads\/PDF-Protocol-C-ENG.pdf\">Protocole C (101)<\/a> comme guide de base.<\/p>\n<h2 style=\"margin-top: 40px;\">FAQ<\/h2>\n<div class=\"accordion\">\n\t<div id=\"accordion-157983064\" class=\"accordion-item\">\n\t\t<a id=\"accordion-157983064-label\" class=\"accordion-title plain\" href=\"#accordion-item-what-is-cds-chlorine-dioxide-solution,-and-what-are-its-benefits?\" aria-expanded=\"false\" aria-controls=\"accordion-157983064-content\">\n\t\t\t<button class=\"toggle\" aria-label=\"Basculer\"><i class=\"icon-angle-down\" aria-hidden=\"true\"><\/i><\/button>\n\t\t\t<span>Qu'est-ce que la solution de dioxyde de chlore CDS et quels sont ses avantages ?<\/span>\n\t\t<\/a>\n\t\t<div id=\"accordion-157983064-content\" class=\"accordion-inner\" aria-labelledby=\"accordion-157983064-label\">\n\t\t\t\n<p>La solution de dioxyde de chlore CDS est un produit pr\u00eat \u00e0 l'emploi cr\u00e9\u00e9 par la r\u00e9action du chlorite de sodium avec l'acide citrique, ce qui donne une solution d'une teinte jaune caract\u00e9ristique due \u00e0 sa solubilit\u00e9. Ses avantages sont les suivants :<\/p>\n<ul>\n<li>Pas de go\u00fbt d\u00e9sagr\u00e9able ni de diarrh\u00e9e, ce qui le rend s\u00fbr et pratique pour diverses utilisations.<\/li>\n<li>Produit pr\u00eat \u00e0 l'emploi, \u00e9liminant la n\u00e9cessit\u00e9 d'un m\u00e9lange suppl\u00e9mentaire.<\/li>\n<li>Efficace sous forme dilu\u00e9e et topique, comme indiqu\u00e9 dans le protocole C de Laube Holistic (101).<\/li>\n<\/ul>\n\t\t<\/div>\n\t<\/div>\n\t\n\t<div id=\"accordion-1865421979\" class=\"accordion-item\">\n\t\t<a id=\"accordion-1865421979-label\" class=\"accordion-title plain\" href=\"#accordion-item-how-long-does-a-120ml-and-a-250ml-bottle-of-cds-chlorine-dioxide-solution-last?\" aria-expanded=\"false\" aria-controls=\"accordion-1865421979-content\">\n\t\t\t<button class=\"toggle\" aria-label=\"Basculer\"><i class=\"icon-angle-down\" aria-hidden=\"true\"><\/i><\/button>\n\t\t\t<span>Quelle est la dur\u00e9e de vie d'un flacon de 120 ml et d'un flacon de 250 ml de solution de dioxyde de chlore CDS ?<\/span>\n\t\t<\/a>\n\t\t<div id=\"accordion-1865421979-content\" class=\"accordion-inner\" aria-labelledby=\"accordion-1865421979-label\">\n\t\t\t\n<p>Le flacon de 120 ml fournit une r\u00e9serve de 120 jours lorsqu'il est utilis\u00e9 \u00e0 raison de 1 ml\/jour ou une r\u00e9serve de 12 jours lorsqu'il est utilis\u00e9 \u00e0 raison de 10 ml\/jour (protocole C).<\/p>\n<p>Le flacon de 250 ml permet un approvisionnement de 250 jours \u00e0 raison de 1 ml\/jour ou de 25 jours \u00e0 raison de 10 ml\/jour (protocole C).<\/p>\n\t\t<\/div>\n\t<\/div>\n\t\n\t<div id=\"accordion-912281018\" class=\"accordion-item\">\n\t\t<a id=\"accordion-912281018-label\" class=\"accordion-title plain\" href=\"#accordion-item-can-i-get-a-discount-when-purchasing-multiple-sets-of-cds-chlorine-dioxide-solution-bottles?\" aria-expanded=\"false\" aria-controls=\"accordion-912281018-content\">\n\t\t\t<button class=\"toggle\" aria-label=\"Basculer\"><i class=\"icon-angle-down\" aria-hidden=\"true\"><\/i><\/button>\n\t\t\t<span>Puis-je b\u00e9n\u00e9ficier d'une remise lors de l'achat de plusieurs lots de bouteilles de solution de dioxyde de chlore CDS ?<\/span>\n\t\t<\/a>\n\t\t<div id=\"accordion-912281018-content\" class=\"accordion-inner\" aria-labelledby=\"accordion-912281018-label\">\n\t\t\t\n<ul>\n<li>Une remise de 10% est offerte \u00e0 l'achat de 3 lots de bouteilles.<\/li>\n<li>Une remise de 15% est accord\u00e9e pour l'achat de 5 lots de bouteilles.<\/li>\n<\/ul>\n\t\t<\/div>\n\t<\/div>\n\t\n\t<div id=\"accordion-2212505938\" class=\"accordion-item\">\n\t\t<a id=\"accordion-2212505938-label\" class=\"accordion-title plain\" href=\"#accordion-item-what-is-the-dropper-inside-the-cds-chlorine-dioxide-solution-bottles-for?\" aria-expanded=\"false\" aria-controls=\"accordion-2212505938-content\">\n\t\t\t<button class=\"toggle\" aria-label=\"Basculer\"><i class=\"icon-angle-down\" aria-hidden=\"true\"><\/i><\/button>\n\t\t\t<span>\u00c0 quoi sert le compte-gouttes situ\u00e9 \u00e0 l'int\u00e9rieur des bouteilles de solution de dioxyde de chlore CDS ?<\/span>\n\t\t<\/a>\n\t\t<div id=\"accordion-2212505938-content\" class=\"accordion-inner\" aria-labelledby=\"accordion-2212505938-label\">\n\t\t\t\n<p>Le compte-gouttes install\u00e9 \u00e0 l'int\u00e9rieur des flacons est con\u00e7u pour un dosage pr\u00e9cis, permettant aux utilisateurs de mesurer et de distribuer la quantit\u00e9 exacte de solution CDS n\u00e9cessaire pour diverses applications, comme le recommandent les protocoles et les manuels.<\/p>\n\t\t<\/div>\n\t<\/div>\n\t\n\t<div id=\"accordion-3459782901\" class=\"accordion-item\">\n\t\t<a id=\"accordion-3459782901-label\" class=\"accordion-title plain\" href=\"#accordion-item-where-can-i-access-the-protocols-and-manuals-for-cds-chlorine-dioxide-solution?\" aria-expanded=\"false\" aria-controls=\"accordion-3459782901-content\">\n\t\t\t<button class=\"toggle\" aria-label=\"Basculer\"><i class=\"icon-angle-down\" aria-hidden=\"true\"><\/i><\/button>\n\t\t\t<span>O\u00f9 puis-je trouver les protocoles et les manuels relatifs \u00e0 la solution de dioxyde de chlore CDS ?<\/span>\n\t\t<\/a>\n\t\t<div id=\"accordion-3459782901-content\" class=\"accordion-inner\" aria-labelledby=\"accordion-3459782901-label\">\n\t\t\t\n<p>Les protocoles et manuels pour CDS Chlorine Dioxide Solution peuvent \u00eatre t\u00e9l\u00e9charg\u00e9s en suivant le lien fourni. Ces ressources offrent des conseils clairs et personnalis\u00e9s pour aider les utilisateurs \u00e0 utiliser efficacement le produit.<\/p>\n\t\t<\/div>\n\t<\/div>\n\t\n<\/div>\n<h2 style=\"color: #000000; margin-top: 40px;\">Conclusion<\/h2>\n<p style=\"color: #000000;\">Le CDS de Laube Holistic est plus qu'un simple suppl\u00e9ment, c'est un engagement envers la qualit\u00e9, la pr\u00e9cision et le soutien holistique. Que vous cherchiez \u00e0 relever des d\u00e9fis sp\u00e9cifiques en mati\u00e8re de bien-\u00eatre ou simplement \u00e0 maintenir un environnement interne propre, nos produits CDS offrent coh\u00e9rence, puret\u00e9 et conseils. En maintenant l'int\u00e9grit\u00e9 de la pr\u00e9paration traditionnelle et en la compl\u00e9tant par des m\u00e9thodes d'administration am\u00e9lior\u00e9es, nous garantissons une solution accessible et efficace pour la d\u00e9sintoxication quotidienne et l'\u00e9quilibre microbien. Avec l'appui de protocoles fiables et d'une formulation experte, vous pouvez en toute confiance passer \u00e0 l'\u00e9tape suivante de votre parcours de bien-\u00eatre.<\/p>\n<p style=\"color: #000000;\">Si vous avez des questions ou si vous avez besoin d'aide pour adapter un protocole \u00e0 vos besoins, n'h\u00e9sitez pas \u00e0 contacter Tobias et notre \u00e9quipe comp\u00e9tente pour obtenir des conseils personnalis\u00e9s.<\/p>","protected":false},"excerpt":{"rendered":"<ul>\n<li><span style=\"color: #000000;\">Flacon de CDS \u2013 Solution de dioxyde de chlore \u2013 <strong>120 ml, 250 ml, 100 ml en spray ou 1 L<br \/>\n<\/strong><\/span><\/li>\n<li><span style=\"color: #000000;\">10% de r\u00e9duction sur 3 sets &amp; 15% de r\u00e9duction sur 5 sets<\/span><\/li>\n<li><span style=\"color: #000000;\">Compte-gouttes install\u00e9 \u00e0 l&#039;int\u00e9rieur du flacon<\/span><\/li>\n<li><span style=\"color: #000000;\"><span style=\"color: #0000ff;\"><a style=\"color: #0000ff;\" href=\"https:\/\/laubeholistic.com\/fr\/protocols-and-manuals\/\">Cliquez ici<\/a><\/span> pour t\u00e9l\u00e9charger les protocoles et les manuels<\/span>&nbsp;<\/li>\n<\/ul>\n<p><em><strong><span style=\"color: #000000;\">Calcul de l&#039;offre\u00a0:<\/span><\/strong><\/em><\/p>\n<p><strong><span style=\"color: #000000;\">Flacon de 120 ml : 1 ml\/jour = 120 jours d&#039;approvisionnement, 10 ml\/jour (Protocole C) = 12 jours d&#039;approvisionnement<\/span><\/strong><\/p>\n<p><strong><span style=\"color: #000000;\">Flacon de 250 ml : 1 ml\/jour = 250 jours d&#039;approvisionnement, 10 ml\/jour (Protocole C) = 25 jours d&#039;approvisionnement<\/span><\/strong><\/p>\n<p><span class=\"_5yl5\" style=\"color: #000000;\" data-reactid=\".2h.$mid=11416827275330=23ad044a3231aa88f85.2:0.0.0.0.0\">Nous offrons des conseils et des conseils clairs et personnalis\u00e9s si vous avez besoin d&#039;aide lors de l&#039;utilisation de ce produit.<\/span><\/p>","protected":false},"featured_media":10732,"comment_status":"open","ping_status":"closed","template":"","meta":{"ngg_post_thumbnail":0},"product_brand":[],"product_cat":[326],"product_tag":[249,255,280,124,94,281],"class_list":{"0":"post-5985","1":"product","2":"type-product","3":"status-publish","4":"has-post-thumbnail","6":"product_cat-chlorine-dioxide-category","7":"product_tag-chlorine-dioxide","8":"product_tag-chlorine-dioxide-solution","9":"product_tag-discount","10":"product_tag-hydrochloric-acid","11":"product_tag-hydrochloric-acid-4","12":"product_tag-quantity-discount","14":"first","15":"instock","16":"taxable","17":"shipping-taxable","18":"purchasable","19":"product-type-variable"},"_links":{"self":[{"href":"https:\/\/laubeholistic.com\/fr\/wp-json\/wp\/v2\/product\/5985","targetHints":{"allow":["GET"]}}],"collection":[{"href":"https:\/\/laubeholistic.com\/fr\/wp-json\/wp\/v2\/product"}],"about":[{"href":"https:\/\/laubeholistic.com\/fr\/wp-json\/wp\/v2\/types\/product"}],"replies":[{"embeddable":true,"href":"https:\/\/laubeholistic.com\/fr\/wp-json\/wp\/v2\/comments?post=5985"}],"wp:featuredmedia":[{"embeddable":true,"href":"https:\/\/laubeholistic.com\/fr\/wp-json\/wp\/v2\/media\/10732"}],"wp:attachment":[{"href":"https:\/\/laubeholistic.com\/fr\/wp-json\/wp\/v2\/media?parent=5985"}],"wp:term":[{"taxonomy":"product_brand","embeddable":true,"href":"https:\/\/laubeholistic.com\/fr\/wp-json\/wp\/v2\/product_brand?post=5985"},{"taxonomy":"product_cat","embeddable":true,"href":"https:\/\/laubeholistic.com\/fr\/wp-json\/wp\/v2\/product_cat?post=5985"},{"taxonomy":"product_tag","embeddable":true,"href":"https:\/\/laubeholistic.com\/fr\/wp-json\/wp\/v2\/product_tag?post=5985"}],"curies":[{"name":"wp","href":"https:\/\/api.w.org\/{rel}","templated":true}]}}