{"id":5773,"date":"2020-06-22T17:17:34","date_gmt":"2020-06-22T17:17:34","guid":{"rendered":"https:\/\/laubeholistic.com\/?post_type=product&#038;p=5773"},"modified":"2024-06-10T12:40:53","modified_gmt":"2024-06-10T12:40:53","slug":"essiac-tea","status":"publish","type":"product","link":"https:\/\/laubeholistic.com\/fr\/shop\/essiac-tea\/","title":{"rendered":"Th\u00e9 Essiac"},"content":{"rendered":"<h2><span style=\"color: #000000;\">La belle histoire de Ren\u00e9 Caisse \u00ab Cr\u00e9ateur du Th\u00e9 ESSIAC \u00bb est remarquable !<\/span><\/h2>\n<p><span style=\"color: #000000;\">Le th\u00e9 ESSIAC est une formule \u00e0 base de plantes utilis\u00e9e depuis 1922. La formule a \u00e9t\u00e9 donn\u00e9e \u00e0 l&#039;infirmi\u00e8re Ren\u00e9 Caisse par un gu\u00e9risseur indien Ojibwa canadien. N\u00e9e \u00e0 Bracebridge, en Ontario, l&#039;infirmi\u00e8re Caisse a pr\u00e9par\u00e9 sa formule originale \u00e0 base de plantes dans une boisson nomm\u00e9e Essiac, qui est son nom de famille \u00e9pel\u00e9 \u00e0 l&#039;envers.<\/span><\/p>\n<p><span style=\"color: #000000;\">De 1922 \u00e0 1978, Ren\u00e9 Caisse a offert sa tisane \u00e0 d&#039;innombrables personnes comme rem\u00e8de pour lutter contre le cancer dans sa clinique de l&#039;Ontario, au Canada. Sa clinique \u00e9tait financ\u00e9e par des dons qu&#039;elle acceptait car elle refusait de payer pour son aide. M\u00eame si elle a refus\u00e9 de payer pour ses services, elle a accept\u00e9 des dons pour aider \u00e0 soutenir sa clinique. Ren\u00e9 Caisse a consacr\u00e9 cinquante ans de sa vie \u00e0 aider les gens avec la formule Essiac.<\/span><\/p>\n<p><span style=\"color: #000000;\">Ren\u00e9 Caisse continue d&#039;\u00eatre aim\u00e9e et rappel\u00e9e pour sa contribution \u00e0 la m\u00e9decine naturopathique. Des sculptures en bronze de l&#039;infirmi\u00e8re Caisse ont \u00e9t\u00e9 d\u00e9di\u00e9es \u00e0 sa m\u00e9moire \u00e0 Bracebridge et au Coll\u00e8ge canadien de m\u00e9decine naturopathique de Toronto.<\/span><\/p>\n<h3><a href=\"https:\/\/youtu.be\/zFE2xaQMBhA\" target=\"_blank\" rel=\"noopener\">Le documentaire sur Essiac et le cancer \u2013 L&#039;histoire de Ren\u00e9 Caisse<\/a><\/h3>\n<p><a href=\"http:\/\/https:\/\/youtu.be\/zFE2xaQMBhA\" target=\"_blank\" rel=\"noopener noreferrer\"><img loading=\"lazy\" decoding=\"async\" class=\"alignnone wp-image-5798 size-medium\" src=\"https:\/\/laubeholistic.com\/wp-content\/uploads\/Rene-Caisse-2-300x186.png\" alt=\"Rene Caisse\" width=\"300\" height=\"186\" srcset=\"https:\/\/laubeholistic.com\/wp-content\/uploads\/Rene-Caisse-2-300x186.png 300w, https:\/\/laubeholistic.com\/wp-content\/uploads\/Rene-Caisse-2-510x316.png 510w, https:\/\/laubeholistic.com\/wp-content\/uploads\/Rene-Caisse-2.png 556w\" sizes=\"auto, (max-width: 300px) 100vw, 300px\" \/><\/a><\/p>\n<p><a href=\"https:\/\/youtu.be\/zFE2xaQMBhA\" target=\"_blank\" rel=\"noopener\">Cliquez ici pour regarder le documentaire<\/a><\/p>\n<h3><span style=\"color: #000000;\">Notes IMPORTANTES:<\/span><\/h3>\n<ul class=\"list-unstyled\">\n<li><span style=\"color: #000000;\">Pas de nourriture 1 heure avant et apr\u00e8s avoir consomm\u00e9 du Th\u00e9 Essiac<\/span><\/li>\n<li><span style=\"color: #000000;\">Pas de jus 30 minutes avant et apr\u00e8s avoir consomm\u00e9 du Th\u00e9 Essiac<sup><br \/>\n<\/sup><\/span><\/li>\n<li><span style=\"color: #000000;\">Ne pas prendre pendant la grossesse, par les m\u00e8res qui allaitent ou par les nourrissons<\/span><\/li>\n<\/ul>\n<h2><span style=\"color: #000000;\"><strong>Instructions pour pr\u00e9parer le th\u00e9 ESSIAC<\/strong><\/span><\/h2>\n<p><a href=\"https:\/\/laubeholistic.com\/wp-content\/uploads\/Essiac-Tea-Instruction-ENG.zip\">CLIQUEZ ICI POUR T\u00c9L\u00c9CHARGER LE FICHIER EN ANGLAIS<\/a><\/p>\n<h2>&nbsp;<\/h2>\n<h2><span style=\"color: #000000;\">Les herbes <\/span><\/h2>\n<p><span style=\"color: #000000;\"><strong>Racine de bardane (Arctium Lappa)<\/strong><\/span><\/p>\n<p><span style=\"color: #000000;\">Utilis\u00e9 traditionnellement pour aider \u00e0 maintenir un tractus gastro-intestinal sain et \u00e0 soutenir une r\u00e9ponse immunitaire saine.<\/span><\/p>\n<p><span style=\"color: #000000;\"><strong>\u00c9corce d&#039;orme rouge (Ulmus Fulva)<\/strong><\/span><\/p>\n<p><span style=\"color: #000000;\">Contient de grandes quantit\u00e9s de tanins et de mucilages cens\u00e9s faciliter l\u2019\u00e9limination saine du mucus dans l\u2019organisme.<\/span><\/p>\n<p><span style=\"color: #000000;\"><strong>Feuilles d&#039;oseille de mouton (Rumex Acetosella)<\/strong><\/span><\/p>\n<p><span style=\"color: #000000;\">Utilis\u00e9e en herboristerie traditionnelle pour aider \u00e0 rafra\u00eechir le corps, cette plante aide \u00e0 favoriser l\u2019\u00e9limination normale des d\u00e9chets dans les reins.<\/span><\/p>\n<p><span style=\"color: #000000;\"><strong>Racine de rhubarbe indienne (Rheum Officinale)<\/strong><\/span><\/p>\n<p><span style=\"color: #000000;\">Utilis\u00e9e traditionnellement en petites quantit\u00e9s, cette plante aide \u00e0 favoriser l\u2019\u00e9limination normale des d\u00e9chets dans le foie.<\/span><\/p>\n<p>&nbsp;<\/p>\n<p>*<u>Clause de non-responsabilit\u00e9<\/u>: Cette d\u00e9claration n&#039;a pas \u00e9t\u00e9 \u00e9valu\u00e9e par la Food and Drug Administration. Les informations et les produits pr\u00e9sent\u00e9s ne doivent pas \u00eatre utilis\u00e9s comme avis m\u00e9dical et\/ou \u00e0 la place d\u2019un traitement m\u00e9dical de quelque nature que ce soit. Toutes les informations et tous les produits doivent \u00eatre utilis\u00e9s UNIQUEMENT comme compl\u00e9ment alimentaire et ne doivent pas \u00eatre utilis\u00e9s pour traiter, att\u00e9nuer ou gu\u00e9rir un sympt\u00f4me, une maladie ou une maladie. Laube Holistic Health Solutions ne fera aucune r\u00e9clamation m\u00e9dicale pour les produits r\u00e9pertori\u00e9s sur ce site. Les informations pr\u00e9sentes sur ce site sont uniquement destin\u00e9es au public.<\/p>","protected":false},"excerpt":{"rendered":"<p><span style=\"color: #000000;\">La Formule originale de l&#039;Infirmier Ren\u00e9 Caisse<\/span><\/p>\n<p><span style=\"color: #000000;\">Le m\u00e9lange de quatre herbes<\/span><\/p>\n<p><span style=\"color: #000000;\">Sachets de 15gr qui produisent un approvisionnement d&#039;un mois<\/span><\/p>\n<p><span style=\"color: #000000;\">Les instructions sont fournies sous forme imprim\u00e9e et sous forme de fichier t\u00e9l\u00e9chargeable<\/span> <a href=\"https:\/\/laubeholistic.com\/wp-content\/uploads\/Essiac-Tea-Instruction-ENG.zip\">ICI<\/a><\/p>","protected":false},"featured_media":5860,"comment_status":"closed","ping_status":"closed","template":"","meta":{"ngg_post_thumbnail":0},"product_brand":[],"product_cat":[328],"product_tag":[],"class_list":{"0":"post-5773","1":"product","2":"type-product","3":"status-publish","4":"has-post-thumbnail","6":"product_cat-teas","8":"first","9":"outofstock","10":"taxable","11":"shipping-taxable","12":"purchasable","13":"product-type-variable"},"_links":{"self":[{"href":"https:\/\/laubeholistic.com\/fr\/wp-json\/wp\/v2\/product\/5773","targetHints":{"allow":["GET"]}}],"collection":[{"href":"https:\/\/laubeholistic.com\/fr\/wp-json\/wp\/v2\/product"}],"about":[{"href":"https:\/\/laubeholistic.com\/fr\/wp-json\/wp\/v2\/types\/product"}],"replies":[{"embeddable":true,"href":"https:\/\/laubeholistic.com\/fr\/wp-json\/wp\/v2\/comments?post=5773"}],"wp:featuredmedia":[{"embeddable":true,"href":"https:\/\/laubeholistic.com\/fr\/wp-json\/wp\/v2\/media\/5860"}],"wp:attachment":[{"href":"https:\/\/laubeholistic.com\/fr\/wp-json\/wp\/v2\/media?parent=5773"}],"wp:term":[{"taxonomy":"product_brand","embeddable":true,"href":"https:\/\/laubeholistic.com\/fr\/wp-json\/wp\/v2\/product_brand?post=5773"},{"taxonomy":"product_cat","embeddable":true,"href":"https:\/\/laubeholistic.com\/fr\/wp-json\/wp\/v2\/product_cat?post=5773"},{"taxonomy":"product_tag","embeddable":true,"href":"https:\/\/laubeholistic.com\/fr\/wp-json\/wp\/v2\/product_tag?post=5773"}],"curies":[{"name":"wp","href":"https:\/\/api.w.org\/{rel}","templated":true}]}}