{"id":57,"date":"2014-05-28T08:01:18","date_gmt":"2014-05-28T08:01:18","guid":{"rendered":"http:\/\/www.harmonikdesign.com\/activatedmineralsolution\/?post_type=product&#038;p=57"},"modified":"2026-03-03T14:54:47","modified_gmt":"2026-03-03T14:54:47","slug":"full-set-ams-with-dmso","status":"publish","type":"product","link":"https:\/\/laubeholistic.com\/fr\/shop\/full-set-ams-with-dmso\/","title":{"rendered":"Ensemble AMS + DMSO"},"content":{"rendered":"<p><span style=\"font-family: arial, helvetica, sans-serif; font-size: 18pt; color: #000000;\">Ensemble AMS + DMSO<br \/>\n<\/span><\/p>\n<p><span style=\"color: #000000;\">C&#039;est le PLUS GRAND fr\u00e8re Gardien du <strong>Ensemble AMS complet. <\/strong>Un niveau de protection suppl\u00e9mentaire pour vous offrir plus de s\u00e9curit\u00e9 et de confort.<\/span><\/p>\n<p><span style=\"color: #000000;\">Chaque fois que je ressens une douleur physique dans tout le corps, due \u00e0 des contusions, des muscles, des ligaments, des os ou des articulations, je me tourne vers le DMSO. Le&nbsp;<strong>DMSO<\/strong>&nbsp;inclus <span style=\"text-decoration: underline;\">et \u00e0 prix r\u00e9duit<\/span> dans cet ensemble, soulage mes courbatures, faisant dispara\u00eetre la douleur par contact avec la peau, simplement en la frottant !<\/span><\/p>\n<p><span style=\"color: #000000;\">C&#039;est la solution dont vous avez besoin pour soulager les maux de t\u00eate, les douleurs au cou, les douleurs que vous ressentez en tant que sportif ou athl\u00e8te, ou lorsque vous souffrez de l&#039;inconfort d&#039;une maladie chronique.<\/span><\/p>\n<p><span style=\"color: #000000;\"><strong>DMSO<\/strong> est n\u00e9cessaire pour le potentiel avanc\u00e9 et plus important utilis\u00e9 dans&nbsp;<strong>PROTOCOLE 1000+<\/strong><\/span><br \/>\n<a href=\"https:\/\/laubeholistic.com\/wp-content\/uploads\/PDF-Protocol-1000-ENG.pdf\" target=\"_blank\" rel=\"noopener noreferrer\">T\u00e9l\u00e9chargez le PDF ici<\/a><\/p>\n<p><span style=\"color: #000000;\"><strong>DMSO<\/strong> peut \u00eatre utilis\u00e9&nbsp;<span style=\"text-decoration: underline;\">en haut<\/span> d&#039;un&nbsp;<strong>MSA<\/strong> application topique comme le montre cette vid\u00e9o\u00a0:<\/span><\/p>\n<p><span style=\"color: #000000;\"><strong>DMSO<\/strong> peut \u00e9galement \u00eatre utilis\u00e9 seul pour faire dispara\u00eetre la douleur, comme d\u00e9montr\u00e9 ici :<\/span><\/p>\n<p><a href=\"https:\/\/vimeo.com\/514906487\" target=\"_blank\" rel=\"noopener\">https:\/\/youtu.\/p_gIYyB1EN8<\/a><\/p>\n<p><span style=\"color: #000000;\">Pour une d\u00e9monstration du Protocole 1000\u00a0:<\/span><\/p>\n<p><span class=\"_5yl5\" style=\"color: #000000;\" data-reactid=\".2h.$mid=11416827275330=23ad044a3231aa88f85.2:0.0.0.0.0\">Si vous ne voyez pas votre probl\u00e8me, condition ou maladie abord\u00e9 ici sur ce site Web, veuillez nous contacter par e-mail ou par t\u00e9l\u00e9phone et nous serons heureux de vous conseiller et de vous aider.&nbsp;<span class=\"_5yl5\" data-reactid=\".1k.$mid=11416832347515=2f7e62a9de5b0f0e178.2:0.0.0.0.0\">C&#039;est une qualit\u00e9 et un service sur lesquels nous accordons une grande importance.<\/span><\/span><\/p>","protected":false},"excerpt":{"rendered":"<ul>\n<li><span style=\"color: #000000;\">Chlorite de sodium (NaClO2) \u2013 120 ml ou 250 ml<\/span><\/li>\n<li><span style=\"color: #000000;\">Acide chlorhydrique (4%) \u2013 120 ml ou 250 ml<\/span><\/li>\n<li><span style=\"color: #000000;\">Dim\u00e9thylsulfoxyde (99.9%) \u2013 120 ml ou 250 ml<\/span><\/li>\n<li><span style=\"color: #000000;\">Compte-gouttes install\u00e9 \u00e0 l&#039;int\u00e9rieur des flacons<\/span><\/li>\n<li><span style=\"color: #000000;\"><strong>10% de r\u00e9duction sur 3 sets &amp; 15% de r\u00e9duction sur 5 sets<\/strong><\/span><\/li>\n<li><a href=\"https:\/\/laubeholistic.com\/fr\/protocols-and-manuals\/\"><strong>Cliquez ici<\/strong><\/a> <span style=\"color: #000000;\">pour t\u00e9l\u00e9charger les protocoles et les manuels<\/span><\/li>\n<\/ul>\n<p><span style=\"color: #000000;\">Pendant les mois les plus froids, le DMSO pr\u00e9sent dans la bouteille se cristallisera. Pour revenir \u00e0 l&#039;\u00e9tat liquide, placez simplement la bouteille ferm\u00e9e dans de l&#039;eau ti\u00e8de et attendez dix minutes. PAS d&#039;eau bouillante.<\/span><\/p>\n<p><span class=\"_5yl5\" style=\"color: #000000;\" data-reactid=\".2h.$mid=11416827275330=23ad044a3231aa88f85.2:0.0.0.0.0\">Nous offrons des conseils et des conseils clairs et personnalis\u00e9s si vous avez besoin d&#039;aide pour utiliser ce produit.<\/span><\/p>\n<p><span style=\"color: #000000;\">Regardez les d\u00e9monstrations vid\u00e9o et le Protocole 1000 plus bas sur cette page.<\/span><\/p>","protected":false},"featured_media":10746,"comment_status":"closed","ping_status":"closed","template":"","meta":{"ngg_post_thumbnail":0},"product_brand":[],"product_cat":[326],"product_tag":[260,118,258,249,257,280,124,94,154,256,281,128,266,108],"class_list":{"0":"post-57","1":"product","2":"type-product","3":"status-publish","4":"has-post-thumbnail","6":"product_cat-chlorine-dioxide-category","7":"product_tag-aches-and-pains","8":"product_tag-amsmms-dmso","9":"product_tag-arthritis","10":"product_tag-chlorine-dioxide","11":"product_tag-dimethyl-sulfoxide","12":"product_tag-discount","13":"product_tag-hydrochloric-acid","14":"product_tag-hydrochloric-acid-4","15":"product_tag-mms-es","16":"product_tag-pain-relief","17":"product_tag-quantity-discount","18":"product_tag-sodium-chlorite","19":"product_tag-topical-pain-relief","20":"product_tag-water-purification","22":"first","23":"instock","24":"taxable","25":"shipping-taxable","26":"purchasable","27":"product-type-variable"},"_links":{"self":[{"href":"https:\/\/laubeholistic.com\/fr\/wp-json\/wp\/v2\/product\/57","targetHints":{"allow":["GET"]}}],"collection":[{"href":"https:\/\/laubeholistic.com\/fr\/wp-json\/wp\/v2\/product"}],"about":[{"href":"https:\/\/laubeholistic.com\/fr\/wp-json\/wp\/v2\/types\/product"}],"replies":[{"embeddable":true,"href":"https:\/\/laubeholistic.com\/fr\/wp-json\/wp\/v2\/comments?post=57"}],"wp:featuredmedia":[{"embeddable":true,"href":"https:\/\/laubeholistic.com\/fr\/wp-json\/wp\/v2\/media\/10746"}],"wp:attachment":[{"href":"https:\/\/laubeholistic.com\/fr\/wp-json\/wp\/v2\/media?parent=57"}],"wp:term":[{"taxonomy":"product_brand","embeddable":true,"href":"https:\/\/laubeholistic.com\/fr\/wp-json\/wp\/v2\/product_brand?post=57"},{"taxonomy":"product_cat","embeddable":true,"href":"https:\/\/laubeholistic.com\/fr\/wp-json\/wp\/v2\/product_cat?post=57"},{"taxonomy":"product_tag","embeddable":true,"href":"https:\/\/laubeholistic.com\/fr\/wp-json\/wp\/v2\/product_tag?post=57"}],"curies":[{"name":"wp","href":"https:\/\/api.w.org\/{rel}","templated":true}]}}