{"id":55,"date":"2014-05-28T09:00:18","date_gmt":"2014-05-28T09:00:18","guid":{"rendered":"http:\/\/www.harmonikdesign.com\/activatedmineralsolution\/?post_type=product&#038;p=55"},"modified":"2026-03-03T14:52:47","modified_gmt":"2026-03-03T14:52:47","slug":"dmso-dimethyl-sulfoxide-99","status":"publish","type":"product","link":"https:\/\/laubeholistic.com\/fr\/shop\/dmso-dimethyl-sulfoxide-99\/","title":{"rendered":"DMSO \u2013 Dim\u00e9thylsulfoxyde"},"content":{"rendered":"<h1><span style=\"color: #000000;\">Les avantages \u00e9tonnants du Dym\u00e9thylsulfoxyde. <strong>DMSO<\/strong> pour faire court.<br \/>\n<\/span><\/h1>\n<div style=\"padding: 56.25% 0 0 0; position: relative;\"><iframe style=\"position: absolute; top: 0; left: 0; width: 100%; height: 100%;\" title=\"DMSO : qu&#039;est-ce que c&#039;est et comment l&#039;utiliser ?\" src=\"https:\/\/player.vimeo.com\/video\/1165670038?badge=0&amp;autopause=0&amp;player_id=0&amp;app_id=58479\" frameborder=\"0\"><\/iframe><\/div>\n<p><script src=\"https:\/\/player.vimeo.com\/api\/player.js\"><\/script><\/p>\n<p><strong><span style=\"color: #000000;\">Cette incroyable solution naturelle est la r\u00e9ponse absolue au soulagement de la douleur.<\/span><\/strong><\/p>\n<p><span style=\"color: #000000;\">Il y a beaucoup de gens (moi y compris) pour qui la premi\u00e8re r\u00e9action lorsqu\u2019ils ressentent de la douleur apr\u00e8s avoir fait de l\u2019exercice, soulev\u00e9 des poids, pratiqu\u00e9 des arts martiaux ou simplement se sont bless\u00e9s serait \u00ab<em><strong>J&#039;ai besoin d&#039;un analg\u00e9sique<\/strong><\/em>\u00bb .<\/span><\/p>\n<p><span style=\"color: #000000;\">Alors que la majorit\u00e9 des analg\u00e9siques m\u00e9dicaux conventionnels ne traitent que les sympt\u00f4mes de la douleur et provoquent souvent de graves effets secondaires,&nbsp;<strong>DMSO<\/strong> a \u00e9t\u00e9 minutieusement test\u00e9 et \u00e9prouv\u00e9 (avec plus de 14 000 \u00e9tudes \u00e9crites) pour traiter la DOULEUR \u00c0 SA SOURCE.&nbsp;<\/span><\/p>\n<p><span style=\"color: #000000;\">L&#039;utilisation de produits topiques <strong>DMSO<\/strong> garantit l&#039;\u00e9limination d\u00e9finitive de la douleur, contrairement aux m\u00e9decines traditionnelles qui masquent simplement la douleur jusqu&#039;\u00e0 son retour.<\/span><\/p>\n<p><span style=\"color: #000000;\">Le <strong>\u00e2g\u00e9 <\/strong>et ceux qui souffrent de <em><strong>c<\/strong><strong>conditions chroniques et douloureuses<\/strong><\/em>&nbsp;comme l'arthrite, la bursite, la tendinite, la scl\u00e9rose en plaques ou la sciatique, peuvent toutes b\u00e9n\u00e9ficier des propri\u00e9t\u00e9s antidouleur de la <strong>DMSO<\/strong>.<\/span><\/p>\n<p><span style=\"color: #000000;\">Les affections qui se manifestent apr\u00e8s de nombreuses ann\u00e9es de dur labeur ou de posture incorrecte peuvent \u00eatre apais\u00e9es avec des produits topiques.&nbsp;<strong>DMSO<\/strong>&nbsp;et peut conduire \u00e0 la libert\u00e9 de ne plus compter sur les m\u00e9dicaments traditionnels avec leurs effets secondaires potentiellement d\u00e9sagr\u00e9ables.<\/span><\/p>\n<p><span style=\"color: #000000;\">Nos clients nous racontent les nombreuses raisons pour lesquelles ils utilisent <strong>DMSO<\/strong>, y compris le soulagement des effets des blessures quotidiennes\/inattendues, des contusions, des courbatures et des douleurs, des nerfs coinc\u00e9s et du surmenage des muscles.<\/span><\/p>\n<p><span style=\"color: #000000;\"><strong>DMSO \u2013&nbsp;<\/strong>Un \u00e9l\u00e9ment essentiel de chaque trousse de premiers secours\u00a0!<\/span><\/p>\n<p><span style=\"color: #000000;\"><strong>DMSO<\/strong> est \u00e9galement utilis\u00e9 dans les cas avanc\u00e9s et plus puissants&nbsp;<strong>PROTOCOLE 1000+<\/strong><\/span><br \/>\n<span style=\"color: #000000;\">T\u00e9l\u00e9charger le PDF <a href=\"https:\/\/laubeholistic.com\/fr\/protocols-and-manuals\/\">ici<\/a><span class=\"_5yl5\" data-reactid=\".2h.$mid=11416827275330=23ad044a3231aa88f85.2:0.0.0.0.0\">.<br data-reactid=\".2h.$mid=11416827275330=23ad044a3231aa88f85.2:0.0.0.0.0.0.$end:0:$7:0\"><\/span><\/span><\/p>\n<p><span style=\"color: #000000;\"><span class=\"_5yl5\" data-reactid=\".2h.$mid=11416827275330=23ad044a3231aa88f85.2:0.0.0.0.0\">Si vous ne voyez pas votre probl\u00e8me ou votre \u00e9tat trait\u00e9 ici sur ce site Web, veuillez nous contacter par e-mail ou par t\u00e9l\u00e9phone et nous serons heureux de vous conseiller et de vous aider.&nbsp;<span data-reactid=\".1k.$mid=11416832347515=2f7e62a9de5b0f0e178.2:0.0.0.0.0.0\">C&#039;est une qualit\u00e9 et un service sur lesquels nous accordons une grande importance.<\/span><br \/>\n<\/span><\/span><\/p>\n<h2 style=\"margin-top: 40px;\">FAQ<\/h2>\n<div class=\"accordion\">\n\t<div id=\"accordion-1207031672\" class=\"accordion-item\">\n\t\t<a id=\"accordion-1207031672-label\" class=\"accordion-title plain\" href=\"#accordion-item-what-is-dmso-and-how-does-it-differ-from-traditional-pain-killers?\" aria-expanded=\"false\" aria-controls=\"accordion-1207031672-content\">\n\t\t\t<button class=\"toggle\" aria-label=\"Basculer\"><i class=\"icon-angle-down\" aria-hidden=\"true\"><\/i><\/button>\n\t\t\t<span>Qu'est-ce que le DMSO et en quoi diff\u00e8re-t-il des analg\u00e9siques traditionnels ?<\/span>\n\t\t<\/a>\n\t\t<div id=\"accordion-1207031672-content\" class=\"accordion-inner\" aria-labelledby=\"accordion-1207031672-label\">\n\t\t\t\n<p>Le DMSO (Dimethyl Sulfoxide) est une solution naturelle qui a fait l'objet de recherches approfondies et qui a prouv\u00e9 qu'elle traitait la douleur \u00e0 sa source, contrairement aux analg\u00e9siques conventionnels qui ne font que masquer les sympt\u00f4mes et peuvent provoquer des effets secondaires graves. Le DMSO topique \u00e9limine la douleur de fa\u00e7on permanente, offrant une alternative naturelle pour le traitement de la douleur \u00e0 long terme.<\/p>\n\t\t<\/div>\n\t<\/div>\n\t\n\t<div id=\"accordion-3406325245\" class=\"accordion-item\">\n\t\t<a id=\"accordion-3406325245-label\" class=\"accordion-title plain\" href=\"#accordion-item-who-can-benefit-from-using-dmso,-and-for-what-conditions?\" aria-expanded=\"false\" aria-controls=\"accordion-3406325245-content\">\n\t\t\t<button class=\"toggle\" aria-label=\"Basculer\"><i class=\"icon-angle-down\" aria-hidden=\"true\"><\/i><\/button>\n\t\t\t<span>Qui peut b\u00e9n\u00e9ficier de l'utilisation du DMSO et dans quelles conditions ?<\/span>\n\t\t<\/a>\n\t\t<div id=\"accordion-3406325245-content\" class=\"accordion-inner\" aria-labelledby=\"accordion-3406325245-label\">\n\t\t\t\n<p>Les personnes souffrant de douleurs chroniques telles que l'arthrite, la bursite, la tendinite, la scl\u00e9rose en plaques ou la sciatique peuvent \u00eatre soulag\u00e9es par le DMSO. Il est \u00e9galement b\u00e9n\u00e9fique pour les personnes ayant subi des blessures, des contusions, des courbatures ou des nerfs coinc\u00e9s, en particulier apr\u00e8s des ann\u00e9es de dur labeur ou de mauvaise posture.<\/p>\n\t\t<\/div>\n\t<\/div>\n\t\n\t<div id=\"accordion-2581625649\" class=\"accordion-item\">\n\t\t<a id=\"accordion-2581625649-label\" class=\"accordion-title plain\" href=\"#accordion-item-can-dmso-be-used-as-a-first-aid-solution,-and-how-do-i-apply-it?\" aria-expanded=\"false\" aria-controls=\"accordion-2581625649-content\">\n\t\t\t<button class=\"toggle\" aria-label=\"Basculer\"><i class=\"icon-angle-down\" aria-hidden=\"true\"><\/i><\/button>\n\t\t\t<span>Le DMSO peut-il \u00eatre utilis\u00e9 comme solution de premier secours et comment l'appliquer ?<\/span>\n\t\t<\/a>\n\t\t<div id=\"accordion-2581625649-content\" class=\"accordion-inner\" aria-labelledby=\"accordion-2581625649-label\">\n\t\t\t\n<p>Oui, le DMSO est consid\u00e9r\u00e9 comme un \u00e9l\u00e9ment essentiel de toute trousse de premiers secours. Il peut \u00eatre appliqu\u00e9 localement pour soulager imm\u00e9diatement la douleur. Utilisez le compte-gouttes ou le flacon pulv\u00e9risateur fourni pour faciliter l'application. Suivez attentivement les instructions pour obtenir des r\u00e9sultats optimaux.<\/p>\n\t\t<\/div>\n\t<\/div>\n\t\n\t<div id=\"accordion-2795521992\" class=\"accordion-item\">\n\t\t<a id=\"accordion-2795521992-label\" class=\"accordion-title plain\" href=\"#accordion-item-what-are-the-benefits-of-using-dmso-over-traditional-medication?\" aria-expanded=\"false\" aria-controls=\"accordion-2795521992-content\">\n\t\t\t<button class=\"toggle\" aria-label=\"Basculer\"><i class=\"icon-angle-down\" aria-hidden=\"true\"><\/i><\/button>\n\t\t\t<span>Quels sont les avantages de l'utilisation du DMSO par rapport aux m\u00e9dicaments traditionnels ?<\/span>\n\t\t<\/a>\n\t\t<div id=\"accordion-2795521992-content\" class=\"accordion-inner\" aria-labelledby=\"accordion-2795521992-label\">\n\t\t\t\n<p>Le DMSO pr\u00e9sente plusieurs avantages, notamment celui d'\u00eatre naturel, efficace, d'agir rapidement et de ne pas avoir d'effets secondaires. La qualit\u00e9 du DMSO est certifi\u00e9e de niveau pharmaceutique, ce qui garantit sa s\u00e9curit\u00e9 et son efficacit\u00e9. Le DMSO n'induit pas la m\u00eame d\u00e9pendance que les analg\u00e9siques conventionnels et peut apporter un soulagement \u00e0 long terme sans qu'il soit n\u00e9cessaire d'en prendre continuellement.<\/p>\n\t\t<\/div>\n\t<\/div>\n\t\n\t<div id=\"accordion-1178070895\" class=\"accordion-item\">\n\t\t<a id=\"accordion-1178070895-label\" class=\"accordion-title plain\" href=\"#accordion-item-is-there-any-guidance-available-for-first-time-users-of-dmso,-and-what-should-i-do-if-my-specific-condition-isn&#039;t-addressed-here?\" aria-expanded=\"false\" aria-controls=\"accordion-1178070895-content\">\n\t\t\t<button class=\"toggle\" aria-label=\"Basculer\"><i class=\"icon-angle-down\" aria-hidden=\"true\"><\/i><\/button>\n\t\t\t<span>Existe-t-il des conseils pour les personnes qui utilisent le DMSO pour la premi\u00e8re fois ? Que dois-je faire si mon probl\u00e8me sp\u00e9cifique n'est pas abord\u00e9 ici ?<\/span>\n\t\t<\/a>\n\t\t<div id=\"accordion-1178070895-content\" class=\"accordion-inner\" aria-labelledby=\"accordion-1178070895-label\">\n\t\t\t\n<p>Notre soci\u00e9t\u00e9 offre des conseils clairs et personnalis\u00e9s pour l'utilisation du DMSO. Contactez-nous par e-mail ou par t\u00e9l\u00e9phone pour obtenir des conseils adapt\u00e9s \u00e0 vos besoins. Si votre condition ou votre probl\u00e8me n'est pas explicitement mentionn\u00e9 sur ce site, notre \u00e9quipe est tout \u00e0 fait dispos\u00e9e \u00e0 vous fournir des conseils et une assistance pour vous aider \u00e0 d\u00e9marrer avec DMSO.<\/p>\n\t\t<\/div>\n\t<\/div>\n\t\n<\/div>","protected":false},"excerpt":{"rendered":"<ul>\n<li><span style=\"color: #000000;\">DMSO \u2013 Dim\u00e9thylsulfoxyde \u2013 <strong>30 ml, 120 ml, 250 ml ou 1 L<br \/>\n<\/strong><\/span><\/li>\n<li><span style=\"color: #000000;\">T\u00eate compte-gouttes ou flacon pulv\u00e9risateur<\/span><\/li>\n<li><strong><a href=\"https:\/\/laubeholistic.com\/fr\/protocols-and-manuals\/\">Cliquez ici<\/a><\/strong> <span style=\"color: #000000;\">pour t\u00e9l\u00e9charger les protocoles et les manuels<\/span><\/li>\n<\/ul>\n<p><span style=\"color: #000000;\"><strong>La r\u00e9ponse de la nature au soulagement de la douleur<\/strong><\/span><\/p>\n<p><span style=\"color: #000000;\">Topique<strong> DMSO<\/strong> fait dispara\u00eetre la douleur au contact sans qu&#039;il soit n\u00e9cessaire d&#039;attendre que les pilules et les m\u00e9dicaments traditionnels agissent.<\/span><\/p>\n<ul>\n<li><span style=\"color: #000000;\">Naturel<\/span><\/li>\n<li><span style=\"color: #000000;\">Efficace<\/span><\/li>\n<li><span style=\"color: #000000;\">Rapide<\/span><\/li>\n<li><span style=\"color: #000000;\">Pas d&#039;effets secondaires<\/span><\/li>\n<\/ul>\n<p><span style=\"color: #000000;\">La qualit\u00e9 certifi\u00e9e correspond au grade pharmaceutique.<\/span><\/p>\n<p><span style=\"color: #000000;\">Pendant les mois les plus froids, le DMSO pr\u00e9sent dans la bouteille se cristallisera. Pour revenir \u00e0 l&#039;\u00e9tat liquide, placez simplement la bouteille ferm\u00e9e dans de l&#039;eau ti\u00e8de et attendez dix minutes. PAS d&#039;eau bouillante.<\/span><\/p>\n<p><span style=\"color: #000000;\">Nous offrons des conseils et des conseils clairs et personnalis\u00e9s si vous avez besoin d&#039;aide pour utiliser ce produit.<\/span><\/p>\n<p>&nbsp;<\/p>","protected":false},"featured_media":10717,"comment_status":"closed","ping_status":"closed","template":"","meta":{"ngg_post_thumbnail":0},"product_brand":[],"product_cat":[326],"product_tag":[260,258,259,261,257,122,277,268,262,278,276,256,279,263,264,265,266],"class_list":{"0":"post-55","1":"product","2":"type-product","3":"status-publish","4":"has-post-thumbnail","6":"product_cat-chlorine-dioxide-category","7":"product_tag-aches-and-pains","8":"product_tag-arthritis","9":"product_tag-bruise","10":"product_tag-bursitis","11":"product_tag-dimethyl-sulfoxide","12":"product_tag-dmso","13":"product_tag-headache","14":"product_tag-inflammation","15":"product_tag-multiple-sclerosis","16":"product_tag-osteoarthritis","17":"product_tag-pain-at-source","18":"product_tag-pain-relief","19":"product_tag-rheumatoid-arthritis","20":"product_tag-sciatica","21":"product_tag-topical","22":"product_tag-topical-application","23":"product_tag-topical-pain-relief","25":"first","26":"instock","27":"taxable","28":"shipping-taxable","29":"purchasable","30":"product-type-variable"},"_links":{"self":[{"href":"https:\/\/laubeholistic.com\/fr\/wp-json\/wp\/v2\/product\/55","targetHints":{"allow":["GET"]}}],"collection":[{"href":"https:\/\/laubeholistic.com\/fr\/wp-json\/wp\/v2\/product"}],"about":[{"href":"https:\/\/laubeholistic.com\/fr\/wp-json\/wp\/v2\/types\/product"}],"replies":[{"embeddable":true,"href":"https:\/\/laubeholistic.com\/fr\/wp-json\/wp\/v2\/comments?post=55"}],"wp:featuredmedia":[{"embeddable":true,"href":"https:\/\/laubeholistic.com\/fr\/wp-json\/wp\/v2\/media\/10717"}],"wp:attachment":[{"href":"https:\/\/laubeholistic.com\/fr\/wp-json\/wp\/v2\/media?parent=55"}],"wp:term":[{"taxonomy":"product_brand","embeddable":true,"href":"https:\/\/laubeholistic.com\/fr\/wp-json\/wp\/v2\/product_brand?post=55"},{"taxonomy":"product_cat","embeddable":true,"href":"https:\/\/laubeholistic.com\/fr\/wp-json\/wp\/v2\/product_cat?post=55"},{"taxonomy":"product_tag","embeddable":true,"href":"https:\/\/laubeholistic.com\/fr\/wp-json\/wp\/v2\/product_tag?post=55"}],"curies":[{"name":"wp","href":"https:\/\/api.w.org\/{rel}","templated":true}]}}