{"id":53,"date":"2014-05-27T07:00:32","date_gmt":"2014-05-27T07:00:32","guid":{"rendered":"http:\/\/www.harmonikdesign.com\/activatedmineralsolution\/?post_type=product&#038;p=53"},"modified":"2026-03-03T14:55:16","modified_gmt":"2026-03-03T14:55:16","slug":"sodium-chlorite-naclo2","status":"publish","type":"product","link":"https:\/\/laubeholistic.com\/fr\/shop\/sodium-chlorite-naclo2\/","title":{"rendered":"Bouteille AMS (chlorite de sodium)"},"content":{"rendered":"<p><span style=\"font-family: arial,helvetica,sans-serif; font-size: 18pt;\">Bouteille AMS (chlorite de sodium)<\/span><\/p>\n<p>La d\u00e9couverte de l&#039;AMS par Jim Humble (nomm\u00e9 par Jim Humble comme MMS \u2013 Master Mineral Solution).<\/p>\n<p>Non seulement c&#039;est&nbsp;<strong>MSA<\/strong>&nbsp;l&#039;ingr\u00e9dient essentiel pour produire <span style=\"text-decoration: underline;\"><strong>dioxyde de chlore<\/strong><\/span>&nbsp;(le produit chimique, lorsqu&#039;il est activ\u00e9, qui tue les agents pathog\u00e8nes pathog\u00e8nes), c&#039;est AUSSI un&nbsp;<span style=\"text-decoration: underline;\"><em>INCROYABLE<\/em> <strong>BR\u00dbLER<\/strong>-rem\u00e8de de gu\u00e9rison<\/span>&nbsp;tout seul.<\/p>\n<p>Que ce soit la cause du <strong>br\u00fbler<\/strong> est <strong>feu<\/strong>, excessif <strong>exposition au soleil<\/strong> de m\u00eame un <strong>piq\u00fbre de m\u00e9duse<\/strong>, la peau r\u00e9agit en lib\u00e9rant de l&#039;acide qui est la principale cause de la douleur qui en r\u00e9sulte.<\/p>\n<p>Notre <strong>MSA <\/strong>(chlorite de sodium) est tr\u00e8s alcalin avec un pH de 12. C&#039;est le <em>premi\u00e8re chose<\/em>&nbsp;je postule <span style=\"text-decoration: underline;\">topiquement<\/span> sur la zone affect\u00e9e pour NEUTRALISER l&#039;acidit\u00e9. Et quand je neutralise l&#039;acidit\u00e9, la douleur dispara\u00eet !<\/p>\n<p><strong>MSA<\/strong> \u00e0 lui seul, c&#039;est mon rem\u00e8de contre les br\u00fblures pr\u00e9f\u00e9r\u00e9 et il fonctionne rapidement.<\/p>\n<p>REMARQUE\u00a0: Veuillez consulter le protocole de traitement des br\u00fblures avant de suivre ces instructions.<\/p>\n<p><span style=\"color: #0000ff;\"><a style=\"color: #0000ff;\" href=\"https:\/\/laubeholistic.com\/wp-content\/uploads\/PDF-Protocol-for-burn-Victims.pdf\" target=\"_blank\" rel=\"noopener noreferrer\">T\u00e9l\u00e9chargez le PDF ici<\/a><\/span><\/p>\n<p><span class=\"_5yl5\" data-reactid=\".2h.$mid=11416827275330=23ad044a3231aa88f85.2:0.0.0.0.0\"><span data-reactid=\".2h.$mid=11416827275330=23ad044a3231aa88f85.2:0.0.0.0.0.0\"><span data-reactid=\".2h.$mid=11416827275330=23ad044a3231aa88f85.2:0.0.0.0.0.0.$end:0:$8:0\">Si vous ne voyez pas votre probl\u00e8me, condition ou maladie abord\u00e9 ici sur ce site Web, veuillez nous contacter par e-mail ou par t\u00e9l\u00e9phone et nous serons heureux de vous conseiller et de vous aider. C&#039;est une qualit\u00e9 et un service sur lesquels nous accordons une grande importance.<\/span><\/span><\/span><\/p>","protected":false},"excerpt":{"rendered":"<ul>\n<li><span style=\"color: #000000;\">Bouteille d&#039;AMS \u2013 Chlorite de Sodium (NaCl02) \u2013 <strong>120 ml ou 250 ml<br \/>\n<\/strong><\/span><\/li>\n<li><span style=\"color: #000000;\">Compte-gouttes install\u00e9 \u00e0 l&#039;int\u00e9rieur du flacon<\/span><\/li>\n<li><span style=\"color: #000000;\"><strong><span style=\"color: #0000ff;\"><a style=\"color: #0000ff;\" href=\"https:\/\/laubeholistic.com\/fr\/protocols-and-manuals\/\">Cliquez ici<\/a><\/span><\/strong> pour t\u00e9l\u00e9charger les protocoles et les manuels<\/span><\/li>\n<\/ul>\n<p><span class=\"_5yl5\" style=\"color: #000000;\" data-reactid=\".2h.$mid=11416827275330=23ad044a3231aa88f85.2:0.0.0.0.0\">Nous offrons des conseils et des conseils clairs et personnalis\u00e9s si vous avez besoin d&#039;aide pour utiliser ce produit.<\/span><\/p>\n<p><span style=\"color: #000000;\">Regardez la d\u00e9monstration vid\u00e9o et le Protocole 1000 plus bas sur cette page.<\/span><\/p>","protected":false},"featured_media":10707,"comment_status":"closed","ping_status":"closed","template":"","meta":{"ngg_post_thumbnail":0},"product_brand":[],"product_cat":[326],"product_tag":[130,170,154,128],"class_list":{"0":"post-53","1":"product","2":"type-product","3":"status-publish","4":"has-post-thumbnail","6":"product_cat-chlorine-dioxide-category","7":"product_tag-ams","8":"product_tag-jim-humble","9":"product_tag-mms-es","10":"product_tag-sodium-chlorite","12":"first","13":"instock","14":"taxable","15":"shipping-taxable","16":"purchasable","17":"product-type-variable"},"_links":{"self":[{"href":"https:\/\/laubeholistic.com\/fr\/wp-json\/wp\/v2\/product\/53","targetHints":{"allow":["GET"]}}],"collection":[{"href":"https:\/\/laubeholistic.com\/fr\/wp-json\/wp\/v2\/product"}],"about":[{"href":"https:\/\/laubeholistic.com\/fr\/wp-json\/wp\/v2\/types\/product"}],"replies":[{"embeddable":true,"href":"https:\/\/laubeholistic.com\/fr\/wp-json\/wp\/v2\/comments?post=53"}],"wp:featuredmedia":[{"embeddable":true,"href":"https:\/\/laubeholistic.com\/fr\/wp-json\/wp\/v2\/media\/10707"}],"wp:attachment":[{"href":"https:\/\/laubeholistic.com\/fr\/wp-json\/wp\/v2\/media?parent=53"}],"wp:term":[{"taxonomy":"product_brand","embeddable":true,"href":"https:\/\/laubeholistic.com\/fr\/wp-json\/wp\/v2\/product_brand?post=53"},{"taxonomy":"product_cat","embeddable":true,"href":"https:\/\/laubeholistic.com\/fr\/wp-json\/wp\/v2\/product_cat?post=53"},{"taxonomy":"product_tag","embeddable":true,"href":"https:\/\/laubeholistic.com\/fr\/wp-json\/wp\/v2\/product_tag?post=53"}],"curies":[{"name":"wp","href":"https:\/\/api.w.org\/{rel}","templated":true}]}}