{"id":47,"date":"2015-04-27T21:00:31","date_gmt":"2015-04-27T21:00:31","guid":{"rendered":"http:\/\/www.harmonikdesign.com\/activatedmineralsolution\/?post_type=product&#038;p=47"},"modified":"2026-03-03T14:47:36","modified_gmt":"2026-03-03T14:47:36","slug":"ams-water-purification-solution","status":"publish","type":"product","link":"https:\/\/laubeholistic.com\/fr\/shop\/ams-water-purification-solution\/","title":{"rendered":"Solution de purification d\u2019eau AMS"},"content":{"rendered":"<h1 style=\"color: #000000;\">Solution AMS de purification de l'eau pour les humains et les animaux<\/h1>\n<div style=\"padding: 56.25% 0 0 0; position: relative;\"><iframe style=\"position: absolute; top: 0; left: 0; width: 100%; height: 100%;\" title=\"AMS SET\" src=\"https:\/\/player.vimeo.com\/video\/1165669629?badge=0&amp;autopause=0&amp;player_id=0&amp;app_id=58479\" frameborder=\"0\"><\/iframe><\/div>\n<p><script src=\"https:\/\/player.vimeo.com\/api\/player.js\"><\/script><\/p>\n<h2 style=\"color: #000000;\">Qu\u2019est-ce que l\u2019AMS\u00a0?<\/h2>\n<p style=\"color: #000000;\">La solution min\u00e9rale activ\u00e9e (AMS) est un puissant produit de purification de l'eau con\u00e7u pour neutraliser les micro-organismes nocifs, notamment les virus, les bact\u00e9ries, les champignons et autres agents pathog\u00e8nes. Il est largement reconnu pour son potentiel de purification de l'eau potable et de soutien \u00e0 la d\u00e9sintoxication interne lorsqu'il est utilis\u00e9 de mani\u00e8re responsable. Approuv\u00e9 par des millions de personnes dans le monde, AMS convient \u00e9galement aux animaux, ce qui en fait un compl\u00e9ment polyvalent \u00e0 toute trousse de sant\u00e9 holistique.<\/p>\n<h2 style=\"color: #000000;\">Pourquoi choisir AMS ?<\/h2>\n<p style=\"color: #000000;\">\u00c0 ce jour, plus de 20 millions de personnes dans le monde ont utilis\u00e9 le set AMS classique pour lutter contre la maladie. Un jour prochain, ce pr\u00e9cieux set deviendra un produit m\u00e9nager standard dans le monde entier. Les personnes \u00e0 la recherche de moyens efficaces pour \u00e9liminer les agents pathog\u00e8nes \u00e0 l'origine de maladies, tels que les virus, les bact\u00e9ries, les champignons et autres, se tourneront sans cesse vers cette solution puissante.<\/p>\n<p style=\"color: #000000;\"><strong><u>L'ensemble AMS<\/u><\/strong> sert de gardien personnel, offrant une protection contre jusqu'\u00e0 95% de maladies et d'infections potentiellement mortelles. Il est important de noter que l'AMS peut \u00e9galement \u00eatre utilis\u00e9 de mani\u00e8re s\u00fbre et efficace chez les animaux.<\/p>\n<p style=\"color: #000000;\">Quelles que soient les nouvelles concernant la propagation des grippes, les \u00e9pid\u00e9mies croissantes ou les virus \u00e9mergents, je me sens en s\u00e9curit\u00e9 avec une <strong><u>Ensemble AMS complet<\/u><\/strong> dans ma maison. Il favorise la propret\u00e9 interne et la r\u00e9sistance immunitaire.<\/p>\n<h2 style=\"color: #000000;\">R\u00e9sultats concrets<\/h2>\n<p style=\"color: #000000;\">Regardez cette remarquable vid\u00e9o montrant comment la Croix-Rouge a r\u00e9ussi \u00e0 r\u00e9tablir la sant\u00e9 dans 154 cas de paludisme gr\u00e2ce \u00e0 cette approche :<\/p>\n<p><a style=\"color: #0000ff;\" href=\"https:\/\/jimhumble.co\/videos\/#red_cross_cured_malaria_with_mms\" target=\"_blank\" rel=\"noopener\"><strong>\ud83c\udfa5 La CROIX-ROUGE utilise l'AMS - Regarder maintenant<\/strong><\/a><\/p>\n<h2 style=\"color: #000000;\">Soutien personnalis\u00e9<\/h2>\n<p style=\"color: #000000;\">Si votre probl\u00e8me de sant\u00e9 n'est pas r\u00e9pertori\u00e9 sur notre site, veuillez nous contacter. <a style=\"color: #0000ff;\" href=\"https:\/\/laubeholistic.com\/fr\/contact\/\" target=\"_blank\" rel=\"noopener\">nous contacter<\/a> par t\u00e9l\u00e9phone ou par courriel pour obtenir des conseils personnalis\u00e9s. Nous mettons l'accent sur les soins et les services individuels.<\/p>\n<h2 style=\"color: #000000;\">Guide d'utilisation<\/h2>\n<p style=\"color: #000000;\"><a style=\"font-size: 16px; text-decoration: underline; color: #0000ff;\" href=\"https:\/\/laubeholistic.com\/fr\/ufaqs\/how-to-use-ams-and-activator\/\" target=\"_blank\" rel=\"noopener\"><strong>\ud83d\udca7 Comment pr\u00e9parer l'AMS pour la boisson<\/strong><\/a><\/p>\n<h2 style=\"color: #000000; margin-top: 40px;\">Foire aux questions (FAQ)<\/h2>\n<div class=\"accordion\">\n\t<div id=\"accordion-510335706\" class=\"accordion-item\">\n\t\t<a id=\"accordion-510335706-label\" class=\"accordion-title plain\" href=\"#accordion-item-what-is-the-main-purpose-of-the-ams-water-purification-solution?\" aria-expanded=\"false\" aria-controls=\"accordion-510335706-content\">\n\t\t\t<button class=\"toggle\" aria-label=\"Basculer\"><i class=\"icon-angle-down\" aria-hidden=\"true\"><\/i><\/button>\n\t\t\t<span>Quel est l'objectif principal de la solution de purification de l'eau AMS ?<\/span>\n\t\t<\/a>\n\t\t<div id=\"accordion-510335706-content\" class=\"accordion-inner\" aria-labelledby=\"accordion-510335706-label\">\n\t\t\t\n<p style=\"color: #000000;\">L'AMS est con\u00e7u pour \u00e9liminer les agents pathog\u00e8nes nocifs tels que les bact\u00e9ries, les virus et les champignons, tant chez l'homme que chez l'animal. Son r\u00f4le principal est la purification interne et externe, vous aidant \u00e0 maintenir une sant\u00e9 optimale en ciblant 95% les agents pathog\u00e8nes.<\/p>\n\t\t<\/div>\n\t<\/div>\n\t\n\t<div id=\"accordion-4017688287\" class=\"accordion-item\">\n\t\t<a id=\"accordion-4017688287-label\" class=\"accordion-title plain\" href=\"#accordion-item-what-are-the-active-ingredients-included-in-the-ams-water-purification-solution?\" aria-expanded=\"false\" aria-controls=\"accordion-4017688287-content\">\n\t\t\t<button class=\"toggle\" aria-label=\"Basculer\"><i class=\"icon-angle-down\" aria-hidden=\"true\"><\/i><\/button>\n\t\t\t<span>Quels sont les ingr\u00e9dients actifs contenus dans la solution de purification de l'eau AMS ?<\/span>\n\t\t<\/a>\n\t\t<div id=\"accordion-4017688287-content\" class=\"accordion-inner\" aria-labelledby=\"accordion-4017688287-label\">\n\t\t\t\n<p style=\"color: #000000;\">Chaque kit AMS comprend<\/p>\n<ul style=\"color: #000000;\">\n<li>Chlorite de sodium (NaClO\u2082) - 25% concentration<\/li>\n<li>Acide chlorhydrique - concentration 4%<\/li>\n<\/ul>\n<p style=\"color: #000000;\">Tailles disponibles : Flacons de 120 ml, 250 ml ou 1 litre.<\/p>\n\t\t<\/div>\n\t<\/div>\n\t\n\t<div id=\"accordion-4156902292\" class=\"accordion-item\">\n\t\t<a id=\"accordion-4156902292-label\" class=\"accordion-title plain\" href=\"#accordion-item-are-there-any-discounts-available-for-purchasing-multiple-ams-water-purification-solution-sets?\" aria-expanded=\"false\" aria-controls=\"accordion-4156902292-content\">\n\t\t\t<button class=\"toggle\" aria-label=\"Basculer\"><i class=\"icon-angle-down\" aria-hidden=\"true\"><\/i><\/button>\n\t\t\t<span>Existe-t-il des remises pour l'achat de plusieurs kits de solutions de purification de l'eau AMS ?<\/span>\n\t\t<\/a>\n\t\t<div id=\"accordion-4156902292-content\" class=\"accordion-inner\" aria-labelledby=\"accordion-4156902292-label\">\n\t\t\t\n<ul style=\"color: #000000;\">\n<li>Achetez 3 sets - recevez 10% de r\u00e9duction<\/li>\n<li>Achetez 5 sets - recevez 15% de r\u00e9duction<\/li>\n<\/ul>\n\t\t<\/div>\n\t<\/div>\n\t\n\t<div id=\"accordion-3107124943\" class=\"accordion-item\">\n\t\t<a id=\"accordion-3107124943-label\" class=\"accordion-title plain\" href=\"#accordion-item-how-can-i-use-the-ams-water-purification-solution-effectively?\" aria-expanded=\"false\" aria-controls=\"accordion-3107124943-content\">\n\t\t\t<button class=\"toggle\" aria-label=\"Basculer\"><i class=\"icon-angle-down\" aria-hidden=\"true\"><\/i><\/button>\n\t\t\t<span>Comment puis-je utiliser efficacement la solution de purification de l'eau AMS ?<\/span>\n\t\t<\/a>\n\t\t<div id=\"accordion-3107124943-content\" class=\"accordion-inner\" aria-labelledby=\"accordion-3107124943-label\">\n\t\t\t\n<p style=\"color: #000000;\">Chaque flacon comprend un compte-gouttes int\u00e9gr\u00e9 pour plus de pr\u00e9cision. Pour obtenir des conseils, veuillez consulter les manuels t\u00e9l\u00e9chargeables et les vid\u00e9os sur les protocoles. Nous recommandons de commencer par <a style=\"color: #0000ff;\" href=\"https:\/\/laubeholistic.com\/fr\/ufaqs\/how-to-use-ams-and-activator\/\" target=\"_blank\" rel=\"noopener\">Protocole 1000<\/a> pour le nettoyage interne g\u00e9n\u00e9ral.<\/p>\n\t\t<\/div>\n\t<\/div>\n\t\n\t<div id=\"accordion-2725166830\" class=\"accordion-item\">\n\t\t<a id=\"accordion-2725166830-label\" class=\"accordion-title plain\" href=\"#accordion-item-is-the-ams-water-purification-solution-suitable-for-use-with-pets-and-livestock?\" aria-expanded=\"false\" aria-controls=\"accordion-2725166830-content\">\n\t\t\t<button class=\"toggle\" aria-label=\"Basculer\"><i class=\"icon-angle-down\" aria-hidden=\"true\"><\/i><\/button>\n\t\t\t<span>La solution de purification de l'eau AMS convient-elle aux animaux domestiques et au b\u00e9tail ?<\/span>\n\t\t<\/a>\n\t\t<div id=\"accordion-2725166830-content\" class=\"accordion-inner\" aria-labelledby=\"accordion-2725166830-label\">\n\t\t\t\n<p style=\"color: #000000;\">Oui, l'AMS est sans danger et b\u00e9n\u00e9fique pour les animaux. Qu'il soit utilis\u00e9 avec des animaux domestiques ou des animaux d'\u00e9levage, il contribue \u00e0 maintenir l'hygi\u00e8ne interne et \u00e0 renforcer le syst\u00e8me immunitaire.<\/p>\n\t\t<\/div>\n\t<\/div>\n\t\n<\/div>","protected":false},"excerpt":{"rendered":"<p><span style=\"color: #000000;\"><strong>Contient:<\/strong><\/span><\/p>\n<ul>\n<li>&nbsp;<span style=\"color: #000000;\">Chlorite de sodium 25% (NaCl02) \u2013 <strong>120 ml, 250 ml ou 1 L<br \/>\n<\/strong><\/span><\/li>\n<li><span style=\"color: #000000;\">&nbsp;Acide chlorhydrique (4%) \u2013 <strong>120 ml, 250 ml ou 1 L<br \/>\n<\/strong><\/span><\/li>\n<li><span style=\"color: #000000;\"><strong>10% de r\u00e9duction sur 3 sets &amp; 15% de r\u00e9duction sur 5 sets<\/strong><\/span><\/li>\n<li><span style=\"color: #000000;\">Compte-gouttes install\u00e9 \u00e0 l&#039;int\u00e9rieur du flacon<\/span><\/li>\n<li><strong><a href=\"https:\/\/laubeholistic.com\/fr\/protocols-and-manuals\/\">Cliquez ici<\/a><\/strong> <span style=\"color: #000000;\">pour t\u00e9l\u00e9charger les protocoles et les manuels<\/span><\/li>\n<\/ul>","protected":false},"featured_media":10733,"comment_status":"closed","ping_status":"closed","template":"","meta":{"ngg_post_thumbnail":0},"product_brand":[],"product_cat":[326],"product_tag":[120,303,249,280,124,94,170,154,281,128,108,250],"class_list":{"0":"post-47","1":"product","2":"type-product","3":"status-publish","4":"has-post-thumbnail","6":"product_cat-chlorine-dioxide-category","7":"product_tag-amsmms","8":"product_tag-animal-health","9":"product_tag-chlorine-dioxide","10":"product_tag-discount","11":"product_tag-hydrochloric-acid","12":"product_tag-hydrochloric-acid-4","13":"product_tag-jim-humble","14":"product_tag-mms-es","15":"product_tag-quantity-discount","16":"product_tag-sodium-chlorite","17":"product_tag-water-purification","18":"product_tag-wps","20":"first","21":"instock","22":"taxable","23":"shipping-taxable","24":"purchasable","25":"product-type-variable"},"_links":{"self":[{"href":"https:\/\/laubeholistic.com\/fr\/wp-json\/wp\/v2\/product\/47","targetHints":{"allow":["GET"]}}],"collection":[{"href":"https:\/\/laubeholistic.com\/fr\/wp-json\/wp\/v2\/product"}],"about":[{"href":"https:\/\/laubeholistic.com\/fr\/wp-json\/wp\/v2\/types\/product"}],"replies":[{"embeddable":true,"href":"https:\/\/laubeholistic.com\/fr\/wp-json\/wp\/v2\/comments?post=47"}],"wp:featuredmedia":[{"embeddable":true,"href":"https:\/\/laubeholistic.com\/fr\/wp-json\/wp\/v2\/media\/10733"}],"wp:attachment":[{"href":"https:\/\/laubeholistic.com\/fr\/wp-json\/wp\/v2\/media?parent=47"}],"wp:term":[{"taxonomy":"product_brand","embeddable":true,"href":"https:\/\/laubeholistic.com\/fr\/wp-json\/wp\/v2\/product_brand?post=47"},{"taxonomy":"product_cat","embeddable":true,"href":"https:\/\/laubeholistic.com\/fr\/wp-json\/wp\/v2\/product_cat?post=47"},{"taxonomy":"product_tag","embeddable":true,"href":"https:\/\/laubeholistic.com\/fr\/wp-json\/wp\/v2\/product_tag?post=47"}],"curies":[{"name":"wp","href":"https:\/\/api.w.org\/{rel}","templated":true}]}}