{"id":4615,"date":"2020-02-27T20:29:04","date_gmt":"2020-02-27T20:29:04","guid":{"rendered":"https:\/\/laubeholistic.com\/?post_type=product&#038;p=4615"},"modified":"2026-03-03T14:47:05","modified_gmt":"2026-03-03T14:47:05","slug":"spray-bottle-with-activated-ams","status":"publish","type":"product","link":"https:\/\/laubeholistic.com\/fr\/shop\/spray-bottle-with-activated-ams\/","title":{"rendered":"Flacon pulv\u00e9risateur avec AMS activ\u00e9"},"content":{"rendered":"<h2><strong>Flacon pulv\u00e9risateur avec AMS activ\u00e9<\/strong><\/h2>\n<p>Le confort, la facilit\u00e9 et l&#039;efficacit\u00e9 d&#039;un flacon pulv\u00e9risateur.<\/p>\n<p><span style=\"color: #000000;\">Pr\u00eat \u00e0 l&#039;emploi et \u00e0 d\u00e9sinfecter.<\/span><\/p>\n<p><span style=\"color: #000000;\">Efficace contre les agents pathog\u00e8nes dont les VIRUS.<\/span><\/p>\n<p><span style=\"color: #000000;\">Chaque flacon pulv\u00e9risateur contient quinze gouttes d&#039;AMS activ\u00e9es qui ont \u00e9t\u00e9 activ\u00e9es avec de l&#039;acide chlorhydrique 4% puis dissoutes dans de l&#039;eau distill\u00e9e.<\/span><\/p>\n<p><span style=\"color: #000000;\">Pr\u00eat \u00e0 l&#039;emploi dans un distributeur \u00e0 pompe pratique. Peut \u00eatre pulv\u00e9ris\u00e9 directement sur la zone affect\u00e9e de la peau ou des cheveux.<\/span><\/p>\n<p><span style=\"color: #000000;\">D\u00e9sinfecte les objets, offrant une protection contre les virus, bact\u00e9ries, moisissures et autres germes.<\/span><\/p>\n<p><span style=\"color: #000000;\">Ne pas inhaler ni vaporiser dans les yeux.<\/span><\/p>\n<p><span style=\"color: #000000;\">Comme ce flacon pulv\u00e9risateur cr\u00e9e un vide lorsqu&#039;il est correctement ferm\u00e9, le m\u00e9lange <strong>MSA<\/strong> peut rester actif pendant environ deux semaines.<\/span><\/p>\n<p><span style=\"color: #000000;\">Un millilitre sera obtenu avec entre 12 et 15 pulv\u00e9risations. Chaque flacon pulv\u00e9risateur contient 120 ml, ce qui vous permettra d&#039;effectuer entre 1 440 et 1 800 pulv\u00e9risations.<\/span><\/p>\n<p><span style=\"color: #000000;\">Si vous ne voyez pas votre probl\u00e8me, condition ou maladie abord\u00e9 ici sur ce site Web, veuillez nous contacter par e-mail ou par t\u00e9l\u00e9phone et nous serons heureux de vous aider et de vous conseiller.&nbsp;<span class=\"_5yl5\" data-reactid=\".1k.$mid=11416832347515=2f7e62a9de5b0f0e178.2:0.0.0.0.0\">C&#039;est une qualit\u00e9 et un service sur lesquels nous accordons une grande importance.<\/span><\/span><\/p>","protected":false},"excerpt":{"rendered":"<ul>\n<li><span style=\"color: #000000;\">Flacon Spray \u2013 activ\u00e9 avec 15 gouttes d\u2019AMS + Activateur \u2013 120ml<strong><br \/>\n<\/strong><\/span><\/li>\n<li><span style=\"color: #000000;\"> Pr\u00eat \u00e0 d\u00e9sinfecter<\/span><\/li>\n<li><span style=\"color: #000000;\"><strong>10% de remise sur 3 unit\u00e9s &amp; 15% de remise sur 5 unit\u00e9s<\/strong><\/span><\/li>\n<\/ul>\n<p><span class=\"_5yl5\" style=\"color: #000000;\" data-reactid=\".2h.$mid=11416827275330=23ad044a3231aa88f85.2:0.0.0.0.0\">Nous offrons des conseils et des conseils clairs et personnalis\u00e9s si vous avez besoin d&#039;aide lors de l&#039;utilisation de ce produit.<\/span><\/p>","protected":false},"featured_media":10724,"comment_status":"closed","ping_status":"closed","template":"","meta":{"ngg_post_thumbnail":0},"product_brand":[],"product_cat":[326],"product_tag":[284,282,308,249,280,306,305,283,124,307,281,304],"class_list":{"0":"post-4615","1":"product","2":"type-product","3":"status-publish","4":"has-post-thumbnail","6":"product_cat-chlorine-dioxide-category","7":"product_tag-120ml","8":"product_tag-activated-ams","9":"product_tag-bacteria","10":"product_tag-chlorine-dioxide","11":"product_tag-discount","12":"product_tag-disinfect","13":"product_tag-disinfectant","14":"product_tag-fifteen-drops","15":"product_tag-hydrochloric-acid","16":"product_tag-mould","17":"product_tag-quantity-discount","18":"product_tag-spray","20":"first","21":"instock","22":"taxable","23":"shipping-taxable","24":"purchasable","25":"product-type-variable"},"_links":{"self":[{"href":"https:\/\/laubeholistic.com\/fr\/wp-json\/wp\/v2\/product\/4615","targetHints":{"allow":["GET"]}}],"collection":[{"href":"https:\/\/laubeholistic.com\/fr\/wp-json\/wp\/v2\/product"}],"about":[{"href":"https:\/\/laubeholistic.com\/fr\/wp-json\/wp\/v2\/types\/product"}],"replies":[{"embeddable":true,"href":"https:\/\/laubeholistic.com\/fr\/wp-json\/wp\/v2\/comments?post=4615"}],"wp:featuredmedia":[{"embeddable":true,"href":"https:\/\/laubeholistic.com\/fr\/wp-json\/wp\/v2\/media\/10724"}],"wp:attachment":[{"href":"https:\/\/laubeholistic.com\/fr\/wp-json\/wp\/v2\/media?parent=4615"}],"wp:term":[{"taxonomy":"product_brand","embeddable":true,"href":"https:\/\/laubeholistic.com\/fr\/wp-json\/wp\/v2\/product_brand?post=4615"},{"taxonomy":"product_cat","embeddable":true,"href":"https:\/\/laubeholistic.com\/fr\/wp-json\/wp\/v2\/product_cat?post=4615"},{"taxonomy":"product_tag","embeddable":true,"href":"https:\/\/laubeholistic.com\/fr\/wp-json\/wp\/v2\/product_tag?post=4615"}],"curies":[{"name":"wp","href":"https:\/\/api.w.org\/{rel}","templated":true}]}}