{"id":17538,"date":"2025-05-31T11:24:17","date_gmt":"2025-05-31T11:24:17","guid":{"rendered":"https:\/\/laubeholistic.com\/?post_type=product&#038;p=17538"},"modified":"2026-01-29T11:50:33","modified_gmt":"2026-01-29T11:50:33","slug":"anti-fungal-remedy-fluconazole","status":"publish","type":"product","link":"https:\/\/laubeholistic.com\/fr\/shop\/anti-fungal-remedy-fluconazole\/","title":{"rendered":"Rem\u00e8de antifongique"},"content":{"rendered":"<h3 data-start=\"165\" data-end=\"207\"><span style=\"color: #282828;\"><strong data-start=\"169\" data-end=\"205\">Fluconazole G\u00e9lules antifongiques<\/strong><\/span><\/h3>\n<p data-start=\"208\" data-end=\"271\"><span style=\"color: #282828;\"><strong data-start=\"208\" data-end=\"271\">Phase 2 de d\u00e9fense - Compl\u00e9tez votre nettoyage parasitaire et fongique<\/strong><\/span><\/p>\n<p data-start=\"273\" data-end=\"344\"><span style=\"color: #282828;\"><strong data-start=\"273\" data-end=\"344\">\u00c9prouv\u00e9 cliniquement. Respect\u00e9 dans le monde entier. Essentiel pour un r\u00e9tablissement complet.<\/strong><\/span><\/p>\n<p data-start=\"346\" data-end=\"719\"><span style=\"color: #282828;\">Le fluconazole est un rem\u00e8de antifongique de renomm\u00e9e mondiale, utilis\u00e9 depuis des d\u00e9cennies dans des contextes cliniques et holistiques. Notre <strong data-start=\"465\" data-end=\"489\">Fluconazole en g\u00e9lules<\/strong> offrent une puret\u00e9 de qualit\u00e9 pharmaceutique et un soulagement cibl\u00e9 contre un large spectre de pathog\u00e8nes fongiques, notamment <strong data-start=\"599\" data-end=\"619\">Candida albicans<\/strong>, <strong data-start=\"621\" data-end=\"636\">spores de moisissures<\/strong>, <strong data-start=\"638\" data-end=\"648\">levures<\/strong>, et d'autres excroissances fongiques qui persistent souvent silencieusement dans l'organisme.<\/span><\/p>\n<p data-start=\"721\" data-end=\"968\"><span style=\"color: #282828;\">\ud83d\udd39 <strong data-start=\"724\" data-end=\"743\">Pourquoi c'est important :<\/strong><\/span><br data-start=\"743\" data-end=\"746\"><span style=\"color: #282828;\">Les infections fongiques peuvent persister ou devenir opportunistes, en particulier apr\u00e8s un nettoyage parasitaire, entra\u00eenant fatigue, brouillard c\u00e9r\u00e9bral, ballonnements, probl\u00e8mes de peau ou infections r\u00e9currentes. Le fluconazole permet d'arr\u00eater ces envahisseurs fongiques \u00e0 la racine.<\/span><\/p>\n<p data-start=\"970\" data-end=\"1238\"><span style=\"color: #282828;\">\ud83d\udd39 <strong data-start=\"973\" data-end=\"995\">S\u00e9curit\u00e9 et efficacit\u00e9 :<\/strong><\/span><br data-start=\"995\" data-end=\"998\"><span style=\"color: #282828;\">Le fluconazole a un profil de s\u00e9curit\u00e9 bien \u00e9tabli et est largement prescrit par les professionnels de la sant\u00e9 dans le monde entier. Nos g\u00e9lules soigneusement dos\u00e9es garantissent l'efficacit\u00e9 du produit sans alourdir le foie ni perturber inutilement votre microbiome.<\/span><\/p>\n<hr data-start=\"1240\" data-end=\"1243\">\n<h3 data-start=\"1245\" data-end=\"1306\"><span style=\"color: #282828;\">\ud83d\udca5 <strong data-start=\"1252\" data-end=\"1304\">L'essentiel de la phase 2 de votre protocole de purification<\/strong><\/span><\/h3>\n<p data-start=\"1308\" data-end=\"1734\"><span style=\"color: #282828;\">Si vous avez d\u00e9j\u00e0 commenc\u00e9 votre cure de d\u00e9sintoxication avec <strong data-start=\"1358\" data-end=\"1386\">notre <a href=\"https:\/\/laubeholistic.com\/fr\/shop\/parakit\/\">Parakit<\/a><\/strong>, Le Fluconazole est <strong data-start=\"1403\" data-end=\"1427\">une deuxi\u00e8me phase essentielle<\/strong>.<\/span><br data-start=\"1428\" data-end=\"1431\"><span style=\"color: #282828;\">Pourquoi ?<\/span><br data-start=\"1435\" data-end=\"1438\"><span style=\"color: #282828;\">En effet, lorsque les parasites meurent, ils peuvent lib\u00e9rer des <strong data-start=\"1487\" data-end=\"1519\">spores fongiques et mycotoxines<\/strong>-Les infections fongiques secondaires sont souvent le r\u00e9sultat d'un stress pour le syst\u00e8me immunitaire.<\/span><br data-start=\"1605\" data-end=\"1608\"><span style=\"color: #282828;\"><strong data-start=\"1608\" data-end=\"1654\">Le fluconazole se lie, se neutralise et s'\u00e9limine.<\/strong> ces menaces, en aidant \u00e0 expulser les d\u00e9bris du d\u00e9p\u00e9rissement et en emp\u00eachant la recolonisation.<\/span><\/p>\n<hr data-start=\"1736\" data-end=\"1739\">\n<h3 data-start=\"1741\" data-end=\"1760\"><span style=\"color: #282828;\">\ud83c\udf3f Quand l'utiliser :<\/span><\/h3>\n<ul data-start=\"1761\" data-end=\"2013\">\n<li data-start=\"1761\" data-end=\"1801\">\n<p data-start=\"1763\" data-end=\"1801\"><span style=\"color: #282828;\">Apr\u00e8s avoir compl\u00e9t\u00e9 le <strong data-start=\"1780\" data-end=\"1799\">Nettoyage de Parakit (phase 1)<\/strong><\/span><\/p>\n<\/li>\n<li data-start=\"1802\" data-end=\"2013\">\n<p data-start=\"1804\" data-end=\"2013\"><span style=\"color: #282828;\">Si vous souffrez de :<\/span><br data-start=\"1829\" data-end=\"1832\">\u2705 <strong data-start=\"1837\" data-end=\"1859\">Croissance excessive de Candida<\/strong><br data-start=\"1859\" data-end=\"1862\">\u2705 <strong data-start=\"1867\" data-end=\"1893\">Infections fongiques des ongles<\/strong><br data-start=\"1893\" data-end=\"1896\">\u2705 <strong data-start=\"1901\" data-end=\"1927\">Exposition syst\u00e9mique aux moisissures<\/strong><br data-start=\"1927\" data-end=\"1930\">\u2705 <strong data-start=\"1935\" data-end=\"1970\">Infections \u00e0 levures ou \u00e9ruptions cutan\u00e9es<\/strong><br data-start=\"1970\" data-end=\"1973\">\u2705 <strong data-start=\"1978\" data-end=\"2013\">Sympt\u00f4mes de d\u00e9p\u00e9rissement apr\u00e8s la vermifugation<\/strong><\/p>\n<\/li>\n<\/ul>\n<hr data-start=\"2015\" data-end=\"2018\">\n<h3 data-start=\"2020\" data-end=\"2065\"><span style=\"color: #282828;\">Prot\u00e9gez votre sant\u00e9.<\/span><\/h3>\n<p data-start=\"2067\" data-end=\"2232\"><span style=\"color: #282828;\">Paire <strong data-start=\"2072\" data-end=\"2096\">Fluconazole en g\u00e9lules<\/strong> avec votre <a href=\"https:\/\/laubeholistic.com\/fr\/shop\/parakit\/\"><strong data-start=\"2107\" data-end=\"2118\">Parakit<\/strong> <\/a>pour assurer une r\u00e9initialisation interne compl\u00e8te.<\/span><br data-start=\"2163\" data-end=\"2166\"><span style=\"color: #282828;\"><strong data-start=\"2166\" data-end=\"2232\">Ne vous contentez pas de tuer les parasites, nettoyez tout le champ de bataille !<\/strong><\/span><\/p>","protected":false},"excerpt":{"rendered":"<p><span style=\"font-size: 130%;\"><strong><span style=\"color: #282828;\">Don\u2019t stop at killing parasites\u2014cleanse the whole battlefield!<\/span><\/strong><\/span><\/p>\n<ul data-start=\"377\" data-end=\"1040\">\n<li data-start=\"377\" data-end=\"495\">\n<p data-start=\"379\" data-end=\"495\"><span style=\"color: #282828;\"><strong data-start=\"379\" data-end=\"420\">Clinically Proven &amp; Globally Trusted:<\/strong> <span class=\"relative -mx-px my-[-0.2rem] rounded px-px py-[0.2rem] transition-colors duration-100 ease-in-out\">Fluconazole is a widely recognized antifungal medication, extensively used worldwide for its efficacy and safety in treating various fungal infections.<\/span><\/span><\/p>\n<\/li>\n<li data-start=\"497\" data-end=\"604\">\n<p data-start=\"499\" data-end=\"604\"><span style=\"color: #282828;\"><strong data-start=\"499\" data-end=\"529\">Targets Fungal Overgrowth:<\/strong> <span class=\"relative -mx-px my-[-0.2rem] rounded px-px py-[0.2rem] transition-colors duration-100 ease-in-out\">Effectively combats Candida, mold spores, and other fungal pathogens that may proliferate following parasite die-off.<\/span><\/span><\/p>\n<\/li>\n<li data-start=\"606\" data-end=\"717\">\n<p data-start=\"608\" data-end=\"717\"><span style=\"color: #282828;\"><strong data-start=\"608\" data-end=\"640\">Complements ParaKit Cleanse:<\/strong> <\/span><span class=\"relative -mx-px my-[-0.2rem] rounded px-px py-[0.2rem] transition-colors duration-100 ease-in-out\"><span style=\"color: #282828;\">Designed to follow the<\/span> <a href=\"https:\/\/laubeholistic.com\/shop\/parakit\/\">ParaKit<\/a> <span style=\"color: #282828;\">deparasiting protocol, addressing secondary fungal issues that can arise during detoxification.<\/span><\/span><\/p>\n<\/li>\n<li data-start=\"719\" data-end=\"829\">\n<p data-start=\"721\" data-end=\"829\"><span style=\"background-color: #ffffff; color: #282828;\"><strong data-start=\"721\" data-end=\"750\">Supports Immune Function:<\/strong> <span class=\"relative -mx-px my-[-0.2rem] rounded px-px py-[0.2rem] transition-colors duration-100 ease-in-out\">Aids in restoring balance to the body&#8217;s internal environment, promoting overall health and resilience.<\/span><\/span><\/p>\n<\/li>\n<li data-start=\"831\" data-end=\"940\">\n<p data-start=\"833\" data-end=\"940\"><span style=\"background-color: #ffffff; color: #282828;\"><strong data-start=\"833\" data-end=\"861\">Vegan-Friendly Capsules:<\/strong> <span class=\"relative -mx-px my-[-0.2rem] rounded px-px py-[0.2rem] transition-colors duration-100 ease-in-out\">Our capsules are VEGAN \u2013 KOSHER \u2013 HALAL \u2013 Free of Preservatives, Odorless, and Tasteless.<\/span><\/span><\/p>\n<\/li>\n<li data-start=\"942\" data-end=\"1040\">\n<p data-start=\"944\" data-end=\"1040\"><span style=\"background-color: #ffffff;\"><span style=\"color: #282828;\"><strong data-start=\"944\" data-end=\"961\">Guided Usage: <\/strong>After or during the<\/span> <a style=\"background-color: #ffffff;\" href=\"https:\/\/laubeholistic.com\/shop\/parakit\/\">Parakit cleanse<\/a><span class=\"relative -mx-px my-[-0.2rem] rounded px-px py-[0.2rem] transition-colors duration-100 ease-in-out\" style=\"color: #282828;\"> 1 Capsule per day for seven days.<\/span><\/span><\/p>\n<\/li>\n<li data-start=\"942\" data-end=\"1040\"><span style=\"color: #282828;\"><strong>Content<\/strong>: 1 Week (7 Capsules) , 2 Weeks of (14 Capsules), 3 Weeks (21 Capsules)<\/span><\/li>\n<\/ul>\n","protected":false},"featured_media":17542,"comment_status":"open","ping_status":"closed","template":"","meta":{"ngg_post_thumbnail":0},"product_brand":[],"product_cat":[332,329],"product_tag":[368,367],"class_list":{"0":"post-17538","1":"product","2":"type-product","3":"status-publish","4":"has-post-thumbnail","6":"product_cat-newcomers","7":"product_cat-remedy-supplements","8":"product_tag-anti-fungal-remedy","9":"product_tag-fluconazole","11":"first","12":"instock","13":"taxable","14":"shipping-taxable","15":"purchasable","16":"product-type-variable"},"_links":{"self":[{"href":"https:\/\/laubeholistic.com\/fr\/wp-json\/wp\/v2\/product\/17538","targetHints":{"allow":["GET"]}}],"collection":[{"href":"https:\/\/laubeholistic.com\/fr\/wp-json\/wp\/v2\/product"}],"about":[{"href":"https:\/\/laubeholistic.com\/fr\/wp-json\/wp\/v2\/types\/product"}],"replies":[{"embeddable":true,"href":"https:\/\/laubeholistic.com\/fr\/wp-json\/wp\/v2\/comments?post=17538"}],"wp:featuredmedia":[{"embeddable":true,"href":"https:\/\/laubeholistic.com\/fr\/wp-json\/wp\/v2\/media\/17542"}],"wp:attachment":[{"href":"https:\/\/laubeholistic.com\/fr\/wp-json\/wp\/v2\/media?parent=17538"}],"wp:term":[{"taxonomy":"product_brand","embeddable":true,"href":"https:\/\/laubeholistic.com\/fr\/wp-json\/wp\/v2\/product_brand?post=17538"},{"taxonomy":"product_cat","embeddable":true,"href":"https:\/\/laubeholistic.com\/fr\/wp-json\/wp\/v2\/product_cat?post=17538"},{"taxonomy":"product_tag","embeddable":true,"href":"https:\/\/laubeholistic.com\/fr\/wp-json\/wp\/v2\/product_tag?post=17538"}],"curies":[{"name":"wp","href":"https:\/\/api.w.org\/{rel}","templated":true}]}}