{"id":1695,"date":"2014-05-28T08:30:28","date_gmt":"2014-05-28T08:30:28","guid":{"rendered":"https:\/\/laubeholistic.com\/?post_type=product&#038;p=1695"},"modified":"2026-03-03T14:53:21","modified_gmt":"2026-03-03T14:53:21","slug":"activator-4-hcl-hydrochloric-acid-120ml","status":"publish","type":"product","link":"https:\/\/laubeholistic.com\/fr\/shop\/activator-4-hcl-hydrochloric-acid-120ml\/","title":{"rendered":"ACTIVATEUR \u2013 4% HCL"},"content":{"rendered":"<h2><span style=\"color: #000000;\">L&#039;activateur avec 4% HCL<br \/>\n<\/span><\/h2>\n<p><span style=\"color: #000000;\">Le NOUVEL activateur \u00e0 base d&#039;acide chlorhydrique (HCL) 4% s&#039;est r\u00e9v\u00e9l\u00e9 pr\u00e9senter des avantages \u00e9vidents par rapport \u00e0 l&#039;activateur d&#039;acide citrique 50% standard (mais le plus \u00e9tudi\u00e9).<\/span><\/p>\n<p><span style=\"color: #000000;\"><strong>1.<\/strong> Les recherches les plus r\u00e9centes ont montr\u00e9 que l&#039;acide citrique 50% peut \u00eatre assez lourd pour l&#039;estomac lorsque vous prenez des doses orales d&#039;AMS activ\u00e9 et donc ajouter aux naus\u00e9es lorsque vous prenez trop d&#039;AMS. Avec le nouvel activateur d&#039;acide chlorhydrique 4% (HCL), le seuil de naus\u00e9e sera plus \u00e9lev\u00e9, vous offrant ainsi l&#039;avantage de prendre des doses plus nombreuses et plus \u00e9lev\u00e9es d&#039;AMS.<\/span><\/p>\n<p><span style=\"color: #000000;\"><strong>2.<\/strong> Un autre GRAND avantage qui peut facilement \u00eatre remarqu\u00e9 est que l\u2019odeur et le go\u00fbt de l\u2019AMS activ\u00e9 seront moindres. Si vous choisissez de prendre vos doses orales d&#039;AMS avec de l&#039;eau (au lieu du jus), vous ressentirez moins le go\u00fbt et l&#039;odeur du dioxyde de chlore. C&#039;est une nouvelle fantastique !<\/span><\/p>\n<p><span style=\"color: #000000;\">De plus : c&#039;est tr\u00e8s rare, mais quelques personnes sont allergiques \u00e0 l&#039;acide citrique 10% ou 50% pr\u00e9sent dans l&#039;eau (qui est l&#039;ACTIVATEUR standard), m\u00eame si elles peuvent facilement en tol\u00e9rer des formes faibles comme dans la limonade. La solution peut \u00eatre d\u2019utiliser l\u2019acide chlorhydrique 4% comme acide de choix car il est non allerg\u00e8ne. Par cons\u00e9quent, essayez \u00e0 nouveau AMS en utilisant ce nouvel ACTIVATEUR comme acide activateur et augmentez lentement le nombre de gouttes.<\/span><\/p>\n<p><span style=\"color: #000000;\">La m\u00eame relation de chute 1:1.<\/span><\/p>\n<p><span style=\"color: #000000;\">Le temps d&#039;activation reste le m\u00eame, comme celui de l&#039;ACTIVATEUR d&#039;acide citrique standard. Les 30 secondes habituelles.<\/span><\/p>\n<p><span class=\"_5yl5\" style=\"color: #000000;\" data-reactid=\".2h.$mid=11416827275330=23ad044a3231aa88f85.2:0.0.0.0.0\">Si vous ne voyez pas votre probl\u00e8me ou votre maladie trait\u00e9 ici sur ce site Web, veuillez nous contacter par e-mail ou par t\u00e9l\u00e9phone et nous vous conseillerons et vous aiderons clairement ! <span class=\"_5yl5\" data-reactid=\".1k.$mid=11416832347515=2f7e62a9de5b0f0e178.2:0.0.0.0.0\">C\u2019est une qualit\u00e9 sur laquelle nous accordons beaucoup d\u2019importance.<\/span><\/span><\/p>\n<p>&nbsp;<\/p>\n<p><span style=\"font-size: 170%; color: #000000;\">Comment activer l&#039;AMS pour le pr\u00e9parer \u00e0 la consommation<\/span><\/p>\n<p>&nbsp;<\/p>","protected":false},"excerpt":{"rendered":"<ul>\n<li><span style=\"color: #000000;\">Flacon d\u2019acide chlorhydrique 4% (HCL) \u2013 120 ml ou 250 ml<br \/>\n<\/span><\/li>\n<li><span style=\"color: #000000;\">Compte-gouttes install\u00e9 \u00e0 l&#039;int\u00e9rieur des flacons<\/span><\/li>\n<li><strong><a href=\"https:\/\/laubeholistic.com\/fr\/protocols-and-manuals\/\">Cliquez ici<\/a> <\/strong><span style=\"color: #000000;\">pour t\u00e9l\u00e9charger les protocoles et les manuels<\/span><\/li>\n<\/ul>\n<p><span class=\"_5yl5\" style=\"color: #000000;\" data-reactid=\".2h.$mid=11416827275330=23ad044a3231aa88f85.2:0.0.0.0.0\">Nous offrons des conseils et des conseils clairs et personnalis\u00e9s si vous avez besoin d&#039;aide pour utiliser ce produit.<\/span><\/p>","protected":false},"featured_media":10706,"comment_status":"closed","ping_status":"closed","template":"","meta":{"ngg_post_thumbnail":0},"product_brand":[],"product_cat":[326],"product_tag":[96,124,94],"class_list":{"0":"post-1695","1":"product","2":"type-product","3":"status-publish","4":"has-post-thumbnail","6":"product_cat-chlorine-dioxide-category","7":"product_tag-activator","8":"product_tag-hydrochloric-acid","9":"product_tag-hydrochloric-acid-4","11":"first","12":"instock","13":"taxable","14":"shipping-taxable","15":"purchasable","16":"product-type-variable"},"_links":{"self":[{"href":"https:\/\/laubeholistic.com\/fr\/wp-json\/wp\/v2\/product\/1695","targetHints":{"allow":["GET"]}}],"collection":[{"href":"https:\/\/laubeholistic.com\/fr\/wp-json\/wp\/v2\/product"}],"about":[{"href":"https:\/\/laubeholistic.com\/fr\/wp-json\/wp\/v2\/types\/product"}],"replies":[{"embeddable":true,"href":"https:\/\/laubeholistic.com\/fr\/wp-json\/wp\/v2\/comments?post=1695"}],"wp:featuredmedia":[{"embeddable":true,"href":"https:\/\/laubeholistic.com\/fr\/wp-json\/wp\/v2\/media\/10706"}],"wp:attachment":[{"href":"https:\/\/laubeholistic.com\/fr\/wp-json\/wp\/v2\/media?parent=1695"}],"wp:term":[{"taxonomy":"product_brand","embeddable":true,"href":"https:\/\/laubeholistic.com\/fr\/wp-json\/wp\/v2\/product_brand?post=1695"},{"taxonomy":"product_cat","embeddable":true,"href":"https:\/\/laubeholistic.com\/fr\/wp-json\/wp\/v2\/product_cat?post=1695"},{"taxonomy":"product_tag","embeddable":true,"href":"https:\/\/laubeholistic.com\/fr\/wp-json\/wp\/v2\/product_tag?post=1695"}],"curies":[{"name":"wp","href":"https:\/\/api.w.org\/{rel}","templated":true}]}}