{"id":1621,"date":"2014-05-28T08:04:25","date_gmt":"2014-05-28T08:04:25","guid":{"rendered":"https:\/\/laubeholistic.com\/?post_type=product&#038;p=1621"},"modified":"2026-03-03T14:53:50","modified_gmt":"2026-03-03T14:53:50","slug":"ams-set-dmso-ams2","status":"publish","type":"product","link":"https:\/\/laubeholistic.com\/fr\/shop\/ams-set-dmso-ams2\/","title":{"rendered":"Ensemble AMS + DMSO + AMS2"},"content":{"rendered":"","protected":false},"excerpt":{"rendered":"<ul>\n<li><span style=\"color: #000000;\">Chlorite de sodium (NaClO2) \u2013 120 ml<\/span><\/li>\n<li><span style=\"color: #000000;\">Acide chlorhydrique (4%) \u2013 120 ml<\/span><\/li>\n<li><span style=\"color: #000000;\">Dim\u00e9thylsulfoxyde 99.9% \u2013 120ml<\/span><\/li>\n<li><span style=\"color: #000000;\">AMS2 \u2013 60 G\u00e9lules d\u2019Hypochlorite de Calcium 70%<\/span><\/li>\n<li><span style=\"color: #000000;\">Compte-gouttes install\u00e9 \u00e0 l&#039;int\u00e9rieur des flacons<\/span><\/li>\n<li><span style=\"color: #000000;\">10% de r\u00e9duction sur 3 sets &amp; 15% de r\u00e9duction sur 5 sets<\/span><\/li>\n<li><strong><a href=\"https:\/\/laubeholistic.com\/fr\/protocols-and-manuals\/\">Cliquez ici<\/a><\/strong> <span style=\"color: #000000;\">pour t\u00e9l\u00e9charger les protocoles et les manuels<\/span><\/li>\n<\/ul>\n<p><span style=\"color: #000000;\">Pendant les mois les plus froids, le DMSO pr\u00e9sent dans la bouteille se cristallisera. Pour revenir \u00e0 l&#039;\u00e9tat liquide, placez simplement la bouteille ferm\u00e9e dans de l&#039;eau ti\u00e8de et attendez dix minutes. PAS d&#039;eau bouillante.<\/span><\/p>\n<p><span style=\"color: #000000;\">Nous offrons des conseils et des conseils clairs et personnalis\u00e9s si vous avez besoin d&#039;aide pour utiliser ce produit.<\/span><\/p>","protected":false},"featured_media":10744,"comment_status":"closed","ping_status":"closed","template":"","meta":{"ngg_post_thumbnail":0},"product_brand":[],"product_cat":[326],"product_tag":[260,112,258,273,274,249,257,280,124,94,154,256,281,128,266,108,250],"class_list":{"0":"post-1621","1":"product","2":"type-product","3":"status-publish","4":"has-post-thumbnail","6":"product_cat-chlorine-dioxide-category","7":"product_tag-aches-and-pains","8":"product_tag-amsmms-dmso-ams2","9":"product_tag-arthritis","10":"product_tag-calcium-hypochlorite","11":"product_tag-calcium-hypochlorite-70","12":"product_tag-chlorine-dioxide","13":"product_tag-dimethyl-sulfoxide","14":"product_tag-discount","15":"product_tag-hydrochloric-acid","16":"product_tag-hydrochloric-acid-4","17":"product_tag-mms-es","18":"product_tag-pain-relief","19":"product_tag-quantity-discount","20":"product_tag-sodium-chlorite","21":"product_tag-topical-pain-relief","22":"product_tag-water-purification","23":"product_tag-wps","25":"first","26":"instock","27":"taxable","28":"shipping-taxable","29":"purchasable","30":"product-type-variable","31":"has-default-attributes"},"_links":{"self":[{"href":"https:\/\/laubeholistic.com\/fr\/wp-json\/wp\/v2\/product\/1621","targetHints":{"allow":["GET"]}}],"collection":[{"href":"https:\/\/laubeholistic.com\/fr\/wp-json\/wp\/v2\/product"}],"about":[{"href":"https:\/\/laubeholistic.com\/fr\/wp-json\/wp\/v2\/types\/product"}],"replies":[{"embeddable":true,"href":"https:\/\/laubeholistic.com\/fr\/wp-json\/wp\/v2\/comments?post=1621"}],"wp:featuredmedia":[{"embeddable":true,"href":"https:\/\/laubeholistic.com\/fr\/wp-json\/wp\/v2\/media\/10744"}],"wp:attachment":[{"href":"https:\/\/laubeholistic.com\/fr\/wp-json\/wp\/v2\/media?parent=1621"}],"wp:term":[{"taxonomy":"product_brand","embeddable":true,"href":"https:\/\/laubeholistic.com\/fr\/wp-json\/wp\/v2\/product_brand?post=1621"},{"taxonomy":"product_cat","embeddable":true,"href":"https:\/\/laubeholistic.com\/fr\/wp-json\/wp\/v2\/product_cat?post=1621"},{"taxonomy":"product_tag","embeddable":true,"href":"https:\/\/laubeholistic.com\/fr\/wp-json\/wp\/v2\/product_tag?post=1621"}],"curies":[{"name":"wp","href":"https:\/\/api.w.org\/{rel}","templated":true}]}}