{"id":1620,"date":"2014-05-28T17:00:26","date_gmt":"2014-05-28T17:00:26","guid":{"rendered":"https:\/\/laubeholistic.com\/?post_type=product&#038;p=1620"},"modified":"2026-03-03T14:51:38","modified_gmt":"2026-03-03T14:51:38","slug":"lavarnica-macro","status":"publish","type":"product","link":"https:\/\/laubeholistic.com\/fr\/shop\/lavarnica-macro\/","title":{"rendered":"Lavarnica Macro (DMSO am\u00e9lior\u00e9)"},"content":{"rendered":"<h1><span style=\"color: #000000;\"><strong>Macro de Lavarnica<\/strong><\/span><\/h1>\n<div style=\"padding: 56.25% 0 0 0; position: relative;\"><iframe style=\"position: absolute; top: 0; left: 0; width: 100%; height: 100%;\" title=\"Lavarinica\" src=\"https:\/\/player.vimeo.com\/video\/1165670395?badge=0&amp;autopause=0&amp;player_id=0&amp;app_id=58479\" frameborder=\"0\"><\/iframe><\/div>\n<p><script src=\"https:\/\/player.vimeo.com\/api\/player.js\"><\/script><\/p>\n<p><span style=\"color: #000000;\">Vous connaissez peut-\u00eatre les avantages des trois produits individuels qui composent Lavarnica Macro, mais voici un rappel. Doucement parfum\u00e9 et naturel 100%.<\/span><\/p>\n<p><span style=\"color: #000000;\"><strong>DMSO<\/strong><\/span><\/p>\n<p><span style=\"color: #000000;\">En plus d&#039;\u00eatre connu pour ses qualit\u00e9s anti-inflammatoires et analg\u00e9siques rapides et efficaces, les scientifiques ont d\u00e9couvert que le DMSO peut \u00eatre utilis\u00e9 comme moyen de transport pour faire passer de petites mol\u00e9cules \u00e0 travers la peau. En effet, le DMSO amplifie la p\u00e9n\u00e9tration d\u2019autres rem\u00e8des topiques, augmentant ainsi leur efficacit\u00e9.<\/span><\/p>\n<p><span style=\"color: #000000;\"><strong>ARNICA<\/strong><\/span><\/p>\n<p><span style=\"color: #000000;\">L&#039;arnica est une plante herbac\u00e9e \u00e0 fleurs de la famille des tournesols. Il a \u00e9t\u00e9 utilis\u00e9 d\u00e8s les ann\u00e9es 1500 pour traiter un large \u00e9ventail de pathologies, notamment les contusions, les entorses, les douleurs musculaires, les plaies, les douleurs articulaires, les gonflements et les br\u00fblures. L\u2019Arnica s\u2019est donc av\u00e9r\u00e9e efficace lors de la gu\u00e9rison de plusieurs affections postop\u00e9ratoires dont l\u2019enflure, les ecchymoses et la douleur.<\/span><\/p>\n<p><span style=\"color: #000000;\"><strong>LAVANDE<\/strong><\/span><\/p>\n<p><span style=\"color: #000000;\">Dans les temps anciens, cette plante parfum\u00e9e \u00e9tait utilis\u00e9e pour rafra\u00eechir et donner un l\u00e9ger parfum \u00e0 une vari\u00e9t\u00e9 d\u2019objets personnels.<\/span><\/p>\n<p><span style=\"color: #000000;\">En plus de son ar\u00f4me distinctif et relaxant, la lavande est \u00e9galement connue pour tuer les bact\u00e9ries, gu\u00e9rir et pr\u00e9venir l&#039;acn\u00e9, apaiser l&#039;ecz\u00e9ma et le psoriasis, r\u00e9duire les rides, r\u00e9duire la douleur et l&#039;inflammation, apaiser les coups de soleil, acc\u00e9l\u00e9rer le processus de cicatrisation des plaies, agissant comme un insectifuge. et soulager les d\u00e9mangeaisons suite \u00e0 une piq\u00fbre d&#039;insecte. <\/span><\/p>\n<p><span style=\"color: #000000;\">La lavande a aid\u00e9 de nombreuses personnes \u00e0 am\u00e9liorer la qualit\u00e9 de leur sommeil et \u00e0 r\u00e9duire l\u2019insomnie.<\/span><\/p>\n<p><span style=\"color: #000000;\">Lavarnica Macro est un rem\u00e8de topique unique, sp\u00e9cifiquement cr\u00e9\u00e9 par Laube Holistic Health.<\/span><\/p>\n<p><span style=\"color: #000000;\">Lavarnica Macro exploite les qualit\u00e9s et avantages \u00e9tonnants du DMSO, de l&#039;arnica et de la lavande pour produire un rem\u00e8de qui p\u00e9n\u00e8tre profond\u00e9ment dans la peau pour soulager les sympt\u00f4mes de gonflement et de douleur.<\/span><\/p>\n<p><span style=\"color: #000000;\">Lavarnica Macro est un produit r\u00e9volutionnaire \u00e0 action rapide. Il soulage et gu\u00e9rit naturellement la douleur, de mani\u00e8re s\u00fbre et abordable. Pas besoin de d\u00e9penser votre argent durement gagn\u00e9 en chirurgie ou en m\u00e9dicaments sur ordonnance tr\u00e8s puissants et addictifs.<\/span><\/p>\n<p><span style=\"color: #000000;\">Nous offrons des conseils et des conseils clairs et personnalis\u00e9s si vous avez besoin d&#039;aide pour utiliser ce produit.<\/span><\/p>\n<p><span style=\"color: #000000;\">Si vous ne voyez pas votre probl\u00e8me, condition ou maladie abord\u00e9 ici sur ce site Web, veuillez nous contacter par e-mail ou par t\u00e9l\u00e9phone et nous serons heureux de vous conseiller et de vous aider. C&#039;est une qualit\u00e9 et un service sur lesquels nous accordons une grande importance.<\/span><\/p>\n<p><span style=\"color: #000000;\">Comme pour tout m\u00e9dicament, veuillez demander conseil \u00e0 votre m\u00e9decin g\u00e9n\u00e9raliste si vous souffrez de probl\u00e8mes de sant\u00e9 graves, d&#039;hypertension art\u00e9rielle, de maladie inflammatoire de l&#039;intestin, d&#039;arythmie ou si vous \u00eates enceinte ou si vous allaitez.<\/span><\/p>","protected":false},"excerpt":{"rendered":"<p><span style=\"color: #000000;\">1 x Bouteille de Lavarnica Macro \u2013<strong> 30 ml, 100 ml, 120 ml, 250 ml ou 1 L<\/strong><br \/>\n<\/span><\/p>\n<p><span style=\"color: #000000;\">T\u00eate compte-gouttes ou flacon pulv\u00e9risateur<\/span><\/p>\n<p><span style=\"color: #000000;\">Un m\u00e9lange unique de trois soins bien connus, le tout dans un rem\u00e8de naturel parfum\u00e9 et facile \u00e0 utiliser. Doucement parfum\u00e9 et 100% naturel.<\/span><\/p>\n<p><span class=\"_5yl5\" style=\"color: #000000;\" data-reactid=\".2h.$mid=11416827275330=23ad044a3231aa88f85.2:0.0.0.0.0\">Nous offrons des conseils et des conseils clairs et personnalis\u00e9s si vous avez besoin d&#039;aide lors de l&#039;utilisation de ce produit.<\/span><\/p>","protected":false},"featured_media":10843,"comment_status":"closed","ping_status":"closed","template":"","meta":{"ngg_post_thumbnail":0},"product_brand":[],"product_cat":[326],"product_tag":[271,260,269,258,261,122,268,110,272,270,256,267,266],"class_list":{"0":"post-1620","1":"product","2":"type-product","3":"status-publish","4":"has-post-thumbnail","6":"product_cat-chlorine-dioxide-category","7":"product_tag-100-natural","8":"product_tag-aches-and-pains","9":"product_tag-aching-joints","10":"product_tag-arthritis","11":"product_tag-bursitis","12":"product_tag-dmso","13":"product_tag-inflammation","14":"product_tag-lavarnica-macro","15":"product_tag-natural","16":"product_tag-pain","17":"product_tag-pain-relief","18":"product_tag-tendonitis","19":"product_tag-topical-pain-relief","21":"first","22":"instock","23":"taxable","24":"shipping-taxable","25":"purchasable","26":"product-type-variable"},"_links":{"self":[{"href":"https:\/\/laubeholistic.com\/fr\/wp-json\/wp\/v2\/product\/1620","targetHints":{"allow":["GET"]}}],"collection":[{"href":"https:\/\/laubeholistic.com\/fr\/wp-json\/wp\/v2\/product"}],"about":[{"href":"https:\/\/laubeholistic.com\/fr\/wp-json\/wp\/v2\/types\/product"}],"replies":[{"embeddable":true,"href":"https:\/\/laubeholistic.com\/fr\/wp-json\/wp\/v2\/comments?post=1620"}],"wp:featuredmedia":[{"embeddable":true,"href":"https:\/\/laubeholistic.com\/fr\/wp-json\/wp\/v2\/media\/10843"}],"wp:attachment":[{"href":"https:\/\/laubeholistic.com\/fr\/wp-json\/wp\/v2\/media?parent=1620"}],"wp:term":[{"taxonomy":"product_brand","embeddable":true,"href":"https:\/\/laubeholistic.com\/fr\/wp-json\/wp\/v2\/product_brand?post=1620"},{"taxonomy":"product_cat","embeddable":true,"href":"https:\/\/laubeholistic.com\/fr\/wp-json\/wp\/v2\/product_cat?post=1620"},{"taxonomy":"product_tag","embeddable":true,"href":"https:\/\/laubeholistic.com\/fr\/wp-json\/wp\/v2\/product_tag?post=1620"}],"curies":[{"name":"wp","href":"https:\/\/api.w.org\/{rel}","templated":true}]}}