{"id":15679,"date":"2025-02-10T16:02:38","date_gmt":"2025-02-10T16:02:38","guid":{"rendered":"https:\/\/laubeholistic.com\/?post_type=product&#038;p=15679"},"modified":"2026-04-09T20:35:20","modified_gmt":"2026-04-09T20:35:20","slug":"glass-pipette-of-10ml-20cm","status":"publish","type":"product","link":"https:\/\/laubeholistic.com\/fr\/shop\/glass-pipette-of-10ml-20cm\/","title":{"rendered":"Pipette en verre de 10ml (20cm)"},"content":{"rendered":"<p><span style=\"color: #282828;\"><strong>Am\u00e9liorez votre exp\u00e9rience CDS avec pr\u00e9cision et facilit\u00e9<\/strong> \ud83c\udf3f\ud83d\udca7<\/span><\/p>\n<p><span style=\"color: #282828;\">Pr\u00e9sentation de notre <strong>pipette en verre de haute qualit\u00e9<\/strong>, Le syst\u00e8me d'information sur la sant\u00e9, l'accessoire parfait pour votre <strong>Solution de dioxyde de chlore (CDS) de 1 litre, ou notre kit AMS de 1 litre<\/strong> Con\u00e7u pour un dosage pr\u00e9cis et une application facile.<\/span><\/p>\n<p><span style=\"color: #282828;\">\u2714\ufe0f <strong>Un ajustement parfait<\/strong>: Sp\u00e9cifiquement recommand\u00e9 pour nos <strong>Bouteilles CDS de 1 litre<\/strong>,o r <strong>Kit AMS 1 litre<\/strong> garantissant des transferts pr\u00e9cis, propres et sans probl\u00e8me \u00e0 chaque fois.<\/span><\/p>\n<p><span style=\"color: #282828;\">\u2714\ufe0f <strong>S\u00fbr et durable<\/strong>: Fabriqu\u00e9 en verre de premi\u00e8re qualit\u00e9, r\u00e9sistant aux interactions chimiques, il pr\u00e9serve la puret\u00e9 et l'efficacit\u00e9 de votre CDS.<\/span><\/p>\n<p><span style=\"color: #282828;\">\u2714\ufe0f <strong>Un contr\u00f4le pr\u00e9cis<\/strong>: D\u00e9livre des gouttes pr\u00e9cises ou mesure de plus grandes quantit\u00e9s sans effort, vous donnant un contr\u00f4le total sur votre dosage.<\/span><\/p>\n<p><span style=\"color: #282828;\">\u2714\ufe0f <strong>Respectueux de l'environnement et r\u00e9utilisable<\/strong>: Cette pipette en verre est con\u00e7ue pour durer et peut \u00eatre r\u00e9utilis\u00e9e pendant des ann\u00e9es si elle est bien entretenue.<\/span><\/p>","protected":false},"excerpt":{"rendered":"<ul>\n<li><span style=\"color: #282828;\"><strong>Mat\u00e9riel<\/strong>: Verre borosilicat\u00e9 durable<\/span><\/li>\n<li><span style=\"color: #282828;\"><strong>Ampoule<\/strong>: Caoutchouc ou silicone de haute qualit\u00e9<\/span><\/li>\n<li><span style=\"color: #282828;\"><strong>Longueur<\/strong>: 20 cm (partie en verre)<\/span><\/li>\n<li><span style=\"color: #282828;\"><strong>Conception<\/strong>: Transparent pour une meilleure visibilit\u00e9 du liquide<\/span><\/li>\n<li><span style=\"color: #282828;\"><strong>Finition<\/strong>: Minimaliste et propre<\/span><\/li>\n<li><span style=\"color: #282828;\"><strong>R\u00e9utilisable<\/strong>: Longue dur\u00e9e de vie avec un entretien ad\u00e9quat<\/span><\/li>\n<li><span style=\"color: #282828;\"><strong>Compatibilit\u00e9<\/strong>: Id\u00e9al pour les CDS et les solutions similaires<\/span><\/li>\n<\/ul>","protected":false},"featured_media":15680,"comment_status":"open","ping_status":"closed","template":"","meta":{"ngg_post_thumbnail":0},"product_brand":[],"product_cat":[330,332],"product_tag":[358],"class_list":{"0":"post-15679","1":"product","2":"type-product","3":"status-publish","4":"has-post-thumbnail","6":"product_cat-accessories","7":"product_cat-newcomers","8":"product_tag-glass-pipette","10":"first","11":"instock","12":"taxable","13":"shipping-taxable","14":"purchasable","15":"product-type-simple"},"_links":{"self":[{"href":"https:\/\/laubeholistic.com\/fr\/wp-json\/wp\/v2\/product\/15679","targetHints":{"allow":["GET"]}}],"collection":[{"href":"https:\/\/laubeholistic.com\/fr\/wp-json\/wp\/v2\/product"}],"about":[{"href":"https:\/\/laubeholistic.com\/fr\/wp-json\/wp\/v2\/types\/product"}],"replies":[{"embeddable":true,"href":"https:\/\/laubeholistic.com\/fr\/wp-json\/wp\/v2\/comments?post=15679"}],"wp:featuredmedia":[{"embeddable":true,"href":"https:\/\/laubeholistic.com\/fr\/wp-json\/wp\/v2\/media\/15680"}],"wp:attachment":[{"href":"https:\/\/laubeholistic.com\/fr\/wp-json\/wp\/v2\/media?parent=15679"}],"wp:term":[{"taxonomy":"product_brand","embeddable":true,"href":"https:\/\/laubeholistic.com\/fr\/wp-json\/wp\/v2\/product_brand?post=15679"},{"taxonomy":"product_cat","embeddable":true,"href":"https:\/\/laubeholistic.com\/fr\/wp-json\/wp\/v2\/product_cat?post=15679"},{"taxonomy":"product_tag","embeddable":true,"href":"https:\/\/laubeholistic.com\/fr\/wp-json\/wp\/v2\/product_tag?post=15679"}],"curies":[{"name":"wp","href":"https:\/\/api.w.org\/{rel}","templated":true}]}}