{"id":1550,"date":"2014-05-28T20:00:56","date_gmt":"2014-05-28T20:00:56","guid":{"rendered":"https:\/\/laubeholistic.com\/?post_type=product&#038;p=1550"},"modified":"2025-11-12T11:58:10","modified_gmt":"2025-11-12T11:58:10","slug":"health_coaching","status":"publish","type":"product","link":"https:\/\/laubeholistic.com\/fr\/shop\/health_coaching\/","title":{"rendered":"Coaching Sant\u00e9 \u2013 30min"},"content":{"rendered":"<div class=\"vc_row wpb_row vc_row-fluid\">\n<div class=\"vc_col-sm-12 wpb_column vc_column_container\">\n<div class=\"wpb_wrapper\">\n<div class=\"wpb_text_column wpb_content_element\">\n<div class=\"wpb_wrapper\">\n<h3><span style=\"color: #000000;\">Nous sommes fiers de la qualit\u00e9. C&#039;est quelque chose sur lequel nous accordons beaucoup d&#039;importance.<\/span><\/h3>\n<p><span style=\"color: #000000;\">Avez-vous d\u00e9j\u00e0 souhait\u00e9 pouvoir parler \u00e0 un site Web\u00a0? Pour poser le type de questions qui ne vous sont pas adress\u00e9es ou qui ne vous sont pas assez sp\u00e9cifiques\u00a0? Eh bien, voici une occasion unique de faire exactement cela.<\/span><\/p>\n<p><span style=\"color: #000000;\">\u00c0 qui de mieux parler que le d\u00e9veloppeur de Laube Holistic Solutions \u2013 Tobias Laube. Une consultation priv\u00e9e dans le confort de votre foyer.<\/span><\/p>\n<p><span style=\"color: #000000;\">Au cours de cette consultation d&#039;une heure, Tobias vous expliquera comment et pourquoi nos rem\u00e8des sant\u00e9 peuvent vous aider \u00e0 atteindre une sant\u00e9 absolue.<\/span><\/p>\n<p><span style=\"color: #000000;\">Nous proposons une conversation vid\u00e9o 1:1 pour inclure une explication d\u00e9taill\u00e9e de la fa\u00e7on de suivre les diff\u00e9rents protocoles, ainsi qu&#039;un aper\u00e7u d&#039;autres applications et fa\u00e7ons d&#039;utiliser AMS. &nbsp;<\/span><\/p>\n<p><span style=\"color: #000000;\"><a style=\"color: #000000;\" href=\"https:\/\/laubeholistic.com\/wp-content\/uploads\/2015\/03\/bild_beratung.jpg\"><img loading=\"lazy\" decoding=\"async\" class=\"size-medium wp-image-1552 alignright\" src=\"https:\/\/laubeholistic.com\/wp-content\/uploads\/2015\/03\/bild_beratung-300x236.jpg\" alt=\"bild_beratung\" width=\"300\" height=\"236\" srcset=\"https:\/\/laubeholistic.com\/wp-content\/uploads\/2015\/03\/bild_beratung-300x236.jpg 300w, https:\/\/laubeholistic.com\/wp-content\/uploads\/2015\/03\/bild_beratung.jpg 367w\" sizes=\"auto, (max-width: 300px) 100vw, 300px\" \/><\/a>Propre \u00e0 vous, les usages et protocoles peuvent \u00eatre discut\u00e9s et d\u00e9montr\u00e9s devant la cam\u00e9ra, afin que vous puissiez vous sentir en confiance lors de l&#039;utilisation de nos produits.<\/span><\/p>\n<p><span style=\"color: #000000;\">Il s\u2019agit peut-\u00eatre des informations vitales dont vous avez besoin pour changer votre vie, en particulier si vous souffrez d\u2019une maladie chronique, voire terminale.<\/span><\/p>\n<p><span style=\"color: #000000;\">Apr\u00e8s avoir pass\u00e9 la commande, nous vous contacterons pour fixer une date et une heure qui vous conviennent.<\/span><\/p>\n<h4><span style=\"color: #000000;\"><strong>Comme il s\u2019agit d\u2019un appel vid\u00e9o en direct, vous devrez utiliser un appareil sur lequel une cam\u00e9ra est install\u00e9e.<\/strong><\/span><\/h4>\n<p><span style=\"color: #000000;\">Si vous ne voyez pas votre probl\u00e8me ou votre \u00e9tat trait\u00e9 ici sur ce site Web, veuillez nous contacter par e-mail ou par t\u00e9l\u00e9phone et nous serons heureux de vous conseiller et de vous aider.<\/span><\/p>\n<\/div>\n<p><span style=\"color: #000000;\">Nous offrons des conseils et des conseils clairs et personnalis\u00e9s si vous avez besoin d&#039;aide lors de l&#039;utilisation de nos produits. Veuillez nous contacter si vous avez besoin de plus d&#039;informations concernant ce produit ou tout autre produit sur notre site Web.<\/span><\/p>\n<div class=\"wpb_wrapper\">\n<p>&nbsp;<\/p>\n<\/div>\n<\/div>\n<\/div>\n<\/div>\n<\/div>","protected":false},"excerpt":{"rendered":"<p><span style=\"color: #000000;\">Une consultation vid\u00e9o personnelle 1 \u00e0 1 de trente minutes avec Tobias.<\/span><\/p>\n<p><span style=\"color: #000000;\">Une occasion unique et id\u00e9ale pour discuter de vos doutes, poser des questions et regarder des d\u00e9monstrations en direct.&nbsp;<\/span><\/p>\n<p><span style=\"color: #000000;\">Tobias parle anglais, allemand et espagnol.<\/span><\/p>","protected":false},"featured_media":1548,"comment_status":"closed","ping_status":"closed","template":"","meta":{"ngg_post_thumbnail":0},"product_brand":[],"product_cat":[331],"product_tag":[289,293,292,298,294,295,296,288,287,291,290,299],"class_list":{"0":"post-1550","1":"product","2":"type-product","3":"status-publish","4":"has-post-thumbnail","6":"product_cat-services","7":"product_tag-1-to-1","8":"product_tag-clear-advice","9":"product_tag-demonstration","10":"product_tag-detailed-explanation","11":"product_tag-guidance","12":"product_tag-health-remedies","13":"product_tag-one-hour","14":"product_tag-one-to-one","15":"product_tag-personalised","16":"product_tag-video-consultation","17":"product_tag-video-conversation","18":"product_tag-vital-information","20":"first","21":"outofstock","22":"virtual","23":"taxable","24":"purchasable","25":"product-type-simple"},"_links":{"self":[{"href":"https:\/\/laubeholistic.com\/fr\/wp-json\/wp\/v2\/product\/1550","targetHints":{"allow":["GET"]}}],"collection":[{"href":"https:\/\/laubeholistic.com\/fr\/wp-json\/wp\/v2\/product"}],"about":[{"href":"https:\/\/laubeholistic.com\/fr\/wp-json\/wp\/v2\/types\/product"}],"replies":[{"embeddable":true,"href":"https:\/\/laubeholistic.com\/fr\/wp-json\/wp\/v2\/comments?post=1550"}],"wp:featuredmedia":[{"embeddable":true,"href":"https:\/\/laubeholistic.com\/fr\/wp-json\/wp\/v2\/media\/1548"}],"wp:attachment":[{"href":"https:\/\/laubeholistic.com\/fr\/wp-json\/wp\/v2\/media?parent=1550"}],"wp:term":[{"taxonomy":"product_brand","embeddable":true,"href":"https:\/\/laubeholistic.com\/fr\/wp-json\/wp\/v2\/product_brand?post=1550"},{"taxonomy":"product_cat","embeddable":true,"href":"https:\/\/laubeholistic.com\/fr\/wp-json\/wp\/v2\/product_cat?post=1550"},{"taxonomy":"product_tag","embeddable":true,"href":"https:\/\/laubeholistic.com\/fr\/wp-json\/wp\/v2\/product_tag?post=1550"}],"curies":[{"name":"wp","href":"https:\/\/api.w.org\/{rel}","templated":true}]}}