{"id":151,"date":"2014-05-28T19:00:23","date_gmt":"2014-05-28T19:00:23","guid":{"rendered":"https:\/\/laubeholistic.com\/?post_type=product&#038;p=151"},"modified":"2026-03-03T14:48:29","modified_gmt":"2026-03-03T14:48:29","slug":"pure-vitamin-c","status":"publish","type":"product","link":"https:\/\/laubeholistic.com\/fr\/shop\/pure-vitamin-c\/","title":{"rendered":"Vitamine C pure"},"content":{"rendered":"<p>&nbsp;<\/p>\n<h1 lang=\"es-ES\" style=\"font-size: small; color: #000000; text-align: center;\"><span style=\"font-size: x-large;\"><span style=\"text-decoration: underline;\">Rem\u00e8de miracle naturel&nbsp;<\/span><\/span><span style=\"font-size: x-large;\"><span style=\"text-decoration: underline;\">Pour une meilleure sant\u00e9 !<\/span><\/span><\/h1>\n<div style=\"padding: 56.25% 0 0 0; position: relative;\"><iframe style=\"position: absolute; top: 0; left: 0; width: 100%; height: 100%;\" title=\"Vitamine C\" src=\"https:\/\/player.vimeo.com\/video\/1165670676?badge=0&amp;autopause=0&amp;player_id=0&amp;app_id=58479\" frameborder=\"0\"><\/iframe><\/div>\n<p><script src=\"https:\/\/player.vimeo.com\/api\/player.js\"><\/script><\/p>\n<div><span style=\"color: #000000;\">La vitamine la plus connue au monde est \u00e9galement le nutriment le plus sous-\u00e9valu\u00e9 et le plus supprim\u00e9 de l\u2019histoire.<\/span><\/div>\n<div><span style=\"color: #000000;\">C&#039;est <strong>l&#039;un des plus puissants<\/strong> <strong>les assurances maladie que l&#039;on peut prendre<\/strong>.<\/span><\/div>\n<div>&nbsp;<\/div>\n<div><span style=\"color: #000000;\"><strong>Vitamine C pure<\/strong> est le rem\u00e8de miracle de la nature. Il vous am\u00e8ne naturellement \u00e0 une meilleure sant\u00e9, am\u00e9liore votre syst\u00e8me cardiovasculaire, d\u00e9clenche une augmentation notable de l\u2019\u00e9nergie, renforce votre syst\u00e8me immunitaire et nettoie de l\u2019int\u00e9rieur.<\/span><\/div>\n<div>&nbsp;<\/div>\n<div><span style=\"color: #000000;\"><strong>Linus Pauling <\/strong>(*1901 \u2013 1994 \u2020) Fondateur de la m\u00e9decine orthomol\u00e9culaire et laur\u00e9at du prix Nobel de <strong>Chimie<\/strong> et <strong>Paix. <\/strong>&nbsp;Linus Pauling a \u00e9t\u00e9 l&#039;un des grands pionniers qui ont d\u00e9couvert que nous, en tant qu&#039;\u00eatres humains, consommons des quantit\u00e9s quotidiennes insuffisantes de vitamine C \u00e0 travers les aliments transform\u00e9s, g\u00e9n\u00e9tiquement modifi\u00e9s et m\u00eame artificiels d&#039;aujourd&#039;hui. Il a \u00e9galement d\u00e9couvert que nous pouvons absorber des quantit\u00e9s bien plus \u00e9lev\u00e9es de cette vitamine, et que nous en avons souvent besoin, en particulier lorsque nous sommes malades.<\/span><\/div>\n<div>&nbsp;<\/div>\n<figure id=\"attachment_173\" aria-describedby=\"caption-attachment-173\" style=\"width: 303px\" class=\"wp-caption alignright\"><img loading=\"lazy\" decoding=\"async\" class=\"wp-image-173\" style=\"border-image: initial; border: 1px solid black;\" title=\"Linus Pauling\" src=\"https:\/\/laubeholistic.com\/wp-content\/uploads\/2012\/05\/LinusPauling.jpg\" alt=\"Linus Pauling\" width=\"303\" height=\"140\"><figcaption id=\"caption-attachment-173\" class=\"wp-caption-text\">Comme recommand\u00e9 par Linus Pauling.<\/figcaption><\/figure>\n<blockquote>\n<div><strong>&quot;Si vous tombez toujours malade, la seule raison est que votre corps ne re\u00e7oit pas suffisamment de vitamine C. Avec suffisamment de vitamine C par jour, tout au long de l&#039;ann\u00e9e, vous ne tomberez plus malade.&quot;<\/strong><\/div>\n<div><em>Linus Pauling<\/em><\/div>\n<\/blockquote>\n<div>&nbsp;<\/div>\n<div><span style=\"color: #000000;\">Compar\u00e9e aux comprim\u00e9s de vitamine C traditionnels, notre vitamine C est 100% pure et non modifi\u00e9e d&#039;aucune fa\u00e7on.<\/span><\/div>\n<div>&nbsp;<\/div>\n<div><span style=\"color: #000000;\">Une cuill\u00e8re \u00e0 caf\u00e9 rase\/plate de notre produit pur 100% contient jusqu&#039;\u00e0 60 fois plus de vitamine C que les comprim\u00e9s traditionnels.<\/span><\/div>\n<div>&nbsp;<\/div>\n<div><span style=\"color: #000000;\">C&#039;est \u00e9vident, pourrait-on dire. Vous pensez peut-\u00eatre qu\u2019il est de notori\u00e9t\u00e9 publique que la vitamine C est bonne pour la sant\u00e9. Cependant, la quantit\u00e9 optimale de vitamine C dont nous avons besoin rel\u00e8ve de connaissances avanc\u00e9es. Le bon dosage de Vitamine C Pure fait toute la diff\u00e9rence lorsque l\u2019on cherche \u00e0 rester en bonne sant\u00e9 toute l\u2019ann\u00e9e.<\/span><\/div>\n<div>&nbsp;<\/div>\n<div>\n<p><span style=\"color: #000000;\">Si vous ne voyez pas votre probl\u00e8me, condition ou maladie abord\u00e9 ici sur ce site Web, veuillez nous contacter par e-mail ou par t\u00e9l\u00e9phone et nous serons heureux de vous conseiller et de vous aider.&nbsp;<span class=\"_5yl5\" data-reactid=\".1k.$mid=11416832347515=2f7e62a9de5b0f0e178.2:0.0.0.0.0\">C\u2019est une qualit\u00e9 sur laquelle nous accordons beaucoup d\u2019importance.<\/span><\/span><\/p>\n<\/div>\n<p><img loading=\"lazy\" decoding=\"async\" class=\"alignnone wp-image-7071\" src=\"https:\/\/laubeholistic.com\/wp-content\/uploads\/Grams-of-flat-GS-1-300x164.jpg\" alt=\"\" width=\"518\" height=\"283\" srcset=\"https:\/\/laubeholistic.com\/wp-content\/uploads\/Grams-of-flat-GS-1-300x164.jpg 300w, https:\/\/laubeholistic.com\/wp-content\/uploads\/Grams-of-flat-GS-1-1024x561.jpg 1024w, https:\/\/laubeholistic.com\/wp-content\/uploads\/Grams-of-flat-GS-1-768x421.jpg 768w, https:\/\/laubeholistic.com\/wp-content\/uploads\/Grams-of-flat-GS-1-16x9.jpg 16w, https:\/\/laubeholistic.com\/wp-content\/uploads\/Grams-of-flat-GS-1-510x279.jpg 510w, https:\/\/laubeholistic.com\/wp-content\/uploads\/Grams-of-flat-GS-1.jpg 1296w\" sizes=\"auto, (max-width: 518px) 100vw, 518px\" \/><img loading=\"lazy\" decoding=\"async\" class=\"alignnone wp-image-7070\" src=\"https:\/\/laubeholistic.com\/wp-content\/uploads\/Grams-of-big-GS-300x184.jpg\" alt=\"\" width=\"462\" height=\"283\" srcset=\"https:\/\/laubeholistic.com\/wp-content\/uploads\/Grams-of-big-GS-300x184.jpg 300w, https:\/\/laubeholistic.com\/wp-content\/uploads\/Grams-of-big-GS-1024x626.jpg 1024w, https:\/\/laubeholistic.com\/wp-content\/uploads\/Grams-of-big-GS-768x470.jpg 768w, https:\/\/laubeholistic.com\/wp-content\/uploads\/Grams-of-big-GS-16x10.jpg 16w, https:\/\/laubeholistic.com\/wp-content\/uploads\/Grams-of-big-GS-510x312.jpg 510w, https:\/\/laubeholistic.com\/wp-content\/uploads\/Grams-of-big-GS.jpg 1324w\" sizes=\"auto, (max-width: 462px) 100vw, 462px\" \/><\/p>\n<p style=\"text-align: center;\"><strong><span style=\"color: #000000;\">Une cuill\u00e8re \u00e0 caf\u00e9 plate vous donnera environ 2,5 g \u2014\u2013 Une cuill\u00e8re \u00e0 caf\u00e9 bomb\u00e9e environ 5 g (double)<\/span><\/strong><\/p>\n<p><img loading=\"lazy\" decoding=\"async\" class=\"alignnone wp-image-7068\" src=\"https:\/\/laubeholistic.com\/wp-content\/uploads\/Grams-of-flat-WS-300x177.jpg\" alt=\"\" width=\"474\" height=\"280\" srcset=\"https:\/\/laubeholistic.com\/wp-content\/uploads\/Grams-of-flat-WS-300x177.jpg 300w, https:\/\/laubeholistic.com\/wp-content\/uploads\/Grams-of-flat-WS-1024x603.jpg 1024w, https:\/\/laubeholistic.com\/wp-content\/uploads\/Grams-of-flat-WS-768x452.jpg 768w, https:\/\/laubeholistic.com\/wp-content\/uploads\/Grams-of-flat-WS-16x9.jpg 16w, https:\/\/laubeholistic.com\/wp-content\/uploads\/Grams-of-flat-WS-510x300.jpg 510w, https:\/\/laubeholistic.com\/wp-content\/uploads\/Grams-of-flat-WS.jpg 1386w\" sizes=\"auto, (max-width: 474px) 100vw, 474px\" \/><img loading=\"lazy\" decoding=\"async\" class=\"alignnone wp-image-7069\" src=\"https:\/\/laubeholistic.com\/wp-content\/uploads\/Grams-of-big-WS-300x168.jpg\" alt=\"\" width=\"499\" height=\"279\" srcset=\"https:\/\/laubeholistic.com\/wp-content\/uploads\/Grams-of-big-WS-300x168.jpg 300w, https:\/\/laubeholistic.com\/wp-content\/uploads\/Grams-of-big-WS-1024x574.jpg 1024w, https:\/\/laubeholistic.com\/wp-content\/uploads\/Grams-of-big-WS-768x430.jpg 768w, https:\/\/laubeholistic.com\/wp-content\/uploads\/Grams-of-big-WS-16x9.jpg 16w, https:\/\/laubeholistic.com\/wp-content\/uploads\/Grams-of-big-WS-510x286.jpg 510w, https:\/\/laubeholistic.com\/wp-content\/uploads\/Grams-of-big-WS.jpg 1378w\" sizes=\"auto, (max-width: 499px) 100vw, 499px\" \/><\/p>\n<p style=\"text-align: center;\"><span style=\"color: #000000;\"><strong>Notre cuill\u00e8re \u00e0 caf\u00e9 en bois vous donnera environ 2,5 g \u00e0 plat\/niveau, et entre 4 et 4,5 g une fois tass\u00e9e.<\/strong><\/span><\/p>\n<h2 style=\"text-align: center;\"><span style=\"color: #000000;\">T\u00c9MOIGNAGES<\/span><\/h2>\n<p><span style=\"color: #000000;\">Un test PCR positif est devenu N\u00c9GATIF apr\u00e8s de fortes doses de <strong>Vitamine C pure<\/strong><\/span><\/p>\n<p style=\"text-align: center;\"><span style=\"color: #000000;\"><strong><img loading=\"lazy\" decoding=\"async\" class=\"wp-image-10906 aligncenter\" src=\"https:\/\/laubeholistic.com\/wp-content\/uploads\/DINO-Covid-test-results-2-2-300x111.jpg\" alt=\"\" width=\"873\" height=\"323\" srcset=\"https:\/\/laubeholistic.com\/wp-content\/uploads\/DINO-Covid-test-results-2-2-300x111.jpg 300w, https:\/\/laubeholistic.com\/wp-content\/uploads\/DINO-Covid-test-results-2-2-768x283.jpg 768w, https:\/\/laubeholistic.com\/wp-content\/uploads\/DINO-Covid-test-results-2-2-1536x566.jpg 1536w, https:\/\/laubeholistic.com\/wp-content\/uploads\/DINO-Covid-test-results-2-2-18x7.jpg 18w, https:\/\/laubeholistic.com\/wp-content\/uploads\/DINO-Covid-test-results-2-2-510x188.jpg 510w\" sizes=\"auto, (max-width: 873px) 100vw, 873px\" \/>&nbsp;<\/strong><\/span><\/p>","protected":false},"excerpt":{"rendered":"<p lang=\"it-IT\" style=\"text-align: left;\" align=\"CENTER\"><span style=\"color: #000000;\">Acide ascorbique - <\/span><span style=\"color: #000000;\">100% pur<\/span><br \/>\n<span style=\"color: #000000;\">Comme recommand\u00e9 par Linus Pauling<\/span><\/p>\n<h3 lang=\"it-IT\" style=\"text-align: left;\" align=\"CENTER\"><span style=\"color: #0000ff;\"><strong>Compl\u00e9ter votre alimentation avec des nutriments b\u00e9n\u00e9fiques et b\u00e9n\u00e9fiques pour la sant\u00e9 est d\u2019une importance vitale dans la situation pand\u00e9mique actuelle. C&#039;est pourquoi nous proposons de la vitamine C pure de haute qualit\u00e9.<br \/>\n<\/strong><\/span><\/h3>\n<p><span style=\"font-size: 10pt; color: #000000;\"><strong>Aide \u00e0 combattre des maladies telles que :<\/strong><\/span><\/p>\n<p><em><span style=\"font-size: 10pt; color: #000000;\"><strong>Rhume, grippe, fi\u00e8vre&nbsp;<\/strong><strong>et&nbsp;<\/strong><\/span><\/em><em><span style=\"font-size: 10pt; color: #000000;\"><strong>Probl\u00e8mes cardiovasculaires.<\/strong><\/span><\/em><\/p>\n<p><em><span style=\"font-size: 10pt; color: #000000;\"><strong>Renforce le syst\u00e8me immunitaire.<\/strong><\/span><\/em><\/p>\n<p><em><span style=\"font-size: 10pt; color: #000000;\"><strong>Favorise un meilleur bien-\u00eatre et peut aider \u00e0 combattre la d\u00e9pression.<\/strong><\/span><\/em><\/p>\n<p style=\"font-size: large; text-align: left;\"><span style=\"font-size: 10pt; color: #000000;\">Dosage : Une cuill\u00e8re \u00e0 caf\u00e9 rase\/plate de vitamine C \u00e0 prendre avec un verre d&#039;eau par jour.<\/span><\/p>\n<p style=\"font-size: large; text-align: left;\"><span class=\"_5yl5\" style=\"font-size: 10pt; color: #000000;\" data-reactid=\".2h.$mid=11416827275330=23ad044a3231aa88f85.2:0.0.0.0.0\">Nous offrons des conseils et des conseils clairs et personnalis\u00e9s si vous avez besoin d\u2019aide pour utiliser la vitamine C pure.<\/span><\/p>","protected":false},"featured_media":10811,"comment_status":"closed","ping_status":"closed","template":"","meta":{"ngg_post_thumbnail":0},"product_brand":[],"product_cat":[327],"product_tag":[251,253,148,252,254],"class_list":{"0":"post-151","1":"product","2":"type-product","3":"status-publish","4":"has-post-thumbnail","6":"product_cat-vitamin-supplements","7":"product_tag-100-pure","8":"product_tag-ascorbic-acid","9":"product_tag-linus-pauling","10":"product_tag-powder","11":"product_tag-pure","13":"first","14":"instock","15":"taxable","16":"shipping-taxable","17":"purchasable","18":"product-type-variable"},"_links":{"self":[{"href":"https:\/\/laubeholistic.com\/fr\/wp-json\/wp\/v2\/product\/151","targetHints":{"allow":["GET"]}}],"collection":[{"href":"https:\/\/laubeholistic.com\/fr\/wp-json\/wp\/v2\/product"}],"about":[{"href":"https:\/\/laubeholistic.com\/fr\/wp-json\/wp\/v2\/types\/product"}],"replies":[{"embeddable":true,"href":"https:\/\/laubeholistic.com\/fr\/wp-json\/wp\/v2\/comments?post=151"}],"wp:featuredmedia":[{"embeddable":true,"href":"https:\/\/laubeholistic.com\/fr\/wp-json\/wp\/v2\/media\/10811"}],"wp:attachment":[{"href":"https:\/\/laubeholistic.com\/fr\/wp-json\/wp\/v2\/media?parent=151"}],"wp:term":[{"taxonomy":"product_brand","embeddable":true,"href":"https:\/\/laubeholistic.com\/fr\/wp-json\/wp\/v2\/product_brand?post=151"},{"taxonomy":"product_cat","embeddable":true,"href":"https:\/\/laubeholistic.com\/fr\/wp-json\/wp\/v2\/product_cat?post=151"},{"taxonomy":"product_tag","embeddable":true,"href":"https:\/\/laubeholistic.com\/fr\/wp-json\/wp\/v2\/product_tag?post=151"}],"curies":[{"name":"wp","href":"https:\/\/api.w.org\/{rel}","templated":true}]}}