{"id":15068,"date":"2025-01-07T15:23:32","date_gmt":"2025-01-07T15:23:32","guid":{"rendered":"https:\/\/laubeholistic.com\/?post_type=product&#038;p=15068"},"modified":"2026-03-03T14:34:55","modified_gmt":"2026-03-03T14:34:55","slug":"magnesium-oil","status":"publish","type":"product","link":"https:\/\/laubeholistic.com\/fr\/shop\/magnesium-oil\/","title":{"rendered":"Huile de magn\u00e9sium"},"content":{"rendered":"<p><span style=\"color: #282828;\">Une \u00e9tude fascinante a r\u00e9v\u00e9l\u00e9 que l'application d'huile de magn\u00e9sium sur la peau est plus efficace que la prise de suppl\u00e9ments de magn\u00e9sium par voie orale. En outre, l'absorption du magn\u00e9sium est am\u00e9lior\u00e9e et les effets secondaires sont minimis\u00e9s car l'huile contourne le syst\u00e8me digestif.<\/span><\/p>\n<p><span style=\"color: #282828;\"><strong>Les bienfaits de l'huile de magn\u00e9sium :<\/strong><\/span><\/p>\n<ul>\n<li style=\"text-align: left;\"><span style=\"color: #282828;\">Soulage la fibromyalgie<\/span><\/li>\n<li style=\"text-align: left;\"><span style=\"color: #282828;\">R\u00e9duire l'anxi\u00e9t\u00e9 et la d\u00e9pression<\/span><\/li>\n<li style=\"text-align: left;\"><span style=\"color: #282828;\">Soulage la constipation<\/span><\/li>\n<li style=\"text-align: left;\"><span style=\"color: #282828;\">Favorise un sommeil r\u00e9parateur<\/span><\/li>\n<li style=\"text-align: left;\"><span style=\"color: #282828;\">Aide \u00e0 pr\u00e9venir l'asthme<\/span><\/li>\n<li style=\"text-align: left;\"><span style=\"color: #282828;\">R\u00e9duit l'inflammation<\/span><\/li>\n<li style=\"text-align: left;\"><span style=\"color: #282828;\">Favorise la sant\u00e9 cardiaque<\/span><\/li>\n<li style=\"text-align: left;\"><span style=\"color: #282828;\">Soulage les migraines<\/span><\/li>\n<li style=\"text-align: left;\"><span style=\"color: #282828;\">Renforce les os<\/span><\/li>\n<li style=\"text-align: left;\"><span style=\"color: #282828;\">Aide \u00e0 r\u00e9guler la glyc\u00e9mie<\/span><\/li>\n<li style=\"text-align: left;\"><span style=\"color: #282828;\">Diminue la tension art\u00e9rielle<\/span><\/li>\n<li style=\"text-align: left;\"><span style=\"color: #282828;\">Traite les affections cutan\u00e9es<\/span><\/li>\n<li style=\"text-align: left;\"><span style=\"color: #282828;\">Soulage les troubles pr\u00e9menstruels<\/span><\/li>\n<li style=\"text-align: left;\"><span style=\"color: #282828;\">Favorise la croissance des cheveux<\/span><\/li>\n<\/ul>\n<p><span style=\"color: #282828;\">Notre <strong>Huile de magn\u00e9sium en spray<\/strong> offre un moyen naturel et efficace de soutenir votre routine de bien-\u00eatre. Conditionn\u00e9 dans un <strong>flacon en fer blanc avec t\u00eate de pulv\u00e9risation facile \u00e0 utiliser<\/strong>, Cette huile de magn\u00e9sium est fabriqu\u00e9e \u00e0 partir de <strong>100% chlorure de magn\u00e9sium pur<\/strong> provenant de l'immacul\u00e9e <strong>Mer de Zechstein aux Pays-Bas<\/strong>.<\/span><\/p>\n<p><span style=\"color: #282828;\">M\u00e9lang\u00e9 avec <strong>eau distill\u00e9e pure<\/strong>, Il s'agit d'un produit de qualit\u00e9 sup\u00e9rieure, con\u00e7u pour une absorption et une commodit\u00e9 maximales.<\/span><\/p>\n<p><span style=\"color: #282828;\"><strong>Pourquoi choisir l'huile de magn\u00e9sium en spray ?<\/strong><\/span><br \/>\n<span style=\"color: #282828;\">Le magn\u00e9sium est essentiel pour de nombreuses fonctions corporelles, et l'application topique est l'un des moyens les plus efficaces de reconstituer vos niveaux de magn\u00e9sium.<\/span><\/p>\n<ul>\n<li><span style=\"color: #282828;\"><strong>Soulager les troubles du sommeil<\/strong>: Vaporisez sur vos pieds avant de vous coucher pour favoriser la relaxation et un sommeil r\u00e9parateur.<\/span><\/li>\n<li><span style=\"color: #282828;\"><strong>Apaiser les muscles endoloris<\/strong>: Appliquer directement sur les muscles endoloris ou fatigu\u00e9s apr\u00e8s une s\u00e9ance d'entra\u00eenement ou une activit\u00e9 physique pour un soulagement et une r\u00e9cup\u00e9ration rapides.<\/span><\/li>\n<li><span style=\"color: #282828;\"><strong>Favoriser la sant\u00e9 de la peau<\/strong>: Le magn\u00e9sium aide \u00e0 \u00e9quilibrer les fonctions de la peau, la laissant nourrie et revitalis\u00e9e.<\/span><\/li>\n<li><span style=\"color: #282828;\"><strong>Pratique et sans d\u00e9g\u00e2ts<\/strong>: La t\u00eate de pulv\u00e9risation assure une application uniforme sans gaspillage, ce qui est parfait pour une utilisation en d\u00e9placement.<\/span><\/li>\n<\/ul>\n<p><span style=\"color: #282828;\">Que vous cherchiez \u00e0 am\u00e9liorer la r\u00e9cup\u00e9ration apr\u00e8s l'exercice, \u00e0 vous d\u00e9tendre apr\u00e8s une longue journ\u00e9e ou \u00e0 augmenter votre apport global en magn\u00e9sium, notre huile de magn\u00e9sium en spray est un \u00e9l\u00e9ment indispensable de votre trousse de bien-\u00eatre.<\/span><\/p>\n<p><span style=\"color: #282828;\">D\u00e9couvrez les bienfaits du magn\u00e9sium pur, \u00e0 port\u00e9e de main. \ud83c\udf3f<\/span><\/p>","protected":false},"excerpt":{"rendered":"<p><span style=\"color: #282828;\">100% Huile de magn\u00e9sium pure<\/span><\/p>\n<p><span style=\"color: #282828;\">Flacon pulv\u00e9risateur en aluminium avec 100ml<\/span><\/p>\n<p><span style=\"color: #282828;\">Absorption rapide<\/span><\/p>\n<p><span style=\"color: #282828;\">Non gras<\/span><\/p>\n<p><span style=\"color: #282828;\">Formule sans odeur<\/span><\/p>\n<p><span style=\"color: #282828;\">Extrait de l'ancienne mer de Zechstein<\/span><\/p>","protected":false},"featured_media":15074,"comment_status":"open","ping_status":"closed","template":"","meta":{"ngg_post_thumbnail":0},"product_brand":[],"product_cat":[329,332],"product_tag":[357,355,356],"class_list":{"0":"post-15068","1":"product","2":"type-product","3":"status-publish","4":"has-post-thumbnail","6":"product_cat-remedy-supplements","7":"product_cat-newcomers","8":"product_tag-magnesium-chloride","9":"product_tag-magnesium-oil","10":"product_tag-magnesium-oil-spray","12":"first","13":"instock","14":"taxable","15":"shipping-taxable","16":"purchasable","17":"product-type-simple"},"_links":{"self":[{"href":"https:\/\/laubeholistic.com\/fr\/wp-json\/wp\/v2\/product\/15068","targetHints":{"allow":["GET"]}}],"collection":[{"href":"https:\/\/laubeholistic.com\/fr\/wp-json\/wp\/v2\/product"}],"about":[{"href":"https:\/\/laubeholistic.com\/fr\/wp-json\/wp\/v2\/types\/product"}],"replies":[{"embeddable":true,"href":"https:\/\/laubeholistic.com\/fr\/wp-json\/wp\/v2\/comments?post=15068"}],"wp:featuredmedia":[{"embeddable":true,"href":"https:\/\/laubeholistic.com\/fr\/wp-json\/wp\/v2\/media\/15074"}],"wp:attachment":[{"href":"https:\/\/laubeholistic.com\/fr\/wp-json\/wp\/v2\/media?parent=15068"}],"wp:term":[{"taxonomy":"product_brand","embeddable":true,"href":"https:\/\/laubeholistic.com\/fr\/wp-json\/wp\/v2\/product_brand?post=15068"},{"taxonomy":"product_cat","embeddable":true,"href":"https:\/\/laubeholistic.com\/fr\/wp-json\/wp\/v2\/product_cat?post=15068"},{"taxonomy":"product_tag","embeddable":true,"href":"https:\/\/laubeholistic.com\/fr\/wp-json\/wp\/v2\/product_tag?post=15068"}],"curies":[{"name":"wp","href":"https:\/\/api.w.org\/{rel}","templated":true}]}}