{"id":14261,"date":"2024-08-20T15:57:25","date_gmt":"2024-08-20T15:57:25","guid":{"rendered":"https:\/\/laubeholistic.com\/?post_type=product&#038;p=14261"},"modified":"2025-12-02T03:45:57","modified_gmt":"2025-12-02T03:45:57","slug":"pure-distilled-water","status":"publish","type":"product","link":"https:\/\/laubeholistic.com\/fr\/shop\/pure-distilled-water\/","title":{"rendered":"Eau distill\u00e9e pure"},"content":{"rendered":"<p><span style=\"color: #000000;\"><strong>Eau distill\u00e9e pure<\/strong><\/span><br \/>\n<span style=\"color: #000000;\">Disponible en <strong>1L<\/strong> et <strong>5L<\/strong> R\u00e9cipients en plastique PEHD<\/span><\/p>\n<p><span style=\"color: #000000;\">D\u00e9couvrez l'essence de la puret\u00e9 absolue avec notre eau distill\u00e9e, trait\u00e9e m\u00e9ticuleusement pour garantir le plus haut niveau de propret\u00e9 et de s\u00e9curit\u00e9. Id\u00e9ale pour un large \u00e9ventail d'utilisations, des applications de laboratoire aux soins personnels, notre eau distill\u00e9e est votre premier choix en termes de qualit\u00e9 et de fiabilit\u00e9.<\/span><\/p>\n<p><span style=\"color: #000000;\"><strong>Principales caract\u00e9ristiques:<\/strong><\/span><\/p>\n<ul>\n<li><span style=\"color: #000000;\"><strong>Puret\u00e9 absolue :<\/strong> Notre eau distill\u00e9e est exempte d'impuret\u00e9s, de produits chimiques et de contaminants, et vous fournit de l'eau sous sa forme la plus pure. Parfaite pour les applications sensibles o\u00f9 seule l'eau la plus pure convient.<\/span><\/li>\n<li><span style=\"color: #000000;\"><strong>R\u00e9cipients en plastique HDPE :<\/strong> Stock\u00e9e dans des conteneurs en poly\u00e9thyl\u00e8ne haute densit\u00e9 (PEHD), notre eau reste non contamin\u00e9e et s\u00fbre. Le PEHD est connu pour sa durabilit\u00e9 et sa r\u00e9sistance aux produits chimiques, ce qui garantit que l'eau conserve sa puret\u00e9 tout au long de sa dur\u00e9e de conservation.<\/span><\/li>\n<li><span style=\"color: #000000;\"><strong>Tailles disponibles :<\/strong> Choisissez la taille qui vous convient :<\/span>\n<ul>\n<li><span style=\"color: #000000;\"><strong>1L R\u00e9cipient :<\/strong> Compact et pratique, il est id\u00e9al pour une utilisation personnelle ou \u00e0 petite \u00e9chelle.<\/span><\/li>\n<li><span style=\"color: #000000;\"><strong>R\u00e9cipient de 5L :<\/strong> Parfait pour les grandes applications, il offre une grande valeur pour une utilisation \u00e0 long terme.<\/span><\/li>\n<\/ul>\n<\/li>\n<li><span style=\"color: #000000;\"><strong>Utilisation polyvalente :<\/strong> Que ce soit \u00e0 des fins m\u00e9dicales, cosm\u00e9tiques, automobiles ou domestiques, notre eau distill\u00e9e r\u00e9pond aux normes de qualit\u00e9 les plus \u00e9lev\u00e9es, garantissant des performances optimales dans chaque application.<\/span><\/li>\n<\/ul>\n<p><span style=\"color: #000000;\"><strong>Pourquoi choisir notre eau distill\u00e9e ?<\/strong><\/span><\/p>\n<p><span style=\"color: #000000;\">Lorsque la puret\u00e9 n'est pas n\u00e9gociable, notre eau distill\u00e9e est le choix naturel. Exempte d'additifs et de contaminants, c'est la solution id\u00e9ale pour un large \u00e9ventail de besoins professionnels et personnels.<\/span><\/p>\n<p><span style=\"color: #000000;\">Commandez maintenant et d\u00e9couvrez la diff\u00e9rence d'une v\u00e9ritable puret\u00e9 dans chaque goutte !<\/span><\/p>","protected":false},"excerpt":{"rendered":"<p><span style=\"color: #000000;\">100% Pure<\/span><\/p>\n<p><span style=\"color: #000000;\">Disponible en <strong>1L<\/strong> et <strong>5L<\/strong> R\u00e9cipients en plastique PEHD<\/span><\/p>","protected":false},"featured_media":14264,"comment_status":"open","ping_status":"closed","template":"","meta":{"ngg_post_thumbnail":0},"product_brand":[],"product_cat":[332,330,329],"product_tag":[353,354],"class_list":{"0":"post-14261","1":"product","2":"type-product","3":"status-publish","4":"has-post-thumbnail","6":"product_cat-newcomers","7":"product_cat-accessories","8":"product_cat-remedy-supplements","9":"product_tag-distilled-water","10":"product_tag-pure-distilled-water","12":"first","13":"instock","14":"taxable","15":"shipping-taxable","16":"purchasable","17":"product-type-variable"},"_links":{"self":[{"href":"https:\/\/laubeholistic.com\/fr\/wp-json\/wp\/v2\/product\/14261","targetHints":{"allow":["GET"]}}],"collection":[{"href":"https:\/\/laubeholistic.com\/fr\/wp-json\/wp\/v2\/product"}],"about":[{"href":"https:\/\/laubeholistic.com\/fr\/wp-json\/wp\/v2\/types\/product"}],"replies":[{"embeddable":true,"href":"https:\/\/laubeholistic.com\/fr\/wp-json\/wp\/v2\/comments?post=14261"}],"wp:featuredmedia":[{"embeddable":true,"href":"https:\/\/laubeholistic.com\/fr\/wp-json\/wp\/v2\/media\/14264"}],"wp:attachment":[{"href":"https:\/\/laubeholistic.com\/fr\/wp-json\/wp\/v2\/media?parent=14261"}],"wp:term":[{"taxonomy":"product_brand","embeddable":true,"href":"https:\/\/laubeholistic.com\/fr\/wp-json\/wp\/v2\/product_brand?post=14261"},{"taxonomy":"product_cat","embeddable":true,"href":"https:\/\/laubeholistic.com\/fr\/wp-json\/wp\/v2\/product_cat?post=14261"},{"taxonomy":"product_tag","embeddable":true,"href":"https:\/\/laubeholistic.com\/fr\/wp-json\/wp\/v2\/product_tag?post=14261"}],"curies":[{"name":"wp","href":"https:\/\/api.w.org\/{rel}","templated":true}]}}